{"id":103,"date":"2023-04-29T09:12:44","date_gmt":"2023-04-29T07:12:44","guid":{"rendered":"http:\/\/saint-germain.us\/?page_id=103"},"modified":"2023-11-13T18:50:15","modified_gmt":"2023-11-13T17:50:15","slug":"p33","status":"publish","type":"page","link":"https:\/\/saint-germain.us\/index.php\/p33\/","title":{"rendered":"P33"},"content":{"rendered":"\n<h2 class=\"wp-block-heading\">Parcours dans la for\u00eat<\/h2>\n\n\n\n<hr class=\"wp-block-separator has-alpha-channel-opacity\"\/>\n\n\n\n<div style=\"height:18px\" aria-hidden=\"true\" class=\"wp-block-spacer\"><\/div>\n\n\n\n<figure class=\"wp-block-image aligncenter size-large\"><img loading=\"lazy\" decoding=\"async\" width=\"576\" height=\"1024\" src=\"http:\/\/saint-germain.us\/wp-content\/uploads\/2023\/07\/Foret-576x1024.jpg\" alt=\"\" class=\"wp-image-1736\" srcset=\"https:\/\/saint-germain.us\/wp-content\/uploads\/2023\/07\/Foret-576x1024.jpg 576w, https:\/\/saint-germain.us\/wp-content\/uploads\/2023\/07\/Foret-169x300.jpg 169w, https:\/\/saint-germain.us\/wp-content\/uploads\/2023\/07\/Foret-768x1365.jpg 768w, https:\/\/saint-germain.us\/wp-content\/uploads\/2023\/07\/Foret-864x1536.jpg 864w, https:\/\/saint-germain.us\/wp-content\/uploads\/2023\/07\/Foret-1152x2048.jpg 1152w, https:\/\/saint-germain.us\/wp-content\/uploads\/2023\/07\/Foret-scaled.jpg 1440w\" sizes=\"auto, (max-width: 576px) 100vw, 576px\" \/><figcaption class=\"wp-element-caption\">Chemin dans la for\u00eat (@Philippe GOUT)<\/figcaption><\/figure>\n\n\n\n<hr class=\"wp-block-separator has-alpha-channel-opacity\"\/>\n\n\n\n<figure class=\"wp-block-image aligncenter size-full\"><img loading=\"lazy\" decoding=\"async\" width=\"626\" height=\"468\" src=\"http:\/\/saint-germain.us\/wp-content\/uploads\/2023\/11\/Capture-decran-2023-11-13-a-18.40.28.png\" alt=\"\" class=\"wp-image-3541\" srcset=\"https:\/\/saint-germain.us\/wp-content\/uploads\/2023\/11\/Capture-decran-2023-11-13-a-18.40.28.png 626w, https:\/\/saint-germain.us\/wp-content\/uploads\/2023\/11\/Capture-decran-2023-11-13-a-18.40.28-300x224.png 300w\" sizes=\"auto, (max-width: 626px) 100vw, 626px\" \/><figcaption class=\"wp-element-caption\">Curieux champignon de pierre (\u00c9chos de mon grenier)<\/figcaption><\/figure>\n\n\n\n<figure class=\"wp-block-table\"><table><tbody><tr><td>Sujet <\/td><td>Petits myst\u00e8res forestiers<\/td><\/tr><tr><td>Lien<\/td><td><a href=\"http:\/\/<!-- wp:table --&gt; <figure class=&quot;wp-block-table&quot;&gt;<table&gt;<tbody&gt;<tr&gt;<td&gt;Sujet <\/td&gt;<td&gt;Parcours dans la for\u00eat<\/td&gt;<\/tr&gt;<tr&gt;<td&gt;Lien<\/td&gt;<td&gt;<a href=&quot;https:\/\/www.alltrails.com\/fr\/randonnee\/france\/yvelines\/circuit-en-foret-de-saint-germain-en-laye&quot;&gt;Ici<\/a&gt;<\/td&gt;<\/tr&gt;<tr&gt;<td&gt;Origine<\/td&gt;<td&gt;Alltrails<\/td&gt;<\/tr&gt;<tr&gt;<td&gt;<\/td&gt;<td&gt;<\/td&gt;<\/tr&gt;<tr&gt;<td&gt;Date de r\u00e9vision<\/td&gt;<td&gt;02\/05\/2023<\/td&gt;<\/tr&gt;<\/tbody&gt;<\/table&gt;<\/figure&gt; <!-- \/wp:table --&gt;\">Ici<\/a><\/td><\/tr><tr><td>Origine<\/td><td>\u00c9chos de mon grenier<\/td><\/tr><tr><td><\/td><td><\/td><\/tr><tr><td>Date de r\u00e9vision<\/td><td>13\/11\/2023<\/td><\/tr><\/tbody><\/table><\/figure>\n\n\n\n<p>Louis XIV avait fait placer dans la for\u00eat un certain nombre de tables en pierre qui servaient dans les chasses soit pour la collation, soit pour d\u00e9poser le gibier.<\/p>\n\n\n\n<p>Celui-ci se situe sur la D98, au Carrefour Royal<\/p>\n\n\n\n<hr class=\"wp-block-separator has-alpha-channel-opacity\"\/>\n\n\n\n<p><\/p>\n\n\n\n<div style=\"height:18px\" aria-hidden=\"true\" class=\"wp-block-spacer\"><\/div>\n\n\n\n<figure class=\"wp-block-table\"><table><tbody><tr><td>Sujet <\/td><td>Parcours dans la for\u00eat<\/td><\/tr><tr><td>Lien<\/td><td><a href=\"https:\/\/www.alltrails.com\/fr\/randonnee\/france\/yvelines\/circuit-en-foret-de-saint-germain-en-laye\">Ici<\/a><\/td><\/tr><tr><td>Origine<\/td><td>Alltrails<\/td><\/tr><tr><td><\/td><td><\/td><\/tr><tr><td>Date de r\u00e9vision<\/td><td>02\/05\/2023<\/td><\/tr><\/tbody><\/table><\/figure>\n\n\n\n<p>Partez \u00e0 l&rsquo;aventure sur cet itin\u00e9raire en boucle de 13,0-km pr\u00e8s de Saint-Germain-en-Laye, Yvelines. G\u00e9n\u00e9ralement consid\u00e9r\u00e9 comme un parcours mod\u00e9r\u00e9, il faut en moyenne 3 h 10 min pour le parcourir. Cet itin\u00e9raire est id\u00e9al pour la randonn\u00e9e et le VTT, et vous ne croiserez s\u00fbrement pas grand monde sur les sentiers.<\/p>\n\n\n\n<hr class=\"wp-block-separator has-alpha-channel-opacity\"\/>\n\n\n\n<figure class=\"wp-block-image size-large\"><img loading=\"lazy\" decoding=\"async\" width=\"730\" height=\"1024\" src=\"http:\/\/saint-germain.us\/wp-content\/uploads\/2023\/05\/Parcours-complet-730x1024.jpg\" alt=\"\" class=\"wp-image-554\" srcset=\"https:\/\/saint-germain.us\/wp-content\/uploads\/2023\/05\/Parcours-complet-730x1024.jpg 730w, https:\/\/saint-germain.us\/wp-content\/uploads\/2023\/05\/Parcours-complet-214x300.jpg 214w, https:\/\/saint-germain.us\/wp-content\/uploads\/2023\/05\/Parcours-complet-768x1077.jpg 768w, https:\/\/saint-germain.us\/wp-content\/uploads\/2023\/05\/Parcours-complet-1096x1536.jpg 1096w, https:\/\/saint-germain.us\/wp-content\/uploads\/2023\/05\/Parcours-complet-1461x2048.jpg 1461w, https:\/\/saint-germain.us\/wp-content\/uploads\/2023\/05\/Parcours-complet.jpg 1595w\" sizes=\"auto, (max-width: 730px) 100vw, 730px\" \/><\/figure>\n\n\n\n<hr class=\"wp-block-separator has-alpha-channel-opacity\"\/>\n\n\n\n<h5 class=\"wp-block-heading\">commentaires :<a href=\"http:\/\/saint-germain.us\/index.php\/page-d-exemple\/\"> ICI<\/a><\/h5>\n\n\n\n<hr class=\"wp-block-separator has-alpha-channel-opacity\"\/>\n","protected":false},"excerpt":{"rendered":"<p>Parcours dans la for\u00eat Sujet Petits myst\u00e8res forestiers Lien<\/p>\n","protected":false},"author":1,"featured_media":0,"parent":0,"menu_order":0,"comment_status":"closed","ping_status":"closed","template":"","meta":{"footnotes":""},"class_list":["post-103","page","type-page","status-publish","hentry"],"_links":{"self":[{"href":"https:\/\/saint-germain.us\/index.php\/wp-json\/wp\/v2\/pages\/103","targetHints":{"allow":["GET"]}}],"collection":[{"href":"https:\/\/saint-germain.us\/index.php\/wp-json\/wp\/v2\/pages"}],"about":[{"href":"https:\/\/saint-germain.us\/index.php\/wp-json\/wp\/v2\/types\/page"}],"author":[{"embeddable":true,"href":"https:\/\/saint-germain.us\/index.php\/wp-json\/wp\/v2\/users\/1"}],"replies":[{"embeddable":true,"href":"https:\/\/saint-germain.us\/index.php\/wp-json\/wp\/v2\/comments?post=103"}],"version-history":[{"count":15,"href":"https:\/\/saint-germain.us\/index.php\/wp-json\/wp\/v2\/pages\/103\/revisions"}],"predecessor-version":[{"id":3544,"href":"https:\/\/saint-germain.us\/index.php\/wp-json\/wp\/v2\/pages\/103\/revisions\/3544"}],"wp:attachment":[{"href":"https:\/\/saint-germain.us\/index.php\/wp-json\/wp\/v2\/media?parent=103"}],"curies":[{"name":"wp","href":"https:\/\/api.w.org\/{rel}","templated":true}]}}