{"id":1107,"date":"2023-06-23T14:24:59","date_gmt":"2023-06-23T12:24:59","guid":{"rendered":"http:\/\/saint-germain.us\/?page_id=1107"},"modified":"2023-08-20T18:36:36","modified_gmt":"2023-08-20T16:36:36","slug":"p65","status":"publish","type":"page","link":"https:\/\/saint-germain.us\/index.php\/p65\/","title":{"rendered":"P65"},"content":{"rendered":"\n<h2 class=\"wp-block-heading\">Culture<\/h2>\n\n\n\n<hr class=\"wp-block-separator has-alpha-channel-opacity\"\/>\n\n\n<p><span style=\"color: #333399;\">La page pr\u00e9sente :<\/span><\/p>\n<\/p>\n<p><span style=\"color: #333399;\">Carte du livre : D<\/span><\/p>\n<p><em><span style=\"color: #333399;\">Vous pouvez ajouter des commentaires en bas de page.<\/span><\/em><\/p>\n\n\n<hr class=\"wp-block-separator has-alpha-channel-opacity\"\/>\n\n\n\n<div style=\"height:19px\" aria-hidden=\"true\" class=\"wp-block-spacer\"><\/div>\n\n\n\n<figure class=\"wp-block-image size-large\"><img loading=\"lazy\" decoding=\"async\" width=\"1024\" height=\"625\" src=\"http:\/\/saint-germain.us\/wp-content\/uploads\/2023\/08\/Theatre-AD-red-1024x625.jpg\" alt=\"\" class=\"wp-image-2506\" srcset=\"https:\/\/saint-germain.us\/wp-content\/uploads\/2023\/08\/Theatre-AD-red-1024x625.jpg 1024w, https:\/\/saint-germain.us\/wp-content\/uploads\/2023\/08\/Theatre-AD-red-300x183.jpg 300w, https:\/\/saint-germain.us\/wp-content\/uploads\/2023\/08\/Theatre-AD-red-768x469.jpg 768w, https:\/\/saint-germain.us\/wp-content\/uploads\/2023\/08\/Theatre-AD-red-1536x937.jpg 1536w, https:\/\/saint-germain.us\/wp-content\/uploads\/2023\/08\/Theatre-AD-red-2048x1250.jpg 2048w\" sizes=\"auto, (max-width: 1024px) 100vw, 1024px\" \/><figcaption class=\"wp-element-caption\">Th\u00e9\u00e2tre Alexandre Dumas (@Philippe GOUT)<\/figcaption><\/figure>\n\n\n\n<figure class=\"wp-block-image aligncenter size-large is-resized\"><img loading=\"lazy\" decoding=\"async\" src=\"http:\/\/saint-germain.us\/wp-content\/uploads\/2023\/08\/Cafe-des-arts-525x1024.jpg\" alt=\"\" class=\"wp-image-2503\" style=\"width:239px;height:466px\" width=\"239\" height=\"466\" srcset=\"https:\/\/saint-germain.us\/wp-content\/uploads\/2023\/08\/Cafe-des-arts-525x1024.jpg 525w, https:\/\/saint-germain.us\/wp-content\/uploads\/2023\/08\/Cafe-des-arts-154x300.jpg 154w, https:\/\/saint-germain.us\/wp-content\/uploads\/2023\/08\/Cafe-des-arts-768x1498.jpg 768w, https:\/\/saint-germain.us\/wp-content\/uploads\/2023\/08\/Cafe-des-arts-788x1536.jpg 788w, https:\/\/saint-germain.us\/wp-content\/uploads\/2023\/08\/Cafe-des-arts-1050x2048.jpg 1050w, https:\/\/saint-germain.us\/wp-content\/uploads\/2023\/08\/Cafe-des-arts-scaled.jpg 1313w\" sizes=\"auto, (max-width: 239px) 100vw, 239px\" \/><figcaption class=\"wp-element-caption\">Caf\u00e9 des arts (@Philippe GOUT)\n<\/figcaption><\/figure>\n\n\n\n<figure class=\"wp-block-image aligncenter size-large\"><img loading=\"lazy\" decoding=\"async\" width=\"1024\" height=\"634\" src=\"http:\/\/saint-germain.us\/wp-content\/uploads\/2023\/08\/Jardin-des-arts-1024x634.jpg\" alt=\"\" class=\"wp-image-2637\" srcset=\"https:\/\/saint-germain.us\/wp-content\/uploads\/2023\/08\/Jardin-des-arts-1024x634.jpg 1024w, https:\/\/saint-germain.us\/wp-content\/uploads\/2023\/08\/Jardin-des-arts-300x186.jpg 300w, https:\/\/saint-germain.us\/wp-content\/uploads\/2023\/08\/Jardin-des-arts-768x476.jpg 768w, https:\/\/saint-germain.us\/wp-content\/uploads\/2023\/08\/Jardin-des-arts-1536x951.jpg 1536w, https:\/\/saint-germain.us\/wp-content\/uploads\/2023\/08\/Jardin-des-arts.jpg 1600w\" sizes=\"auto, (max-width: 1024px) 100vw, 1024px\" \/><figcaption class=\"wp-element-caption\">Jardin des arts (Am\u00e9lior\u00e9e Philippe GOUT)<\/figcaption><\/figure>\n\n\n\n<figure class=\"wp-block-image aligncenter size-large\"><img loading=\"lazy\" decoding=\"async\" width=\"629\" height=\"1024\" src=\"http:\/\/saint-germain.us\/wp-content\/uploads\/2023\/08\/Facade-1-629x1024.jpg\" alt=\"\" class=\"wp-image-2518\" srcset=\"https:\/\/saint-germain.us\/wp-content\/uploads\/2023\/08\/Facade-1-629x1024.jpg 629w, https:\/\/saint-germain.us\/wp-content\/uploads\/2023\/08\/Facade-1-184x300.jpg 184w, https:\/\/saint-germain.us\/wp-content\/uploads\/2023\/08\/Facade-1-768x1250.jpg 768w, https:\/\/saint-germain.us\/wp-content\/uploads\/2023\/08\/Facade-1-944x1536.jpg 944w, https:\/\/saint-germain.us\/wp-content\/uploads\/2023\/08\/Facade-1-1258x2048.jpg 1258w, https:\/\/saint-germain.us\/wp-content\/uploads\/2023\/08\/Facade-1-scaled.jpg 1573w\" sizes=\"auto, (max-width: 629px) 100vw, 629px\" \/><figcaption class=\"wp-element-caption\">Fa\u00e7ade offerte par M.Larcade (@Philippe GOUT)<\/figcaption><\/figure>\n\n\n\n<figure class=\"wp-block-image aligncenter size-large is-resized\"><img loading=\"lazy\" decoding=\"async\" src=\"http:\/\/saint-germain.us\/wp-content\/uploads\/2023\/08\/Antic-pancarte-783x1024.jpg\" alt=\"\" class=\"wp-image-2507\" style=\"width:245px;height:320px\" width=\"245\" height=\"320\" srcset=\"https:\/\/saint-germain.us\/wp-content\/uploads\/2023\/08\/Antic-pancarte-783x1024.jpg 783w, https:\/\/saint-germain.us\/wp-content\/uploads\/2023\/08\/Antic-pancarte-229x300.jpg 229w, https:\/\/saint-germain.us\/wp-content\/uploads\/2023\/08\/Antic-pancarte-768x1004.jpg 768w, https:\/\/saint-germain.us\/wp-content\/uploads\/2023\/08\/Antic-pancarte-1175x1536.jpg 1175w, https:\/\/saint-germain.us\/wp-content\/uploads\/2023\/08\/Antic-pancarte-1566x2048.jpg 1566w, https:\/\/saint-germain.us\/wp-content\/uploads\/2023\/08\/Antic-pancarte-scaled.jpg 1958w\" sizes=\"auto, (max-width: 245px) 100vw, 245px\" \/><figcaption class=\"wp-element-caption\">Origine de la fa\u00e7ade (@Philippe GOUT)<\/figcaption><\/figure>\n\n\n\n<figure class=\"wp-block-image aligncenter size-large\"><img loading=\"lazy\" decoding=\"async\" width=\"576\" height=\"1024\" src=\"http:\/\/saint-germain.us\/wp-content\/uploads\/2023\/07\/Tati-576x1024.jpg\" alt=\"\" class=\"wp-image-1314\" srcset=\"https:\/\/saint-germain.us\/wp-content\/uploads\/2023\/07\/Tati-576x1024.jpg 576w, https:\/\/saint-germain.us\/wp-content\/uploads\/2023\/07\/Tati-169x300.jpg 169w, https:\/\/saint-germain.us\/wp-content\/uploads\/2023\/07\/Tati-768x1365.jpg 768w, https:\/\/saint-germain.us\/wp-content\/uploads\/2023\/07\/Tati-864x1536.jpg 864w, https:\/\/saint-germain.us\/wp-content\/uploads\/2023\/07\/Tati-1152x2048.jpg 1152w, https:\/\/saint-germain.us\/wp-content\/uploads\/2023\/07\/Tati-scaled.jpg 1440w\" sizes=\"auto, (max-width: 576px) 100vw, 576px\" \/><figcaption class=\"wp-element-caption\">Salle Jacques Tati (@Philippe GOUT)<\/figcaption><\/figure>\n\n\n\n<p><\/p>\n\n\n\n<figure class=\"wp-block-table\"><table><tbody><tr><td>Sujet <\/td><td>Culture<\/td><\/tr><tr><td>Lien<\/td><td>Aucun<\/td><\/tr><tr><td>Origine<\/td><td>Texte de Beno\u00eet Battistelli<\/td><\/tr><tr><td><\/td><td>\u00c9lu, Responsable de la culture<\/td><\/tr><tr><td>Date de r\u00e9vision<\/td><td>20\/05\/2023<\/td><\/tr><\/tbody><\/table><\/figure>\n\n\n\n<p><\/p>\n\n\n\n<h5 class=\"wp-block-heading\">CULTURE<\/h5>\n\n\n\n<p>\u00c0 l\u2019\u00e9poque royale, Saint-Germain-en-Laye a connu une intense activit\u00e9 culturelle et artistique. \u00c0 l\u2019occasion de grands \u00e9v\u00e9nements tels que naissances (Henri&nbsp;II, Charles IX, la reine Margot, Louis&nbsp;XIV) ou mariages royaux (Fran\u00e7ois&nbsp;1er et Claude de&nbsp;France), r\u00e9ception de d\u00e9l\u00e9gations \u00e9trang\u00e8res, signature de trait\u00e9s\u2026 les plus grands artistes de chaque g\u00e9n\u00e9ration (Lulli, Moli\u00e8re, Bossuet, Le Brun, Rigaud\u2026) ont cr\u00e9\u00e9 des \u0153uvres majeures.<br>Cette vitalit\u00e9 s\u2019est poursuivie au 18e&nbsp;si\u00e8cle gr\u00e2ce aux <a href=\"http:\/\/saint-germain.us\/index.php\/p23\/\">Noailles<\/a>, Capitaines-Gouverneurs de la Ville, qui ont accueilli les plus grands esprits de l\u2019\u00e9poque&nbsp;: Mozart, <a href=\"http:\/\/saint-germain.us\/index.php\/p52\/\">Voltaire<\/a>, Rousseau, Benjamin Franklin\u2026<br>Au 19e&nbsp;si\u00e8cle, la 1re&nbsp;ligne ferroviaire pour voyageurs construite en France rapproche Paris de Saint-Germain-en-Laye qui devient un lieu de loisirs et de d\u00e9tente particuli\u00e8rement pris\u00e9. Artistes, intellectuels, hommes politiques y s\u00e9journent. Adolphe Thiers y meurt en 1877. <a href=\"http:\/\/saint-germain.us\/index.php\/p54\/\">Victor Hugo s\u00e9journe \u00e0 Fourqueux.<\/a> Alexandre Dumas s\u2019installe \u00e0 la Cit\u00e9 M\u00e9dicis, construite par les fr\u00e8res Pereire au d\u00e9bouch\u00e9 du chemin de fer, et cr\u00e9e un th\u00e9\u00e2tre qui rivalise avec les grands th\u00e9\u00e2tres parisiens. Alexandre Dumas fils \u00e9crit \u00e0 Saint-Germain-en-Laye la Dame aux cam\u00e9lias, une des \u0153uvres litt\u00e9raires les plus lues et repr\u00e9sent\u00e9es au monde.<\/p>\n\n\n\n<p><a href=\"http:\/\/saint-germain.us\/index.php\/p53\/\">Claude Debussy<\/a> na\u00eet \u00e0 Saint-Germain-en-Laye en 1862. Sa maison natale, en c\u0153ur de Ville, est devenue un mus\u00e9e consacr\u00e9 au grand compositeur, mondialement reconnu, en particulier en Asie. Elle y accueille concerts, expositions, festivals. Elle b\u00e9n\u00e9ficie d\u2019un programme complet de r\u00e9novation entrepris par la Ville pour c\u00e9l\u00e9brer le plus illustre Saint-Germanois avec Louis&nbsp;XIV.<br>La fin du19\u00e8me et la 1re&nbsp;moiti\u00e9 du 20e&nbsp;si\u00e8cle est une p\u00e9riode particuli\u00e8rement faste. Musiciens (la famille Alain), artistes, peintres s\u2019installent \u00e0 Saint-Germain-en-Laye autour de <a href=\"http:\/\/saint-germain.us\/index.php\/p67\/\">Maurice Denis<\/a>, chef de file des nabis, qui acquiert Le Prieur\u00e9, ancien h\u00f4pital g\u00e9n\u00e9ral royal command\u00e9 par Mme de Montespan, favorite de Louis&nbsp;XIV. En 1976, ce monument historique est acquis par le D\u00e9partement des Yvelines qui, gr\u00e2ce \u00e0 une importante donation de la famille Denis, y cr\u00e9e un mus\u00e9e Maurice Denis consacr\u00e9 aux \u0153uvres de ce peintre et de ses amis nabis et symbolistes.<br>Fi\u00e8re de son patrimoine architectural et immat\u00e9riel, Saint-Germain-en-Laye m\u00e8ne une politique culturelle active, diversifi\u00e9e et r\u00e9solument tourn\u00e9e vers l\u2019avenir avec un double objectif&nbsp;: proposer des spectacles et des \u00e9v\u00e9nements de tr\u00e8s haute qualit\u00e9 et favoriser dans tous les domaines artistiques la pratique-amateur. Elle s\u2019appuie sur un tissu dynamique d\u2019associations (chorales, ateliers de peinture, de sculpture, \u00e9coles de danse, de th\u00e9\u00e2tre, groupes de musiques actuelles et amplifi\u00e9es&#8230;) et un r\u00e9seau d\u2019\u00e9quipements publics&nbsp;: m\u00e9diath\u00e8ques, conservatoire de musique, th\u00e9\u00e2tre, salle d\u2019expositions, collections municipales.<\/p>\n\n\n\n<hr class=\"wp-block-separator has-alpha-channel-opacity\"\/>\n\n\n\n<h5 class=\"wp-block-heading\">commentaires :<a href=\"http:\/\/saint-germain.us\/index.php\/page-d-exemple\/\"> ICI<\/a><\/h5>\n\n\n\n<hr class=\"wp-block-separator has-alpha-channel-opacity\"\/>\n","protected":false},"excerpt":{"rendered":"<p>Culture La page pr\u00e9sente : Carte du livre : D Vous pouvez ajouter des commentaires en bas de page. Sujet Culture Lien Aucun Origine Texte de Beno\u00eet Battistelli \u00c9lu, Responsable de la culture Date de r\u00e9vision 20\/05\/2023 CULTURE \u00c0 l\u2019\u00e9poque royale, Saint-Germain-en-Laye a connu une intense activit\u00e9 culturelle et artistique. \u00c0 l\u2019occasion de grands \u00e9v\u00e9nements [&hellip;]<\/p>\n","protected":false},"author":1,"featured_media":0,"parent":0,"menu_order":0,"comment_status":"closed","ping_status":"closed","template":"","meta":{"footnotes":""},"class_list":["post-1107","page","type-page","status-publish","hentry"],"_links":{"self":[{"href":"https:\/\/saint-germain.us\/index.php\/wp-json\/wp\/v2\/pages\/1107","targetHints":{"allow":["GET"]}}],"collection":[{"href":"https:\/\/saint-germain.us\/index.php\/wp-json\/wp\/v2\/pages"}],"about":[{"href":"https:\/\/saint-germain.us\/index.php\/wp-json\/wp\/v2\/types\/page"}],"author":[{"embeddable":true,"href":"https:\/\/saint-germain.us\/index.php\/wp-json\/wp\/v2\/users\/1"}],"replies":[{"embeddable":true,"href":"https:\/\/saint-germain.us\/index.php\/wp-json\/wp\/v2\/comments?post=1107"}],"version-history":[{"count":17,"href":"https:\/\/saint-germain.us\/index.php\/wp-json\/wp\/v2\/pages\/1107\/revisions"}],"predecessor-version":[{"id":2662,"href":"https:\/\/saint-germain.us\/index.php\/wp-json\/wp\/v2\/pages\/1107\/revisions\/2662"}],"wp:attachment":[{"href":"https:\/\/saint-germain.us\/index.php\/wp-json\/wp\/v2\/media?parent=1107"}],"curies":[{"name":"wp","href":"https:\/\/api.w.org\/{rel}","templated":true}]}}