{"id":111,"date":"2023-04-29T09:13:29","date_gmt":"2023-04-29T07:13:29","guid":{"rendered":"http:\/\/saint-germain.us\/?page_id=111"},"modified":"2023-09-14T18:55:58","modified_gmt":"2023-09-14T16:55:58","slug":"p44","status":"publish","type":"page","link":"https:\/\/saint-germain.us\/index.php\/p44\/","title":{"rendered":"P44"},"content":{"rendered":"\n<h2 class=\"wp-block-heading\">Rampe<\/h2>\n\n\n\n<hr class=\"wp-block-separator has-alpha-channel-opacity\"\/>\n\n\n<p><span style=\"color: #333399;\">La page pr\u00e9sente :<\/span><\/p>\n<ul>\n<li><span style=\"color: #000080;\"><span style=\"caret-color: #000080;\">Une photo des neuf trav\u00e9es perc\u00e9es d&rsquo;arcade,<\/span><\/span><\/li>\n<li><span style=\"color: #000080;\">Le dessin d&rsquo;un escalier.<\/span><\/li>\n<\/ul>\n<p><span style=\"color: #333399;\">Carte du livre :\u00a0<\/span><\/p>\n<p><span style=\"color: #333399;\">Adresse :\u00a0<\/span><\/p>\n<p><em><span style=\"color: #333399;\">Vous pouvez ajouter des commentaires en bas de page.<\/span><\/em><\/p>\n\n\n<hr class=\"wp-block-separator has-alpha-channel-opacity\"\/>\n\n\n\n<div style=\"height:18px\" aria-hidden=\"true\" class=\"wp-block-spacer\"><\/div>\n\n\n\n<figure class=\"wp-block-image size-large\"><img loading=\"lazy\" decoding=\"async\" width=\"699\" height=\"1024\" src=\"http:\/\/saint-germain.us\/wp-content\/uploads\/2023\/07\/Ascenseur-copie-699x1024.jpg\" alt=\"\" class=\"wp-image-1487\" srcset=\"https:\/\/saint-germain.us\/wp-content\/uploads\/2023\/07\/Ascenseur-copie-699x1024.jpg 699w, https:\/\/saint-germain.us\/wp-content\/uploads\/2023\/07\/Ascenseur-copie-205x300.jpg 205w, https:\/\/saint-germain.us\/wp-content\/uploads\/2023\/07\/Ascenseur-copie-768x1124.jpg 768w, https:\/\/saint-germain.us\/wp-content\/uploads\/2023\/07\/Ascenseur-copie-1049x1536.jpg 1049w, https:\/\/saint-germain.us\/wp-content\/uploads\/2023\/07\/Ascenseur-copie-1399x2048.jpg 1399w, https:\/\/saint-germain.us\/wp-content\/uploads\/2023\/07\/Ascenseur-copie-scaled.jpg 1749w\" sizes=\"auto, (max-width: 699px) 100vw, 699px\" \/><figcaption class=\"wp-element-caption\">Ascenseur (Am\u00e9lior\u00e9e@Philippe GOUT)\n<\/figcaption><\/figure>\n\n\n\n<figure class=\"wp-block-image aligncenter size-large\"><img loading=\"lazy\" decoding=\"async\" width=\"1024\" height=\"576\" src=\"http:\/\/saint-germain.us\/wp-content\/uploads\/2023\/07\/Chateau-neuf-1024x576.jpg\" alt=\"\" class=\"wp-image-1251\" srcset=\"https:\/\/saint-germain.us\/wp-content\/uploads\/2023\/07\/Chateau-neuf-1024x576.jpg 1024w, https:\/\/saint-germain.us\/wp-content\/uploads\/2023\/07\/Chateau-neuf-300x169.jpg 300w, https:\/\/saint-germain.us\/wp-content\/uploads\/2023\/07\/Chateau-neuf-768x432.jpg 768w, https:\/\/saint-germain.us\/wp-content\/uploads\/2023\/07\/Chateau-neuf-1536x864.jpg 1536w, https:\/\/saint-germain.us\/wp-content\/uploads\/2023\/07\/Chateau-neuf-2048x1152.jpg 2048w\" sizes=\"auto, (max-width: 1024px) 100vw, 1024px\" \/><figcaption class=\"wp-element-caption\">Maquette du ch\u00e2teau neuf (@Philippe GOUT)<\/figcaption><\/figure>\n\n\n\n<figure class=\"wp-block-image size-large\"><img loading=\"lazy\" decoding=\"async\" width=\"1024\" height=\"653\" src=\"http:\/\/saint-germain.us\/wp-content\/uploads\/2023\/07\/Chateau-neuf-William-Turner-1024x653.jpg\" alt=\"\" class=\"wp-image-1250\" srcset=\"https:\/\/saint-germain.us\/wp-content\/uploads\/2023\/07\/Chateau-neuf-William-Turner-1024x653.jpg 1024w, https:\/\/saint-germain.us\/wp-content\/uploads\/2023\/07\/Chateau-neuf-William-Turner-300x191.jpg 300w, https:\/\/saint-germain.us\/wp-content\/uploads\/2023\/07\/Chateau-neuf-William-Turner-768x490.jpg 768w, https:\/\/saint-germain.us\/wp-content\/uploads\/2023\/07\/Chateau-neuf-William-Turner-1536x979.jpg 1536w, https:\/\/saint-germain.us\/wp-content\/uploads\/2023\/07\/Chateau-neuf-William-Turner-2048x1306.jpg 2048w\" sizes=\"auto, (max-width: 1024px) 100vw, 1024px\" \/><figcaption class=\"wp-element-caption\">Ch\u00e2teau de William Turner (photo@Philippe GOUT)<\/figcaption><\/figure>\n\n\n\n<figure class=\"wp-block-image size-large\"><img loading=\"lazy\" decoding=\"async\" width=\"1024\" height=\"576\" src=\"http:\/\/saint-germain.us\/wp-content\/uploads\/2023\/08\/Rampe-1024x576.jpg\" alt=\"\" class=\"wp-image-1985\" srcset=\"https:\/\/saint-germain.us\/wp-content\/uploads\/2023\/08\/Rampe-1024x576.jpg 1024w, https:\/\/saint-germain.us\/wp-content\/uploads\/2023\/08\/Rampe-300x169.jpg 300w, https:\/\/saint-germain.us\/wp-content\/uploads\/2023\/08\/Rampe-768x432.jpg 768w, https:\/\/saint-germain.us\/wp-content\/uploads\/2023\/08\/Rampe-1536x864.jpg 1536w, https:\/\/saint-germain.us\/wp-content\/uploads\/2023\/08\/Rampe-2048x1152.jpg 2048w\" sizes=\"auto, (max-width: 1024px) 100vw, 1024px\" \/><figcaption class=\"wp-element-caption\">Rampe (@Philippe GOUT)<\/figcaption><\/figure>\n\n\n\n<figure class=\"wp-block-image size-large\"><img loading=\"lazy\" decoding=\"async\" width=\"1024\" height=\"576\" src=\"http:\/\/saint-germain.us\/wp-content\/uploads\/2023\/08\/Rampe-2-1024x576.jpg\" alt=\"\" class=\"wp-image-1987\" srcset=\"https:\/\/saint-germain.us\/wp-content\/uploads\/2023\/08\/Rampe-2-1024x576.jpg 1024w, https:\/\/saint-germain.us\/wp-content\/uploads\/2023\/08\/Rampe-2-300x169.jpg 300w, https:\/\/saint-germain.us\/wp-content\/uploads\/2023\/08\/Rampe-2-768x432.jpg 768w, https:\/\/saint-germain.us\/wp-content\/uploads\/2023\/08\/Rampe-2-1536x864.jpg 1536w, https:\/\/saint-germain.us\/wp-content\/uploads\/2023\/08\/Rampe-2-2048x1152.jpg 2048w\" sizes=\"auto, (max-width: 1024px) 100vw, 1024px\" \/><figcaption class=\"wp-element-caption\">Rampe (@Philippe GOUT)\n<\/figcaption><\/figure>\n\n\n\n<h5 class=\"wp-block-heading\">Galerie Dorique et grottes<\/h5>\n\n\n\n<p>Sous les rampes se trouvait la Galerie Dorique. Sa fa\u00e7ade se composait de neuf trav\u00e9es perc\u00e9es d&rsquo;arcade en plein cintre rythm\u00e9es par des colonnes jumel\u00e9es. Sur les trav\u00e9es situ\u00e9es sous les rampes, les colonnes sont remplac\u00e9es par des pilastres.<\/p>\n\n\n\n<p>\u00c0 l&rsquo;int\u00e9rieur se trouvaient trois grottes : au centre, celle du Dragon, \u00e0 gauche, celle de Neptune et \u00e0 droite, celle des Orgues.<\/p>\n\n\n\n<p>Leur construction et leur am\u00e9nagement int\u00e9rieur (coquillages, automates, jeux d&rsquo;eau, musique) ont \u00e9t\u00e9 r\u00e9alis\u00e9s par l&rsquo;architecte Abraham Bosse et par les ing\u00e9nieurs hydrauliciens florentins, les fr\u00e8res Thomas et Alexandre Franchini. L&rsquo;ensemble \u00e9tait tr\u00e8s surprenant pour l&rsquo;\u00e9poque. (\u00c7a l&rsquo;est encore !). La galerie Dorique ayant fait l&rsquo;objet d&rsquo;une reconstruction compl\u00e8te en 1781, les grottes de Neptune et des Orgues n&rsquo;ont conserv\u00e9 que leur volum\u00e9trie sans aucun d\u00e9cor. La grotte du Dragon a \u00e9t\u00e9 combl\u00e9e.<\/p>\n\n\n\n<p><em>Texte Saint Germain Boucles de seine<\/em><\/p>\n\n\n\n<hr class=\"wp-block-separator has-alpha-channel-opacity\"\/>\n\n\n\n<div style=\"height:18px\" aria-hidden=\"true\" class=\"wp-block-spacer\"><\/div>\n\n\n\n<figure class=\"wp-block-table\"><table><tbody><tr><td>Sujet <\/td><td>Rampe<\/td><\/tr><tr><td>Lien<\/td><td>Aucun<\/td><\/tr><tr><td>Origine<\/td><td>Office de Tourisme Saint Germain Boucles de Seine<\/td><\/tr><tr><td><\/td><td><\/td><\/tr><tr><td>Date de r\u00e9vision<\/td><td>05\/09\/2023<\/td><\/tr><\/tbody><\/table><\/figure>\n\n\n\n<hr class=\"wp-block-separator has-alpha-channel-opacity\"\/>\n\n\n\n<h5 class=\"wp-block-heading\">commentaires :<a href=\"http:\/\/saint-germain.us\/index.php\/page-d-exemple\/\"> ICI<\/a><\/h5>\n\n\n\n<hr class=\"wp-block-separator has-alpha-channel-opacity\"\/>\n","protected":false},"excerpt":{"rendered":"<p>Rampe La page pr\u00e9sente : Une photo des neuf trav\u00e9es perc\u00e9es d&rsquo;arcade, Le dessin d&rsquo;un escalier. Carte du livre :\u00a0 Adresse :\u00a0 Vous pouvez ajouter des commentaires en bas de page. Galerie Dorique et grottes Sous les rampes se trouvait la Galerie Dorique. Sa fa\u00e7ade se composait de neuf trav\u00e9es perc\u00e9es d&rsquo;arcade en plein cintre [&hellip;]<\/p>\n","protected":false},"author":1,"featured_media":0,"parent":0,"menu_order":0,"comment_status":"closed","ping_status":"closed","template":"","meta":{"footnotes":""},"class_list":["post-111","page","type-page","status-publish","hentry"],"_links":{"self":[{"href":"https:\/\/saint-germain.us\/index.php\/wp-json\/wp\/v2\/pages\/111","targetHints":{"allow":["GET"]}}],"collection":[{"href":"https:\/\/saint-germain.us\/index.php\/wp-json\/wp\/v2\/pages"}],"about":[{"href":"https:\/\/saint-germain.us\/index.php\/wp-json\/wp\/v2\/types\/page"}],"author":[{"embeddable":true,"href":"https:\/\/saint-germain.us\/index.php\/wp-json\/wp\/v2\/users\/1"}],"replies":[{"embeddable":true,"href":"https:\/\/saint-germain.us\/index.php\/wp-json\/wp\/v2\/comments?post=111"}],"version-history":[{"count":14,"href":"https:\/\/saint-germain.us\/index.php\/wp-json\/wp\/v2\/pages\/111\/revisions"}],"predecessor-version":[{"id":3054,"href":"https:\/\/saint-germain.us\/index.php\/wp-json\/wp\/v2\/pages\/111\/revisions\/3054"}],"wp:attachment":[{"href":"https:\/\/saint-germain.us\/index.php\/wp-json\/wp\/v2\/media?parent=111"}],"curies":[{"name":"wp","href":"https:\/\/api.w.org\/{rel}","templated":true}]}}