{"id":113,"date":"2023-04-29T09:13:44","date_gmt":"2023-04-29T07:13:44","guid":{"rendered":"http:\/\/saint-germain.us\/?page_id=113"},"modified":"2023-08-18T10:38:33","modified_gmt":"2023-08-18T08:38:33","slug":"p45","status":"publish","type":"page","link":"https:\/\/saint-germain.us\/index.php\/p45\/","title":{"rendered":"P45"},"content":{"rendered":"\n<h2 class=\"wp-block-heading\">Tanneries royales<\/h2>\n\n\n\n<hr class=\"wp-block-separator has-alpha-channel-opacity\"\/>\n\n\n\n<p><span style=\"color: #333399;\">La page pr\u00e9sente :<\/span><\/p>\n\n\n\n<ul class=\"wp-block-list\">\n<li><span style=\"color: #333399;\">A droite, le ru de Buzot<\/span>,<\/li>\n\n\n\n<li><span style=\"color: #333399;\">A gauche, les tanneries royales, rue Schnapper<\/span>.<\/li>\n<\/ul>\n\n\n\n<p><span style=\"color: #333399;\">Carte du livre : DF<\/span><\/p>\n\n\n\n<p><em><span style=\"color: #333399;\">Vous pouvez ajouter des commentaires en bas de page.<\/span><\/em><\/p>\n\n\n\n<hr class=\"wp-block-separator has-alpha-channel-opacity\"\/>\n\n\n\n<div style=\"height:19px\" aria-hidden=\"true\" class=\"wp-block-spacer\"><\/div>\n\n\n\n<figure class=\"wp-block-image size-large\"><img loading=\"lazy\" decoding=\"async\" width=\"1010\" height=\"1024\" src=\"http:\/\/saint-germain.us\/wp-content\/uploads\/2023\/05\/Fordan-1-1010x1024.jpg\" alt=\"\" class=\"wp-image-317\" srcset=\"https:\/\/saint-germain.us\/wp-content\/uploads\/2023\/05\/Fordan-1-1010x1024.jpg 1010w, https:\/\/saint-germain.us\/wp-content\/uploads\/2023\/05\/Fordan-1-296x300.jpg 296w, https:\/\/saint-germain.us\/wp-content\/uploads\/2023\/05\/Fordan-1-768x778.jpg 768w, https:\/\/saint-germain.us\/wp-content\/uploads\/2023\/05\/Fordan-1-1516x1536.jpg 1516w, https:\/\/saint-germain.us\/wp-content\/uploads\/2023\/05\/Fordan-1-2021x2048.jpg 2021w\" sizes=\"auto, (max-width: 1010px) 100vw, 1010px\" \/><\/figure>\n\n\n<p><strong>Daniel Fort dit Fordan est un peintre-illustrateur<\/strong> <strong>et, hors de son atelier, voyageur-peintre de son temps.<\/strong><\/p>\n<p>Il pr\u00e9sente dans cet ouvrage, en prise directe, sur le motif, des croquis rapides retrouvant le quotidien des rues et des places.<\/p>\n<p>C&rsquo;est une approche qui lui vaut souvent la curiosit\u00e9 des passants.<\/p>\n\n\n<hr class=\"wp-block-separator has-alpha-channel-opacity\"\/>\n\n\n\n<div style=\"height:18px\" aria-hidden=\"true\" class=\"wp-block-spacer\"><\/div>\n\n\n\n<figure class=\"wp-block-table\"><table><tbody><tr><td>Sujet <\/td><td>Tanneries royales<\/td><\/tr><tr><td>Lien<\/td><td><a href=\"http:\/\/stgermaincommerce.over-blog.com\/article-les-tanneries-royales-de-saint-germain-en-laye-114607793.html\">Ici<\/a><\/td><\/tr><tr><td>Origine<\/td><td>Overblog commer\u00e7ants de Saint-Germain<\/td><\/tr><tr><td><\/td><td><\/td><\/tr><tr><td>Date de r\u00e9vision<\/td><td>08\/05\/2023<\/td><\/tr><\/tbody><\/table><\/figure>\n\n\n\n<p>Au d\u00e9but du 18e si\u00e8cle, construction de la tannerie le long du ru de Buzot. Vers 1727, cr\u00e9ation de la manufacture royale des cuirs de Russie.<br>Les tanneries de la ville ont joui autrefois d&rsquo;une grande r\u00e9putation\u00a0qu&rsquo;elles devaient \u00e0 la fabrication des cuirs de b\u0153uf \u00e0 la jus\u00e9e ,\u00a0proc\u00e9d\u00e9 qui fut longtemps un secret,\u00a0mais qui fut enfin devin\u00e9 par des hommes industrieux.\u00a0Alors des fabriques s&rsquo;\u00e9lev\u00e8rent \u00e0 Sens et \u00e0 Villeneuve-le-Roi ;\u00a0il en sortit d&rsquo;abord des cuirs qui valaient ceux de Saint-Germain ,\u00a0et qui bient\u00f4t furent pr\u00e9f\u00e9r\u00e9s pour leur qualit\u00e9.\u00a0Vaincus dans un art qu&rsquo;une longue possession\u00a0leur avait fait regarder comme une propri\u00e9t\u00e9,\u00a0les tanneurs de cette ville\u00a0tomb\u00e8rent dans le d\u00e9couragement en se voyant surpass\u00e9s par des rivaux.\u00a0<br>C&rsquo;en \u00e9tait fait pour Saint-Germain de la branche\u00a0la plus importante de son industrie ,\u00a0si la r\u00e9volution ,\u00a0qui mit dans la n\u00e9cessit\u00e9 de chausser ,\u00a0botter et \u00e9quiper les nombreux volontaires\u00a0qui couraient aux fronti\u00e8res ,\u00a0n&rsquo;e\u00fbt oblig\u00e9 le gouvernement \u00e0 faire de fortes commandes \u00e0 toutes nos fabriques.\u00a0Saint-Germain rouvrit donc ses tanneries ,\u00a0et ceux qui les exploitaient reprirent courage.\u00a0<br>La paix vint et diminua la consommation ;\u00a0mais l&rsquo;impulsion \u00e9tait donn\u00e9e et l&rsquo;on suivit le mouvement imprim\u00e9.\u00a0Les fabricans abandonn\u00e8rent la routine de leurs devanciers ,\u00a0profit\u00e8rent des d\u00e9couvertes de la chimie moderne ,\u00a0et reprirent bient\u00f4t leur rang.\u00a0On compte sept tanneries\u00a0qui occupent deux cent quatre-vingts fosses\u00a0de sept \u00e0 neuf pieds de profondeur ,\u00a0dans lesquelles treize mille cuirs\u00a0sont pr\u00e9par\u00e9s annuellement pour \u00eatre port\u00e9s sur les march\u00e9s\u00a0de Paris ,\u00a0de Guibray et de Caen , o\u00f9 ils trouvent un prompt d\u00e9bit.\u00a0On doit regretter la fermeture de la tannerie royale,\u00a0la premi\u00e8re o\u00f9 on a commenc\u00e9 \u00e0 pr\u00e9parer les cuirs \u00e0 la jus\u00e9e.\u00a0\u00a0\u00a0<br>Ce bel \u00e9tablissement, fond\u00e9 \u00e0 grands frais,\u00a0et qui occupait cent quarante-cinq fosses ,\u00a0est depuis long-temps abandonn\u00e9. Des tanneurs ont, \u00e0 diverses \u00e9poques,\u00a0entrepris de le relever, mais aucun n&rsquo;a pu y parvenir.\u00a0Pour le rendre \u00e0 sa destination, il faudrait y faire des r\u00e9parations consid\u00e9rables.\u00a0Le sol et les b\u00e2timens sont maintenant en vente ;\u00a0il est \u00e0 presumer que l&rsquo;usine sera d\u00e9molie ,\u00a0que le terrain sera vendu par lots ,\u00a0et qu&rsquo;il ne restera que le souvenir d&rsquo;une fabrique utile et fructueuse.\u00a0Il existe aussi une m\u00e9gisserie , dont le propri\u00e9taire s&rsquo;occupe\u00a0en m\u00eame temps du lavage des laines.\u00a0\u00a0\u00a0<br>Les toisons , plong\u00e9es dans les eaux du Buzot ,\u00a0qui sont tr\u00e8s convenables \u00e0 cette sorte d&rsquo;op\u00e9ration,\u00a0obtiennent une faveur qui en rend la vente facile et courante.\u00a0Une fabrication dont la ville de Saint-Germain s&rsquo;honore encore,\u00a0est celle des \u00e9toffes de crin et toiles de tamis ,\u00a0fa\u00e7on de Venise ,\u00a0qui fut fond\u00e9e par M. Bardel ,\u00a0et qui lui a valu la m\u00e9daille de bronze\u00a0aux expositions de 1802, 1806 et 1819.\u00a0<br>Cette industrie, pour laquelle la France ne craint aucune concurrence,\u00a0surtout depuis qu&rsquo;on y a introduit les dessins damass\u00e9s \u00e0 bouquets,\u00a0occupe un assez grand nombre d&rsquo;ouvriers.\u00a0\u00a0<br>La fameuse manufacture royale de cuirs de Russie est ferm\u00e9e en 1829.\u00a0A partir de 1838, utilisation des b\u00e2timents par une imprimerie \u00e0 \u00e9toffes.\u00a0En 1850, l&rsquo;\u00e9difice est occup\u00e9 par la fonderie g\u00e9n\u00e9rale de caract\u00e8res fran\u00e7ais\u00a0et \u00e9trangers et un marchand de vin.\u00a0<br>Le b\u00e2timent a appartenu \u00e0 Antoine Louis Joseph Guy au milieu du 19e si\u00e8cle\u00a0(Conseiller municipal de Saint-Germain-en-Laye en 1827, maire en 1830).\u00a0Au d\u00e9but du 20e si\u00e8cle servent d&rsquo;ateliers et de d\u00e9p\u00f4t d&rsquo;archives.\u00a0\u00a0Une filature de coton s&rsquo;y installe par la suite jusqu&rsquo;au tournant du XX<sup>e<\/sup>si\u00e8cle.\u00a0En 1978, d\u00e9saffectation puis transformation en immeubles d&rsquo;habitation\u00a0avec d\u00e9molition de l&rsquo;aile ouest et reconstruction de b\u00e2timents \u00e0 l&rsquo;identique.\u00a0\u00a0<\/p>\n\n\n\n<hr class=\"wp-block-separator has-alpha-channel-opacity\"\/>\n\n\n\n<h5 class=\"wp-block-heading\">commentaires :<a href=\"http:\/\/saint-germain.us\/index.php\/page-d-exemple\/\"> ICI<\/a><\/h5>\n\n\n\n<hr class=\"wp-block-separator has-alpha-channel-opacity\"\/>\n","protected":false},"excerpt":{"rendered":"<p>Tanneries royales La page pr\u00e9sente : Carte du livre : DF Vous pouvez ajouter des commentaires en bas de page. Daniel Fort dit Fordan est un peintre-illustrateur et, hors de son atelier, voyageur-peintre de son temps. Il pr\u00e9sente dans cet ouvrage, en prise directe, sur le motif, des croquis rapides retrouvant le quotidien des rues [&hellip;]<\/p>\n","protected":false},"author":1,"featured_media":0,"parent":0,"menu_order":0,"comment_status":"closed","ping_status":"closed","template":"","meta":{"footnotes":""},"class_list":["post-113","page","type-page","status-publish","hentry"],"_links":{"self":[{"href":"https:\/\/saint-germain.us\/index.php\/wp-json\/wp\/v2\/pages\/113","targetHints":{"allow":["GET"]}}],"collection":[{"href":"https:\/\/saint-germain.us\/index.php\/wp-json\/wp\/v2\/pages"}],"about":[{"href":"https:\/\/saint-germain.us\/index.php\/wp-json\/wp\/v2\/types\/page"}],"author":[{"embeddable":true,"href":"https:\/\/saint-germain.us\/index.php\/wp-json\/wp\/v2\/users\/1"}],"replies":[{"embeddable":true,"href":"https:\/\/saint-germain.us\/index.php\/wp-json\/wp\/v2\/comments?post=113"}],"version-history":[{"count":5,"href":"https:\/\/saint-germain.us\/index.php\/wp-json\/wp\/v2\/pages\/113\/revisions"}],"predecessor-version":[{"id":2611,"href":"https:\/\/saint-germain.us\/index.php\/wp-json\/wp\/v2\/pages\/113\/revisions\/2611"}],"wp:attachment":[{"href":"https:\/\/saint-germain.us\/index.php\/wp-json\/wp\/v2\/media?parent=113"}],"curies":[{"name":"wp","href":"https:\/\/api.w.org\/{rel}","templated":true}]}}