{"id":115,"date":"2023-04-29T09:13:55","date_gmt":"2023-04-29T07:13:55","guid":{"rendered":"http:\/\/saint-germain.us\/?page_id=115"},"modified":"2023-08-15T12:07:07","modified_gmt":"2023-08-15T10:07:07","slug":"p46","status":"publish","type":"page","link":"https:\/\/saint-germain.us\/index.php\/p46\/","title":{"rendered":"P46"},"content":{"rendered":"\n<h2 class=\"wp-block-heading\">Gast &amp; Coches &amp; Abreuvoir &amp; Pain<\/h2>\n\n\n\n<hr class=\"wp-block-separator has-alpha-channel-opacity\"\/>\n\n\n<p><span style=\"color: #333399;\">La page pr\u00e9sente :<\/span><\/p>\n<ul>\n<li><span style=\"color: #000080;\">Une photo de la rue du Gast,<\/span><\/li>\n<li><span style=\"color: #000080;\">Un dessin de la rue des coches,<\/span><\/li>\n<li><span style=\"color: #000080;\">Une repr\u00e9sentation ancienne de la rue du viel abreuvoir,<\/span><\/li>\n<li><span style=\"color: #000080;\">Une photo de la rue au pain.<\/span><\/li>\n<\/ul>\n<p><span style=\"color: #333399;\">Carte du livre : B<\/span><\/p>\n<p><span style=\"color: #333399;\">Adresse :\u00a0<\/span><\/p>\n<p><em><span style=\"color: #333399;\">Vous pouvez ajouter des commentaires en bas de page.<\/span><\/em><\/p>\n\n\n<hr class=\"wp-block-separator has-alpha-channel-opacity\"\/>\n\n\n\n<div style=\"height:18px\" aria-hidden=\"true\" class=\"wp-block-spacer\"><\/div>\n\n\n\n<figure class=\"wp-block-image size-large\"><img loading=\"lazy\" decoding=\"async\" width=\"1024\" height=\"683\" src=\"http:\/\/saint-germain.us\/wp-content\/uploads\/2023\/07\/rue-des-coches-1-1024x683.jpg\" alt=\"\" class=\"wp-image-1492\" srcset=\"https:\/\/saint-germain.us\/wp-content\/uploads\/2023\/07\/rue-des-coches-1-1024x683.jpg 1024w, https:\/\/saint-germain.us\/wp-content\/uploads\/2023\/07\/rue-des-coches-1-300x200.jpg 300w, https:\/\/saint-germain.us\/wp-content\/uploads\/2023\/07\/rue-des-coches-1-768x512.jpg 768w, https:\/\/saint-germain.us\/wp-content\/uploads\/2023\/07\/rue-des-coches-1-1536x1025.jpg 1536w, https:\/\/saint-germain.us\/wp-content\/uploads\/2023\/07\/rue-des-coches-1-2048x1366.jpg 2048w\" sizes=\"auto, (max-width: 1024px) 100vw, 1024px\" \/><figcaption class=\"wp-element-caption\">Rue des coches (Am\u00e9lior\u00e9e@Philippe GOUT)<\/figcaption><\/figure>\n\n\n\n<figure class=\"wp-block-image aligncenter size-large\"><img loading=\"lazy\" decoding=\"async\" width=\"1024\" height=\"730\" src=\"http:\/\/saint-germain.us\/wp-content\/uploads\/2023\/07\/Rue-des-coches-1024x730.jpg\" alt=\"\" class=\"wp-image-1294\" srcset=\"https:\/\/saint-germain.us\/wp-content\/uploads\/2023\/07\/Rue-des-coches-1024x730.jpg 1024w, https:\/\/saint-germain.us\/wp-content\/uploads\/2023\/07\/Rue-des-coches-300x214.jpg 300w, https:\/\/saint-germain.us\/wp-content\/uploads\/2023\/07\/Rue-des-coches-768x547.jpg 768w, https:\/\/saint-germain.us\/wp-content\/uploads\/2023\/07\/Rue-des-coches-1536x1095.jpg 1536w, https:\/\/saint-germain.us\/wp-content\/uploads\/2023\/07\/Rue-des-coches-2048x1459.jpg 2048w\" sizes=\"auto, (max-width: 1024px) 100vw, 1024px\" \/><figcaption class=\"wp-element-caption\">Rue des coches (@Philippe GOUT)<\/figcaption><\/figure>\n\n\n\n<figure class=\"wp-block-image size-large\"><img loading=\"lazy\" decoding=\"async\" width=\"768\" height=\"1024\" src=\"http:\/\/saint-germain.us\/wp-content\/uploads\/2023\/07\/rue-viel-abrevoir-2-768x1024.jpg\" alt=\"\" class=\"wp-image-1299\" srcset=\"https:\/\/saint-germain.us\/wp-content\/uploads\/2023\/07\/rue-viel-abrevoir-2-768x1024.jpg 768w, https:\/\/saint-germain.us\/wp-content\/uploads\/2023\/07\/rue-viel-abrevoir-2-225x300.jpg 225w, https:\/\/saint-germain.us\/wp-content\/uploads\/2023\/07\/rue-viel-abrevoir-2-1152x1536.jpg 1152w, https:\/\/saint-germain.us\/wp-content\/uploads\/2023\/07\/rue-viel-abrevoir-2-1536x2048.jpg 1536w, https:\/\/saint-germain.us\/wp-content\/uploads\/2023\/07\/rue-viel-abrevoir-2-scaled.jpg 1920w\" sizes=\"auto, (max-width: 768px) 100vw, 768px\" \/><figcaption class=\"wp-element-caption\">Rue du viel abreuvoir (@Philippe GOUT)<\/figcaption><\/figure>\n\n\n\n<figure class=\"wp-block-image size-large\"><img loading=\"lazy\" decoding=\"async\" width=\"1024\" height=\"473\" src=\"http:\/\/saint-germain.us\/wp-content\/uploads\/2023\/07\/Rue-du-viel-abrevoir-B-1024x473.jpg\" alt=\"\" class=\"wp-image-1295\" srcset=\"https:\/\/saint-germain.us\/wp-content\/uploads\/2023\/07\/Rue-du-viel-abrevoir-B-1024x473.jpg 1024w, https:\/\/saint-germain.us\/wp-content\/uploads\/2023\/07\/Rue-du-viel-abrevoir-B-300x139.jpg 300w, https:\/\/saint-germain.us\/wp-content\/uploads\/2023\/07\/Rue-du-viel-abrevoir-B-768x355.jpg 768w, https:\/\/saint-germain.us\/wp-content\/uploads\/2023\/07\/Rue-du-viel-abrevoir-B-1536x709.jpg 1536w, https:\/\/saint-germain.us\/wp-content\/uploads\/2023\/07\/Rue-du-viel-abrevoir-B-2048x946.jpg 2048w\" sizes=\"auto, (max-width: 1024px) 100vw, 1024px\" \/><figcaption class=\"wp-element-caption\">Rue du Viel abreuvoir (@Philippe GOUT)<\/figcaption><\/figure>\n\n\n\n<figure class=\"wp-block-image size-large\"><img loading=\"lazy\" decoding=\"async\" width=\"1024\" height=\"633\" src=\"http:\/\/saint-germain.us\/wp-content\/uploads\/2023\/07\/Rue-au-pain-1024x633.jpg\" alt=\"\" class=\"wp-image-1560\" srcset=\"https:\/\/saint-germain.us\/wp-content\/uploads\/2023\/07\/Rue-au-pain-1024x633.jpg 1024w, https:\/\/saint-germain.us\/wp-content\/uploads\/2023\/07\/Rue-au-pain-300x185.jpg 300w, https:\/\/saint-germain.us\/wp-content\/uploads\/2023\/07\/Rue-au-pain-768x474.jpg 768w, https:\/\/saint-germain.us\/wp-content\/uploads\/2023\/07\/Rue-au-pain-1536x949.jpg 1536w, https:\/\/saint-germain.us\/wp-content\/uploads\/2023\/07\/Rue-au-pain.jpg 1554w\" sizes=\"auto, (max-width: 1024px) 100vw, 1024px\" \/><figcaption class=\"wp-element-caption\">Rue au pain (Am\u00e9lior\u00e9e Philippe GOUT)<\/figcaption><\/figure>\n\n\n\n<hr class=\"wp-block-separator has-alpha-channel-opacity\"\/>\n\n\n\n<div style=\"height:18px\" aria-hidden=\"true\" class=\"wp-block-spacer\"><\/div>\n\n\n\n<figure class=\"wp-block-table\"><table><tbody><tr><td>Sujet <\/td><td>Rue du Gast &#8211; P94<\/td><\/tr><tr><td>Lien<\/td><td><a href=\"http:\/\/www.lespressesfranciliennes.com\/au%20fil%20des%20rues.html\">Ici<\/a><\/td><\/tr><tr><td>Origine<\/td><td>Au fil des rues <\/td><\/tr><tr><td>Date du document<\/td><td>Les Presses Franciliennes<\/td><\/tr><tr><td>Date de r\u00e9vision<\/td><td>15\/05\/2023<\/td><\/tr><\/tbody><\/table><\/figure>\n\n\n\n<p>Ainsi nomm\u00e9e depuis 1700. Famille de notables dont un membre fut notaire sous Henri IV et un autre fut Garde Manteau, officier forestier, sous Louis XIV.<\/p>\n\n\n\n<p>Anciennement :\u00ab Rue de la Corderie\u00bb<\/p>\n\n\n\n<hr class=\"wp-block-separator has-alpha-channel-opacity\"\/>\n\n\n\n<p><\/p>\n\n\n\n<figure class=\"wp-block-table\"><table><tbody><tr><td>Sujet <\/td><td>Rue des coches &#8211; P62<\/td><\/tr><tr><td>Lien<\/td><td><a href=\"http:\/\/www.lespressesfranciliennes.com\/au%20fil%20des%20rues.html\">Ici<\/a><\/td><\/tr><tr><td>Origine<\/td><td>Au fil des rues <\/td><\/tr><tr><td>Date du document<\/td><td>Les Presses Franciliennes<\/td><\/tr><tr><td>Date de r\u00e9vision<\/td><td>15\/05\/2023<\/td><\/tr><\/tbody><\/table><figcaption class=\"wp-element-caption\">Sujet<br><\/figcaption><\/figure>\n\n\n\n<p>Ainsi nomm\u00e9e depuis 1700, car elle \u00e9tait le lieu de d\u00e9part des coches, voitures publiques anc\u00eatres des diligences, qu&rsquo;ont assur\u00e9 d\u00e8s 1662 le transport r\u00e9gulier des voyageurs de Saint-Germain-en-Laye vers Paris, Versailles et d&rsquo;autres villes voisines.<\/p>\n\n\n\n<hr class=\"wp-block-separator has-alpha-channel-opacity\"\/>\n\n\n\n<div style=\"height:18px\" aria-hidden=\"true\" class=\"wp-block-spacer\"><\/div>\n\n\n\n<figure class=\"wp-block-table\"><table><tbody><tr><td>Sujet <\/td><td>Rue au pain &#8211; P 169<\/td><\/tr><tr><td>Lien<\/td><td><a href=\"http:\/\/www.lespressesfranciliennes.com\/au%20fil%20des%20rues.html\">Ici<\/a><\/td><\/tr><tr><td>Origine<\/td><td>Au fil des rues <\/td><\/tr><tr><td>Date du document<\/td><td>Les Presses Franciliennes<\/td><\/tr><tr><td>Date de r\u00e9vision<\/td><td>15\/05\/2023<\/td><\/tr><\/tbody><\/table><figcaption class=\"wp-element-caption\">Sujet<br><\/figcaption><\/figure>\n\n\n\n<p>Situ\u00e9e dans le prolongement de la rue Andr\u00e9-Bonnenfant entre le carrefour du Cadran ou Quadrant et la rue de la R\u00e9publique, elle est une des plus anciennes rue de la Ville (209 m).<\/p>\n\n\n\n<p>Ainsi nomm\u00e9e depuis 1667. C&rsquo;est dans cette voie que les boulangers installaient leurs \u00e9tals les jours de march\u00e9, \u00e0 l&rsquo;\u00e9poque o\u00f9 le march\u00e9 aux grains et \u00e0 la farine, cr\u00e9\u00e9 en 1526 par Fran\u00e7ois 1er, se tenait sur une petite place, \u00e0 son extr\u00e9mit\u00e9.<\/p>\n\n\n\n<p>Cette rue commer\u00e7ante fut longtemps la rue principale du petit bourg de Saint-Germain-en-Laye et reliait la \u00ab Place de l&rsquo;\u00c9glise\u00bb, l&rsquo;actuelle Place Abb\u00e9 Pierre de Porcaro, \u00e0 la \u00abPorte de Mareil \u00bb. Beaucoup de ses maisons \u00e9troites et hautes ont gard\u00e9 des appuis de fen\u00eatres en fer forg\u00e9 dont certains sont tr\u00e8s beaux. L&rsquo;\u00e9troitesse de la plupart des fa\u00e7ades, correspondant souvent \u00e0 une pi\u00e8ce par \u00e9tage, rappelle le parcellaire du Moyen-Age au temps o\u00f9 la Ville \u00e9tait encore entour\u00e9e de remparts.<\/p>\n\n\n\n<p>~ Au n\u00b0 37 : Petit immeuble du XVIIIe si\u00e8cle de quatre \u00e9tages avec deux fen\u00eatres par \u00e9tage et porte de c\u00f4t\u00e9 comme dans les constructions m\u00e9di\u00e9vales. Balconnets en fer forg\u00e9 des \u00e9poques Louis XV et Louis XVI.<\/p>\n\n\n\n<p>~ Au n\u00b0 38 : La maison natale de Claude Debussy. Il a vu le jour le 22 ao\u00fbt 1862.  <\/p>\n\n\n\n<p><strong>Depuis 1990 :<\/strong><\/p>\n\n\n\n<p>&#8211; Au premier \u00e9tage de l&rsquo;immeuble : un lieu de m\u00e9moire \u00e0 l&rsquo;atmosph\u00e8re intime et feutr\u00e9e, consacr\u00e9 au musicien.<\/p>\n\n\n\n<p>&#8211; Au rez-de-chauss\u00e9e : l&rsquo;Office municipal de tourisme. Cr\u00e9\u00e9 par Louis Forest le 28 d\u00e9cembre 1919, sous l&rsquo;appellation Syndicat d&rsquo;initiative et du tourisme, son premier guide parut en 1921, Pann\u00e9e o\u00f9 la commune de Saint-Germain-en-Laye a \u00e9t\u00e9 \u00e9rig\u00e9e en station de tourisme. Initialement install\u00e9 dans les locaux municipaux \u00ab place Maurice-Berteaux \u00bb, l&rsquo;actuelle place Andr\u00e9-Malraux, l&rsquo;Office a succ\u00e9d\u00e9, dans les locaux actuels, depuis 1990, \u00e0 l&rsquo;Office du Tourisme qui l&rsquo;avait relay\u00e9 en 1977 et qui \u00e9tait install\u00e9 au n\u00b0 1 bis de la rue de la R\u00e9publique en juin 1984.<\/p>\n\n\n\n<p>Immeuble de type m\u00e9di\u00e9val, de trois \u00e9tages plus lucarnes. Dans la cour int\u00e9rieure, on peut voir un tr\u00e8s bel escalier class\u00e9, \u00e0 balustres en bois du XVIIe si\u00e8cle.<\/p>\n\n\n\n<p>~ Entre les n\u00b0s 55 et 57 : L&rsquo;impasse des Louviers. Les num\u00e9rotations de la rue au Pain s&rsquo;y continuent.<\/p>\n\n\n\n<p><\/p>\n\n\n\n<figure class=\"wp-block-table\"><table><tbody><tr><td>Sujet <\/td><td>Rue du viel abreuvoir &#8211; P 239<\/td><\/tr><tr><td>Lien<\/td><td><a href=\"http:\/\/www.lespressesfranciliennes.com\/au%20fil%20des%20rues.html\">Ici<\/a><\/td><\/tr><tr><td>Origine<\/td><td>Au fil des rues <\/td><\/tr><tr><td>Date du document<\/td><td>Les Presses Franciliennes<\/td><\/tr><tr><td>Date de r\u00e9vision<\/td><td>15\/05\/2023<\/td><\/tr><\/tbody><\/table><figcaption class=\"wp-element-caption\">Sujet<br><\/figcaption><\/figure>\n\n\n\n<p>Ainsi nomm\u00e9e depuis 1740. Un vaste abreuvoir quadrangulaire y avait \u00e9t\u00e9 construit, en 1547, en face de la chapelle du Ch\u00e2teau. Devenu v\u00e9tuste, Louis XIV le rempla\u00e7a par un nouvel abreuvoir, d\u00e9moli \u00e0 son tour au milieu du XVIIIe si\u00e8cle.<\/p>\n\n\n\n<p>&#8211; Au n\u00b07, \u00e0 l&rsquo;angle de la rue des Vieilles-Boucheries : La premi\u00e8re maison occup\u00e9e par la communaut\u00e9 des religieuses franciscaines \u00e0 son arriv\u00e9e \u00e0 Saint-Germain-en-Laye en 1875.<\/p>\n\n\n\n<p>&#8211; Au n\u00b0 10:Maison du XVIIIe si\u00e8cle d&rsquo;un \u00e9tage plus lucarnes.<\/p>\n\n\n\n<p>~ Au n\u00b0 17 : L&rsquo;h\u00f4tel qu&rsquo;habita le comte Charles L\u00e9on. Fils naturel de Napol\u00e9on 1er et d&rsquo;\u00c9l\u00e9onore de la Plaigne, devenue comtesse de Luxbourg, compagne de classe de Caroline<\/p>\n\n\n\n<p>-Au n\u00b0 20: L&rsquo;h\u00f4tel de Saint-Aignan. Propri\u00e9t\u00e9 de Fran\u00e7ois Honorat de Beauvillier, duc de Saint-Aignan, Premier gentilhomme de la Chambre du roi. Protecteur des gens de lettres, il fonda l&rsquo;acad\u00e9mie d&rsquo;Arles et composa des po\u00e9sies dont la renomm\u00e9e lui ouvrit, en 1663, les portes de la toute jeune Acad\u00e9mie fran\u00e7aise.<\/p>\n\n\n\n<p>~ Au n\u00b021 : L&rsquo;h\u00f4tel de Lionne.Hugues de Lionne, conseiller au parlement de Grenoble, puis \u00e9v\u00eaque de Gap devint le conseiller de Mazarin. Il fut en 1663, un remarquable ministre aux Affaires \u00e9trang\u00e8res et Saint-Simon le qualifiait de plus grand ministre du r\u00e8gne de Louis XIV.<\/p>\n\n\n\n<p>&#8211; Au n\u00b0 22: Lh\u00f4tel de Montausier. Demeure de Charles de Saint-Maur, duc de Montausier, gouverneur de Louis de France, le Grand Dauphin, fils de Louis XIV. Rude et s\u00e9v\u00e8re, il lui arrivait de battre le Dauphin qui finit par le d\u00e9tester. Il aurait servi de mod\u00e8le au Misanthrope de Moli\u00e8re. Il \u00e9pousa en 1645 Julie d&rsquo;Angennes, fille de Catherine de Vivonne, marquise de Rambouillet, dont le salon litt\u00e9raire fut c\u00e9l\u00e8bre au XVIIe si\u00e8cle. Il fit \u00e9crire pour la s\u00e9duire la c\u00e9l\u00e8bre Guirlande de Julie, un recueil de quatre-vingt-sept madrigaux.<\/p>\n\n\n\n<p>C&rsquo;est dans cette demeure que logea de 1887 \u00e0 1891, Louis-Hubert Lyautey, le 25 juin 1933, \u00e0 linauguration de la plaque appos\u00e9e en son honneur \u00e0 cet endroit.<\/p>\n\n\n\n<p>&#8211; Au n\u00b0 23 :<a href=\"http:\/\/saint-germain.us\/index.php\/p24\/\"> L&rsquo;h\u00f4tel de Maintenon<\/a>. Mme de Maintenon acheta, en novembre 1680, sans I&rsquo;habiter cette Maison (d\u00e9nomination retrouv\u00e9e dans les documents anciens) qu&rsquo;un charpentier des b\u00e2timents du roi avait fait construire apr\u00e8s 1643. Elle n&rsquo;\u00e9tait encore que la gouvernante des enfants l\u00e9gitim\u00e9s de Mme de Montespan et du roi Louis XIV et occupait alors, au deuxi\u00e8me \u00e9tage du Ch\u00e2teau, \u013e&rsquo;ancien appartement du conn\u00e9table Anne-Joseph de Montmorency. En 1708, elle fit donation de cet h\u00f4tel \u00e0 sa ni\u00e8ce Fran\u00e7oise-Charlotte Amale d&rsquo;Aubign\u00e9, duchesse de Noailles, \u00e9pouse de Adrien-Maurice de Noailles qui poss\u00e9dait d\u00e9j\u00e0 un domaine \u00e0 Saint-Germain-en-Laye. Il est probable que ni Mme de Maitenon ni sa ni\u00e8ce n&rsquo;habit\u00e8rent cet h\u00f4tel q\u01b0&rsquo;il faut comparer avec une autre demeure de Mme de Maintenon \u00e0 Versailles, sise au n\u00b0 12 de la rue du peintre Lebrun o\u00f9 elle ne logea jamais. Le balcon de l&rsquo;h\u00f4tel, mis en place en 1880, est soutenu par des consoles en pierres sculpt\u00e9es.<\/p>\n\n\n\n<p>~ Au n\u00b0 24 : <a href=\"http:\/\/saint-germain.us\/index.php\/p25\/\">L&rsquo;h\u00f4tel de la Feuillade<\/a>. Il a appartenu \u00e0 Fran\u00e7ois d&rsquo;Aubusson, duc de la Feuillade, mar\u00e9chal de France en 1675 et vice-roi de Sicile en 1677. Il \u00e9tait si fier et vaniteux que Louis XIV disait en plaisantant: Pourvu que La Feuillade m&rsquo;accorde d&rsquo;\u00eatre aussi bon gentilhomme que lui, c&rsquo;est tout ce que je demande ! Il n&rsquo;en demeurait pas moins un grand admirateur du Roi dont il fit dresser la statue place des Victoires \u00e0 Paris, en prenant soin de la faire \u00e9clairer tous les soirs \u00e0 ses frais. L&rsquo;h\u00f4tel devint ensuite la propri\u00e9t\u00e9 de son fils, Louis d&rsquo;Aubusson, comte de la Feuillade, mar\u00e9chal de France. En 1699, Jean-Bertrand de Masgontier, \u00e9cuyer-gar\u00e7on ordinaire de la Chambre du roi, en devint propri\u00e9taire; il acheta en 1708 une petite maison contigu\u00eb et fit r\u00e9\u00e9difier ensuite les deux fa\u00e7ades en les r\u00e9unifiant, les deux maisons restant par ailleurs distinctes. La famille Masgontier garda l&rsquo;h\u00f4tel jusqu&rsquo;en 1753.<\/p>\n\n\n\n<p>Dans la premi\u00e8re moiti\u00e9 du XIXe si\u00e8cle, la petite maison fut partiellement reconstruite sur a cour ; des b\u00e2timents furent \u00e9lev\u00e9s ou agrandis.Sous le Second Empire, on d\u00e9cora l&rsquo;int\u00e9rieur et au XXe si\u00e8cle, on continua \u00e0 construire sur la cour en restaurant ou en ajoutant des \u00e9l\u00e9ments anciens, boiseries, portes ; c&rsquo;est \u00e0 cette \u00e9poque que l&rsquo;on remit en place dans le jardin la grille du XVIIIe si\u00e8cle. En fa\u00e7ade, de grandes et hautes fen\u00eatres au premier \u00e9tage avec de t\u00e8s beaux balconnets en fer forg\u00e9 du d\u00e9but du XVIIIe si\u00e8cle.la cour ; des b\u00e2timents furent \u00e9lev\u00e9s ou agrandis.Sous le Second Empire, on d\u00e9cora l&rsquo;int\u00e9rieur et au XXe si\u00e8cle, on continua \u00e0 construire sur la cour en restaurant ou en ajoutant des \u00e9l\u00e9ments anciens, boiseries, portes ; c&rsquo;est \u00e0 cette \u00e9poque que l&rsquo;on remit en place dans le jardin la grille du XVIIIe si\u00e8cle. En fa\u00e7ade, de grandes et hautes fen\u00eatres au premier \u00e9tage avec de t\u00e8s beaux balconnets en fer forg\u00e9 du d\u00e9but du XVIIIe si\u00e8cle.<\/p>\n\n\n\n<p>~ Au n\u00b0 25 : Immeuble du XVIIe si\u00e8cle de deux \u00e9tages plus lucarnes.Balconnets en fer forg\u00e9 d&rsquo;\u00e9poque Louis XV.&nbsp;<\/p>\n\n\n\n<hr class=\"wp-block-separator has-alpha-channel-opacity\"\/>\n\n\n\n<h5 class=\"wp-block-heading\">commentaires :<a href=\"http:\/\/saint-germain.us\/index.php\/page-d-exemple\/\"> ICI<\/a><\/h5>\n\n\n\n<hr class=\"wp-block-separator has-alpha-channel-opacity\"\/>\n","protected":false},"excerpt":{"rendered":"<p>Gast &amp; Coches &amp; Abreuvoir &amp; Pain La page pr\u00e9sente : Une photo de la rue du Gast, Un dessin de la rue des coches, Une repr\u00e9sentation ancienne de la rue du viel abreuvoir, Une photo de la rue au pain. Carte du livre : B Adresse :\u00a0 Vous pouvez ajouter des commentaires en bas [&hellip;]<\/p>\n","protected":false},"author":1,"featured_media":0,"parent":0,"menu_order":0,"comment_status":"closed","ping_status":"closed","template":"","meta":{"footnotes":""},"class_list":["post-115","page","type-page","status-publish","hentry"],"_links":{"self":[{"href":"https:\/\/saint-germain.us\/index.php\/wp-json\/wp\/v2\/pages\/115","targetHints":{"allow":["GET"]}}],"collection":[{"href":"https:\/\/saint-germain.us\/index.php\/wp-json\/wp\/v2\/pages"}],"about":[{"href":"https:\/\/saint-germain.us\/index.php\/wp-json\/wp\/v2\/types\/page"}],"author":[{"embeddable":true,"href":"https:\/\/saint-germain.us\/index.php\/wp-json\/wp\/v2\/users\/1"}],"replies":[{"embeddable":true,"href":"https:\/\/saint-germain.us\/index.php\/wp-json\/wp\/v2\/comments?post=115"}],"version-history":[{"count":22,"href":"https:\/\/saint-germain.us\/index.php\/wp-json\/wp\/v2\/pages\/115\/revisions"}],"predecessor-version":[{"id":2544,"href":"https:\/\/saint-germain.us\/index.php\/wp-json\/wp\/v2\/pages\/115\/revisions\/2544"}],"wp:attachment":[{"href":"https:\/\/saint-germain.us\/index.php\/wp-json\/wp\/v2\/media?parent=115"}],"curies":[{"name":"wp","href":"https:\/\/api.w.org\/{rel}","templated":true}]}}