{"id":117,"date":"2023-04-29T09:14:07","date_gmt":"2023-04-29T07:14:07","guid":{"rendered":"http:\/\/saint-germain.us\/?page_id=117"},"modified":"2023-08-15T09:19:37","modified_gmt":"2023-08-15T07:19:37","slug":"p47","status":"publish","type":"page","link":"https:\/\/saint-germain.us\/index.php\/p47\/","title":{"rendered":"P47"},"content":{"rendered":"\n<h2 class=\"wp-block-heading\">Paris &amp; Wauthier<\/h2>\n\n\n\n<hr class=\"wp-block-separator has-alpha-channel-opacity\"\/>\n\n\n<p><span style=\"color: #333399;\">La page pr\u00e9sente :<\/span><\/p>\n<ul>\n<li><span style=\"color: #000080;\">Un dessin des hauts de la rue de Paris,<\/span><\/li>\n<li><span style=\"color: #000080;\">Les vues de la rue Wauthier.<\/span><\/li>\n<\/ul>\n<p><span style=\"color: #333399;\">Carte du livre : &#8230;<\/span><\/p>\n<p><span style=\"color: #333399;\">Adresse : &#8230;<\/span><\/p>\n<p><em><span style=\"color: #333399;\">Vous pouvez ajouter des commentaires en bas de page.<\/span><\/em><\/p>\n\n\n<hr class=\"wp-block-separator has-alpha-channel-opacity\"\/>\n\n\n\n<div style=\"height:18px\" aria-hidden=\"true\" class=\"wp-block-spacer\"><\/div>\n\n\n\n<figure class=\"wp-block-image size-large\"><img loading=\"lazy\" decoding=\"async\" width=\"753\" height=\"1024\" src=\"http:\/\/saint-germain.us\/wp-content\/uploads\/2023\/07\/Cour-du-35-rue-Wauthier-753x1024.jpg\" alt=\"\" class=\"wp-image-1527\" srcset=\"https:\/\/saint-germain.us\/wp-content\/uploads\/2023\/07\/Cour-du-35-rue-Wauthier-753x1024.jpg 753w, https:\/\/saint-germain.us\/wp-content\/uploads\/2023\/07\/Cour-du-35-rue-Wauthier-221x300.jpg 221w, https:\/\/saint-germain.us\/wp-content\/uploads\/2023\/07\/Cour-du-35-rue-Wauthier-768x1044.jpg 768w, https:\/\/saint-germain.us\/wp-content\/uploads\/2023\/07\/Cour-du-35-rue-Wauthier-1130x1536.jpg 1130w, https:\/\/saint-germain.us\/wp-content\/uploads\/2023\/07\/Cour-du-35-rue-Wauthier-1506x2048.jpg 1506w, https:\/\/saint-germain.us\/wp-content\/uploads\/2023\/07\/Cour-du-35-rue-Wauthier.jpg 1797w\" sizes=\"auto, (max-width: 753px) 100vw, 753px\" \/><figcaption class=\"wp-element-caption\">Cour du 35 rue Wauthier (Am\u00e9lior\u00e9e @Philippe GOUT d&rsquo;apr\u00e8s collection Alain Andersen-Charon)<\/figcaption><\/figure>\n\n\n\n<figure class=\"wp-block-image aligncenter size-large\"><img loading=\"lazy\" decoding=\"async\" width=\"576\" height=\"1024\" src=\"http:\/\/saint-germain.us\/wp-content\/uploads\/2023\/07\/Rue-Wauthier-bas-576x1024.jpg\" alt=\"\" class=\"wp-image-1300\" srcset=\"https:\/\/saint-germain.us\/wp-content\/uploads\/2023\/07\/Rue-Wauthier-bas-576x1024.jpg 576w, https:\/\/saint-germain.us\/wp-content\/uploads\/2023\/07\/Rue-Wauthier-bas-169x300.jpg 169w, https:\/\/saint-germain.us\/wp-content\/uploads\/2023\/07\/Rue-Wauthier-bas-768x1365.jpg 768w, https:\/\/saint-germain.us\/wp-content\/uploads\/2023\/07\/Rue-Wauthier-bas-864x1536.jpg 864w, https:\/\/saint-germain.us\/wp-content\/uploads\/2023\/07\/Rue-Wauthier-bas-1152x2048.jpg 1152w, https:\/\/saint-germain.us\/wp-content\/uploads\/2023\/07\/Rue-Wauthier-bas-scaled.jpg 1440w\" sizes=\"auto, (max-width: 576px) 100vw, 576px\" \/><figcaption class=\"wp-element-caption\">Bas de la rue Wauthier (@Philippe GOUT)<\/figcaption><\/figure>\n\n\n\n<hr class=\"wp-block-separator has-alpha-channel-opacity\"\/>\n\n\n\n<div style=\"height:18px\" aria-hidden=\"true\" class=\"wp-block-spacer\"><\/div>\n\n\n\n<figure class=\"wp-block-table\"><table><tbody><tr><td>Sujet <\/td><td>Rue de Paris &#8211; P172<\/td><\/tr><tr><td>Lien<\/td><td><a href=\"http:\/\/www.lespressesfranciliennes.com\/au%20fil%20des%20rues.html\">Ici<\/a><\/td><\/tr><tr><td>Origine<\/td><td>Au fil des rues <\/td><\/tr><tr><td>Date du document<\/td><td>Les Presses Franciliennes<\/td><\/tr><tr><td>Date de r\u00e9vision<\/td><td>15\/05\/2023<\/td><\/tr><\/tbody><\/table><\/figure>\n\n\n\n<p>&#8211; Aux n\u00b0 10 et12 : Le grand h\u00f4tel de Cr\u00e9quy ou du District. La propri\u00e9t\u00e9 de cet h\u00f4tel habitait rue de Pontoise. Il semble en fait que cet h\u00f4tel appartenait \u00e0 un autre membre de la famille de Cr\u00e9quy, Fran\u00e7ois-Emmanuel de Bonne, duc de Lesdigui\u00e8res qui avait \u00e9pous\u00e9 la ni\u00e8ce du cardinal de Retz, Paule-Fran\u00e7oise-Marguerite de Gondi-Retz. Sous la R\u00e9volution, l&rsquo;h\u00f4tel de Cr\u00e9quy fut occup\u00e9 par les bureaux du district de Saint-Germain-en-Laye, primitivement install\u00e9 dans la salle des Arts .<\/p>\n\n\n\n<p>H\u00f4tel du XVIIe si\u00e8cle de deux \u00e9tages compl\u00e8tement remani\u00e9 au XVIIIe si\u00e8cle avec probablement ajout de nouvelles constructions. Il semble que la fa\u00e7ade sur rue ait \u00e9t\u00e9 sur\u00e9lev\u00e9e d&rsquo;un \u00e9tage. Aux premier et deuxi\u00e8me \u00e9tages, balconnets en fer forg\u00e9 d&rsquo;\u00e9poque Louis XV. Porte coch\u00e8re du XVIIIe si\u00e8cle en bois moulur\u00e9.<\/p>\n\n\n\n<p>~ Au n\u00b0 20 : L&rsquo;h\u00f4tel de la Cour de Hollande. On ne sait s&rsquo;il s&rsquo;agissait d&rsquo;un h\u00f4tel pour voyageurs ou d&rsquo;un logis hollandais.<\/p>\n\n\n\n<p>&#8211; Au n\u00b0 41 : La maison o\u00f9 v\u00e9cut Voltaire pendant environ deux mois \u00e0 partir du 15 mars 1729. Rentr\u00e9 de son exil en Angleterre, apr\u00e8s en avoir re\u00e7u l&rsquo;autorisation officieuse, il prit un nom d&#8217;emprunt de consonance britannique, Sir Sansons et se fit passer pour un voyageur anglais. C&rsquo;est \u00e0 Saint-Germain-en-Laye qu&rsquo;il r\u00e9digea sa lettre philosophique qui deviendra l&rsquo;admirable Remarque sur les Pens\u00e9es de Pascal.<\/p>\n\n\n\n<p>~ Au n\u00b0 46 : Immeuble du d\u00e9but du XIXe si\u00e8cle de trois \u00e9tages. Au deuxi\u00e8me \u00e9tage, la fen\u00eatre centrale est surmont\u00e9e d&rsquo;un fronton triangulaire soutenu par deux consoles sculpt\u00e9es en pl\u00e2tre.<\/p>\n\n\n\n<p>~ Au n\u00b048, entre la cour Larcher et la rue Raymond-Gr\u00e9ban :une armurerie install\u00e9e depuis plus d&rsquo;un si\u00e8cle.<\/p>\n\n\n\n<p>~ Au n\u00b0 56: Lh\u00f4tel de Rochefort. Il fut habit\u00e9 par Henri-Louis d&rsquo;Alogny, marquis de Rochefort qui fit partieen 1675, apr\u00e8s la mort de Turenne, d&rsquo;une promotion de huit mar\u00e9chaux (le duc de Noailles, le comte d&rsquo;Estrades, le comte de Schonberg, le duc de Luxembourg, le duc de Duras, le duc de la Feuillade et le marquis de Rochefort) que Louis XIV nomma sur proposition de Louvois. \u00c0 ce sujet, Mme de Sevign\u00e9 d\u00e9clarait que le Roi de Rochefort mourut de chagrin un an apr\u00e8s sa promotion, de n&rsquo;avoir pu ravitailler Philippsburg assi\u00e9g\u00e9e en 1688 pendant la guerre de la ligue d&rsquo;Augsbourg.<\/p>\n\n\n\n<p>H\u00f4tel de deux \u00e9tages plus lucarnes. Profond\u00e9ment transform\u00e9 et embelli au XVIIIe si\u00e8cle par Jacques Million, riche marchand-tanneur, dont les initiales sont visibles sur les appuis de fen\u00eatres dans la cour int\u00e9rieure. Fen\u00eatres cintr\u00e9es orn\u00e9es de chambranle moulur\u00e9. Balconnets en fer forg\u00e9 de style Louis XV. Au premier \u00e9tage,grande fen\u00eatre cintr\u00e9e surmont\u00e9e d&rsquo;une t\u00eate de femme. De part et d&rsquo;autre de l&rsquo;entr\u00e9e de magnifiques escaliers avec rampe en fer forg\u00e9.<\/p>\n\n\n\n<p>On y trouvait : <\/p>\n\n\n\n<p>~ Aux nos 4, 4 bis et 4 ter : La propri\u00e9t\u00e9 du docteur Jules Nicolas Serre. Il l&rsquo;occupa d\u00e8s 1873 et faisait ses visites en fiacre. Ses h\u00e9ritiers y habit\u00e8rent jusqu&rsquo;en 1926.<\/p>\n\n\n\n<p>~ Au n\u00b0 55 : La Gendarmerie nationale jusqu&rsquo;en 1914.<\/p>\n\n\n\n<p>~ \u00c0 l&rsquo;angle de la rue Alexandre-Dumas : au XIVe si\u00e8cle, la propri\u00e9t\u00e9 de Guillaume Tirel dit Tailevent. D\u00e9molie en 1767, l&rsquo;h\u00f4tel de Conti la rempla\u00e7a.Il fut habit\u00e9 au XVIIe si\u00e8cle par Armand-Thierry de Conti, prince du sang qui \u00e9pousa \u00e0 Saint-Germain-en-Laye le 16 janvier 1680, Marie-Anne de Blois, fille l\u00e9gitim\u00e9e de Louis XIV et de Louise de La Valli\u00e8re. L&rsquo;acte de mariage, conserv\u00e9 \u00e0 la Mairie, porte \u00e0 c\u00f4t\u00e9 de la signature des deux \u00e9poux, celle de Louis XIV et de la reine Marie-Th\u00e9r\u00e8se. \u00c0 la mort d&rsquo;Armand-Thierry de Conti, d\u00e9c\u00e9d\u00e9 sans post\u00e9rit\u00e9 en 1685, l&rsquo;h\u00f4tel devint la propri\u00e9t\u00e9 de son fr\u00e8re Francois-Louis de Conti, dit le Grand Conti. Apr\u00e8s avoir combattu dans les arm\u00e9es royales en Flandre, le Grand Conti fut \u00e9lu roi de Pologne ; cependant, supplant\u00e9 par I&rsquo;\u00c9lecteur de Saxe, Auguste II de Pologne dit Le Fort, il ne put prendre possession de son royaume. Il \u00e9pousa Marie-Th\u00e9r\u00e8se de Bourbon-Cond\u00e9, petite-fille du Grand Cond\u00e9 dont il \u00e9tait le neveu. L&rsquo;h\u00f4tel de Conti fut d\u00e9moli en 1767 pour permettre l&rsquo;\u00e9largissement de la \u00ab route de Versailles \u00bb, l&rsquo;actuelle rue Alexandre-Dumas.<\/p>\n\n\n\n<p>~Au n\u00b066 : L&rsquo;h\u00f4tel de Toulouse. Propri\u00e9t\u00e9 de Louis-Alexandre de Bourbon, comte de Toulouse, troisi\u00e8me fils l\u00e9gitim\u00e9 du roi Louis XIV et de Mme de Montespan.Nomm\u00e9 Grand amiral de France \u00e0 l&rsquo;\u00e2ge de 5 ans et comme tel, vainqueur de la flotte hollandaise \u00e0 Malaga en 1704, il finit ses jours \u00e0 Rambouillet o\u00f9 il tint une cour rivale de celle de Sceaux. Le comte de Toulouse avait achet\u00e9 cet h\u00f4tel non pour s&rsquo;y loger, mais pour y mettre ses chevaux. L&rsquo;h\u00f4tel de Toulouse \u00e9ait donc avant tout une \u00e9curie, d&rsquo;o\u00f9 sa forme \u00e9trange, mais il comportait aussi des logements pour les gens du comte. L&rsquo;h\u00f4tel passa ensuite au fils du comte de Toulouse, le duc de Penthi\u00e8vre puis \u00e0 sa petite-fille, femme du duc d&rsquo;Orl\u00e9ans, Philippe-Egalit\u00e9. Sous la R\u00e9volution, il fut vendu comme Bien national et un poste de la Garde nationale s&rsquo;installa dans cet h\u00f4tel qui servit ensuite de poste aux chevaux. L\u00e9on D\u00e9soyer, maire de Saint-Germain-en-Laye, compta parmi ses propri\u00e9taires ; il y exploita la distillerie Vaudron et les anciennes \u00e9curies servirent alors de magasin \u00e0 vins avant d&rsquo;abriter des automobiles.<\/p>\n\n\n\n<p>La forme de cet h\u00f4tel n&rsquo;a pas chang\u00e9 depuis sa construction. La toiture est rest\u00e9e pratiquement intacte avec des tuiles anciennes. En entrant sous le porche, dans le fond de la cour, on trouve un immense garage, \u00e9tabli sur les anciennes \u00e9curies du comte de Toulouse qui pouvaient abriter une centaine de chevaux.<\/p>\n\n\n\n<hr class=\"wp-block-separator has-alpha-channel-opacity\"\/>\n\n\n\n<p><\/p>\n\n\n\n<figure class=\"wp-block-table\"><table><tbody><tr><td>Sujet <\/td><td>Rue Wauthier &#8211; P246<\/td><\/tr><tr><td>Lien<\/td><td><a href=\"http:\/\/www.lespressesfranciliennes.com\/au%20fil%20des%20rues.html\">Ici<\/a><\/td><\/tr><tr><td>Origine<\/td><td>Au fil des rues <\/td><\/tr><tr><td>Date du document<\/td><td>Les Presses Franciliennes<\/td><\/tr><tr><td>Date de r\u00e9vision<\/td><td>15\/05\/2023<\/td><\/tr><\/tbody><\/table><\/figure>\n\n\n\n<p>Ainsi nomm\u00e9e depuis 1903. Guillaume-Joseph Wauthier, marchand de vin, fut un bienfaiteur de l&rsquo;h\u00f4pital.<\/p>\n\n\n\n<p>~ Au n\u00b0 3 ter : Une salle d&rsquo;Armes.<\/p>\n\n\n\n<p>&#8211; Au n\u00b0 6 : Le b\u00e2timent de l&rsquo;\u00e9cole des Trompettes du roi. Cette imposante demeure achev\u00e9e en 1610, une des plus anciennes de la ville, rest\u00e9e en l&rsquo;\u00e9tat, frappe par la belle ordonnance de sa fa\u00e7ade et son vaste porche encadr\u00e9 par deux colonnes ioniques surmont\u00e9es d&rsquo;un fronton triangulaire. La loi du 14 frimaire an VIII, qui cr\u00e9a l&rsquo;imp\u00f4t sur les portes et fen\u00eatres, entra\u00eena l&rsquo;occlusion de 9 des 26 fen\u00eatres de ce b\u00e2timent. Il abritait l\u00e9cole des Trompettes du roi probablement d\u00e9j\u00e0 sous Louis XIII et certainement sous Louis XIV. C&rsquo;est dans cette demeure que v\u00e9cut Fran\u00e7ois Bonvin , peintre fran\u00e7ais saint-simonien, qui y d\u00e9c\u00e9da en 1887.<\/p>\n\n\n\n<p>&#8211; Au n\u00b0 16 : Maison du XVIIe si\u00e8cle d&rsquo;un \u00e9tage plus lucarnes. La fa\u00e7ade a subi des transformations. On y voit encore l&rsquo;entourage en pierre, avec cl\u00e9, d&rsquo;un porche qui a \u00e9t\u00e9 remplac\u00e9 par une fen\u00eatre et une porte pi\u00e9tonne.<\/p>\n\n\n\n<p>Anciennement:\u00a0\u00bbRue Trompette\u00a0\u00bb et \u00ab\u00a0rue Basse Trompette\u00a0\u00bb,cette derni\u00e8re s&rsquo;\u00e9tendait entre la \u00ab rue de Mantes \u00bb et la \u00abrue de Fourqueux\u300b.<\/p>\n\n\n\n<p><\/p>\n\n\n\n<hr class=\"wp-block-separator has-alpha-channel-opacity\"\/>\n\n\n\n<h5 class=\"wp-block-heading\">commentaires :<a href=\"http:\/\/saint-germain.us\/index.php\/page-d-exemple\/\"> ICI<\/a><\/h5>\n\n\n\n<hr class=\"wp-block-separator has-alpha-channel-opacity\"\/>\n","protected":false},"excerpt":{"rendered":"<p>Paris &amp; Wauthier La page pr\u00e9sente : Un dessin des hauts de la rue de Paris, Les vues de la rue Wauthier. Carte du livre : &#8230; Adresse : &#8230; Vous pouvez ajouter des commentaires en bas de page. Sujet Rue de Paris &#8211; P172 Lien Ici Origine Au fil des rues Date du document [&hellip;]<\/p>\n","protected":false},"author":1,"featured_media":0,"parent":0,"menu_order":0,"comment_status":"closed","ping_status":"closed","template":"","meta":{"footnotes":""},"class_list":["post-117","page","type-page","status-publish","hentry"],"_links":{"self":[{"href":"https:\/\/saint-germain.us\/index.php\/wp-json\/wp\/v2\/pages\/117","targetHints":{"allow":["GET"]}}],"collection":[{"href":"https:\/\/saint-germain.us\/index.php\/wp-json\/wp\/v2\/pages"}],"about":[{"href":"https:\/\/saint-germain.us\/index.php\/wp-json\/wp\/v2\/types\/page"}],"author":[{"embeddable":true,"href":"https:\/\/saint-germain.us\/index.php\/wp-json\/wp\/v2\/users\/1"}],"replies":[{"embeddable":true,"href":"https:\/\/saint-germain.us\/index.php\/wp-json\/wp\/v2\/comments?post=117"}],"version-history":[{"count":13,"href":"https:\/\/saint-germain.us\/index.php\/wp-json\/wp\/v2\/pages\/117\/revisions"}],"predecessor-version":[{"id":2526,"href":"https:\/\/saint-germain.us\/index.php\/wp-json\/wp\/v2\/pages\/117\/revisions\/2526"}],"wp:attachment":[{"href":"https:\/\/saint-germain.us\/index.php\/wp-json\/wp\/v2\/media?parent=117"}],"curies":[{"name":"wp","href":"https:\/\/api.w.org\/{rel}","templated":true}]}}