{"id":122,"date":"2023-04-29T09:15:52","date_gmt":"2023-04-29T07:15:52","guid":{"rendered":"http:\/\/saint-germain.us\/?page_id=122"},"modified":"2023-08-16T07:55:27","modified_gmt":"2023-08-16T05:55:27","slug":"p43","status":"publish","type":"page","link":"https:\/\/saint-germain.us\/index.php\/p43\/","title":{"rendered":"P43"},"content":{"rendered":"\n<h2 class=\"wp-block-heading\">Places<\/h2>\n\n\n\n<hr class=\"wp-block-separator has-alpha-channel-opacity\"\/>\n\n\n<p><span style=\"color: #333399;\">La page pr\u00e9sente :<\/span><\/p>\n<ul>\n<li><span style=\"color: #000080;\">La place Pierre Delano\u00eb, figure majeure de la chanson fran\u00e7aise, parolier de Michel Sardou, Johnny Halliday, Gilbert B\u00e9caud et Michel Polnareff.<\/span><\/li>\n<li><span style=\"color: #000080;\">La place royale,<\/span><\/li>\n<li><span style=\"color: #000080;\">Le Cour Larcher,<\/span><\/li>\n<li><span style=\"color: #000080;\">La nouvelle place Michel P\u00e9ricard.<\/span><\/li>\n<\/ul>\n<p><span style=\"color: #333399;\">Carte du livre : &#8230;<\/span><\/p>\n<p><span style=\"color: #333399;\">Adresse : &#8230;<\/span><\/p>\n<p><em><span style=\"color: #333399;\">Vous pouvez ajouter des commentaires en bas de page.<\/span><\/em><\/p>\n\n\n<hr class=\"wp-block-separator has-alpha-channel-opacity\"\/>\n\n\n\n<div style=\"height:18px\" aria-hidden=\"true\" class=\"wp-block-spacer\"><\/div>\n\n\n\n<figure class=\"wp-block-image aligncenter size-large\"><img loading=\"lazy\" decoding=\"async\" width=\"1024\" height=\"682\" src=\"http:\/\/saint-germain.us\/wp-content\/uploads\/2023\/08\/Place-Pericard-1024x682.jpg\" alt=\"\" class=\"wp-image-2007\" srcset=\"https:\/\/saint-germain.us\/wp-content\/uploads\/2023\/08\/Place-Pericard-1024x682.jpg 1024w, https:\/\/saint-germain.us\/wp-content\/uploads\/2023\/08\/Place-Pericard-300x200.jpg 300w, https:\/\/saint-germain.us\/wp-content\/uploads\/2023\/08\/Place-Pericard-768x511.jpg 768w, https:\/\/saint-germain.us\/wp-content\/uploads\/2023\/08\/Place-Pericard-1536x1023.jpg 1536w, https:\/\/saint-germain.us\/wp-content\/uploads\/2023\/08\/Place-Pericard-2048x1364.jpg 2048w\" sizes=\"auto, (max-width: 1024px) 100vw, 1024px\" \/><figcaption class=\"wp-element-caption\">Arnaud P\u00e9ricard lors de l&rsquo;inauguration de la place Michel P\u00e9ricard (@Philippe GOUT)<\/figcaption><\/figure>\n\n\n\n<figure class=\"wp-block-image aligncenter size-large\"><img loading=\"lazy\" decoding=\"async\" width=\"1024\" height=\"682\" src=\"http:\/\/saint-germain.us\/wp-content\/uploads\/2023\/08\/Pericard-1024x682.jpg\" alt=\"\" class=\"wp-image-2008\" srcset=\"https:\/\/saint-germain.us\/wp-content\/uploads\/2023\/08\/Pericard-1024x682.jpg 1024w, https:\/\/saint-germain.us\/wp-content\/uploads\/2023\/08\/Pericard-300x200.jpg 300w, https:\/\/saint-germain.us\/wp-content\/uploads\/2023\/08\/Pericard-768x511.jpg 768w, https:\/\/saint-germain.us\/wp-content\/uploads\/2023\/08\/Pericard-1536x1023.jpg 1536w, https:\/\/saint-germain.us\/wp-content\/uploads\/2023\/08\/Pericard-2048x1364.jpg 2048w\" sizes=\"auto, (max-width: 1024px) 100vw, 1024px\" \/><figcaption class=\"wp-element-caption\">Statut de Michel P\u00e9ricard avec son fils, Arnaud, maire de Saint-Germain-en-Laye (@Philippe GOUT)<\/figcaption><\/figure>\n\n\n\n<figure class=\"wp-block-image size-large\"><img loading=\"lazy\" decoding=\"async\" width=\"1024\" height=\"718\" src=\"http:\/\/saint-germain.us\/wp-content\/uploads\/2023\/07\/IMG_4032-scaled-e1690027816556-1024x718.jpg\" alt=\"\" class=\"wp-image-1320\" srcset=\"https:\/\/saint-germain.us\/wp-content\/uploads\/2023\/07\/IMG_4032-scaled-e1690027816556-1024x718.jpg 1024w, https:\/\/saint-germain.us\/wp-content\/uploads\/2023\/07\/IMG_4032-scaled-e1690027816556-300x210.jpg 300w, https:\/\/saint-germain.us\/wp-content\/uploads\/2023\/07\/IMG_4032-scaled-e1690027816556-768x538.jpg 768w, https:\/\/saint-germain.us\/wp-content\/uploads\/2023\/07\/IMG_4032-scaled-e1690027816556-1536x1077.jpg 1536w, https:\/\/saint-germain.us\/wp-content\/uploads\/2023\/07\/IMG_4032-scaled-e1690027816556.jpg 1843w\" sizes=\"auto, (max-width: 1024px) 100vw, 1024px\" \/><figcaption class=\"wp-element-caption\">Un acc\u00e8s au cour Larcher (photo@Philippe GOUT)<\/figcaption><\/figure>\n\n\n\n<figure class=\"wp-block-image size-large\"><img loading=\"lazy\" decoding=\"async\" width=\"1024\" height=\"576\" src=\"http:\/\/saint-germain.us\/wp-content\/uploads\/2023\/07\/Cour-Larcher-1024x576.jpg\" alt=\"\" class=\"wp-image-1225\" srcset=\"https:\/\/saint-germain.us\/wp-content\/uploads\/2023\/07\/Cour-Larcher-1024x576.jpg 1024w, https:\/\/saint-germain.us\/wp-content\/uploads\/2023\/07\/Cour-Larcher-300x169.jpg 300w, https:\/\/saint-germain.us\/wp-content\/uploads\/2023\/07\/Cour-Larcher-768x432.jpg 768w, https:\/\/saint-germain.us\/wp-content\/uploads\/2023\/07\/Cour-Larcher-1536x864.jpg 1536w, https:\/\/saint-germain.us\/wp-content\/uploads\/2023\/07\/Cour-Larcher-2048x1152.jpg 2048w\" sizes=\"auto, (max-width: 1024px) 100vw, 1024px\" \/><figcaption class=\"wp-element-caption\">Cour Larcher (@Philippe GOUT)<\/figcaption><\/figure>\n\n\n\n<figure class=\"wp-block-image aligncenter size-large is-resized\"><img loading=\"lazy\" decoding=\"async\" src=\"http:\/\/saint-germain.us\/wp-content\/uploads\/2023\/08\/Cour-Larcher-1024x899.jpg\" alt=\"\" class=\"wp-image-1900\" style=\"width:201px;height:176px\" width=\"201\" height=\"176\" srcset=\"https:\/\/saint-germain.us\/wp-content\/uploads\/2023\/08\/Cour-Larcher-1024x899.jpg 1024w, https:\/\/saint-germain.us\/wp-content\/uploads\/2023\/08\/Cour-Larcher-300x263.jpg 300w, https:\/\/saint-germain.us\/wp-content\/uploads\/2023\/08\/Cour-Larcher-768x674.jpg 768w, https:\/\/saint-germain.us\/wp-content\/uploads\/2023\/08\/Cour-Larcher-1536x1349.jpg 1536w, https:\/\/saint-germain.us\/wp-content\/uploads\/2023\/08\/Cour-Larcher-2048x1798.jpg 2048w\" sizes=\"auto, (max-width: 201px) 100vw, 201px\" \/><figcaption class=\"wp-element-caption\">Cour Larcher (@Philippe GOUT)<\/figcaption><\/figure>\n\n\n\n<figure class=\"wp-block-image size-large\"><img loading=\"lazy\" decoding=\"async\" width=\"1024\" height=\"768\" src=\"http:\/\/saint-germain.us\/wp-content\/uploads\/2023\/07\/Place-royale-1024x768.jpg\" alt=\"\" class=\"wp-image-1772\" srcset=\"https:\/\/saint-germain.us\/wp-content\/uploads\/2023\/07\/Place-royale-1024x768.jpg 1024w, https:\/\/saint-germain.us\/wp-content\/uploads\/2023\/07\/Place-royale-300x225.jpg 300w, https:\/\/saint-germain.us\/wp-content\/uploads\/2023\/07\/Place-royale-768x576.jpg 768w, https:\/\/saint-germain.us\/wp-content\/uploads\/2023\/07\/Place-royale-1536x1152.jpg 1536w, https:\/\/saint-germain.us\/wp-content\/uploads\/2023\/07\/Place-royale-2048x1536.jpg 2048w\" sizes=\"auto, (max-width: 1024px) 100vw, 1024px\" \/><figcaption class=\"wp-element-caption\">Place royale (@Philippe GOUT)<\/figcaption><\/figure>\n\n\n\n<figure class=\"wp-block-image aligncenter size-large\"><img loading=\"lazy\" decoding=\"async\" width=\"1024\" height=\"576\" src=\"http:\/\/saint-germain.us\/wp-content\/uploads\/2023\/08\/Place-royale-1024x576.jpg\" alt=\"\" class=\"wp-image-2014\" srcset=\"https:\/\/saint-germain.us\/wp-content\/uploads\/2023\/08\/Place-royale-1024x576.jpg 1024w, https:\/\/saint-germain.us\/wp-content\/uploads\/2023\/08\/Place-royale-300x169.jpg 300w, https:\/\/saint-germain.us\/wp-content\/uploads\/2023\/08\/Place-royale-768x432.jpg 768w, https:\/\/saint-germain.us\/wp-content\/uploads\/2023\/08\/Place-royale-1536x864.jpg 1536w, https:\/\/saint-germain.us\/wp-content\/uploads\/2023\/08\/Place-royale-2048x1152.jpg 2048w\" sizes=\"auto, (max-width: 1024px) 100vw, 1024px\" \/><figcaption class=\"wp-element-caption\">D\u00e9tail de la fontaine de la place royale (@Philippe GOUT)<\/figcaption><\/figure>\n\n\n\n<figure class=\"wp-block-image size-large\"><img loading=\"lazy\" decoding=\"async\" width=\"1024\" height=\"576\" src=\"http:\/\/saint-germain.us\/wp-content\/uploads\/2023\/08\/Rotondes-1024x576.jpg\" alt=\"\" class=\"wp-image-2001\" srcset=\"https:\/\/saint-germain.us\/wp-content\/uploads\/2023\/08\/Rotondes-1024x576.jpg 1024w, https:\/\/saint-germain.us\/wp-content\/uploads\/2023\/08\/Rotondes-300x169.jpg 300w, https:\/\/saint-germain.us\/wp-content\/uploads\/2023\/08\/Rotondes-768x432.jpg 768w, https:\/\/saint-germain.us\/wp-content\/uploads\/2023\/08\/Rotondes-1536x864.jpg 1536w, https:\/\/saint-germain.us\/wp-content\/uploads\/2023\/08\/Rotondes-2048x1152.jpg 2048w\" sizes=\"auto, (max-width: 1024px) 100vw, 1024px\" \/><figcaption class=\"wp-element-caption\">Street Art \u00e0 Bel Air (@Philippe GOUT), place des rotondes<\/figcaption><\/figure>\n\n\n\n<hr class=\"wp-block-separator has-alpha-channel-opacity\"\/>\n\n\n\n<div style=\"height:18px\" aria-hidden=\"true\" class=\"wp-block-spacer\"><\/div>\n\n\n\n<figure class=\"wp-block-table\"><table><tbody><tr><td>Sujet <\/td><td>Les places de Saint Germain (et les rues)<\/td><\/tr><tr><td>Lien<\/td><td><a href=\"https:\/\/www.annuaire-mairie.fr\/rue-saint-germain-en-laye.html\">Ici<\/a><\/td><\/tr><tr><td>Origine<\/td><td>Annuaire mairie<\/td><\/tr><tr><td><\/td><td><\/td><\/tr><tr><td>Date de r\u00e9vision<\/td><td>13\/08\/2023<\/td><\/tr><\/tbody><\/table><\/figure>\n\n\n\n<p>Nous avons r\u00e9f\u00e9renc\u00e9 198 rues, <strong>28 places<\/strong>, 19 all\u00e9es, 18 routes, 16 avenues et 9 impasses sur&nbsp;<strong>Saint-Germain-en-Laye.<\/strong><\/p>\n\n\n\n<hr class=\"wp-block-separator has-alpha-channel-opacity\"\/>\n\n\n\n<h5 class=\"wp-block-heading\">commentaires :<a href=\"http:\/\/saint-germain.us\/index.php\/page-d-exemple\/\"> ICI<\/a><\/h5>\n\n\n\n<hr class=\"wp-block-separator has-alpha-channel-opacity\"\/>\n","protected":false},"excerpt":{"rendered":"<p>Places La page pr\u00e9sente : La place Pierre Delano\u00eb, figure majeure de la chanson fran\u00e7aise, parolier de Michel Sardou, Johnny Halliday, Gilbert B\u00e9caud et Michel Polnareff. La place royale, Le Cour Larcher, La nouvelle place Michel P\u00e9ricard. Carte du livre : &#8230; Adresse : &#8230; Vous pouvez ajouter des commentaires en bas de page. Sujet [&hellip;]<\/p>\n","protected":false},"author":1,"featured_media":0,"parent":0,"menu_order":0,"comment_status":"closed","ping_status":"closed","template":"","meta":{"footnotes":""},"class_list":["post-122","page","type-page","status-publish","hentry"],"_links":{"self":[{"href":"https:\/\/saint-germain.us\/index.php\/wp-json\/wp\/v2\/pages\/122","targetHints":{"allow":["GET"]}}],"collection":[{"href":"https:\/\/saint-germain.us\/index.php\/wp-json\/wp\/v2\/pages"}],"about":[{"href":"https:\/\/saint-germain.us\/index.php\/wp-json\/wp\/v2\/types\/page"}],"author":[{"embeddable":true,"href":"https:\/\/saint-germain.us\/index.php\/wp-json\/wp\/v2\/users\/1"}],"replies":[{"embeddable":true,"href":"https:\/\/saint-germain.us\/index.php\/wp-json\/wp\/v2\/comments?post=122"}],"version-history":[{"count":32,"href":"https:\/\/saint-germain.us\/index.php\/wp-json\/wp\/v2\/pages\/122\/revisions"}],"predecessor-version":[{"id":2589,"href":"https:\/\/saint-germain.us\/index.php\/wp-json\/wp\/v2\/pages\/122\/revisions\/2589"}],"wp:attachment":[{"href":"https:\/\/saint-germain.us\/index.php\/wp-json\/wp\/v2\/media?parent=122"}],"curies":[{"name":"wp","href":"https:\/\/api.w.org\/{rel}","templated":true}]}}