{"id":126,"date":"2023-04-29T09:16:14","date_gmt":"2023-04-29T07:16:14","guid":{"rendered":"http:\/\/saint-germain.us\/?page_id=126"},"modified":"2023-08-15T11:20:20","modified_gmt":"2023-08-15T09:20:20","slug":"p49","status":"publish","type":"page","link":"https:\/\/saint-germain.us\/index.php\/p49\/","title":{"rendered":"P49"},"content":{"rendered":"\n<h2 class=\"wp-block-heading\">Passages<\/h2>\n\n\n\n<hr class=\"wp-block-separator has-alpha-channel-opacity\"\/>\n\n\n<p><span style=\"color: #333399;\">La page pr\u00e9sente :<\/span><\/p>\n<ul>\n<li><span style=\"color: #000080;\">La \u00ab\u00a0passerelle\u00a0\u00bb,<\/span><\/li>\n<li><span style=\"color: #000080;\">Le passage F\u00e9licien David,<\/span><\/li>\n<li><span style=\"color: #000080;\">X,<\/span><\/li>\n<li><span style=\"color: #000080;\">Deux dessins des acc\u00e8s au cour Larcher,<\/span><\/li>\n<li><span style=\"color: #000080;\">X.<\/span><\/li>\n<\/ul>\n<p><span style=\"color: #333399;\">Carte du livre : B<\/span><\/p>\n<p><span style=\"color: #333399;\">Adresse : &#8230;<\/span><\/p>\n<p><em><span style=\"color: #333399;\">Vous pouvez ajouter des commentaires en bas de page.<\/span><\/em><\/p>\n\n\n<hr class=\"wp-block-separator has-alpha-channel-opacity\"\/>\n\n\n\n<div style=\"height:18px\" aria-hidden=\"true\" class=\"wp-block-spacer\"><\/div>\n\n\n\n<figure class=\"wp-block-image size-large\"><img loading=\"lazy\" decoding=\"async\" width=\"731\" height=\"1024\" src=\"http:\/\/saint-germain.us\/wp-content\/uploads\/2023\/07\/Passage-Jadot-1-731x1024.jpg\" alt=\"\" class=\"wp-image-1525\" srcset=\"https:\/\/saint-germain.us\/wp-content\/uploads\/2023\/07\/Passage-Jadot-1-731x1024.jpg 731w, https:\/\/saint-germain.us\/wp-content\/uploads\/2023\/07\/Passage-Jadot-1-214x300.jpg 214w, https:\/\/saint-germain.us\/wp-content\/uploads\/2023\/07\/Passage-Jadot-1-768x1076.jpg 768w, https:\/\/saint-germain.us\/wp-content\/uploads\/2023\/07\/Passage-Jadot-1-1096x1536.jpg 1096w, https:\/\/saint-germain.us\/wp-content\/uploads\/2023\/07\/Passage-Jadot-1-1461x2048.jpg 1461w, https:\/\/saint-germain.us\/wp-content\/uploads\/2023\/07\/Passage-Jadot-1-scaled.jpg 1827w\" sizes=\"auto, (max-width: 731px) 100vw, 731px\" \/><figcaption class=\"wp-element-caption\">Passage Jadot (Am\u00e9lior\u00e9e@Philippe GOUT)<\/figcaption><\/figure>\n\n\n\n<figure class=\"wp-block-image size-large\"><img loading=\"lazy\" decoding=\"async\" width=\"768\" height=\"1024\" src=\"http:\/\/saint-germain.us\/wp-content\/uploads\/2023\/07\/Passage-Jadot-768x1024.jpg\" alt=\"\" class=\"wp-image-1235\" srcset=\"https:\/\/saint-germain.us\/wp-content\/uploads\/2023\/07\/Passage-Jadot-768x1024.jpg 768w, https:\/\/saint-germain.us\/wp-content\/uploads\/2023\/07\/Passage-Jadot-225x300.jpg 225w, https:\/\/saint-germain.us\/wp-content\/uploads\/2023\/07\/Passage-Jadot-1152x1536.jpg 1152w, https:\/\/saint-germain.us\/wp-content\/uploads\/2023\/07\/Passage-Jadot-1536x2048.jpg 1536w, https:\/\/saint-germain.us\/wp-content\/uploads\/2023\/07\/Passage-Jadot-scaled.jpg 1920w\" sizes=\"auto, (max-width: 768px) 100vw, 768px\" \/><figcaption class=\"wp-element-caption\">Passage Jadot (@Philippe GOUT)<\/figcaption><\/figure>\n\n\n\n<figure class=\"wp-block-image aligncenter size-large\"><img loading=\"lazy\" decoding=\"async\" width=\"1024\" height=\"576\" src=\"http:\/\/saint-germain.us\/wp-content\/uploads\/2023\/07\/Passerelle-1024x576.jpg\" alt=\"\" class=\"wp-image-1286\" srcset=\"https:\/\/saint-germain.us\/wp-content\/uploads\/2023\/07\/Passerelle-1024x576.jpg 1024w, https:\/\/saint-germain.us\/wp-content\/uploads\/2023\/07\/Passerelle-300x169.jpg 300w, https:\/\/saint-germain.us\/wp-content\/uploads\/2023\/07\/Passerelle-768x432.jpg 768w, https:\/\/saint-germain.us\/wp-content\/uploads\/2023\/07\/Passerelle-1536x864.jpg 1536w, https:\/\/saint-germain.us\/wp-content\/uploads\/2023\/07\/Passerelle-2048x1152.jpg 2048w\" sizes=\"auto, (max-width: 1024px) 100vw, 1024px\" \/><figcaption class=\"wp-element-caption\">La passerelle (@Philippe GOUT)<\/figcaption><\/figure>\n\n\n\n<figure class=\"wp-block-image size-large\"><img loading=\"lazy\" decoding=\"async\" width=\"1024\" height=\"576\" src=\"http:\/\/saint-germain.us\/wp-content\/uploads\/2023\/07\/Passerelle-Bel-air-1024x576.jpg\" alt=\"\" class=\"wp-image-1285\" srcset=\"https:\/\/saint-germain.us\/wp-content\/uploads\/2023\/07\/Passerelle-Bel-air-1024x576.jpg 1024w, https:\/\/saint-germain.us\/wp-content\/uploads\/2023\/07\/Passerelle-Bel-air-300x169.jpg 300w, https:\/\/saint-germain.us\/wp-content\/uploads\/2023\/07\/Passerelle-Bel-air-768x432.jpg 768w, https:\/\/saint-germain.us\/wp-content\/uploads\/2023\/07\/Passerelle-Bel-air-1536x864.jpg 1536w, https:\/\/saint-germain.us\/wp-content\/uploads\/2023\/07\/Passerelle-Bel-air-2048x1152.jpg 2048w\" sizes=\"auto, (max-width: 1024px) 100vw, 1024px\" \/><figcaption class=\"wp-element-caption\">Passerelle Bel Air (@Philippe GOUT)<\/figcaption><\/figure>\n\n\n\n<figure class=\"wp-block-image aligncenter size-large\"><img loading=\"lazy\" decoding=\"async\" width=\"437\" height=\"1024\" src=\"http:\/\/saint-germain.us\/wp-content\/uploads\/2023\/07\/Cour-Larcher-acces-437x1024.jpg\" alt=\"\" class=\"wp-image-1252\" srcset=\"https:\/\/saint-germain.us\/wp-content\/uploads\/2023\/07\/Cour-Larcher-acces-437x1024.jpg 437w, https:\/\/saint-germain.us\/wp-content\/uploads\/2023\/07\/Cour-Larcher-acces-128x300.jpg 128w, https:\/\/saint-germain.us\/wp-content\/uploads\/2023\/07\/Cour-Larcher-acces-768x1799.jpg 768w, https:\/\/saint-germain.us\/wp-content\/uploads\/2023\/07\/Cour-Larcher-acces-656x1536.jpg 656w, https:\/\/saint-germain.us\/wp-content\/uploads\/2023\/07\/Cour-Larcher-acces-874x2048.jpg 874w, https:\/\/saint-germain.us\/wp-content\/uploads\/2023\/07\/Cour-Larcher-acces-scaled.jpg 1093w\" sizes=\"auto, (max-width: 437px) 100vw, 437px\" \/><figcaption class=\"wp-element-caption\">Acc\u00e8s au cour Larcher (@Philippe GOUT)<\/figcaption><\/figure>\n\n\n\n<hr class=\"wp-block-separator has-alpha-channel-opacity\"\/>\n\n\n\n<div style=\"height:18px\" aria-hidden=\"true\" class=\"wp-block-spacer\"><\/div>\n\n\n\n<figure class=\"wp-block-table\"><table><tbody><tr><td>Sujet <\/td><td>Les passages de Saint Germain (les rues, les places)<\/td><\/tr><tr><td>Lien<\/td><td><a href=\"https:\/\/www.annuaire-mairie.fr\/rue-saint-germain-en-laye.html\">Ici<\/a><\/td><\/tr><tr><td>Origine<\/td><td>Annuaire mairie<\/td><\/tr><tr><td><\/td><td><\/td><\/tr><tr><td>Date de r\u00e9vision<\/td><td>13\/08\/2023<\/td><\/tr><\/tbody><\/table><\/figure>\n\n\n\n<p>Nous avons r\u00e9f\u00e9renc\u00e9 198 rues, <strong>28 places<\/strong>, 19 all\u00e9es, 18 routes, 16 avenues et 9 impasses sur\u00a0<strong>Saint-Germain-en-Laye.<\/strong><\/p>\n\n\n\n<hr class=\"wp-block-separator has-alpha-channel-opacity\"\/>\n\n\n\n<h5 class=\"wp-block-heading\">commentaires :<a href=\"http:\/\/saint-germain.us\/index.php\/page-d-exemple\/\"> ICI<\/a><\/h5>\n\n\n\n<hr class=\"wp-block-separator has-alpha-channel-opacity\"\/>\n","protected":false},"excerpt":{"rendered":"<p>Passages La page pr\u00e9sente : La \u00ab\u00a0passerelle\u00a0\u00bb, Le passage F\u00e9licien David, X, Deux dessins des acc\u00e8s au cour Larcher, X. Carte du livre : B Adresse : &#8230; Vous pouvez ajouter des commentaires en bas de page. Sujet Les passages de Saint Germain (les rues, les places) Lien Ici Origine Annuaire mairie Date de r\u00e9vision [&hellip;]<\/p>\n","protected":false},"author":1,"featured_media":0,"parent":0,"menu_order":0,"comment_status":"closed","ping_status":"closed","template":"","meta":{"footnotes":""},"class_list":["post-126","page","type-page","status-publish","hentry"],"_links":{"self":[{"href":"https:\/\/saint-germain.us\/index.php\/wp-json\/wp\/v2\/pages\/126","targetHints":{"allow":["GET"]}}],"collection":[{"href":"https:\/\/saint-germain.us\/index.php\/wp-json\/wp\/v2\/pages"}],"about":[{"href":"https:\/\/saint-germain.us\/index.php\/wp-json\/wp\/v2\/types\/page"}],"author":[{"embeddable":true,"href":"https:\/\/saint-germain.us\/index.php\/wp-json\/wp\/v2\/users\/1"}],"replies":[{"embeddable":true,"href":"https:\/\/saint-germain.us\/index.php\/wp-json\/wp\/v2\/comments?post=126"}],"version-history":[{"count":23,"href":"https:\/\/saint-germain.us\/index.php\/wp-json\/wp\/v2\/pages\/126\/revisions"}],"predecessor-version":[{"id":2539,"href":"https:\/\/saint-germain.us\/index.php\/wp-json\/wp\/v2\/pages\/126\/revisions\/2539"}],"wp:attachment":[{"href":"https:\/\/saint-germain.us\/index.php\/wp-json\/wp\/v2\/media?parent=126"}],"curies":[{"name":"wp","href":"https:\/\/api.w.org\/{rel}","templated":true}]}}