{"id":128,"date":"2023-04-29T09:16:24","date_gmt":"2023-04-29T07:16:24","guid":{"rendered":"http:\/\/saint-germain.us\/?page_id=128"},"modified":"2023-08-20T19:02:24","modified_gmt":"2023-08-20T17:02:24","slug":"p52","status":"publish","type":"page","link":"https:\/\/saint-germain.us\/index.php\/p52\/","title":{"rendered":"P52"},"content":{"rendered":"\n<h2 class=\"wp-block-heading\">Demeures anciennes<\/h2>\n\n\n\n<hr class=\"wp-block-separator has-alpha-channel-opacity\"\/>\n\n\n<p><span style=\"color: #333399;\">La page pr\u00e9sente :<\/span><\/p>\n<ul>\n<li><span style=\"color: #000080;\">Un dessin de la porte d&rsquo;entr\u00e9e de la maison o\u00f9 Voltaire s\u00e9journa,<\/span><\/li>\n<li><span style=\"color: #000080;\">Un chien assis avec une poulie, rue de la R\u00e9publique,<\/span><\/li>\n<li><span style=\"color: #000080;\">Une repr\u00e9sentation de la bataille d&rsquo;Issos, rue des Arcades. La bataille d\u2019Issos (333 av. J.-C.) est l\u2019une des trois batailles majeures livr\u00e9es par Alexandre le Grand pour la conqu\u00eate de l\u2019Asie. Elle se place entre Le Granique (mai 334 av. J.-C.) et Arb\u00e8les. Issos est situ\u00e9 dans la plaine d\u2019Adana, dans l\u2019actuelle Turquie.<\/span><\/li>\n<li><span style=\"color: #000080;\">\u00ab\u00a0La plus vielle maison\u00a0\u00bb de Saint-Germain.<\/span><\/li>\n<\/ul>\n<p><span style=\"color: #333399;\">Carte du livre : &#8230;<\/span><\/p>\n<p><span style=\"color: #333399;\">Adresse : &#8230;<\/span><\/p>\n<p><em><span style=\"color: #333399;\">Vous pouvez ajouter des commentaires en bas de page.<\/span><\/em><\/p>\n\n\n<hr class=\"wp-block-separator has-alpha-channel-opacity\"\/>\n\n\n\n<figure class=\"wp-block-image size-large\"><img loading=\"lazy\" decoding=\"async\" width=\"1024\" height=\"618\" src=\"http:\/\/saint-germain.us\/wp-content\/uploads\/2023\/08\/Office-du-tourisme-red-1024x618.jpg\" alt=\"\" class=\"wp-image-2505\" srcset=\"https:\/\/saint-germain.us\/wp-content\/uploads\/2023\/08\/Office-du-tourisme-red-1024x618.jpg 1024w, https:\/\/saint-germain.us\/wp-content\/uploads\/2023\/08\/Office-du-tourisme-red-300x181.jpg 300w, https:\/\/saint-germain.us\/wp-content\/uploads\/2023\/08\/Office-du-tourisme-red-768x463.jpg 768w, https:\/\/saint-germain.us\/wp-content\/uploads\/2023\/08\/Office-du-tourisme-red-1536x927.jpg 1536w, https:\/\/saint-germain.us\/wp-content\/uploads\/2023\/08\/Office-du-tourisme-red-2048x1236.jpg 2048w\" sizes=\"auto, (max-width: 1024px) 100vw, 1024px\" \/><figcaption class=\"wp-element-caption\">Villa Eug\u00e9nie D\u00e9soyer (@Philippe GOUT)<\/figcaption><\/figure>\n\n\n\n<figure class=\"wp-block-image aligncenter size-large is-resized\"><img loading=\"lazy\" decoding=\"async\" src=\"http:\/\/saint-germain.us\/wp-content\/uploads\/2023\/08\/Villa-desoyer-713x1024.jpg\" alt=\"\" class=\"wp-image-2504\" style=\"width:240px;height:345px\" width=\"240\" height=\"345\" srcset=\"https:\/\/saint-germain.us\/wp-content\/uploads\/2023\/08\/Villa-desoyer-713x1024.jpg 713w, https:\/\/saint-germain.us\/wp-content\/uploads\/2023\/08\/Villa-desoyer-209x300.jpg 209w, https:\/\/saint-germain.us\/wp-content\/uploads\/2023\/08\/Villa-desoyer-768x1103.jpg 768w, https:\/\/saint-germain.us\/wp-content\/uploads\/2023\/08\/Villa-desoyer-1069x1536.jpg 1069w, https:\/\/saint-germain.us\/wp-content\/uploads\/2023\/08\/Villa-desoyer-1425x2048.jpg 1425w, https:\/\/saint-germain.us\/wp-content\/uploads\/2023\/08\/Villa-desoyer-scaled.jpg 1782w\" sizes=\"auto, (max-width: 240px) 100vw, 240px\" \/><figcaption class=\"wp-element-caption\">@Philippe GOUT\n<\/figcaption><\/figure>\n\n\n\n<p><\/p>\n\n\n\n<hr class=\"wp-block-separator has-alpha-channel-opacity\"\/>\n\n\n\n<div style=\"height:18px\" aria-hidden=\"true\" class=\"wp-block-spacer\"><\/div>\n\n\n\n<figure class=\"wp-block-image aligncenter size-large\"><img loading=\"lazy\" decoding=\"async\" width=\"629\" height=\"1024\" src=\"http:\/\/saint-germain.us\/wp-content\/uploads\/2023\/08\/Facade-1-629x1024.jpg\" alt=\"\" class=\"wp-image-2518\" srcset=\"https:\/\/saint-germain.us\/wp-content\/uploads\/2023\/08\/Facade-1-629x1024.jpg 629w, https:\/\/saint-germain.us\/wp-content\/uploads\/2023\/08\/Facade-1-184x300.jpg 184w, https:\/\/saint-germain.us\/wp-content\/uploads\/2023\/08\/Facade-1-768x1250.jpg 768w, https:\/\/saint-germain.us\/wp-content\/uploads\/2023\/08\/Facade-1-944x1536.jpg 944w, https:\/\/saint-germain.us\/wp-content\/uploads\/2023\/08\/Facade-1-1258x2048.jpg 1258w, https:\/\/saint-germain.us\/wp-content\/uploads\/2023\/08\/Facade-1-scaled.jpg 1573w\" sizes=\"auto, (max-width: 629px) 100vw, 629px\" \/><figcaption class=\"wp-element-caption\">Fa\u00e7ade offerte par M.Larcade (@Philippe GOUT)<\/figcaption><\/figure>\n\n\n\n<figure class=\"wp-block-image aligncenter size-large is-resized\"><img loading=\"lazy\" decoding=\"async\" src=\"http:\/\/saint-germain.us\/wp-content\/uploads\/2023\/08\/Antic-pancarte-783x1024.jpg\" alt=\"\" class=\"wp-image-2507\" style=\"width:217px;height:284px\" width=\"217\" height=\"284\" srcset=\"https:\/\/saint-germain.us\/wp-content\/uploads\/2023\/08\/Antic-pancarte-783x1024.jpg 783w, https:\/\/saint-germain.us\/wp-content\/uploads\/2023\/08\/Antic-pancarte-229x300.jpg 229w, https:\/\/saint-germain.us\/wp-content\/uploads\/2023\/08\/Antic-pancarte-768x1004.jpg 768w, https:\/\/saint-germain.us\/wp-content\/uploads\/2023\/08\/Antic-pancarte-1175x1536.jpg 1175w, https:\/\/saint-germain.us\/wp-content\/uploads\/2023\/08\/Antic-pancarte-1566x2048.jpg 1566w, https:\/\/saint-germain.us\/wp-content\/uploads\/2023\/08\/Antic-pancarte-scaled.jpg 1958w\" sizes=\"auto, (max-width: 217px) 100vw, 217px\" \/><figcaption class=\"wp-element-caption\">Origine de la fa\u00e7ade (@Philippe GOUT)<\/figcaption><\/figure>\n\n\n\n<hr class=\"wp-block-separator has-alpha-channel-opacity\"\/>\n\n\n\n<p><\/p>\n\n\n\n<figure class=\"wp-block-image aligncenter size-large is-resized\"><img loading=\"lazy\" decoding=\"async\" src=\"http:\/\/saint-germain.us\/wp-content\/uploads\/2023\/07\/DSC07286-1024x576.jpg\" alt=\"\" class=\"wp-image-1316\" style=\"width:373px;height:210px\" width=\"373\" height=\"210\" srcset=\"https:\/\/saint-germain.us\/wp-content\/uploads\/2023\/07\/DSC07286-1024x576.jpg 1024w, https:\/\/saint-germain.us\/wp-content\/uploads\/2023\/07\/DSC07286-300x169.jpg 300w, https:\/\/saint-germain.us\/wp-content\/uploads\/2023\/07\/DSC07286-768x432.jpg 768w, https:\/\/saint-germain.us\/wp-content\/uploads\/2023\/07\/DSC07286-1536x864.jpg 1536w, https:\/\/saint-germain.us\/wp-content\/uploads\/2023\/07\/DSC07286-2048x1152.jpg 2048w\" sizes=\"auto, (max-width: 373px) 100vw, 373px\" \/><figcaption class=\"wp-element-caption\">La poulie (@Philippe GOUT)<\/figcaption><\/figure>\n\n\n\n<figure class=\"wp-block-image aligncenter size-large\"><img loading=\"lazy\" decoding=\"async\" width=\"654\" height=\"1024\" src=\"http:\/\/saint-germain.us\/wp-content\/uploads\/2023\/08\/Demeure-ancienne-r-654x1024.jpg\" alt=\"\" class=\"wp-image-2670\" srcset=\"https:\/\/saint-germain.us\/wp-content\/uploads\/2023\/08\/Demeure-ancienne-r-654x1024.jpg 654w, https:\/\/saint-germain.us\/wp-content\/uploads\/2023\/08\/Demeure-ancienne-r-191x300.jpg 191w, https:\/\/saint-germain.us\/wp-content\/uploads\/2023\/08\/Demeure-ancienne-r-768x1203.jpg 768w, https:\/\/saint-germain.us\/wp-content\/uploads\/2023\/08\/Demeure-ancienne-r-980x1536.jpg 980w, https:\/\/saint-germain.us\/wp-content\/uploads\/2023\/08\/Demeure-ancienne-r-1307x2048.jpg 1307w, https:\/\/saint-germain.us\/wp-content\/uploads\/2023\/08\/Demeure-ancienne-r-scaled.jpg 1634w\" sizes=\"auto, (max-width: 654px) 100vw, 654px\" \/><figcaption class=\"wp-element-caption\">Demeure ancienne (@Philippe GOUT)<\/figcaption><\/figure>\n\n\n\n<figure class=\"wp-block-image size-large\"><img loading=\"lazy\" decoding=\"async\" width=\"714\" height=\"1024\" src=\"http:\/\/saint-germain.us\/wp-content\/uploads\/2023\/07\/DSC07283b-714x1024.jpg\" alt=\"\" class=\"wp-image-1315\" srcset=\"https:\/\/saint-germain.us\/wp-content\/uploads\/2023\/07\/DSC07283b-714x1024.jpg 714w, https:\/\/saint-germain.us\/wp-content\/uploads\/2023\/07\/DSC07283b-209x300.jpg 209w, https:\/\/saint-germain.us\/wp-content\/uploads\/2023\/07\/DSC07283b-768x1102.jpg 768w, https:\/\/saint-germain.us\/wp-content\/uploads\/2023\/07\/DSC07283b-1071x1536.jpg 1071w, https:\/\/saint-germain.us\/wp-content\/uploads\/2023\/07\/DSC07283b-1428x2048.jpg 1428w, https:\/\/saint-germain.us\/wp-content\/uploads\/2023\/07\/DSC07283b-scaled.jpg 1784w\" sizes=\"auto, (max-width: 714px) 100vw, 714px\" \/><figcaption class=\"wp-element-caption\">Ancienne maison (@Philippe GOUT)\n<\/figcaption><\/figure>\n\n\n\n<figure class=\"wp-block-image aligncenter size-large\"><img loading=\"lazy\" decoding=\"async\" width=\"577\" height=\"1024\" src=\"http:\/\/saint-germain.us\/wp-content\/uploads\/2023\/07\/Rue-Debussy-577x1024.jpg\" alt=\"\" class=\"wp-image-1293\" srcset=\"https:\/\/saint-germain.us\/wp-content\/uploads\/2023\/07\/Rue-Debussy-577x1024.jpg 577w, https:\/\/saint-germain.us\/wp-content\/uploads\/2023\/07\/Rue-Debussy-169x300.jpg 169w, https:\/\/saint-germain.us\/wp-content\/uploads\/2023\/07\/Rue-Debussy-768x1363.jpg 768w, https:\/\/saint-germain.us\/wp-content\/uploads\/2023\/07\/Rue-Debussy-866x1536.jpg 866w, https:\/\/saint-germain.us\/wp-content\/uploads\/2023\/07\/Rue-Debussy-1154x2048.jpg 1154w, https:\/\/saint-germain.us\/wp-content\/uploads\/2023\/07\/Rue-Debussy-scaled.jpg 1443w\" sizes=\"auto, (max-width: 577px) 100vw, 577px\" \/><figcaption class=\"wp-element-caption\">Rue Debussy (@Philippe GOUT)<\/figcaption><\/figure>\n\n\n\n<figure class=\"wp-block-image size-large\"><img loading=\"lazy\" decoding=\"async\" width=\"867\" height=\"1024\" src=\"http:\/\/saint-germain.us\/wp-content\/uploads\/2023\/07\/Maison-Rue-Saint-Pierre-867x1024.jpg\" alt=\"\" class=\"wp-image-1275\" srcset=\"https:\/\/saint-germain.us\/wp-content\/uploads\/2023\/07\/Maison-Rue-Saint-Pierre-867x1024.jpg 867w, https:\/\/saint-germain.us\/wp-content\/uploads\/2023\/07\/Maison-Rue-Saint-Pierre-254x300.jpg 254w, https:\/\/saint-germain.us\/wp-content\/uploads\/2023\/07\/Maison-Rue-Saint-Pierre-768x907.jpg 768w, https:\/\/saint-germain.us\/wp-content\/uploads\/2023\/07\/Maison-Rue-Saint-Pierre-1301x1536.jpg 1301w, https:\/\/saint-germain.us\/wp-content\/uploads\/2023\/07\/Maison-Rue-Saint-Pierre-1734x2048.jpg 1734w\" sizes=\"auto, (max-width: 867px) 100vw, 867px\" \/><figcaption class=\"wp-element-caption\">Maison rue Saint Pierre (@Philippe GOUT)<\/figcaption><\/figure>\n\n\n\n<figure class=\"wp-block-image aligncenter size-large\"><img loading=\"lazy\" decoding=\"async\" width=\"449\" height=\"1024\" src=\"http:\/\/saint-germain.us\/wp-content\/uploads\/2023\/07\/Maison-Alsace-449x1024.jpg\" alt=\"\" class=\"wp-image-1274\" srcset=\"https:\/\/saint-germain.us\/wp-content\/uploads\/2023\/07\/Maison-Alsace-449x1024.jpg 449w, https:\/\/saint-germain.us\/wp-content\/uploads\/2023\/07\/Maison-Alsace-132x300.jpg 132w, https:\/\/saint-germain.us\/wp-content\/uploads\/2023\/07\/Maison-Alsace-768x1752.jpg 768w, https:\/\/saint-germain.us\/wp-content\/uploads\/2023\/07\/Maison-Alsace-673x1536.jpg 673w, https:\/\/saint-germain.us\/wp-content\/uploads\/2023\/07\/Maison-Alsace-898x2048.jpg 898w, https:\/\/saint-germain.us\/wp-content\/uploads\/2023\/07\/Maison-Alsace-scaled.jpg 1122w\" sizes=\"auto, (max-width: 449px) 100vw, 449px\" \/><figcaption class=\"wp-element-caption\">Maison rue d&rsquo;Alsace (@Philippe GOUT)<\/figcaption><\/figure>\n\n\n\n<figure class=\"wp-block-image size-large\"><img loading=\"lazy\" decoding=\"async\" width=\"768\" height=\"1024\" src=\"http:\/\/saint-germain.us\/wp-content\/uploads\/2023\/07\/Maison-Val-Joyeux-768x1024.jpg\" alt=\"\" class=\"wp-image-1276\" srcset=\"https:\/\/saint-germain.us\/wp-content\/uploads\/2023\/07\/Maison-Val-Joyeux-768x1024.jpg 768w, https:\/\/saint-germain.us\/wp-content\/uploads\/2023\/07\/Maison-Val-Joyeux-225x300.jpg 225w, https:\/\/saint-germain.us\/wp-content\/uploads\/2023\/07\/Maison-Val-Joyeux-1152x1536.jpg 1152w, https:\/\/saint-germain.us\/wp-content\/uploads\/2023\/07\/Maison-Val-Joyeux-1536x2048.jpg 1536w, https:\/\/saint-germain.us\/wp-content\/uploads\/2023\/07\/Maison-Val-Joyeux-scaled.jpg 1920w\" sizes=\"auto, (max-width: 768px) 100vw, 768px\" \/><figcaption class=\"wp-element-caption\">Maison Val joyeux (@Philippe GOUT)<\/figcaption><\/figure>\n\n\n\n<figure class=\"wp-block-image size-full\"><img loading=\"lazy\" decoding=\"async\" width=\"898\" height=\"577\" src=\"http:\/\/saint-germain.us\/wp-content\/uploads\/2023\/08\/Anciennes-demeures.jpg\" alt=\"\" class=\"wp-image-2649\" srcset=\"https:\/\/saint-germain.us\/wp-content\/uploads\/2023\/08\/Anciennes-demeures.jpg 898w, https:\/\/saint-germain.us\/wp-content\/uploads\/2023\/08\/Anciennes-demeures-300x193.jpg 300w, https:\/\/saint-germain.us\/wp-content\/uploads\/2023\/08\/Anciennes-demeures-768x493.jpg 768w\" sizes=\"auto, (max-width: 898px) 100vw, 898px\" \/><figcaption class=\"wp-element-caption\">Anciennes demeures pr\u00e8s de l&rsquo;\u00c9glise Saint-Germain (@Philippe GOUT)\n<\/figcaption><\/figure>\n\n\n\n<figure class=\"wp-block-image size-large\"><img loading=\"lazy\" decoding=\"async\" width=\"1024\" height=\"740\" src=\"http:\/\/saint-germain.us\/wp-content\/uploads\/2023\/07\/Salle-du-Colombier-1024x740.jpg\" alt=\"\" class=\"wp-image-1303\" srcset=\"https:\/\/saint-germain.us\/wp-content\/uploads\/2023\/07\/Salle-du-Colombier-1024x740.jpg 1024w, https:\/\/saint-germain.us\/wp-content\/uploads\/2023\/07\/Salle-du-Colombier-300x217.jpg 300w, https:\/\/saint-germain.us\/wp-content\/uploads\/2023\/07\/Salle-du-Colombier-768x555.jpg 768w, https:\/\/saint-germain.us\/wp-content\/uploads\/2023\/07\/Salle-du-Colombier-1536x1110.jpg 1536w, https:\/\/saint-germain.us\/wp-content\/uploads\/2023\/07\/Salle-du-Colombier-2048x1480.jpg 2048w\" sizes=\"auto, (max-width: 1024px) 100vw, 1024px\" \/><figcaption class=\"wp-element-caption\">Salle du colombier (@Philippe GOUT)\n<\/figcaption><\/figure>\n\n\n\n<hr class=\"wp-block-separator has-alpha-channel-opacity\"\/>\n\n\n\n<div style=\"height:18px\" aria-hidden=\"true\" class=\"wp-block-spacer\"><\/div>\n\n\n\n<figure class=\"wp-block-image aligncenter size-full\"><img loading=\"lazy\" decoding=\"async\" width=\"562\" height=\"889\" src=\"http:\/\/saint-germain.us\/wp-content\/uploads\/2023\/08\/Rue-Saint-Christophe-copie.jpg\" alt=\"\" class=\"wp-image-2289\" srcset=\"https:\/\/saint-germain.us\/wp-content\/uploads\/2023\/08\/Rue-Saint-Christophe-copie.jpg 562w, https:\/\/saint-germain.us\/wp-content\/uploads\/2023\/08\/Rue-Saint-Christophe-copie-190x300.jpg 190w\" sizes=\"auto, (max-width: 562px) 100vw, 562px\" \/><figcaption class=\"wp-element-caption\">\u00c9cole des trompettes du roi (@Philippe GOUT)<\/figcaption><\/figure>\n\n\n\n<figure class=\"wp-block-table\"><table><tbody><tr><td>Sujet <\/td><td>\u00c9cole des trompettes du roi<\/td><\/tr><tr><td>Lien<\/td><td>Aucun<\/td><\/tr><tr><td>Origine<\/td><td>Au fil des rues de Saint-Germain-en-Laye<\/td><\/tr><tr><td><\/td><td><\/td><\/tr><tr><td>Date de r\u00e9vision<\/td><td>11\/08\/2023<\/td><\/tr><\/tbody><\/table><\/figure>\n\n\n\n<p>Au 6 rue Wauthier : le b\u00e2timent de l&rsquo;\u00e9cole des Trompettes du roi. Cette imposante demeure <strong>achev\u00e9e en 1610, une des plus anciennes de la ville<\/strong>, rest\u00e9e en l&rsquo;\u00e9tat, frappe par la belle ordonnance de sa fa\u00e7ade et son vaste porche encadr\u00e9 par deux colonnes ioniques surmont\u00e9es d&rsquo;un fronton triangulaire. La loi du 14 frimaire an VIII, qui cr\u00e9a l&rsquo;imp\u00f4t sur les portes et fen\u00eatres, entra\u00eena l&rsquo;occusion de 9 des 26 fen\u00eatres de ce b\u00e2timent. Il abritait l&rsquo;\u00e9cole des Trompettes du roi probablement d\u00e9j\u00e0 sous Louis XIII et certainement sous Louis XIV. C&rsquo;est dans cette demeure que v\u00e9cut Fran\u00e7ois Bonvin, peintre fran\u00e7ais saint-simonien, qui y d\u00e9c\u00e9da en 1887.<\/p>\n\n\n\n<p><\/p>\n\n\n\n<hr class=\"wp-block-separator has-alpha-channel-opacity\"\/>\n\n\n\n<h5 class=\"wp-block-heading\">commentaires :<a href=\"http:\/\/saint-germain.us\/index.php\/page-d-exemple\/\"> ICI<\/a><\/h5>\n\n\n\n<hr class=\"wp-block-separator has-alpha-channel-opacity\"\/>\n","protected":false},"excerpt":{"rendered":"<p>Demeures anciennes La page pr\u00e9sente : Un dessin de la porte d&rsquo;entr\u00e9e de la maison o\u00f9 Voltaire s\u00e9journa, Un chien assis avec une poulie, rue de la R\u00e9publique, Une repr\u00e9sentation de la bataille d&rsquo;Issos, rue des Arcades. La bataille d\u2019Issos (333 av. J.-C.) est l\u2019une des trois batailles majeures livr\u00e9es par Alexandre le Grand pour [&hellip;]<\/p>\n","protected":false},"author":1,"featured_media":0,"parent":0,"menu_order":0,"comment_status":"closed","ping_status":"closed","template":"","meta":{"footnotes":""},"class_list":["post-128","page","type-page","status-publish","hentry"],"_links":{"self":[{"href":"https:\/\/saint-germain.us\/index.php\/wp-json\/wp\/v2\/pages\/128","targetHints":{"allow":["GET"]}}],"collection":[{"href":"https:\/\/saint-germain.us\/index.php\/wp-json\/wp\/v2\/pages"}],"about":[{"href":"https:\/\/saint-germain.us\/index.php\/wp-json\/wp\/v2\/types\/page"}],"author":[{"embeddable":true,"href":"https:\/\/saint-germain.us\/index.php\/wp-json\/wp\/v2\/users\/1"}],"replies":[{"embeddable":true,"href":"https:\/\/saint-germain.us\/index.php\/wp-json\/wp\/v2\/comments?post=128"}],"version-history":[{"count":33,"href":"https:\/\/saint-germain.us\/index.php\/wp-json\/wp\/v2\/pages\/128\/revisions"}],"predecessor-version":[{"id":2671,"href":"https:\/\/saint-germain.us\/index.php\/wp-json\/wp\/v2\/pages\/128\/revisions\/2671"}],"wp:attachment":[{"href":"https:\/\/saint-germain.us\/index.php\/wp-json\/wp\/v2\/media?parent=128"}],"curies":[{"name":"wp","href":"https:\/\/api.w.org\/{rel}","templated":true}]}}