{"id":130,"date":"2023-04-29T09:16:33","date_gmt":"2023-04-29T07:16:33","guid":{"rendered":"http:\/\/saint-germain.us\/?page_id=130"},"modified":"2023-10-15T11:49:43","modified_gmt":"2023-10-15T09:49:43","slug":"p53","status":"publish","type":"page","link":"https:\/\/saint-germain.us\/index.php\/p53\/","title":{"rendered":"P53"},"content":{"rendered":"\n<h2 class=\"wp-block-heading\">Claude Debussy<\/h2>\n\n\n\n<hr class=\"wp-block-separator has-alpha-channel-opacity\"\/>\n\n\n<p><span style=\"color: #333399;\">La page pr\u00e9sente :<\/span><\/p>\n<ul>\n<li><span style=\"color: #000080;\">L&rsquo;escalier d&rsquo;acc\u00e8s au premier \u00e9tage,<\/span><\/li>\n<li><span style=\"color: #000080;\">Une vue de l&rsquo;int\u00e9rieur du mus\u00e9e.<\/span><\/li>\n<\/ul>\n<p><span style=\"color: #333399;\">Carte du livre : D<\/span><\/p>\n<p><span style=\"color: #333399;\">Adresse : 38 rue au pain<\/span><\/p>\n<p><em><span style=\"color: #333399;\">Vous pouvez ajouter des commentaires en bas de page.<\/span><\/em><\/p>\n\n\n<hr class=\"wp-block-separator has-alpha-channel-opacity\"\/>\n\n\n<p>\u00c9coutez &#8230;<\/p>\n<p><a href=\"https:\/\/www.youtube.com\/watch?v=CvFH_6DNRCY\">Le clair de lune<\/a><\/p>\n\n\n<hr class=\"wp-block-separator has-alpha-channel-opacity\"\/>\n\n\n\n<div style=\"height:18px\" aria-hidden=\"true\" class=\"wp-block-spacer\"><\/div>\n\n\n\n<figure class=\"wp-block-image size-large\"><img loading=\"lazy\" decoding=\"async\" width=\"1024\" height=\"486\" src=\"http:\/\/saint-germain.us\/wp-content\/uploads\/2023\/10\/cdb-1024x486.jpg\" alt=\"\" class=\"wp-image-3489\" srcset=\"https:\/\/saint-germain.us\/wp-content\/uploads\/2023\/10\/cdb-1024x486.jpg 1024w, https:\/\/saint-germain.us\/wp-content\/uploads\/2023\/10\/cdb-300x142.jpg 300w, https:\/\/saint-germain.us\/wp-content\/uploads\/2023\/10\/cdb-768x364.jpg 768w, https:\/\/saint-germain.us\/wp-content\/uploads\/2023\/10\/cdb-1536x728.jpg 1536w, https:\/\/saint-germain.us\/wp-content\/uploads\/2023\/10\/cdb-2048x971.jpg 2048w\" sizes=\"auto, (max-width: 1024px) 100vw, 1024px\" \/><figcaption class=\"wp-element-caption\">@Philippe GOUT\n<\/figcaption><\/figure>\n\n\n\n<hr class=\"wp-block-separator has-alpha-channel-opacity\"\/>\n\n\n\n<div style=\"height:14px\" aria-hidden=\"true\" class=\"wp-block-spacer\"><\/div>\n\n\n\n<figure class=\"wp-block-image size-large\"><img loading=\"lazy\" decoding=\"async\" width=\"687\" height=\"1024\" src=\"http:\/\/saint-germain.us\/wp-content\/uploads\/2023\/07\/Debussdy-escalier-5-687x1024.jpg\" alt=\"\" class=\"wp-image-1324\" srcset=\"https:\/\/saint-germain.us\/wp-content\/uploads\/2023\/07\/Debussdy-escalier-5-687x1024.jpg 687w, https:\/\/saint-germain.us\/wp-content\/uploads\/2023\/07\/Debussdy-escalier-5-201x300.jpg 201w, https:\/\/saint-germain.us\/wp-content\/uploads\/2023\/07\/Debussdy-escalier-5-768x1145.jpg 768w, https:\/\/saint-germain.us\/wp-content\/uploads\/2023\/07\/Debussdy-escalier-5-1031x1536.jpg 1031w, https:\/\/saint-germain.us\/wp-content\/uploads\/2023\/07\/Debussdy-escalier-5-scaled.jpg 1718w\" sizes=\"auto, (max-width: 687px) 100vw, 687px\" \/><figcaption class=\"wp-element-caption\">Escalier de la maison de Debussy (@Philippe GOUT)<\/figcaption><\/figure>\n\n\n\n<figure class=\"wp-block-image aligncenter size-full\"><img loading=\"lazy\" decoding=\"async\" width=\"286\" height=\"516\" src=\"http:\/\/saint-germain.us\/wp-content\/uploads\/2023\/07\/Debussy-Puits.jpg\" alt=\"\" class=\"wp-image-1257\" srcset=\"https:\/\/saint-germain.us\/wp-content\/uploads\/2023\/07\/Debussy-Puits.jpg 286w, https:\/\/saint-germain.us\/wp-content\/uploads\/2023\/07\/Debussy-Puits-166x300.jpg 166w\" sizes=\"auto, (max-width: 286px) 100vw, 286px\" \/><figcaption class=\"wp-element-caption\">Puits de la maison de Debussy (@Philippe GOUT)<\/figcaption><\/figure>\n\n\n\n<hr class=\"wp-block-separator has-alpha-channel-opacity\"\/>\n\n\n\n<div style=\"height:18px\" aria-hidden=\"true\" class=\"wp-block-spacer\"><\/div>\n\n\n\n<figure class=\"wp-block-table\"><table><tbody><tr><td>Sujet <\/td><td>Mus\u00e9e Claude Debussy<\/td><\/tr><tr><td>Lien<\/td><td><a href=\"https:\/\/www.seine-saintgermain.fr\/fr\/fiche\/797419\/un-musee-a-la-gloire-du-celebre-compositeur-claude-debussy\/\">Ici<\/a><\/td><\/tr><tr><td>Origine<\/td><td>Office de Tourisme Saint Germain Boucles de Seine<\/td><\/tr><tr><td><\/td><td><\/td><\/tr><tr><td>Date de r\u00e9vision<\/td><td>05\/08\/2023<\/td><\/tr><\/tbody><\/table><\/figure>\n\n\n\n<p>Un lieu unique, regroupant l&rsquo;ensemble des objets rattach\u00e9s au c\u00e9l\u00e8bre compositeur fran\u00e7ais dans la maison o\u00f9 il naquit : la maison natale de Claude Debussy, situ\u00e9e dans le quartier historique de la ville de Saint-Germain-en-Laye.<\/p>\n\n\n\n<p>C\u2019est dans cette maison du 17e si\u00e8cle, propri\u00e9t\u00e9 de la ville, que Claude Debussy est n\u00e9, le 22 ao\u00fbt 1862 et a pass\u00e9 sa petite enfance. Son p\u00e8re tenait en effet un commerce de fa\u00efence au rez-de-chauss\u00e9e. Elle est tr\u00e8s vite devenue \u00e0 sa mort en 1918 le principal lieu de rendez-vous pour tous ses admirateurs.<\/p>\n\n\n\n<p>Dissimul\u00e9e derri\u00e8re une porte, vous d\u00e9couvrirez une superbe petite cour int\u00e9rieure, ainsi qu&rsquo;un un somptueux escalier en bois, vous permettant d&rsquo;acc\u00e9der au mus\u00e9e.<\/p>\n\n\n\n<p>Le mus\u00e9e labellis\u00e9 \u00ab\u00a0Maison des illustres\u00a0\u00bb rassemble des objets et des photographies qui permettent de mieux comprendre le processus cr\u00e9atif du compositeur. Il aimait en effet s&rsquo;entourer d&rsquo;objets d&rsquo;origines et de courants artistiques divers qui ont fortement influenc\u00e9 sa musique. Ainsi un panneau en laque du Japon provenant de son h\u00f4tel particulier parisien \u2013 deux poissons nageant sous un saule \u2013 s\u2019est m\u00e9tamorphos\u00e9 musicalement en Poissons d\u2019or, une pi\u00e8ce pour piano (1907).&nbsp;<\/p>\n\n\n\n<p>Un petit mus\u00e9e mais un bel hommage \u00e0 l&rsquo;un des plus grands compositeurs fran\u00e7ais !<\/p>\n\n\n\n<hr class=\"wp-block-separator has-alpha-channel-opacity\"\/>\n\n\n\n<figure class=\"wp-block-image aligncenter size-full\"><img loading=\"lazy\" decoding=\"async\" width=\"424\" height=\"518\" src=\"http:\/\/saint-germain.us\/wp-content\/uploads\/2023\/09\/Debussy.png\" alt=\"\" class=\"wp-image-3192\" srcset=\"https:\/\/saint-germain.us\/wp-content\/uploads\/2023\/09\/Debussy.png 424w, https:\/\/saint-germain.us\/wp-content\/uploads\/2023\/09\/Debussy-246x300.png 246w\" sizes=\"auto, (max-width: 424px) 100vw, 424px\" \/><figcaption class=\"wp-element-caption\">Claude Debussy (@Atelier Nadar)<\/figcaption><\/figure>\n\n\n\n<div style=\"height:18px\" aria-hidden=\"true\" class=\"wp-block-spacer\"><\/div>\n\n\n\n<figure class=\"wp-block-table\"><table><tbody><tr><td>Sujet <\/td><td>La po\u00e9sie peinte en musique<\/td><\/tr><tr><td>Lien<\/td><td>Aucun<\/td><\/tr><tr><td>Origine<\/td><td>Saint-Germain magazine<\/td><\/tr><tr><td><\/td><td>N\u00b066 d&rsquo;octobre 2022 Yves de LHERNALT<\/td><\/tr><tr><td>Date de r\u00e9vision<\/td><td>05\/08\/2023<\/td><\/tr><\/tbody><\/table><\/figure>\n\n\n\n<p>N\u00e9 le 22 ao0t 1862 \u00e0 Saint-Germain-en-Laye, o\u00f9 se trouvent sa maison, le conservatoire, un coll\u00e8ge et une rue son nom, et mort le 25 mars 1918 \u00e0 Paris, Claude Debussy est connu pour son ceuvre oscillant entre impres-ionnisme et symbolisme.<\/p>\n\n\n\n<p>D\u00e8s l&rsquo;\u00e2ge de neuf ans, il montra des dons de pianiste. Il entra en 1873 au Conservatoire de Rome avec sa cantate <em>L&rsquo;Enfant prodigue<\/em>. Alors qu&rsquo;il vivait avec ses parents dans la pauvret\u00e9, la millionnaire russe Nadezhda Filaretovna von Meck l&rsquo;engagea pour jouer en duo avec elle et ses enfants. Il voyagea avec elle dans ses r\u00e9sidences somptueuses \u00e0 travers l&rsquo;Europe.<\/p>\n\n\n\n<p>\u00c0 Paris,il eut une aventure avec Marie-Blanche Vasnier rencontr\u00e9e lors d&rsquo;un cours de chant.Cela marqua son style pr\u00e9coce, caract\u00e9ris\u00e9 par une extr\u00eame sensibilit\u00e9 et bien illustr\u00e9 dans l&rsquo;une de ses compositions les plus connues, le <em>Clair de lune<\/em>.Ce titre fait r\u00e9f\u00e9rence \u00e0 une chanson folklorique qui \u00e9tait l&rsquo;accompagnement conventionnel des sc\u00e8nes du Pierrot amoureux dans la pantomime.Debussy s\u00e9journa trois ans \u00e0 la Villa M\u00e9dicis de Rome avant de retourner vers Ma- rie-Blanche Vasnier \u00e0 Paris puis de c\u00f4-toyer plusieurs autres femmes.<\/p>\n\n\n\n<p>&#8230;<\/p>\n\n\n\n<hr class=\"wp-block-separator has-alpha-channel-opacity\"\/>\n\n\n\n<h5 class=\"wp-block-heading\">commentaires :<a href=\"http:\/\/saint-germain.us\/index.php\/page-d-exemple\/\"> ICI<\/a><\/h5>\n\n\n\n<hr class=\"wp-block-separator has-alpha-channel-opacity\"\/>\n","protected":false},"excerpt":{"rendered":"<p>Claude Debussy La page pr\u00e9sente : L&rsquo;escalier d&rsquo;acc\u00e8s au premier \u00e9tage, Une vue de l&rsquo;int\u00e9rieur du mus\u00e9e. Carte du livre : D Adresse : 38 rue au pain Vous pouvez ajouter des commentaires en bas de page. \u00c9coutez &#8230; Le clair de lune Sujet Mus\u00e9e Claude Debussy Lien Ici Origine Office de Tourisme Saint Germain [&hellip;]<\/p>\n","protected":false},"author":1,"featured_media":0,"parent":0,"menu_order":0,"comment_status":"closed","ping_status":"closed","template":"","meta":{"footnotes":""},"class_list":["post-130","page","type-page","status-publish","hentry"],"_links":{"self":[{"href":"https:\/\/saint-germain.us\/index.php\/wp-json\/wp\/v2\/pages\/130","targetHints":{"allow":["GET"]}}],"collection":[{"href":"https:\/\/saint-germain.us\/index.php\/wp-json\/wp\/v2\/pages"}],"about":[{"href":"https:\/\/saint-germain.us\/index.php\/wp-json\/wp\/v2\/types\/page"}],"author":[{"embeddable":true,"href":"https:\/\/saint-germain.us\/index.php\/wp-json\/wp\/v2\/users\/1"}],"replies":[{"embeddable":true,"href":"https:\/\/saint-germain.us\/index.php\/wp-json\/wp\/v2\/comments?post=130"}],"version-history":[{"count":21,"href":"https:\/\/saint-germain.us\/index.php\/wp-json\/wp\/v2\/pages\/130\/revisions"}],"predecessor-version":[{"id":3490,"href":"https:\/\/saint-germain.us\/index.php\/wp-json\/wp\/v2\/pages\/130\/revisions\/3490"}],"wp:attachment":[{"href":"https:\/\/saint-germain.us\/index.php\/wp-json\/wp\/v2\/media?parent=130"}],"curies":[{"name":"wp","href":"https:\/\/api.w.org\/{rel}","templated":true}]}}