{"id":132,"date":"2023-04-29T09:16:48","date_gmt":"2023-04-29T07:16:48","guid":{"rendered":"http:\/\/saint-germain.us\/?page_id=132"},"modified":"2023-08-16T07:45:25","modified_gmt":"2023-08-16T05:45:25","slug":"p54","status":"publish","type":"page","link":"https:\/\/saint-germain.us\/index.php\/p54\/","title":{"rendered":"P54"},"content":{"rendered":"\n<h2 class=\"wp-block-heading\">Victor Hugo &amp; Henri Marret<\/h2>\n\n\n\n<hr class=\"wp-block-separator has-alpha-channel-opacity\"\/>\n\n\n\n<p><span style=\"color: #333399;\">La page pr\u00e9sente :<\/span><\/p>\n\n\n\n<ul class=\"wp-block-list\">\n<li><span style=\"color: #000080;\">Un tableau d&rsquo;Henri Marret, \u00ab\u00a0Dans les champs &#8211; Temps d&rsquo;orage\u00a0\u00bb, visible dans la mairie d\u00e9l\u00e9gu\u00e9e de Fourqueux (ainsi que les deux tableaux ci-dessous),<\/span><\/li>\n\n\n\n<li><span style=\"color: #000080;\">La maison dite de \u00ab\u00a0Victor Hugo\u00a0\u00bb; de mars \u00e0 septembre 1836, Victor Hugo et sa famille louent la maison, situ\u00e9e rue de Saint-Nom. La fille du po\u00e8te, L\u00e9opoldine, fait sa communion dans l\u2019\u00e9glise de Fourqueux le 8 septembre 1836. Pendant cette p\u00e9riode, plusieurs personnalit\u00e9s de l\u2019\u00e9poque (Alexandre Dumas, Auguste de Chatillon, Th\u00e9ophile Gautier\u2026)&nbsp; viennent \u00e0 Fourqueux rencontrer l\u2019\u00e9crivain. <\/span><\/li>\n<\/ul>\n\n\n\n<p><span style=\"color: #000080;\">La demeure est connue pour avoir h\u00e9berg\u00e9 la famille de Victor Hugo le temps d\u2019un \u00e9t\u00e9 en 1836. Construite au XVIIIe si\u00e8cle, elle est rachet\u00e9e au d\u00e9but du XIXe si\u00e8cle par la famille Marret. D\u00e8s 1918, le peintre Henri Marret y installe son atelier. Il para\u00eet que c\u2019est entre ses murs que Victor Hugo et Alexandre Dumas se sont r\u00e9concili\u00e9s, apr\u00e8s avoir \u00e9t\u00e9 brouill\u00e9s pendant plusieurs ann\u00e9es.<\/span><\/p>\n\n\n\n<p><span style=\"color: #333399;\">Carte du livre : E&nbsp;<\/span><\/p>\n\n\n\n<p><span style=\"color: #333399;\">Adresse : 39 rue de Saint-Nom<\/span><\/p>\n\n\n\n<p><em><span style=\"color: #333399;\">Vous pouvez ajouter des commentaires en bas de page.<\/span><\/em><\/p>\n\n\n\n<hr class=\"wp-block-separator has-alpha-channel-opacity\"\/>\n\n\n\n<div style=\"height:18px\" aria-hidden=\"true\" class=\"wp-block-spacer\"><\/div>\n\n\n\n<figure class=\"wp-block-image size-large\"><img loading=\"lazy\" decoding=\"async\" width=\"1024\" height=\"719\" src=\"http:\/\/saint-germain.us\/wp-content\/uploads\/2023\/07\/Atelier-Henri-Marret-Fourqueux-1024x719.jpg\" alt=\"\" class=\"wp-image-1240\" srcset=\"https:\/\/saint-germain.us\/wp-content\/uploads\/2023\/07\/Atelier-Henri-Marret-Fourqueux-1024x719.jpg 1024w, https:\/\/saint-germain.us\/wp-content\/uploads\/2023\/07\/Atelier-Henri-Marret-Fourqueux-300x211.jpg 300w, https:\/\/saint-germain.us\/wp-content\/uploads\/2023\/07\/Atelier-Henri-Marret-Fourqueux-768x539.jpg 768w, https:\/\/saint-germain.us\/wp-content\/uploads\/2023\/07\/Atelier-Henri-Marret-Fourqueux-1536x1079.jpg 1536w, https:\/\/saint-germain.us\/wp-content\/uploads\/2023\/07\/Atelier-Henri-Marret-Fourqueux-2048x1438.jpg 2048w\" sizes=\"auto, (max-width: 1024px) 100vw, 1024px\" \/><figcaption class=\"wp-element-caption\">Atelier d&rsquo;Henri Marret (@Philippe GOUT)<\/figcaption><\/figure>\n\n\n\n<hr class=\"wp-block-separator has-alpha-channel-opacity\"\/>\n\n\n\n<div style=\"height:19px\" aria-hidden=\"true\" class=\"wp-block-spacer\"><\/div>\n\n\n\n<figure class=\"wp-block-image aligncenter size-large\"><img loading=\"lazy\" decoding=\"async\" width=\"862\" height=\"1024\" src=\"http:\/\/saint-germain.us\/wp-content\/uploads\/2023\/07\/Dans-les-champs-Temps-dorage-Crayon-862x1024.jpg\" alt=\"\" class=\"wp-image-1807\" srcset=\"https:\/\/saint-germain.us\/wp-content\/uploads\/2023\/07\/Dans-les-champs-Temps-dorage-Crayon-862x1024.jpg 862w, https:\/\/saint-germain.us\/wp-content\/uploads\/2023\/07\/Dans-les-champs-Temps-dorage-Crayon-253x300.jpg 253w, https:\/\/saint-germain.us\/wp-content\/uploads\/2023\/07\/Dans-les-champs-Temps-dorage-Crayon-768x912.jpg 768w, https:\/\/saint-germain.us\/wp-content\/uploads\/2023\/07\/Dans-les-champs-Temps-dorage-Crayon-1293x1536.jpg 1293w, https:\/\/saint-germain.us\/wp-content\/uploads\/2023\/07\/Dans-les-champs-Temps-dorage-Crayon.jpg 1426w\" sizes=\"auto, (max-width: 862px) 100vw, 862px\" \/><figcaption class=\"wp-element-caption\">Dans les champs Temps d&rsquo;orage Crayon<\/figcaption><\/figure>\n\n\n\n<figure class=\"wp-block-image size-large\"><img loading=\"lazy\" decoding=\"async\" width=\"1024\" height=\"1004\" src=\"http:\/\/saint-germain.us\/wp-content\/uploads\/2023\/05\/Marret-3bq-1024x1004.jpg\" alt=\"\" class=\"wp-image-600\" srcset=\"https:\/\/saint-germain.us\/wp-content\/uploads\/2023\/05\/Marret-3bq-1024x1004.jpg 1024w, https:\/\/saint-germain.us\/wp-content\/uploads\/2023\/05\/Marret-3bq-300x294.jpg 300w, https:\/\/saint-germain.us\/wp-content\/uploads\/2023\/05\/Marret-3bq-768x753.jpg 768w, https:\/\/saint-germain.us\/wp-content\/uploads\/2023\/05\/Marret-3bq-1536x1506.jpg 1536w, https:\/\/saint-germain.us\/wp-content\/uploads\/2023\/05\/Marret-3bq-2048x2008.jpg 2048w\" sizes=\"auto, (max-width: 1024px) 100vw, 1024px\" \/><figcaption class=\"wp-element-caption\">La fontaine Saint-Michel<\/figcaption><\/figure>\n\n\n\n<p><em>La fontaine Saint Michel <\/em> aussi parfois appel\u00e9 <em>Femme dans un paysage de Fourqueux<\/em> &#8211; Henri MARRET.<\/p>\n\n\n\n<p>Le tableau d\u00e9sign\u00e9 &nbsp;\u00ab&nbsp;la fontaine Saint Michel&nbsp;\u00bb serait une \u0153uvre qu\u2019Henri Marret aurait r\u00e9alis\u00e9 dans son jardin&nbsp;; &nbsp;la margelle y \u00e9tait encore jusqu\u2019\u00e0 ce que la propri\u00e9t\u00e9 soit morcel\u00e9e et vendue en 1978&nbsp;; Yvonne Marret, derni\u00e8re habitante de la famille dans cette maison, oblig\u00e9e de quitter les lieux, avait fait construire une maison \u00ab\u00a0bon march\u00e9\u00a0\u00bb, situ\u00e9e au 60 rue de Neauphle, o\u00f9 elle avait emmen\u00e9 diff\u00e9rents souvenirs (et plus de 40 chats\u2026) , dont la margelle du puits. \u00c0 son d\u00e9c\u00e8s , la maison fut ras\u00e9e&nbsp;; le terrain fut vendu et une autre maison fut construite par la famille Lombry, puis revendue&nbsp;au d\u00e9c\u00e8s de M. Lombry ; elle est actuellement la propri\u00e9t\u00e9 de M. et Mme Berrard. La margelle h\u00e9las n\u2019est jamais revenue sur &nbsp;\u00ab&nbsp;son lieu de naissance&nbsp;\u00bb et se trouve encore dans le jardin de cette maison.<\/p>\n\n\n\n<hr class=\"wp-block-separator has-alpha-channel-opacity\"\/>\n\n\n\n<div style=\"height:18px\" aria-hidden=\"true\" class=\"wp-block-spacer\"><\/div>\n\n\n\n<figure class=\"wp-block-image size-large\"><img loading=\"lazy\" decoding=\"async\" width=\"1024\" height=\"784\" src=\"http:\/\/saint-germain.us\/wp-content\/uploads\/2023\/05\/Henri-Marret-2bq-1024x784.jpg\" alt=\"\" class=\"wp-image-599\" srcset=\"https:\/\/saint-germain.us\/wp-content\/uploads\/2023\/05\/Henri-Marret-2bq-1024x784.jpg 1024w, https:\/\/saint-germain.us\/wp-content\/uploads\/2023\/05\/Henri-Marret-2bq-300x230.jpg 300w, https:\/\/saint-germain.us\/wp-content\/uploads\/2023\/05\/Henri-Marret-2bq-768x588.jpg 768w, https:\/\/saint-germain.us\/wp-content\/uploads\/2023\/05\/Henri-Marret-2bq-1536x1176.jpg 1536w, https:\/\/saint-germain.us\/wp-content\/uploads\/2023\/05\/Henri-Marret-2bq-2048x1567.jpg 2048w\" sizes=\"auto, (max-width: 1024px) 100vw, 1024px\" \/><figcaption class=\"wp-element-caption\">Retour des champs<\/figcaption><\/figure>\n\n\n\n<figure class=\"wp-block-table\"><table><tbody><tr><td>Sujet <\/td><td>Bibliographie<\/td><\/tr><tr><td>Lien<\/td><td><a href=\"http:\/\/www.henrimarret-peintre.fr\/Marret-Biographie.htm\">Ici<\/a><\/td><\/tr><tr><td>Origine<\/td><td><\/td><\/tr><tr><td><\/td><td><\/td><\/tr><tr><td>Date de r\u00e9vision<\/td><td>21\/07\/2023<\/td><\/tr><\/tbody><\/table><\/figure>\n\n\n<p>\u00c0 noter qu&rsquo;Henri Marret s&rsquo;est fortement impliqu\u00e9 dans la vie de la commune de Fourqueux dont il deviendra conseiller municipal en 1927 avant d&rsquo;\u00eatre \u00e9lu maire en 1937. Il ne quittera cette fonction qu&rsquo;en 1944.<\/p>\n\n\n<p>\u00a0\u00bb <em>Mes premi\u00e8res fresques sont de 1913 \u00e0 Ar\u00e8s, expos\u00e9es \u00e0 l\u2019air marin; d\u2019autres sont \u00e0 Paris, en Bretagne, dans la Somme, dans le Nord, m\u00eame pr\u00e8s d\u2019une fosse de mine qui inlassablement jour et nuit laisse filtrer sa poussi\u00e8re de charbon. Je ne crois pas qu\u2019elles aient beaucoup chang\u00e9es. \u00c0 l\u2019int\u00e9rieur, je pr\u00e9f\u00e8re le mortier de chaux grasse: il a une qualit\u00e9 plus rare, c\u2019est celui des anciens, ils n\u2019en connaissaient du reste pas d\u2019autre. \u00c0 l\u2019ext\u00e9rieure dans nos climats, le mortier fait de chaux hydraulique et m\u00eame de ciment donne une garantie plus grande de solidit\u00e9 par sa prise plus&nbsp;rapide: il se pr\u00eate fort bien \u00e0 la peinture \u00e0 fresque. Le ciment ordinaire fait des tons plus forts, mais donne par son dessous gris une coloration un peu triste. Mais le ciment blanc, lui, procure \u00e0 la fresque la m\u00eame transparence que la chaux grasse, avec, peut \u00eatre un peu moins de moelleux, mais une solidit\u00e9 imm\u00e9diate<\/em>.\u00a0\u00bb<\/p>\n\n\n\n<hr class=\"wp-block-separator has-alpha-channel-opacity\"\/>\n\n\n\n<div style=\"height:18px\" aria-hidden=\"true\" class=\"wp-block-spacer\"><\/div>\n\n\n\n<figure class=\"wp-block-table\"><table><tbody><tr><td>Sujet <\/td><td>Les Marret<\/td><\/tr><tr><td>Lien<\/td><td><a href=\"https:\/\/lesmarret.marret.co\/index.php\/les-descendants-de-pierre-marret-lancetre-de-tourzel\/henri-marret\/\">Ici<\/a><\/td><\/tr><tr><td>Origine<\/td><td>Les Marret<\/td><\/tr><tr><td><\/td><td><\/td><\/tr><tr><td>Date de r\u00e9vision<\/td><td>21\/07\/2023<\/td><\/tr><\/tbody><\/table><\/figure>\n\n\n\n<p>Fils d\u2019Ernest Marret (1835-1911), bijoutier-joaillier, et de Cl\u00e9mence Broquet (1840-1904), Henri Marret na\u00eet \u00e0 Paris le 15 f\u00e9vrier 1878, seize ans apr\u00e8s Charles, son fr\u00e8re a\u00een\u00e9 et quatorze ans apr\u00e8s Paul, le cadet.<\/p>\n\n\n\n<p>Enfant tr\u00e8s sensible, il ne supporte pas l\u2019internat et passe sa jeunesse entre Saint-Germain-en-Laye et Fourqueux, pr\u00e8s de ses parents. Son p\u00e8re dessine lui-m\u00eame ses mod\u00e8les de bijoux et peint \u00e9galement des aquarelles, ce qui contribue \u00e0 donner tr\u00e8s t\u00f4t &nbsp;\u00e0 son fils Henri un go\u00fbt pour le dessin. Adolescent, il r\u00e9alise sa premi\u00e8re peinture murale \u2013 un paysage de montagne pyr\u00e9n\u00e9enne \u2013 dans la maison de Fourqueux.<\/p>\n\n\n\n<p>Apr\u00e8s avoir fait \u2013 et r\u00e9ussi \u2013 ses \u00e9tudes secondaires \u00e0 Versailles, il entre \u00e0 l\u2019\u00c9cole des Beaux-Arts o\u00f9 il suit les cours de Fernand Cormon, de Jacques Humbert, d\u2019Eug\u00e8ne Thirion, et un peu plus tard, de Paul Baudouin, ce dernier \u00e9tant chef d\u2019atelier de fresque&#8230;(<a href=\"http:\/\/www.henrimarret-peintre.fr\/Marret-Fresques.htm\">Les fresques et gravures d&rsquo;Henri Marret<\/a>)<\/p>\n\n\n\n<hr class=\"wp-block-separator has-alpha-channel-opacity\"\/>\n\n\n\n<div style=\"height:18px\" aria-hidden=\"true\" class=\"wp-block-spacer\"><\/div>\n\n\n\n<figure class=\"wp-block-table\"><table><tbody><tr><td>Sujet <\/td><td>Chemin de Croix de Fourqueux<\/td><\/tr><tr><td>Lien<\/td><td><a href=\"http:\/\/henrimarret-peintre.fr\/Marret-CDC-Fourqueux.htm\">Ici<\/a><\/td><\/tr><tr><td>Origine<\/td><td>Les Marret<\/td><\/tr><tr><td><\/td><td><\/td><\/tr><tr><td>Date de r\u00e9vision<\/td><td>21\/07\/2023<\/td><\/tr><\/tbody><\/table><\/figure>\n\n\n\n<p>B\u00e2tie \u00e0 la fin du XII<sup>\u00e8me<\/sup>&nbsp;si\u00e8cle la petite \u00e9glise Sainte-Croix de Fourqueux (Yvelines) a \u00e9t\u00e9 modifi\u00e9e entre la fin du XV<sup>\u00e8me<\/sup>&nbsp;et le d\u00e9but&nbsp; du XVI<sup>\u00e8me<\/sup>&nbsp;si\u00e8cle. L\u2019entr\u00e9e de l\u2019\u00e9glise a \u00e9t\u00e9 transf\u00e9r\u00e9e de la fa\u00e7ade orientale sur le cot\u00e9 sud de l\u2019\u00e9glise. Trois trav\u00e9es \u00e0 l\u2019ouest et la chapelle \u00e0 droite du ch\u0153ur sont construites.Le clocher de pierre \u00e9lev\u00e9 en 1840 par l\u2019abb\u00e9 Roussel a \u00e9t\u00e9 modifi\u00e9 en 1969, car l\u2019ancien clocher trop lourd mena\u00e7ait la stabilit\u00e9 de l\u2019\u00e9glise. (Plus d&rsquo;informations <a href=\"http:\/\/saint-germain.us\/index.php\/p63\">Ici<\/a>)<\/p>\n\n\n\n<div style=\"height:18px\" aria-hidden=\"true\" class=\"wp-block-spacer\"><\/div>\n\n\n\n<figure class=\"wp-block-image aligncenter size-full\"><img loading=\"lazy\" decoding=\"async\" width=\"353\" height=\"253\" src=\"http:\/\/saint-germain.us\/wp-content\/uploads\/2023\/07\/Eglise-Marret.jpg\" alt=\"\" class=\"wp-image-1187\" srcset=\"https:\/\/saint-germain.us\/wp-content\/uploads\/2023\/07\/Eglise-Marret.jpg 353w, https:\/\/saint-germain.us\/wp-content\/uploads\/2023\/07\/Eglise-Marret-300x215.jpg 300w\" sizes=\"auto, (max-width: 353px) 100vw, 353px\" \/><\/figure>\n\n\n\n<p>Le chemin de croix de l\u2019\u00e9glise Sainte Croix de Fourqueux a \u00e9t\u00e9 r\u00e9alis\u00e9 par Henri Marret en 1922. Il est compos\u00e9 de 14 fresques sur ciment ench\u00e2ss\u00e9es dans des cadres en bois. 12 fresques sont de taille 54,5 x 54,5 cm ( 61 x 61 cm encadr\u00e9e) , et de 2&nbsp; fresques de taille 56&nbsp; x 188 cm ( 62 x 194 cm encadr\u00e9e ).<\/p>\n\n\n\n<p>Marret s\u2019est probablement inspir\u00e9 de la statue du Christ en bois polychrome du XVem si\u00e8cle situ\u00e9 dans l\u2019\u00e9glise&nbsp; pour repr\u00e9senter J\u00e9sus dans ses Chemins de Croix. Les similitudes sont assez frappantes. Contrairement aux autres chemins de croix r\u00e9alis\u00e9s ult\u00e9rieurement par Henri Marret, aucune des stations ne porte de signature. Selon Maurice Denis, le Chemin de croix de Fresnoy-l\u00e8s-Roye (1926)&nbsp; sera la r\u00e9plique de celui de Fourqueux&nbsp;<\/p>\n\n\n\n<p>Fortement endommag\u00e9 par l\u2019humidit\u00e9 le chemin de croix de Fourqueux a \u00e9t\u00e9 restaur\u00e9 en 2008 par Madame PREVOST, restauratrice agr\u00e9\u00e9e au Minist\u00e8re de la Culture .<\/p>\n\n\n\n<div style=\"height:18px\" aria-hidden=\"true\" class=\"wp-block-spacer\"><\/div>\n\n\n\n<figure class=\"wp-block-image aligncenter size-full\"><img loading=\"lazy\" decoding=\"async\" width=\"484\" height=\"213\" src=\"http:\/\/saint-germain.us\/wp-content\/uploads\/2023\/07\/Marret-Fourqueux.jpg\" alt=\"\" class=\"wp-image-1189\" srcset=\"https:\/\/saint-germain.us\/wp-content\/uploads\/2023\/07\/Marret-Fourqueux.jpg 484w, https:\/\/saint-germain.us\/wp-content\/uploads\/2023\/07\/Marret-Fourqueux-300x132.jpg 300w\" sizes=\"auto, (max-width: 484px) 100vw, 484px\" \/><\/figure>\n\n\n\n<hr class=\"wp-block-separator has-alpha-channel-opacity\"\/>\n\n\n\n<div style=\"height:18px\" aria-hidden=\"true\" class=\"wp-block-spacer\"><\/div>\n\n\n\n<figure class=\"wp-block-table\"><table><tbody><tr><td>Sujet <\/td><td>Chemin de Croix de Irles<\/td><\/tr><tr><td>Lien<\/td><td><a href=\"http:\/\/www.henrimarret-peintre.fr\/Marret-CDC-Irles.htm\">Ici<\/a><\/td><\/tr><tr><td>Origine<\/td><td>Les Marret<\/td><\/tr><tr><td><\/td><td><\/td><\/tr><tr><td>Date de r\u00e9vision<\/td><td>21\/07\/2023<\/td><\/tr><\/tbody><\/table><\/figure>\n\n\n\n<p>Comme beaucoup d\u2019\u00e9glises du nord de la France, Saint-Martin \u00e0 Irles a \u00e9t\u00e9 pratiquement d\u00e9truite lors de la Grande Guerre. Elle a \u00e9t\u00e9 reconstruite entre 1931 et 1934.Les fresques du chemin de Croix de l\u2019\u00e9glise Saint-Martin \u00e0 Irles ( Somme) ont \u00e9t\u00e9 ex\u00e9cut\u00e9es par Henri Marret&nbsp; en 1931.Le chemin de croix&nbsp; est compos\u00e9 de huit fresques sur ciment.Les stations II et III, IV et V, X et XI, XII et XIII sont jumel\u00e9es deux \u00e0 deux dans une m\u00eame fresque.&nbsp;<\/p>\n\n\n\n<p>Ce chemin de croix a des&nbsp; formes&nbsp; plus \u00e9pur\u00e9es que les chemins de croix pr\u00e9c\u00e9dents.&nbsp;Ex\u00e9cut\u00e9 par Henri Marret cinq ans apr\u00e8s la mort de son fils Jean en 1926,&nbsp; il exprime l\u00e0 encore avec beaucoup de force le th\u00e8me de la souffrance. Malgr\u00e9 les d\u00e9t\u00e9riorations,&nbsp; les visages de J\u00e9sus en gros plan sont particuli\u00e8rement saisissants.<\/p>\n\n\n\n<p>Fortement endommag\u00e9 par l\u2019humidit\u00e9 le chemin de croix de Saint-Martin \u00e0 Irles n\u00e9cessiterait une restauration. Ce chemin de croix est le dernier des nombreux chemins de croix peints par Henri Marret.<\/p>\n\n\n\n<div style=\"height:18px\" aria-hidden=\"true\" class=\"wp-block-spacer\"><\/div>\n\n\n\n<figure class=\"wp-block-image aligncenter size-full\"><img loading=\"lazy\" decoding=\"async\" width=\"478\" height=\"215\" src=\"http:\/\/saint-germain.us\/wp-content\/uploads\/2023\/07\/Chemin-Croix-Marret.jpg\" alt=\"\" class=\"wp-image-1181\" srcset=\"https:\/\/saint-germain.us\/wp-content\/uploads\/2023\/07\/Chemin-Croix-Marret.jpg 478w, https:\/\/saint-germain.us\/wp-content\/uploads\/2023\/07\/Chemin-Croix-Marret-300x135.jpg 300w\" sizes=\"auto, (max-width: 478px) 100vw, 478px\" \/><\/figure>\n\n\n\n<hr class=\"wp-block-separator has-alpha-channel-opacity\"\/>\n\n\n\n<div style=\"height:18px\" aria-hidden=\"true\" class=\"wp-block-spacer\"><\/div>\n\n\n\n<figure class=\"wp-block-image aligncenter size-full\"><img loading=\"lazy\" decoding=\"async\" width=\"332\" height=\"521\" src=\"http:\/\/saint-germain.us\/wp-content\/uploads\/2023\/07\/Capture-decran-2023-07-21-a-10.05.50.png\" alt=\"\" class=\"wp-image-1146\" srcset=\"https:\/\/saint-germain.us\/wp-content\/uploads\/2023\/07\/Capture-decran-2023-07-21-a-10.05.50.png 332w, https:\/\/saint-germain.us\/wp-content\/uploads\/2023\/07\/Capture-decran-2023-07-21-a-10.05.50-191x300.png 191w\" sizes=\"auto, (max-width: 332px) 100vw, 332px\" \/><figcaption class=\"wp-element-caption\">Fernand Auguste Marie\n<\/figcaption><\/figure>\n\n\n\n<hr class=\"wp-block-separator has-alpha-channel-opacity\"\/>\n\n\n\n<div style=\"height:18px\" aria-hidden=\"true\" class=\"wp-block-spacer\"><\/div>\n\n\n\n<figure class=\"wp-block-table\"><table><tbody><tr><td>Sujet <\/td><td>La maison habit\u00e9e par Victor Hugo vue par Henri Marret<\/td><\/tr><tr><td>Lien<\/td><td><a href=\"https:\/\/www.parismuseescollections.paris.fr\/fr\/maison-de-victor-hugo\/oeuvres\/la-maison-habitee-par-victor-hugo-a-fouqueux-en-1836#infos-principales\">Ici<\/a><\/td><\/tr><tr><td>Origine<\/td><td>Paris Mus\u00e9es<\/td><\/tr><tr><td><\/td><td><\/td><\/tr><tr><td>Date de r\u00e9vision<\/td><td>21\/07\/2023<\/td><\/tr><\/tbody><\/table><\/figure>\n\n\n\n<figure class=\"wp-block-image size-large\"><img loading=\"lazy\" decoding=\"async\" width=\"1024\" height=\"768\" src=\"http:\/\/saint-germain.us\/wp-content\/uploads\/2023\/07\/Capture-decran-2023-07-21-a-10.15.14-1024x768.png\" alt=\"\" class=\"wp-image-1152\" srcset=\"https:\/\/saint-germain.us\/wp-content\/uploads\/2023\/07\/Capture-decran-2023-07-21-a-10.15.14-1024x768.png 1024w, https:\/\/saint-germain.us\/wp-content\/uploads\/2023\/07\/Capture-decran-2023-07-21-a-10.15.14-300x225.png 300w, https:\/\/saint-germain.us\/wp-content\/uploads\/2023\/07\/Capture-decran-2023-07-21-a-10.15.14-768x576.png 768w, https:\/\/saint-germain.us\/wp-content\/uploads\/2023\/07\/Capture-decran-2023-07-21-a-10.15.14.png 1198w\" sizes=\"auto, (max-width: 1024px) 100vw, 1024px\" \/><\/figure>\n\n\n\n<figure class=\"wp-block-image size-large\"><img loading=\"lazy\" decoding=\"async\" width=\"1024\" height=\"947\" src=\"http:\/\/saint-germain.us\/wp-content\/uploads\/2023\/05\/Appartement-VH-1024x947.jpg\" alt=\"\" class=\"wp-image-591\" srcset=\"https:\/\/saint-germain.us\/wp-content\/uploads\/2023\/05\/Appartement-VH-1024x947.jpg 1024w, https:\/\/saint-germain.us\/wp-content\/uploads\/2023\/05\/Appartement-VH-300x277.jpg 300w, https:\/\/saint-germain.us\/wp-content\/uploads\/2023\/05\/Appartement-VH-768x710.jpg 768w, https:\/\/saint-germain.us\/wp-content\/uploads\/2023\/05\/Appartement-VH-1536x1420.jpg 1536w, https:\/\/saint-germain.us\/wp-content\/uploads\/2023\/05\/Appartement-VH.jpg 2032w\" sizes=\"auto, (max-width: 1024px) 100vw, 1024px\" \/><\/figure>\n\n\n\n<div style=\"height:18px\" aria-hidden=\"true\" class=\"wp-block-spacer\"><\/div>\n\n\n\n<figure class=\"wp-block-table\"><table><tbody><tr><td>Sujet <\/td><td>Maison dite \u00ab\u00a0de Victor Hugo\u00a0\u00bb<\/td><\/tr><tr><td>Lien<\/td><td>Non<\/td><\/tr><tr><td>Origine<\/td><td>Promenade d\u00e9couverte du village de Fourqueux<\/td><\/tr><tr><td><\/td><td>Association Fourqueux patrimoine<\/td><\/tr><tr><td>Date de r\u00e9vision<\/td><td>15\/05\/2023<\/td><\/tr><\/tbody><\/table><\/figure>\n\n\n\n<p><em>Construite au XVIIIe si\u00e8cle, elle est acquise en 1807 par l&rsquo;a\u00efeul d&rsquo;Henri Marret qui y fera d&rsquo;importants travaux. Par la suite un fronton y sera adjoint sur la<\/em>&nbsp;<em>fa\u00e7ade arri\u00e8re. En 1836 cette maison abritait<\/em>&nbsp;<em>plusieurs locataires dont le notaire du lieu.<\/em><\/p>\n\n\n\n<p><em>Victor Hugo y am\u00e8nera sa famille d&rsquo;avril \u00e0 octobre 1836. C&rsquo;est ici qu&rsquo;Alexandre Dumas se<\/em>&nbsp;<em>r\u00e9conciliera avec Victor Hugo et que Madame<\/em>&nbsp;<em>Hugo se fera adresser les lettres de Sainte<\/em>&nbsp;<em>Beuve. Victor Hugo arrivait de Paris \u00e0 Fourqueux \u00e0 l&rsquo;improviste amenant pour diner et<\/em>&nbsp;<em>coucher, ses amis Auguste de Chatillon, Paul<\/em>&nbsp;<em>Foucher, Th\u00e9ophile Gautier&#8230;<\/em><\/p>\n\n\n\n<p><em>D\u00e9but 1900, le peintre Henri Marret am\u00e9nagera son atelier dans le pavillon octogonal du<\/em>&nbsp;<em>jardin. Victor Hugo aimait \u00e0 s&rsquo;asseoir sur un<\/em>&nbsp;<em>vieux banc de pierre \u00e0 l&rsquo;or\u00e9e d&rsquo;un bois, dans le<\/em>&nbsp;<em>parc. Ce banc existe toujours, il se trouve<\/em>&nbsp;<em>actuellement dans le golf de Fourqueux.<\/em><\/p>\n\n\n\n<p><em>Mme Hugo lui \u00e9crivit, en ao\u00fbt 1836, une tr\u00e8s<\/em>&nbsp;<em>belle lettre&#8230;<\/em>&nbsp;<em>tous ensemble, l&rsquo;autre soir, lorsque tu es venu de Paris, sous le vieux tilleul, \u00e9tait doux. Toi dans ma robe de chambre, moi en chemise, les enfants presque nus&#8230; Tu peux faire tout au monde, pourvu que tu sois heureux, je le serai&#8230;\u201d<\/em><\/p>\n\n\n\n<figure class=\"wp-block-image size-full is-resized\"><img loading=\"lazy\" decoding=\"async\" src=\"http:\/\/saint-germain.us\/wp-content\/uploads\/2023\/05\/Capture-decran-2023-05-17-a-15.09.01.png\" alt=\"\" class=\"wp-image-594\" style=\"width:110px;height:129px\" width=\"110\" height=\"129\" srcset=\"https:\/\/saint-germain.us\/wp-content\/uploads\/2023\/05\/Capture-decran-2023-05-17-a-15.09.01.png 438w, https:\/\/saint-germain.us\/wp-content\/uploads\/2023\/05\/Capture-decran-2023-05-17-a-15.09.01-255x300.png 255w\" sizes=\"auto, (max-width: 110px) 100vw, 110px\" \/><\/figure>\n\n\n\n<p>Juliette :<\/p>\n\n\n\n<p><em>\u00ab\u00a0Merci, mon bien aim\u00e9 Victor, de tout le bonheur que tu me<\/em>&nbsp;<em>donnes. Merci de ta croyance \u00e0 l&rsquo;avenir. Il y a d\u00e9j\u00e0, entre nos \u00e2mes, une alliance sainte qui ne peut pas \u00eatre rompue. Nos projets ne r\u00e9ussiraient pas encore qu&rsquo;il ne faudrait pas nous d\u00e9courager. Au<\/em>&nbsp;<em>revoir, mon cher ange, \u00e0 demain mon bien aim\u00e9 Victor. A demain le bonheur.<\/em>&nbsp;<em>Demain, nous sentirons nos deux \u00e2mes se toucher sur nos l\u00e8vres\u201d.<\/em><\/p>\n\n\n\n<figure class=\"wp-block-image size-full is-resized\"><img loading=\"lazy\" decoding=\"async\" src=\"http:\/\/saint-germain.us\/wp-content\/uploads\/2023\/05\/Capture-decran-2023-05-17-a-15.09.43.png\" alt=\"\" class=\"wp-image-595\" style=\"width:113px;height:109px\" width=\"113\" height=\"109\" srcset=\"https:\/\/saint-germain.us\/wp-content\/uploads\/2023\/05\/Capture-decran-2023-05-17-a-15.09.43.png 450w, https:\/\/saint-germain.us\/wp-content\/uploads\/2023\/05\/Capture-decran-2023-05-17-a-15.09.43-300x291.png 300w\" sizes=\"auto, (max-width: 113px) 100vw, 113px\" \/><\/figure>\n\n\n\n<p>Victor Hugo :<\/p>\n\n\n\n<p><em>Je vous aime, mon pauvre ange, vous le savez bien, et pourtant vous voulez que je vous l&rsquo;\u00e9crive. Vous avez raison. Il faut s&rsquo;aimer,<\/em>&nbsp;<em>et puis il faut se le dire, et puis il faut se l&rsquo;\u00e9crire, et puis il faut se<\/em>&nbsp;<em>baiser sur la bouche, sur les yeux, et ailleurs. Vous \u00eates ma Juliette bien-aim\u00e9e. Quand je suis triste, je pense \u00e0 vous comme l\u2019hiver on pense au soleil,<\/em>&nbsp;<em>et quand je suis gai, je pense \u00e0 vous, comme en plein soleil on pense \u00e0 l&rsquo;ombre.<\/em>&nbsp;<em>Vous voyez bien, Juliette, que je vous aime de toute mon \u00e2me. Vous avez l&rsquo;air<\/em>&nbsp;<em>jeune comme une enfant et l&rsquo;air sage comme une m\u00e8re, aussi je vous enveloppe de<\/em>&nbsp;<em>tous ces amours-l\u00e0 \u00e0 la fois. Baisez-moi, belle Juju<\/em>! \u00ab\u00a0<\/p>\n\n\n\n<hr class=\"wp-block-separator has-alpha-channel-opacity\"\/>\n\n\n\n<h5 class=\"wp-block-heading\">commentaires :<a href=\"http:\/\/saint-germain.us\/index.php\/page-d-exemple\/\"> ICI<\/a><\/h5>\n\n\n\n<hr class=\"wp-block-separator has-alpha-channel-opacity\"\/>\n\n\n\n<p><strong>Contact  avec l&rsquo;Association des amis de l&rsquo;oeuvre d&rsquo;Henri Marret : <a href=\"http:\/\/www.henrimarret-peintre.fr\/Marret-association-hm.htm\">Ici<\/a><\/strong><\/p>\n\n\n\n<p>Les documents de l&rsquo;association : <a href=\"http:\/\/www.henrimarret-peintre.fr\/Marret-Doc-Diapo-Asso.htm\">Ici<\/a><\/p>\n\n\n\n<hr class=\"wp-block-separator has-alpha-channel-opacity\"\/>\n","protected":false},"excerpt":{"rendered":"<p>Victor Hugo &amp; Henri Marret La page pr\u00e9sente : La demeure est connue pour avoir h\u00e9berg\u00e9 la famille de Victor Hugo le temps d\u2019un \u00e9t\u00e9 en 1836. Construite au XVIIIe si\u00e8cle, elle est rachet\u00e9e au d\u00e9but du XIXe si\u00e8cle par la famille Marret. D\u00e8s 1918, le peintre Henri Marret y installe son atelier. Il para\u00eet [&hellip;]<\/p>\n","protected":false},"author":1,"featured_media":0,"parent":0,"menu_order":0,"comment_status":"closed","ping_status":"closed","template":"","meta":{"footnotes":""},"class_list":["post-132","page","type-page","status-publish","hentry"],"_links":{"self":[{"href":"https:\/\/saint-germain.us\/index.php\/wp-json\/wp\/v2\/pages\/132","targetHints":{"allow":["GET"]}}],"collection":[{"href":"https:\/\/saint-germain.us\/index.php\/wp-json\/wp\/v2\/pages"}],"about":[{"href":"https:\/\/saint-germain.us\/index.php\/wp-json\/wp\/v2\/types\/page"}],"author":[{"embeddable":true,"href":"https:\/\/saint-germain.us\/index.php\/wp-json\/wp\/v2\/users\/1"}],"replies":[{"embeddable":true,"href":"https:\/\/saint-germain.us\/index.php\/wp-json\/wp\/v2\/comments?post=132"}],"version-history":[{"count":48,"href":"https:\/\/saint-germain.us\/index.php\/wp-json\/wp\/v2\/pages\/132\/revisions"}],"predecessor-version":[{"id":2580,"href":"https:\/\/saint-germain.us\/index.php\/wp-json\/wp\/v2\/pages\/132\/revisions\/2580"}],"wp:attachment":[{"href":"https:\/\/saint-germain.us\/index.php\/wp-json\/wp\/v2\/media?parent=132"}],"curies":[{"name":"wp","href":"https:\/\/api.w.org\/{rel}","templated":true}]}}