{"id":134,"date":"2023-04-29T09:16:57","date_gmt":"2023-04-29T07:16:57","guid":{"rendered":"http:\/\/saint-germain.us\/?page_id=134"},"modified":"2023-09-14T18:57:07","modified_gmt":"2023-09-14T16:57:07","slug":"p55","status":"publish","type":"page","link":"https:\/\/saint-germain.us\/index.php\/p55\/","title":{"rendered":"P55"},"content":{"rendered":"\n<h2 class=\"wp-block-heading\">Les r\u00e9sidences de Fourqueux<\/h2>\n\n\n\n<hr class=\"wp-block-separator has-alpha-channel-opacity\"\/>\n\n\n<p><span style=\"color: #333399;\">La page pr\u00e9sente :<\/span><\/p>\n<ul>\n<li><span style=\"color: #000080;\">Le blason de Fourqueux.<\/span><\/li>\n<li><span style=\"color: #000080;\"><span style=\"color: #000080;\">La villa Collin, <span style=\"font-size: revert; font-family: var(--wp--preset--font-family--system-font); background-color: var(--wp--preset--color--background);\">villa pittoresque, <\/span><\/span><\/span><span style=\"color: #000080;\"><span style=\"font-weight: 400;\"><span style=\"color: #000080;\">c<\/span>aract\u00e9ris\u00e9e par sa tourelle et son jardin d&rsquo;hiver, \u00e9difi\u00e9e en 1892 par l&rsquo;architecte Vaudremer \u00e0<\/span> <span style=\"font-weight: 400;\">l&#8217;emplacement de l&rsquo;ancien ch\u00e2teau<\/span> <span style=\"font-weight: 400;\">de Fourqueux. Elle emprunte son<\/span> <span style=\"font-weight: 400;\">nom \u00e0 son premier propri\u00e9taire,<\/span> <span style=\"font-weight: 400;\">Armand Collin, c\u00e9l\u00e8bre orf\u00e8vre et <\/span><span style=\"font-weight: 400;\">horloger, fournisseur officiel de la<\/span> <span style=\"font-weight: 400;\">famille imp\u00e9riale et entrepreneur<\/span> <span style=\"font-weight: 400;\">favori de la ville de Paris. Depuis<\/span> <span style=\"font-weight: 400;\">1998, elle est inscrite \u00e0 l&rsquo;Inventaire<\/span> <span style=\"font-weight: 400;\">suppl\u00e9mentaire des Monuments<\/span> <span style=\"font-weight: 400;\">historiques en raison de sa qualit\u00e9<\/span> <span style=\"font-weight: 400;\">architecturale, de son mobilier et de<\/span> <span style=\"font-weight: 400;\">l&rsquo;excellente conservation de<\/span> <span style=\"font-weight: 400;\">l&rsquo;ensemble. Elle est un parfait<\/span> <span style=\"font-weight: 400;\">exemple de l&rsquo;architecture dite<\/span> <span style=\"font-weight: 400;\">r\u00e9gionaliste.<\/span><\/span><\/li>\n<li><span style=\"color: #000080;\">Une maison de Fourqueux.<\/span><\/li>\n<\/ul>\n<p><span style=\"color: #333399;\">Carte du livre : \u00a0C<\/span><\/p>\n<p><span style=\"color: #333399;\">Adresse : 1, place Victor Hugo<\/span><\/p>\n<p><em><span style=\"color: #333399;\">Vous pouvez ajouter des commentaires en bas de page.<\/span><\/em><\/p>\n\n\n<hr class=\"wp-block-separator has-alpha-channel-opacity\"\/>\n\n\n\n<div style=\"height:18px\" aria-hidden=\"true\" class=\"wp-block-spacer\"><\/div>\n\n\n\n<figure class=\"wp-block-image size-large\"><img loading=\"lazy\" decoding=\"async\" width=\"1024\" height=\"725\" src=\"http:\/\/saint-germain.us\/wp-content\/uploads\/2023\/07\/villa-collintif-nb-1024x725.jpg\" alt=\"\" class=\"wp-image-1818\" srcset=\"https:\/\/saint-germain.us\/wp-content\/uploads\/2023\/07\/villa-collintif-nb-1024x725.jpg 1024w, https:\/\/saint-germain.us\/wp-content\/uploads\/2023\/07\/villa-collintif-nb-300x213.jpg 300w, https:\/\/saint-germain.us\/wp-content\/uploads\/2023\/07\/villa-collintif-nb-768x544.jpg 768w, https:\/\/saint-germain.us\/wp-content\/uploads\/2023\/07\/villa-collintif-nb-1536x1088.jpg 1536w, https:\/\/saint-germain.us\/wp-content\/uploads\/2023\/07\/villa-collintif-nb-2048x1451.jpg 2048w\" sizes=\"auto, (max-width: 1024px) 100vw, 1024px\" \/><figcaption class=\"wp-element-caption\">Villa Collin (Am\u00e9lior\u00e9e@Philippe GOUT)<\/figcaption><\/figure>\n\n\n\n<figure class=\"wp-block-image aligncenter size-large\"><img loading=\"lazy\" decoding=\"async\" width=\"476\" height=\"1024\" src=\"http:\/\/saint-germain.us\/wp-content\/uploads\/2023\/07\/Patisserie-fourqueux-476x1024.jpg\" alt=\"\" class=\"wp-image-1287\" srcset=\"https:\/\/saint-germain.us\/wp-content\/uploads\/2023\/07\/Patisserie-fourqueux-476x1024.jpg 476w, https:\/\/saint-germain.us\/wp-content\/uploads\/2023\/07\/Patisserie-fourqueux-140x300.jpg 140w, https:\/\/saint-germain.us\/wp-content\/uploads\/2023\/07\/Patisserie-fourqueux-768x1651.jpg 768w, https:\/\/saint-germain.us\/wp-content\/uploads\/2023\/07\/Patisserie-fourqueux-714x1536.jpg 714w, https:\/\/saint-germain.us\/wp-content\/uploads\/2023\/07\/Patisserie-fourqueux-952x2048.jpg 952w, https:\/\/saint-germain.us\/wp-content\/uploads\/2023\/07\/Patisserie-fourqueux-scaled.jpg 1190w\" sizes=\"auto, (max-width: 476px) 100vw, 476px\" \/><figcaption class=\"wp-element-caption\">Patisserie &#8211; Fourqueux &#8211; (@Philippe GOUT)<\/figcaption><\/figure>\n\n\n\n<figure class=\"wp-block-image aligncenter size-large\"><img loading=\"lazy\" decoding=\"async\" width=\"626\" height=\"1024\" src=\"http:\/\/saint-germain.us\/wp-content\/uploads\/2023\/07\/PTT-fourqueux-626x1024.jpg\" alt=\"\" class=\"wp-image-1289\" srcset=\"https:\/\/saint-germain.us\/wp-content\/uploads\/2023\/07\/PTT-fourqueux-626x1024.jpg 626w, https:\/\/saint-germain.us\/wp-content\/uploads\/2023\/07\/PTT-fourqueux-183x300.jpg 183w, https:\/\/saint-germain.us\/wp-content\/uploads\/2023\/07\/PTT-fourqueux-768x1256.jpg 768w, https:\/\/saint-germain.us\/wp-content\/uploads\/2023\/07\/PTT-fourqueux-940x1536.jpg 940w, https:\/\/saint-germain.us\/wp-content\/uploads\/2023\/07\/PTT-fourqueux-1253x2048.jpg 1253w, https:\/\/saint-germain.us\/wp-content\/uploads\/2023\/07\/PTT-fourqueux-scaled.jpg 1566w\" sizes=\"auto, (max-width: 626px) 100vw, 626px\" \/><figcaption class=\"wp-element-caption\">Ancienne poste de Fourqueux (@Philippe GOUT)<\/figcaption><\/figure>\n\n\n\n<figure class=\"wp-block-image aligncenter size-large\"><img loading=\"lazy\" decoding=\"async\" width=\"768\" height=\"1024\" src=\"http:\/\/saint-germain.us\/wp-content\/uploads\/2023\/07\/Fete-biere-personnage-768x1024.jpg\" alt=\"\" class=\"wp-image-1264\" srcset=\"https:\/\/saint-germain.us\/wp-content\/uploads\/2023\/07\/Fete-biere-personnage-768x1024.jpg 768w, https:\/\/saint-germain.us\/wp-content\/uploads\/2023\/07\/Fete-biere-personnage-225x300.jpg 225w, https:\/\/saint-germain.us\/wp-content\/uploads\/2023\/07\/Fete-biere-personnage-1152x1536.jpg 1152w, https:\/\/saint-germain.us\/wp-content\/uploads\/2023\/07\/Fete-biere-personnage-1536x2048.jpg 1536w, https:\/\/saint-germain.us\/wp-content\/uploads\/2023\/07\/Fete-biere-personnage-scaled.jpg 1920w\" sizes=\"auto, (max-width: 768px) 100vw, 768px\" \/><figcaption class=\"wp-element-caption\">F\u00eate de la bi\u00e8re \u00e0 Fourqueux <\/figcaption><\/figure>\n\n\n\n<hr class=\"wp-block-separator has-alpha-channel-opacity\"\/>\n\n\n\n<p><\/p>\n\n\n\n<figure class=\"wp-block-table\"><table><tbody><tr><td>Sujet <\/td><td>Villa Collin<\/td><\/tr><tr><td>Lien<\/td><td><a href=\"https:\/\/www.pop.culture.gouv.fr\/notice\/merimee\/PA78000001\">Ici<\/a><\/td><\/tr><tr><td>Origine<\/td><td>Minist\u00e8re de la culture<\/td><\/tr><tr><td><\/td><td><\/td><\/tr><tr><td>Date de r\u00e9vision<\/td><td>12\/09\/2023<\/td><\/tr><\/tbody><\/table><\/figure>\n\n\n\n<p>Villa command\u00e9e par l&rsquo;horloger Armand Collin (c\u00e9l\u00e8bre constructeur d&rsquo;horloges et de carillons pour la ville de Paris : Grand Palais, Louvre, Saint-Germain-l&rsquo;Auxerrois, &#8230;) \u00e0 l&rsquo;architecte Emile Vaudremer. Maison construite entre 1891 (premiers dessins dat\u00e9s de mars 1891) et 1898, dans la mouvance r\u00e9gionaliste de la fin du 19e si\u00e8cle. L&rsquo;int\u00e9rieur a conserv\u00e9 en grande partie sa d\u00e9coration d&rsquo;origine : boiseries, peintures, chemin\u00e9es, luminaires, &#8230; Les caves renferment un curieux \u00e9dicule abritant une source, en pierre de taille et de forme quadrilob\u00e9e.<\/p>\n\n\n\n<hr class=\"wp-block-separator has-alpha-channel-opacity\"\/>\n\n\n\n<div style=\"height:18px\" aria-hidden=\"true\" class=\"wp-block-spacer\"><\/div>\n\n\n\n<figure class=\"wp-block-table\"><table><tbody><tr><td>Sujet <\/td><td>Fourqueux<\/td><\/tr><tr><td>Lien<\/td><td><a href=\"https:\/\/fr.wikipedia.org\/wiki\/Fourqueux\">Ici<\/a><\/td><\/tr><tr><td>Origine<\/td><td>Wikip\u00e9dia<\/td><\/tr><tr><td><\/td><td><\/td><\/tr><tr><td>Date de r\u00e9vision<\/td><td>21\/07\/2023<\/td><\/tr><\/tbody><\/table><\/figure>\n\n\n\n<p>La forme actuelle <em>Fourqueux<\/em> repr\u00e9sente une alt\u00e9ration pr\u00e9coce de l\u2019ancien fran\u00e7ais <em>folqueus<\/em>, <em>foulqueus<\/em>, terme issu du latin&nbsp;<em>filicosus<\/em>. Le latin disait <em>filix, filicis<\/em> pour foug\u00e8re. <\/p>\n\n\n\n<hr class=\"wp-block-separator has-alpha-channel-opacity\"\/>\n\n\n\n<div style=\"height:18px\" aria-hidden=\"true\" class=\"wp-block-spacer\"><\/div>\n\n\n\n<figure class=\"wp-block-table\"><table><tbody><tr><td>Sujet <\/td><td>Villa Collin<\/td><\/tr><tr><td>Lien<\/td><td><a href=\"https:\/\/www.seine-saintgermain.fr\/fr\/fiche\/4874180\/une-villa-a-larchitecture-remarquable-la-villa-collin-de-fourqueux\/\">Ici<\/a><\/td><\/tr><tr><td>Origine<\/td><td>Office de Tourisme Saint Germain Boucles de Seine<\/td><\/tr><tr><td><\/td><td><\/td><\/tr><tr><td>Date de r\u00e9vision<\/td><td>21\/07\/2023<\/td><\/tr><\/tbody><\/table><\/figure>\n\n\n\n<p id=\"description\"><strong>Orn\u00e9e d&rsquo;une tourelle, d&rsquo;un jardin d&rsquo;hiver et par\u00e9e de colombages bleut\u00e9s, cette villa pittoresque a \u00e9t\u00e9 \u00e9difi\u00e9e en 1892 par l&rsquo;architecte Vaudremer \u00e0 la place du ch\u00e2teau de Fourqueux.<\/strong><\/p>\n\n\n\n<p>Son premier propri\u00e9taire Armand Collin c\u00e9l\u00e8bre orf\u00e8vre et horloger, fournisseur officiel de la famille imp\u00e9riale lui l\u00e8gue son nom. Elle est inscrite \u00e0 l\u2019Inventaire suppl\u00e9mentaire des Monuments Historiques en raison de sa qualit\u00e9 architecturale de style \u00ab\u00a0renaissance normande\u00a0\u00bb, de son mobilier et de l\u2019excellente conservation de l\u2019ensemble, depuis 1998. Deux fresques peintes par Henri Marret d\u00e9corent le hall de la villa.<\/p>\n\n\n\n<figure class=\"wp-block-image aligncenter size-full\"><img loading=\"lazy\" decoding=\"async\" width=\"509\" height=\"763\" src=\"http:\/\/saint-germain.us\/wp-content\/uploads\/2023\/07\/Collin.jpg\" alt=\"\" class=\"wp-image-1165\" srcset=\"https:\/\/saint-germain.us\/wp-content\/uploads\/2023\/07\/Collin.jpg 509w, https:\/\/saint-germain.us\/wp-content\/uploads\/2023\/07\/Collin-200x300.jpg 200w\" sizes=\"auto, (max-width: 509px) 100vw, 509px\" \/><\/figure>\n\n\n\n<hr class=\"wp-block-separator has-alpha-channel-opacity\"\/>\n\n\n\n<h5 class=\"wp-block-heading\">commentaires :<a href=\"http:\/\/saint-germain.us\/index.php\/page-d-exemple\/\"> ICI<\/a><\/h5>\n\n\n\n<hr class=\"wp-block-separator has-alpha-channel-opacity\"\/>\n","protected":false},"excerpt":{"rendered":"<p>Les r\u00e9sidences de Fourqueux La page pr\u00e9sente : Le blason de Fourqueux. La villa Collin, villa pittoresque, caract\u00e9ris\u00e9e par sa tourelle et son jardin d&rsquo;hiver, \u00e9difi\u00e9e en 1892 par l&rsquo;architecte Vaudremer \u00e0 l&#8217;emplacement de l&rsquo;ancien ch\u00e2teau de Fourqueux. Elle emprunte son nom \u00e0 son premier propri\u00e9taire, Armand Collin, c\u00e9l\u00e8bre orf\u00e8vre et horloger, fournisseur officiel de [&hellip;]<\/p>\n","protected":false},"author":1,"featured_media":0,"parent":0,"menu_order":0,"comment_status":"closed","ping_status":"closed","template":"","meta":{"footnotes":""},"class_list":["post-134","page","type-page","status-publish","hentry"],"_links":{"self":[{"href":"https:\/\/saint-germain.us\/index.php\/wp-json\/wp\/v2\/pages\/134","targetHints":{"allow":["GET"]}}],"collection":[{"href":"https:\/\/saint-germain.us\/index.php\/wp-json\/wp\/v2\/pages"}],"about":[{"href":"https:\/\/saint-germain.us\/index.php\/wp-json\/wp\/v2\/types\/page"}],"author":[{"embeddable":true,"href":"https:\/\/saint-germain.us\/index.php\/wp-json\/wp\/v2\/users\/1"}],"replies":[{"embeddable":true,"href":"https:\/\/saint-germain.us\/index.php\/wp-json\/wp\/v2\/comments?post=134"}],"version-history":[{"count":26,"href":"https:\/\/saint-germain.us\/index.php\/wp-json\/wp\/v2\/pages\/134\/revisions"}],"predecessor-version":[{"id":3056,"href":"https:\/\/saint-germain.us\/index.php\/wp-json\/wp\/v2\/pages\/134\/revisions\/3056"}],"wp:attachment":[{"href":"https:\/\/saint-germain.us\/index.php\/wp-json\/wp\/v2\/media?parent=134"}],"curies":[{"name":"wp","href":"https:\/\/api.w.org\/{rel}","templated":true}]}}