{"id":136,"date":"2023-04-29T09:17:08","date_gmt":"2023-04-29T07:17:08","guid":{"rendered":"http:\/\/saint-germain.us\/?page_id=136"},"modified":"2023-09-05T10:11:07","modified_gmt":"2023-09-05T08:11:07","slug":"p56","status":"publish","type":"page","link":"https:\/\/saint-germain.us\/index.php\/p56\/","title":{"rendered":"P56"},"content":{"rendered":"\n<h2 class=\"wp-block-heading\">Sites militaires <\/h2>\n\n\n\n<hr class=\"wp-block-separator has-alpha-channel-opacity\"\/>\n\n\n<p><span style=\"color: #333399;\">La page pr\u00e9sente :<\/span><\/p>\n<ul>\n<li><span style=\"color: #000080;\">Un dessin de la garnison du quartier Gramont,<\/span><\/li>\n<li><span style=\"color: #000080;\">La sortie du centre d&rsquo;instruction de la Garde r\u00e9publicaine,<\/span><\/li>\n<li><span style=\"color: #000080;\">Le mess des officiers de la garde imp\u00e9riale de Napol\u00e9on III.<\/span><\/li>\n<\/ul>\n<p><span style=\"color: #333399;\">Carte du livre : B<\/span><\/p>\n<p><span style=\"color: #333399;\">Adresse : Centre d&rsquo;instruction &#8211; 115 rue du Mar\u00e9chal Foch<\/span><\/p>\n<p><em><span style=\"color: #333399;\">Vous pouvez ajouter des commentaires en bas de page.<\/span><\/em><\/p>\n\n\n<hr class=\"wp-block-separator has-alpha-channel-opacity\"\/>\n\n\n\n<div style=\"height:18px\" aria-hidden=\"true\" class=\"wp-block-spacer\"><\/div>\n\n\n\n<figure class=\"wp-block-image size-full\"><img loading=\"lazy\" decoding=\"async\" width=\"844\" height=\"894\" src=\"http:\/\/saint-germain.us\/wp-content\/uploads\/2023\/07\/Capture-decran-2023-07-23-a-09.35.31.png\" alt=\"\" class=\"wp-image-1329\" srcset=\"https:\/\/saint-germain.us\/wp-content\/uploads\/2023\/07\/Capture-decran-2023-07-23-a-09.35.31.png 844w, https:\/\/saint-germain.us\/wp-content\/uploads\/2023\/07\/Capture-decran-2023-07-23-a-09.35.31-283x300.png 283w, https:\/\/saint-germain.us\/wp-content\/uploads\/2023\/07\/Capture-decran-2023-07-23-a-09.35.31-768x813.png 768w\" sizes=\"auto, (max-width: 844px) 100vw, 844px\" \/><figcaption class=\"wp-element-caption\">Garde r\u00e9publicaine (@ADC)<\/figcaption><\/figure>\n\n\n\n<figure class=\"wp-block-image size-large\"><img loading=\"lazy\" decoding=\"async\" width=\"1024\" height=\"686\" src=\"http:\/\/saint-germain.us\/wp-content\/uploads\/2023\/07\/Capture-decran-2023-07-23-a-09.30.39-1024x686.png\" alt=\"\" class=\"wp-image-1328\" srcset=\"https:\/\/saint-germain.us\/wp-content\/uploads\/2023\/07\/Capture-decran-2023-07-23-a-09.30.39-1024x686.png 1024w, https:\/\/saint-germain.us\/wp-content\/uploads\/2023\/07\/Capture-decran-2023-07-23-a-09.30.39-300x201.png 300w, https:\/\/saint-germain.us\/wp-content\/uploads\/2023\/07\/Capture-decran-2023-07-23-a-09.30.39-768x514.png 768w, https:\/\/saint-germain.us\/wp-content\/uploads\/2023\/07\/Capture-decran-2023-07-23-a-09.30.39.png 1342w\" sizes=\"auto, (max-width: 1024px) 100vw, 1024px\" \/><figcaption class=\"wp-element-caption\">Garde r\u00e9publicaine (@ADC)<\/figcaption><\/figure>\n\n\n\n<figure class=\"wp-block-image aligncenter size-full\"><img loading=\"lazy\" decoding=\"async\" width=\"543\" height=\"718\" src=\"http:\/\/saint-germain.us\/wp-content\/uploads\/2023\/08\/Garde-nat.jpg\" alt=\"\" class=\"wp-image-1910\" srcset=\"https:\/\/saint-germain.us\/wp-content\/uploads\/2023\/08\/Garde-nat.jpg 543w, https:\/\/saint-germain.us\/wp-content\/uploads\/2023\/08\/Garde-nat-227x300.jpg 227w\" sizes=\"auto, (max-width: 543px) 100vw, 543px\" \/><figcaption class=\"wp-element-caption\">La garde r\u00e9publicaine (Am\u00e9lior\u00e9e @Philippe GOUT)<\/figcaption><\/figure>\n\n\n\n<hr class=\"wp-block-separator has-alpha-channel-opacity\"\/>\n\n\n\n<div style=\"height:19px\" aria-hidden=\"true\" class=\"wp-block-spacer\"><\/div>\n\n\n\n<figure class=\"wp-block-table\"><table><tbody><tr><td>Sujet <\/td><td>Le centre d&rsquo;instruction<\/td><\/tr><tr><td>Lien<\/td><td><a href=\"https:\/\/www.gendarmerie.interieur.gouv.fr\/garde-republicaine\/unites\/le-regiment-de-cavalerie\/le-centre-d-instruction\">Ici<\/a><\/td><\/tr><tr><td>Origine<\/td><td>Gendarmerie nationale<\/td><\/tr><tr><td><\/td><td><\/td><\/tr><tr><td>Date de r\u00e9vision<\/td><td>15\/08\/2023<\/td><\/tr><\/tbody><\/table><\/figure>\n\n\n\n<p><\/p>\n\n\n\n<h5 class=\"wp-block-heading\">Le centre d&rsquo;instruction<\/h5>\n\n\n\n<figure class=\"wp-block-image\"><img decoding=\"async\" src=\"https:\/\/www.gendarmerie.interieur.gouv.fr\/storage\/var\/gendarmerie_gr\/storage\/images\/_aliases\/full\/accueil\/unites\/le-regiment-de-cavalerie\/le-centre-d-instruction\/12805-10-fre-FR\/Le-centre-d-instruction.jpg\" alt=\"\"\/><\/figure>\n\n\n\n<p>Bas\u00e9 \u00e0 Saint-Germain-en-Laye (78), le centre d&rsquo;instruction du r\u00e9giment de cavalerie remplit deux missions essentielles : la formation des gardes nouvellement affect\u00e9s et le d\u00e9bourrage des jeunes chevaux.<\/p>\n\n\n\n<p>Les gardes affect\u00e9s au r\u00e9giment de cavalerie suivent une formation de quatre \u00e0 six mois au centre en fonction de leur qualification \u00e9questre. Ce stage permet de leur inculquer les principes de l&rsquo;\u00e9quitation militaire et de les instruire aux missions propres de la Garde : s\u00e9curit\u00e9 publique \u00e0 cheval, service d&rsquo;honneur \u00e0 pied et \u00e0 cheval, escortes.<\/p>\n\n\n\n<p>Le d\u00e9bourrage des poulains est la seconde mission du centre. Achet\u00e9s \u00e0 l&rsquo;\u00e2ge de trois ans, ils re\u00e7oivent une formation de base appel\u00e9e d\u00e9bourrage, au terme de laquelle ils sont progressivement pr\u00e9par\u00e9s au service \u00ab\u00a0en armes\u00a0\u00bb, c&rsquo;est \u00e0 dire avec le harnachement d&rsquo;armes et le sabre. Ils poursuivent ensuite leur dressage au sein des escadrons dans lesquels ils sont affect\u00e9s en fonction de leur robe pour effectuer, l&rsquo;ann\u00e9e suivante, leur premier service \u00e0 l&rsquo;occasion des c\u00e9r\u00e9monies comm\u00e9moratives du 8 mai.<\/p>\n\n\n\n<p>Le centre de Saint-Germain-en-Laye forme \u00e9galement l&rsquo;ensemble des gendarmes amen\u00e9s \u00e0 effectuer des missions de s\u00e9curit\u00e9 publique \u00e0 cheval, ainsi que des policiers municipaux. Des militaires \u00e9trangers (Qatar, Maroc, Alg\u00e9rie&#8230;) y sont \u00e9galement accueillis au titre de la coop\u00e9ration internationale.<\/p>\n\n\n\n<p><a href=\"mailto:?subject=Le%20centre%20d'instruction&amp;body=Bas%C3%A9%20%C3%A0%20Saint-Germain-en-Laye%20%2878%29%2C%20le%20centre%20d%27instruction%20du%20r%C3%A9giment%20de%20cavalerie%20remplit%20deux%20missions%20essentielles%20%3A%20la%20formation%20des%20gardes%20nouvellement%20affect%C3%A9s%20et%20le%20d%C3%A9bourrage%20des%20jeunes%20chevaux.%0D%0A%0D%0ARetrouvez%20la%20suite%20de%20cet%20article%20ici:\"><\/a><\/p>\n\n\n\n<hr class=\"wp-block-separator has-alpha-channel-opacity\"\/>\n\n\n\n<p>Suite &#8230; <a href=\"http:\/\/saint-germain.us\/index.php\/p57\/\">Ici<\/a><\/p>\n\n\n\n<hr class=\"wp-block-separator has-alpha-channel-opacity\"\/>\n\n\n\n<h5 class=\"wp-block-heading\">commentaires :<a href=\"http:\/\/saint-germain.us\/index.php\/page-d-exemple\/\"> ICI<\/a><\/h5>\n\n\n\n<hr class=\"wp-block-separator has-alpha-channel-opacity\"\/>\n","protected":false},"excerpt":{"rendered":"<p>Sites militaires La page pr\u00e9sente : Un dessin de la garnison du quartier Gramont, La sortie du centre d&rsquo;instruction de la Garde r\u00e9publicaine, Le mess des officiers de la garde imp\u00e9riale de Napol\u00e9on III. Carte du livre : B Adresse : Centre d&rsquo;instruction &#8211; 115 rue du Mar\u00e9chal Foch Vous pouvez ajouter des commentaires en [&hellip;]<\/p>\n","protected":false},"author":1,"featured_media":0,"parent":0,"menu_order":0,"comment_status":"closed","ping_status":"closed","template":"","meta":{"footnotes":""},"class_list":["post-136","page","type-page","status-publish","hentry"],"_links":{"self":[{"href":"https:\/\/saint-germain.us\/index.php\/wp-json\/wp\/v2\/pages\/136","targetHints":{"allow":["GET"]}}],"collection":[{"href":"https:\/\/saint-germain.us\/index.php\/wp-json\/wp\/v2\/pages"}],"about":[{"href":"https:\/\/saint-germain.us\/index.php\/wp-json\/wp\/v2\/types\/page"}],"author":[{"embeddable":true,"href":"https:\/\/saint-germain.us\/index.php\/wp-json\/wp\/v2\/users\/1"}],"replies":[{"embeddable":true,"href":"https:\/\/saint-germain.us\/index.php\/wp-json\/wp\/v2\/comments?post=136"}],"version-history":[{"count":11,"href":"https:\/\/saint-germain.us\/index.php\/wp-json\/wp\/v2\/pages\/136\/revisions"}],"predecessor-version":[{"id":2737,"href":"https:\/\/saint-germain.us\/index.php\/wp-json\/wp\/v2\/pages\/136\/revisions\/2737"}],"wp:attachment":[{"href":"https:\/\/saint-germain.us\/index.php\/wp-json\/wp\/v2\/media?parent=136"}],"curies":[{"name":"wp","href":"https:\/\/api.w.org\/{rel}","templated":true}]}}