{"id":140,"date":"2023-04-29T09:17:32","date_gmt":"2023-04-29T07:17:32","guid":{"rendered":"http:\/\/saint-germain.us\/?page_id=140"},"modified":"2023-10-14T14:40:03","modified_gmt":"2023-10-14T12:40:03","slug":"p58","status":"publish","type":"page","link":"https:\/\/saint-germain.us\/index.php\/p58\/","title":{"rendered":"P58"},"content":{"rendered":"\n<h2 class=\"wp-block-heading\">Bel Air<\/h2>\n\n\n\n<hr class=\"wp-block-separator has-alpha-channel-opacity\"\/>\n\n\n<p><span style=\"color: #333399;\">La page pr\u00e9sente :<\/span><\/p>\n<ul>\n<li><span style=\"color: #000080;\">Le march\u00e9,<\/span><\/li>\n<li><span style=\"color: #000080;\">Une colonne d&rsquo;affichage, <\/span><\/li>\n<li><span style=\"color: #000080;\">L&rsquo;affiche de Bel Air d&rsquo;\u00e9t\u00e9,<\/span><\/li>\n<li><span style=\"color: #000080;\">Un dessin de la place des rotondes.<\/span><\/li>\n<\/ul>\n<p><span style=\"color: #333399;\">Carte du livre : C<\/span><\/p>\n<p><span style=\"color: #333399;\">Adresse : Place des rotondes<\/span><\/p>\n<p><em><span style=\"color: #333399;\">Vous pouvez ajouter des commentaires en bas de page.<\/span><\/em><\/p>\n\n\n<hr class=\"wp-block-separator has-alpha-channel-opacity\"\/>\n\n\n\n<div style=\"height:18px\" aria-hidden=\"true\" class=\"wp-block-spacer\"><\/div>\n\n\n\n<figure class=\"wp-block-image size-large\"><img loading=\"lazy\" decoding=\"async\" width=\"1024\" height=\"768\" src=\"http:\/\/saint-germain.us\/wp-content\/uploads\/2023\/07\/Maquette-Bel-Air-1024x768.jpg\" alt=\"\" class=\"wp-image-1555\" srcset=\"https:\/\/saint-germain.us\/wp-content\/uploads\/2023\/07\/Maquette-Bel-Air-1024x768.jpg 1024w, https:\/\/saint-germain.us\/wp-content\/uploads\/2023\/07\/Maquette-Bel-Air-300x225.jpg 300w, https:\/\/saint-germain.us\/wp-content\/uploads\/2023\/07\/Maquette-Bel-Air-768x576.jpg 768w, https:\/\/saint-germain.us\/wp-content\/uploads\/2023\/07\/Maquette-Bel-Air-1536x1152.jpg 1536w, https:\/\/saint-germain.us\/wp-content\/uploads\/2023\/07\/Maquette-Bel-Air-2048x1536.jpg 2048w\" sizes=\"auto, (max-width: 1024px) 100vw, 1024px\" \/><figcaption class=\"wp-element-caption\">Maquette de Bel Air (photo @Philippe GOUT)\n<\/figcaption><\/figure>\n\n\n\n<figure class=\"wp-block-image size-large\"><img loading=\"lazy\" decoding=\"async\" width=\"768\" height=\"1024\" src=\"http:\/\/saint-germain.us\/wp-content\/uploads\/2023\/07\/Ecoquartier-768x1024.jpg\" alt=\"\" class=\"wp-image-1548\" srcset=\"https:\/\/saint-germain.us\/wp-content\/uploads\/2023\/07\/Ecoquartier-768x1024.jpg 768w, https:\/\/saint-germain.us\/wp-content\/uploads\/2023\/07\/Ecoquartier-225x300.jpg 225w, https:\/\/saint-germain.us\/wp-content\/uploads\/2023\/07\/Ecoquartier-1152x1536.jpg 1152w, https:\/\/saint-germain.us\/wp-content\/uploads\/2023\/07\/Ecoquartier-1536x2048.jpg 1536w, https:\/\/saint-germain.us\/wp-content\/uploads\/2023\/07\/Ecoquartier-scaled.jpg 1920w\" sizes=\"auto, (max-width: 768px) 100vw, 768px\" \/><figcaption class=\"wp-element-caption\">Eco-quartier (photo @Philippe GOUT)<\/figcaption><\/figure>\n\n\n\n<figure class=\"wp-block-image size-large\"><img loading=\"lazy\" decoding=\"async\" width=\"768\" height=\"1024\" src=\"http:\/\/saint-germain.us\/wp-content\/uploads\/2023\/07\/Developpement-durable-768x1024.jpg\" alt=\"\" class=\"wp-image-1551\" srcset=\"https:\/\/saint-germain.us\/wp-content\/uploads\/2023\/07\/Developpement-durable-768x1024.jpg 768w, https:\/\/saint-germain.us\/wp-content\/uploads\/2023\/07\/Developpement-durable-225x300.jpg 225w, https:\/\/saint-germain.us\/wp-content\/uploads\/2023\/07\/Developpement-durable-1152x1536.jpg 1152w, https:\/\/saint-germain.us\/wp-content\/uploads\/2023\/07\/Developpement-durable-1536x2048.jpg 1536w, https:\/\/saint-germain.us\/wp-content\/uploads\/2023\/07\/Developpement-durable-scaled.jpg 1920w\" sizes=\"auto, (max-width: 768px) 100vw, 768px\" \/><figcaption class=\"wp-element-caption\">D\u00e9veloppement durable (photo @Philippe GOUT)<\/figcaption><\/figure>\n\n\n\n<hr class=\"wp-block-separator has-alpha-channel-opacity\"\/>\n\n\n\n<figure class=\"wp-block-image aligncenter size-large\"><img loading=\"lazy\" decoding=\"async\" width=\"1024\" height=\"738\" src=\"http:\/\/saint-germain.us\/wp-content\/uploads\/2023\/07\/Les-belles-du-Bel-Air-1024x738.jpg\" alt=\"\" class=\"wp-image-1545\" srcset=\"https:\/\/saint-germain.us\/wp-content\/uploads\/2023\/07\/Les-belles-du-Bel-Air-1024x738.jpg 1024w, https:\/\/saint-germain.us\/wp-content\/uploads\/2023\/07\/Les-belles-du-Bel-Air-300x216.jpg 300w, https:\/\/saint-germain.us\/wp-content\/uploads\/2023\/07\/Les-belles-du-Bel-Air-768x554.jpg 768w, https:\/\/saint-germain.us\/wp-content\/uploads\/2023\/07\/Les-belles-du-Bel-Air-1536x1108.jpg 1536w, https:\/\/saint-germain.us\/wp-content\/uploads\/2023\/07\/Les-belles-du-Bel-Air-2048x1477.jpg 2048w\" sizes=\"auto, (max-width: 1024px) 100vw, 1024px\" \/><figcaption class=\"wp-element-caption\">Les belles du Bel Air (photo @Philippe GOUT)\n<\/figcaption><\/figure>\n\n\n\n<p>Affiche sur l&rsquo;exposition de photos r\u00e9alis\u00e9e \u00e0 l&rsquo;initiative du Secours Catholique par des habitantes du quartier ayant pour th\u00e8me : Les feuilles \u00e0 l&rsquo;automne et les fleurs au printemps. (2023)<\/p>\n\n\n\n<div style=\"height:18px\" aria-hidden=\"true\" class=\"wp-block-spacer\"><\/div>\n\n\n\n<figure class=\"wp-block-image size-large\"><img loading=\"lazy\" decoding=\"async\" width=\"1024\" height=\"576\" src=\"http:\/\/saint-germain.us\/wp-content\/uploads\/2023\/08\/Pasteques-1024x576.jpg\" alt=\"\" class=\"wp-image-2004\" srcset=\"https:\/\/saint-germain.us\/wp-content\/uploads\/2023\/08\/Pasteques-1024x576.jpg 1024w, https:\/\/saint-germain.us\/wp-content\/uploads\/2023\/08\/Pasteques-300x169.jpg 300w, https:\/\/saint-germain.us\/wp-content\/uploads\/2023\/08\/Pasteques-768x432.jpg 768w, https:\/\/saint-germain.us\/wp-content\/uploads\/2023\/08\/Pasteques-1536x864.jpg 1536w, https:\/\/saint-germain.us\/wp-content\/uploads\/2023\/08\/Pasteques-2048x1152.jpg 2048w\" sizes=\"auto, (max-width: 1024px) 100vw, 1024px\" \/><figcaption class=\"wp-element-caption\">March\u00e9 de Bel Air (@Philippe GOUT)<\/figcaption><\/figure>\n\n\n\n<figure class=\"wp-block-image size-large\"><img loading=\"lazy\" decoding=\"async\" width=\"1024\" height=\"626\" src=\"http:\/\/saint-germain.us\/wp-content\/uploads\/2023\/08\/Poisson-Bel-Air-1024x626.jpg\" alt=\"\" class=\"wp-image-2003\" srcset=\"https:\/\/saint-germain.us\/wp-content\/uploads\/2023\/08\/Poisson-Bel-Air-1024x626.jpg 1024w, https:\/\/saint-germain.us\/wp-content\/uploads\/2023\/08\/Poisson-Bel-Air-300x183.jpg 300w, https:\/\/saint-germain.us\/wp-content\/uploads\/2023\/08\/Poisson-Bel-Air-768x469.jpg 768w, https:\/\/saint-germain.us\/wp-content\/uploads\/2023\/08\/Poisson-Bel-Air-1536x939.jpg 1536w, https:\/\/saint-germain.us\/wp-content\/uploads\/2023\/08\/Poisson-Bel-Air-2048x1251.jpg 2048w\" sizes=\"auto, (max-width: 1024px) 100vw, 1024px\" \/><figcaption class=\"wp-element-caption\">March\u00e9 de Bel Air (@Philippe GOUT)\n<\/figcaption><\/figure>\n\n\n\n<figure class=\"wp-block-image size-large\"><img loading=\"lazy\" decoding=\"async\" width=\"1024\" height=\"576\" src=\"http:\/\/saint-germain.us\/wp-content\/uploads\/2023\/08\/Rotondes-1024x576.jpg\" alt=\"\" class=\"wp-image-2001\" srcset=\"https:\/\/saint-germain.us\/wp-content\/uploads\/2023\/08\/Rotondes-1024x576.jpg 1024w, https:\/\/saint-germain.us\/wp-content\/uploads\/2023\/08\/Rotondes-300x169.jpg 300w, https:\/\/saint-germain.us\/wp-content\/uploads\/2023\/08\/Rotondes-768x432.jpg 768w, https:\/\/saint-germain.us\/wp-content\/uploads\/2023\/08\/Rotondes-1536x864.jpg 1536w, https:\/\/saint-germain.us\/wp-content\/uploads\/2023\/08\/Rotondes-2048x1152.jpg 2048w\" sizes=\"auto, (max-width: 1024px) 100vw, 1024px\" \/><figcaption class=\"wp-element-caption\">Place des Rotondes \u00e0 Bel Air (@Philippe GOUT)<\/figcaption><\/figure>\n\n\n\n<hr class=\"wp-block-separator has-alpha-channel-opacity\"\/>\n\n\n\n<div style=\"height:18px\" aria-hidden=\"true\" class=\"wp-block-spacer\"><\/div>\n\n\n\n<figure class=\"wp-block-image size-large\"><img loading=\"lazy\" decoding=\"async\" width=\"1024\" height=\"828\" src=\"http:\/\/saint-germain.us\/wp-content\/uploads\/2023\/08\/Capture-decran-2023-08-16-a-08.34.01-1024x828.png\" alt=\"\" class=\"wp-image-2598\" srcset=\"https:\/\/saint-germain.us\/wp-content\/uploads\/2023\/08\/Capture-decran-2023-08-16-a-08.34.01-1024x828.png 1024w, https:\/\/saint-germain.us\/wp-content\/uploads\/2023\/08\/Capture-decran-2023-08-16-a-08.34.01-300x242.png 300w, https:\/\/saint-germain.us\/wp-content\/uploads\/2023\/08\/Capture-decran-2023-08-16-a-08.34.01-768x621.png 768w, https:\/\/saint-germain.us\/wp-content\/uploads\/2023\/08\/Capture-decran-2023-08-16-a-08.34.01-1536x1242.png 1536w, https:\/\/saint-germain.us\/wp-content\/uploads\/2023\/08\/Capture-decran-2023-08-16-a-08.34.01.png 1972w\" sizes=\"auto, (max-width: 1024px) 100vw, 1024px\" \/><figcaption class=\"wp-element-caption\">Bel Air (@Ville de Saint-Germain-en-Laye)<\/figcaption><\/figure>\n\n\n\n<div style=\"height:18px\" aria-hidden=\"true\" class=\"wp-block-spacer\"><\/div>\n\n\n\n<figure class=\"wp-block-table\"><table><tbody><tr><td>Sujet <\/td><td>Bel Air<\/td><\/tr><tr><td>Lien<\/td><td><a href=\"http:\/\/www.ecoquartiers.logement.gouv.fr\/operation\/2253\/\">Ici<\/a><\/td><\/tr><tr><td>Origine<\/td><td>Minist\u00e8re de la transition \u00e9cologique<\/td><\/tr><tr><td><\/td><td><\/td><\/tr><tr><td>Date de r\u00e9vision<\/td><td>16\/08\/2023<\/td><\/tr><\/tbody><\/table><\/figure>\n\n\n\n<p>Depuis sa cr\u00e9ation, le quartier du Bel-Air r\u00e9pond aux enjeux de son temps. Construit pendant les ann\u00e9es 70, suite \u00e0 la signature d\u2019un arr\u00eat\u00e9 de cr\u00e9ation d\u2019une zone \u00e0 urbaniser en priorit\u00e9 (ZUP), ce nouveau quartier a permis de r\u00e9pondre \u00e0 la forte demande de logement et \u00e0 la modernisation des villes. Implant\u00e9 sur d\u2019anciens c\u00f4teaux, le quartier b\u00e9n\u00e9ficie d\u2019une topographie singuli\u00e8re qui lui permet de disposer d\u2019un cadre de vie verdoyant gr\u00e2ce au Bois Saint L\u00e9ger. La construction des grands ensembles va se faire dans le respect de ces topographies, avec des immeubles \u00e9difi\u00e9s en lisi\u00e8re de v\u00e9g\u00e9tation.&nbsp;<\/p>\n\n\n\n<p>La r\u00e9fection de l\u2019ancienne place des coteaux du Bel-Air est la premi\u00e8re op\u00e9ration d\u2019envergure des ann\u00e9es 2010. La r\u00e9fection de la place des Rotondes, les r\u00e9novations du groupe scolaire Marie Curie, du Lyc\u00e9e L\u00e9onard de Vinci et bon nombre de projets mis en \u0153uvre font du Bel-Air un quartier engag\u00e9 vers la labellisation \u00c9coQuartier.<\/p>\n\n\n\n<p>Suite \u00e0 la cr\u00e9ation de la commune nouvelle de Saint-Germain-en-Laye, int\u00e9grant la commune de Fourqueux, le Bel-Air devient le centre g\u00e9ographique de cette nouvelle commune. C\u2019est aujourd\u2019hui un trait d\u2019union entre les deux communes historiques, une position g\u00e9ographique qui en fait un lieu strat\u00e9gique de d\u00e9veloppement.<\/p>\n\n\n\n<p>Encore aujourd\u2019hui, le quartier du Bel Air est en phase avec les d\u00e9fis de son \u00e9poque. Pr\u00e9server la Nature en Ville, favoriser la mobilit\u00e9 pour tous, accompagner le vivre ensemble et l\u2019\u00e9ducation, voici les grands axes de d\u00e9veloppement du quartier.<\/p>\n\n\n\n<p>Le projet de r\u00e9am\u00e9nagement de la dalle Frontenac, l\u2019arriv\u00e9e du Tram13 d\u2019ici quelques ann\u00e9es, la mutation de la blanchisserie en logements et \u00e9quipements, le projet Axiom : pour un quartier solidaire et la r\u00e9novation de l\u2019\u00e9cole Marie Curie, sont autant de projets qui permettent de concr\u00e9tiser cette mutation.<\/p>\n\n\n\n<hr class=\"wp-block-separator has-alpha-channel-opacity\"\/>\n\n\n\n<p><strong>Circuit : <a href=\"http:\/\/saint-germain.us\/index.php\/c39-circuit-une-bouffee-de-bel-air\/\">Ici<\/a><\/strong><\/p>\n\n\n\n<hr class=\"wp-block-separator has-alpha-channel-opacity\"\/>\n\n\n\n<h5 class=\"wp-block-heading\">commentaires :<a href=\"http:\/\/saint-germain.us\/index.php\/page-d-exemple\/\"> ICI<\/a><\/h5>\n\n\n\n<hr class=\"wp-block-separator has-alpha-channel-opacity\"\/>\n","protected":false},"excerpt":{"rendered":"<p>Bel Air La page pr\u00e9sente : Le march\u00e9, Une colonne d&rsquo;affichage, L&rsquo;affiche de Bel Air d&rsquo;\u00e9t\u00e9, Un dessin de la place des rotondes. Carte du livre : C Adresse : Place des rotondes Vous pouvez ajouter des commentaires en bas de page. Affiche sur l&rsquo;exposition de photos r\u00e9alis\u00e9e \u00e0 l&rsquo;initiative du Secours Catholique par des [&hellip;]<\/p>\n","protected":false},"author":1,"featured_media":0,"parent":0,"menu_order":0,"comment_status":"closed","ping_status":"closed","template":"","meta":{"footnotes":""},"class_list":["post-140","page","type-page","status-publish","hentry"],"_links":{"self":[{"href":"https:\/\/saint-germain.us\/index.php\/wp-json\/wp\/v2\/pages\/140","targetHints":{"allow":["GET"]}}],"collection":[{"href":"https:\/\/saint-germain.us\/index.php\/wp-json\/wp\/v2\/pages"}],"about":[{"href":"https:\/\/saint-germain.us\/index.php\/wp-json\/wp\/v2\/types\/page"}],"author":[{"embeddable":true,"href":"https:\/\/saint-germain.us\/index.php\/wp-json\/wp\/v2\/users\/1"}],"replies":[{"embeddable":true,"href":"https:\/\/saint-germain.us\/index.php\/wp-json\/wp\/v2\/comments?post=140"}],"version-history":[{"count":20,"href":"https:\/\/saint-germain.us\/index.php\/wp-json\/wp\/v2\/pages\/140\/revisions"}],"predecessor-version":[{"id":3468,"href":"https:\/\/saint-germain.us\/index.php\/wp-json\/wp\/v2\/pages\/140\/revisions\/3468"}],"wp:attachment":[{"href":"https:\/\/saint-germain.us\/index.php\/wp-json\/wp\/v2\/media?parent=140"}],"curies":[{"name":"wp","href":"https:\/\/api.w.org\/{rel}","templated":true}]}}