{"id":146,"date":"2023-04-29T09:18:00","date_gmt":"2023-04-29T07:18:00","guid":{"rendered":"http:\/\/saint-germain.us\/?page_id=146"},"modified":"2023-09-13T12:10:52","modified_gmt":"2023-09-13T10:10:52","slug":"p61","status":"publish","type":"page","link":"https:\/\/saint-germain.us\/index.php\/p61\/","title":{"rendered":"P61"},"content":{"rendered":"\n<h2 class=\"wp-block-heading\">Chapelle Saint Louis<\/h2>\n\n\n\n<hr class=\"wp-block-separator has-alpha-channel-opacity\"\/>\n\n\n<p><span style=\"color: #333399;\">La page pr\u00e9sente :<\/span><\/p>\n<ul>\n<li><span style=\"color: #333399;\">La Chapelle Saint Louis de l&rsquo;h\u00f4pital de Saint Germain,<\/span><\/li>\n<li><span style=\"color: #333399;\">Les 14 tableaux peints par des artistes de la r\u00e9gion pour le chemin de Croix de La Chapelle. (Description d\u00e9taill\u00e9e ci-dessous)<\/span><\/li>\n<\/ul>\n<p><span style=\"color: #333399;\">Carte du livre : D<\/span><\/p>\n<p><em><span style=\"color: #333399;\">Vous pouvez ajouter des commentaires en bas de page.<\/span><\/em><\/p>\n<\/p>\n\n\n<hr class=\"wp-block-separator has-alpha-channel-opacity\"\/>\n\n\n\n<div style=\"height:18px\" aria-hidden=\"true\" class=\"wp-block-spacer\"><\/div>\n\n\n\n<figure class=\"wp-block-image aligncenter size-large\"><img loading=\"lazy\" decoding=\"async\" width=\"1024\" height=\"625\" src=\"http:\/\/saint-germain.us\/wp-content\/uploads\/2023\/07\/Saint-Louis-1024x625.jpg\" alt=\"\" class=\"wp-image-1724\" srcset=\"https:\/\/saint-germain.us\/wp-content\/uploads\/2023\/07\/Saint-Louis-1024x625.jpg 1024w, https:\/\/saint-germain.us\/wp-content\/uploads\/2023\/07\/Saint-Louis-300x183.jpg 300w, https:\/\/saint-germain.us\/wp-content\/uploads\/2023\/07\/Saint-Louis-768x469.jpg 768w, https:\/\/saint-germain.us\/wp-content\/uploads\/2023\/07\/Saint-Louis-1536x937.jpg 1536w, https:\/\/saint-germain.us\/wp-content\/uploads\/2023\/07\/Saint-Louis-2048x1250.jpg 2048w\" sizes=\"auto, (max-width: 1024px) 100vw, 1024px\" \/><figcaption class=\"wp-element-caption\">Chapelle Saint-Louis (am\u00e9lior\u00e9e @Philippe GOUT)<\/figcaption><\/figure>\n\n\n\n<figure class=\"wp-block-image size-large\"><img loading=\"lazy\" decoding=\"async\" width=\"652\" height=\"1024\" src=\"http:\/\/saint-germain.us\/wp-content\/uploads\/2023\/07\/Chapelle-St-Louis-652x1024.jpg\" alt=\"\" class=\"wp-image-1451\" srcset=\"https:\/\/saint-germain.us\/wp-content\/uploads\/2023\/07\/Chapelle-St-Louis-652x1024.jpg 652w, https:\/\/saint-germain.us\/wp-content\/uploads\/2023\/07\/Chapelle-St-Louis-191x300.jpg 191w, https:\/\/saint-germain.us\/wp-content\/uploads\/2023\/07\/Chapelle-St-Louis-768x1205.jpg 768w, https:\/\/saint-germain.us\/wp-content\/uploads\/2023\/07\/Chapelle-St-Louis-979x1536.jpg 979w, https:\/\/saint-germain.us\/wp-content\/uploads\/2023\/07\/Chapelle-St-Louis-1305x2048.jpg 1305w, https:\/\/saint-germain.us\/wp-content\/uploads\/2023\/07\/Chapelle-St-Louis-scaled.jpg 1631w\" sizes=\"auto, (max-width: 652px) 100vw, 652px\" \/><figcaption class=\"wp-element-caption\">Chapelle Saint Louis (Am\u00e9lior\u00e9e@Philippe GOUT)<\/figcaption><\/figure>\n\n\n\n<figure class=\"wp-block-image size-large\"><img loading=\"lazy\" decoding=\"async\" width=\"1024\" height=\"704\" src=\"http:\/\/saint-germain.us\/wp-content\/uploads\/2023\/07\/IMG_4040-2-scaled-e1690027941536-1024x704.jpg\" alt=\"\" class=\"wp-image-1321\" srcset=\"https:\/\/saint-germain.us\/wp-content\/uploads\/2023\/07\/IMG_4040-2-scaled-e1690027941536-1024x704.jpg 1024w, https:\/\/saint-germain.us\/wp-content\/uploads\/2023\/07\/IMG_4040-2-scaled-e1690027941536-300x206.jpg 300w, https:\/\/saint-germain.us\/wp-content\/uploads\/2023\/07\/IMG_4040-2-scaled-e1690027941536-768x528.jpg 768w, https:\/\/saint-germain.us\/wp-content\/uploads\/2023\/07\/IMG_4040-2-scaled-e1690027941536-1536x1056.jpg 1536w, https:\/\/saint-germain.us\/wp-content\/uploads\/2023\/07\/IMG_4040-2-scaled-e1690027941536-2048x1408.jpg 2048w\" sizes=\"auto, (max-width: 1024px) 100vw, 1024px\" \/><figcaption class=\"wp-element-caption\">Chapelle Saint Louis (Am\u00e9lior\u00e9e @Philippe GOUT)<\/figcaption><\/figure>\n\n\n\n<figure class=\"wp-block-image size-large\"><img loading=\"lazy\" decoding=\"async\" width=\"1024\" height=\"576\" src=\"http:\/\/saint-germain.us\/wp-content\/uploads\/2023\/07\/Chapelle-SL-1024x576.jpg\" alt=\"\" class=\"wp-image-1781\" srcset=\"https:\/\/saint-germain.us\/wp-content\/uploads\/2023\/07\/Chapelle-SL-1024x576.jpg 1024w, https:\/\/saint-germain.us\/wp-content\/uploads\/2023\/07\/Chapelle-SL-300x169.jpg 300w, https:\/\/saint-germain.us\/wp-content\/uploads\/2023\/07\/Chapelle-SL-768x432.jpg 768w, https:\/\/saint-germain.us\/wp-content\/uploads\/2023\/07\/Chapelle-SL-1536x864.jpg 1536w, https:\/\/saint-germain.us\/wp-content\/uploads\/2023\/07\/Chapelle-SL-2048x1152.jpg 2048w\" sizes=\"auto, (max-width: 1024px) 100vw, 1024px\" \/><figcaption class=\"wp-element-caption\">Chapelle Saint-Louis (@Philippe GOUT)\n<\/figcaption><\/figure>\n\n\n\n<hr class=\"wp-block-separator has-alpha-channel-opacity\"\/>\n\n\n\n<div style=\"height:18px\" aria-hidden=\"true\" class=\"wp-block-spacer\"><\/div>\n\n\n\n<figure class=\"wp-block-table\"><table><tbody><tr><td>Sujet <\/td><td>Chapelle Saint Louis (H\u00f4pital de Saint-Germain)<\/td><\/tr><tr><td>Lien<\/td><td><a href=\"https:\/\/www.bod.fr\/librairie\/chemin-de-croix-paroisse-de-saint-germain-en-laye-9782322114955\">Ici<\/a><\/td><\/tr><tr><td>Origine<\/td><td>Chemin de Croix<\/td><\/tr><tr><td>Date du document<\/td><td>Mars 2023<\/td><\/tr><tr><td>Date de r\u00e9vision<\/td><td>08\/05\/2023<\/td><\/tr><\/tbody><\/table><\/figure>\n\n\n\n<figure class=\"wp-block-image size-large\"><img loading=\"lazy\" decoding=\"async\" width=\"1024\" height=\"1024\" src=\"http:\/\/saint-germain.us\/wp-content\/uploads\/2023\/05\/CA27D561560C25F2A4F2C0265C783AC4F1AF7C3F0514F1B1A1EBBA4C19ED7C59-1024x1024.jpg\" alt=\"\" class=\"wp-image-330\" srcset=\"https:\/\/saint-germain.us\/wp-content\/uploads\/2023\/05\/CA27D561560C25F2A4F2C0265C783AC4F1AF7C3F0514F1B1A1EBBA4C19ED7C59-1024x1024.jpg 1024w, https:\/\/saint-germain.us\/wp-content\/uploads\/2023\/05\/CA27D561560C25F2A4F2C0265C783AC4F1AF7C3F0514F1B1A1EBBA4C19ED7C59-300x300.jpg 300w, https:\/\/saint-germain.us\/wp-content\/uploads\/2023\/05\/CA27D561560C25F2A4F2C0265C783AC4F1AF7C3F0514F1B1A1EBBA4C19ED7C59-150x150.jpg 150w, https:\/\/saint-germain.us\/wp-content\/uploads\/2023\/05\/CA27D561560C25F2A4F2C0265C783AC4F1AF7C3F0514F1B1A1EBBA4C19ED7C59-768x768.jpg 768w, https:\/\/saint-germain.us\/wp-content\/uploads\/2023\/05\/CA27D561560C25F2A4F2C0265C783AC4F1AF7C3F0514F1B1A1EBBA4C19ED7C59-1536x1536.jpg 1536w, https:\/\/saint-germain.us\/wp-content\/uploads\/2023\/05\/CA27D561560C25F2A4F2C0265C783AC4F1AF7C3F0514F1B1A1EBBA4C19ED7C59.jpg 2008w\" sizes=\"auto, (max-width: 1024px) 100vw, 1024px\" \/><\/figure>\n\n\n\n<hr class=\"wp-block-separator has-alpha-channel-opacity\"\/>\n\n\n\n<p>En neuf mois d&rsquo;\u00e9troite collaboration, quatorze artistes peintres, d\u00e9butants ou confirm\u00e9s, ont r\u00e9alis\u00e9 cet embellissement de la chapelle Saint Louis.<\/p>\n\n\n\n<p>Offerte \u00e0 vos yeux, cette exp\u00e9rience spirituelle et artistique in\u00e9dite touchera vos coeurs,votre curiosit\u00e9 et votre sensibilit\u00e9.<\/p>\n\n\n\n<p>Pourquoi un Chemin de Croix? Appartenant \u00e0 l&rsquo;imagerie religieuse du XIXe si\u00e8cle, peu pratiqu\u00e9 actuellement, il m&rsquo;est pourtant apparu correspondre \u00e0 ma vie!<\/p>\n\n\n\n<p><em>Tomber une, deux, trois fois&#8230;croiser<\/em>&nbsp;l&rsquo;amie<em>&nbsp;V\u00e9ro, recevoir l&rsquo;aide de Simon, rencontrer les femmes, se d\u00e9pouiller de ses affaires terrestres, souffrir dans son corps et dans son \u00e2me&#8230; s&rsquo;en remettre \u00e0 Dieu !<\/em><\/p>\n\n\n\n<p>Quelle similitude avec mon chemin de vie actuel ! Le cancer, l&rsquo;association ESOR, la r\u00e9novation de l&rsquo;h\u00f4pital et la cr\u00e9ation de ce nouveau quartier, formidable projet communal du \u00ab\u00a0Clos Saint Louis\u00a0\u00bb.<\/p>\n\n\n\n<p>Au centre de ce quartier rayonnera ce lieu de culte, porteur de l&rsquo;esprit de solidarit\u00e9 active qui nous anima pour r\u00e9aliser ce Chemin de Vie et d&rsquo;esp\u00e9rance, en quatorze stations !<\/p>\n\n\n\n<p>Merci aux artistes et amis qui m&rsquo;ont tellement soutenue.<\/p>\n\n\n\n<p>Anne de Jacquelot<\/p>\n\n\n\n<p>Le 14 avril 2023<\/p>\n\n\n\n<hr class=\"wp-block-separator has-alpha-channel-opacity\"\/>\n\n\n\n<p><strong>La Chapelle de l&rsquo;h\u00f4pital de Saint-Germain-en-Laye<\/strong><\/p>\n\n\n\n<p>L&rsquo;id\u00e9e de cr\u00e9er un h\u00f4pital-hospice moderne pour remplacer l&rsquo;H\u00f4tel-Dieu des s\u0153urs de la Charit\u00e9, rue de Poissy, nait sous le Second Empire, mais c&rsquo;est en 1875 avec la donation de la baronne G\u00e9rard, unique h\u00e9riti\u00e8re de son fr\u00e8re Maurice Schnapper, que le projet prend v\u00e9ritablement forme.<\/p>\n\n\n\n<p>L&rsquo;architecte Alfred-Nicolas Normand (1822-1909) re\u00e7oit la commande d&rsquo;un h\u00f4pital de trois cent cinquante lits avec une chapelle, conform\u00e9ment aux prescriptions du legs. L&rsquo;architecte choisit d&rsquo;en faire le point central de sa composition entre les quatre pavillons destin\u00e9s aux malades.<\/p>\n\n\n\n<p>Les travaux des b\u00e2timents hospitaliers commencent en 1878 sans la chapelle dont le financement doit \u00eatre confirm\u00e9. Apr\u00e8s une simplification du projet, la premi\u00e8re pierre de la chapelle est cependant pos\u00e9e quelques semaines avant l&rsquo;inauguration de l&rsquo;h\u00f4pital en 1881. Sa cons\u00e9cration a lieu le 31 juillet 1884.La chapelle, de style composite tr\u00e8s caract\u00e9ristique de la fin du XIXe si\u00e8cle avec ses m\u00e9topes et ses incrustations de pierres noires en fa\u00e7ade, s&rsquo;int\u00e8gre, par sa situation, \u00e0 l&rsquo;h\u00f4pital et \u00e0 la ville sur laquelle elle est largement ouverte. Depuis les loges sur deux niveaux de part et d&rsquo;autre du ch\u0153ur, accessibles dans la galerie, les malades peuvent ais\u00e9ment assister aux offices.<\/p>\n\n\n\n<p>Les ornements int\u00e9rieurs de la nef de deux cents places sont constitu\u00e9s de la rosace et des vitraux \u00e0 figure d&rsquo;entrelacs de teintes claires des quatre grandes baies lat\u00e9rales, et par la mosa\u00efque n\u00e9o-byzantine situ\u00e9e au fond du choeur. Attribu\u00e9e \u00e0 E. Paris, elle repr\u00e9sente un Christ en majest\u00e9 dans une mandorle cercl\u00e9e de flammes symbolisant la pr\u00e9sence de 1&rsquo;Esprit-Saint et port\u00e9e par deux anges sur un fond bleu ciel. Le registre inf\u00e9rieur \u00e9voque le monde terrestre, l&rsquo;Agneau mystique reposant sur un autel de tesselles d&rsquo;or.<\/p>\n\n\n\n<p>Dans le ch\u0153ur est d\u00e9pos\u00e9e une chaire mobile en ch\u00eane sculpt\u00e9 du XVIIIe si\u00e8cle provenant vraisemblablement de l&rsquo;ancien oratoire des soeurs de la Charit\u00e9.<\/p>\n\n\n\n<figure class=\"wp-block-image aligncenter size-large\"><img loading=\"lazy\" decoding=\"async\" width=\"1024\" height=\"755\" src=\"http:\/\/saint-germain.us\/wp-content\/uploads\/2023\/07\/Horloge-chapelle-hopital-1024x755.jpg\" alt=\"\" class=\"wp-image-1269\" srcset=\"https:\/\/saint-germain.us\/wp-content\/uploads\/2023\/07\/Horloge-chapelle-hopital-1024x755.jpg 1024w, https:\/\/saint-germain.us\/wp-content\/uploads\/2023\/07\/Horloge-chapelle-hopital-300x221.jpg 300w, https:\/\/saint-germain.us\/wp-content\/uploads\/2023\/07\/Horloge-chapelle-hopital-768x566.jpg 768w, https:\/\/saint-germain.us\/wp-content\/uploads\/2023\/07\/Horloge-chapelle-hopital-1536x1133.jpg 1536w, https:\/\/saint-germain.us\/wp-content\/uploads\/2023\/07\/Horloge-chapelle-hopital-2048x1510.jpg 2048w\" sizes=\"auto, (max-width: 1024px) 100vw, 1024px\" \/><figcaption class=\"wp-element-caption\">Horloge Chapelle Saint-Louis (@Philippe GOUT)<\/figcaption><\/figure>\n\n\n\n<hr class=\"wp-block-separator has-alpha-channel-opacity\"\/>\n\n\n\n<h5 class=\"wp-block-heading\">commentaires :<a href=\"http:\/\/saint-germain.us\/index.php\/page-d-exemple\/\"> ICI<\/a><\/h5>\n\n\n\n<hr class=\"wp-block-separator has-alpha-channel-opacity\"\/>\n","protected":false},"excerpt":{"rendered":"<p>Chapelle Saint Louis La page pr\u00e9sente : La Chapelle Saint Louis de l&rsquo;h\u00f4pital de Saint Germain, Les 14 tableaux peints par des artistes de la r\u00e9gion pour le chemin de Croix de La Chapelle. (Description d\u00e9taill\u00e9e ci-dessous) Carte du livre : D Vous pouvez ajouter des commentaires en bas de page. Sujet Chapelle Saint Louis [&hellip;]<\/p>\n","protected":false},"author":1,"featured_media":0,"parent":0,"menu_order":0,"comment_status":"closed","ping_status":"closed","template":"","meta":{"footnotes":""},"class_list":["post-146","page","type-page","status-publish","hentry"],"_links":{"self":[{"href":"https:\/\/saint-germain.us\/index.php\/wp-json\/wp\/v2\/pages\/146","targetHints":{"allow":["GET"]}}],"collection":[{"href":"https:\/\/saint-germain.us\/index.php\/wp-json\/wp\/v2\/pages"}],"about":[{"href":"https:\/\/saint-germain.us\/index.php\/wp-json\/wp\/v2\/types\/page"}],"author":[{"embeddable":true,"href":"https:\/\/saint-germain.us\/index.php\/wp-json\/wp\/v2\/users\/1"}],"replies":[{"embeddable":true,"href":"https:\/\/saint-germain.us\/index.php\/wp-json\/wp\/v2\/comments?post=146"}],"version-history":[{"count":13,"href":"https:\/\/saint-germain.us\/index.php\/wp-json\/wp\/v2\/pages\/146\/revisions"}],"predecessor-version":[{"id":3046,"href":"https:\/\/saint-germain.us\/index.php\/wp-json\/wp\/v2\/pages\/146\/revisions\/3046"}],"wp:attachment":[{"href":"https:\/\/saint-germain.us\/index.php\/wp-json\/wp\/v2\/media?parent=146"}],"curies":[{"name":"wp","href":"https:\/\/api.w.org\/{rel}","templated":true}]}}