{"id":149,"date":"2023-04-29T09:18:51","date_gmt":"2023-04-29T07:18:51","guid":{"rendered":"http:\/\/saint-germain.us\/?page_id=149"},"modified":"2023-08-11T09:16:07","modified_gmt":"2023-08-11T07:16:07","slug":"p62","status":"publish","type":"page","link":"https:\/\/saint-germain.us\/index.php\/p62\/","title":{"rendered":"P62"},"content":{"rendered":"\n<h2 class=\"wp-block-heading\">Eglise Saint-L\u00e9ger<\/h2>\n\n\n\n<hr class=\"wp-block-separator has-alpha-channel-opacity\"\/>\n\n\n<p><span style=\"color: #333399;\">La page pr\u00e9sente :<\/span><\/p>\n<ul>\n<li><span style=\"color: #000080;\">Le presbyt\u00e8re,<\/span><\/li>\n<li><span style=\"color: #000080;\">La statue du Christ dans l&rsquo;\u00e9glise.<\/span><\/li>\n<\/ul>\n<p><span style=\"color: #333399;\">Carte du livre : B<\/span><\/p>\n<p><span style=\"color: #333399;\">Adresse :\u00a0<\/span><\/p>\n<p><em><span style=\"color: #333399;\">Vous pouvez ajouter des commentaires en bas de page.<\/span><\/em><\/p>\n\n\n<hr class=\"wp-block-separator has-alpha-channel-opacity\"\/>\n\n\n\n<div style=\"height:18px\" aria-hidden=\"true\" class=\"wp-block-spacer\"><\/div>\n\n\n\n<figure class=\"wp-block-image aligncenter size-large\"><img loading=\"lazy\" decoding=\"async\" width=\"1024\" height=\"618\" src=\"http:\/\/saint-germain.us\/wp-content\/uploads\/2023\/07\/Eglise-St-Leger-1024x618.jpg\" alt=\"\" class=\"wp-image-1263\" srcset=\"https:\/\/saint-germain.us\/wp-content\/uploads\/2023\/07\/Eglise-St-Leger-1024x618.jpg 1024w, https:\/\/saint-germain.us\/wp-content\/uploads\/2023\/07\/Eglise-St-Leger-300x181.jpg 300w, https:\/\/saint-germain.us\/wp-content\/uploads\/2023\/07\/Eglise-St-Leger-768x463.jpg 768w, https:\/\/saint-germain.us\/wp-content\/uploads\/2023\/07\/Eglise-St-Leger-1536x927.jpg 1536w, https:\/\/saint-germain.us\/wp-content\/uploads\/2023\/07\/Eglise-St-Leger-2048x1235.jpg 2048w\" sizes=\"auto, (max-width: 1024px) 100vw, 1024px\" \/><figcaption class=\"wp-element-caption\">Eglise Saint-L\u00e9ger (@Philippe GOUT)<\/figcaption><\/figure>\n\n\n\n<figure class=\"wp-block-image aligncenter size-large\"><img loading=\"lazy\" decoding=\"async\" width=\"576\" height=\"1024\" src=\"http:\/\/saint-germain.us\/wp-content\/uploads\/2023\/08\/Christ-St-Leger-2-576x1024.jpg\" alt=\"\" class=\"wp-image-2283\" srcset=\"https:\/\/saint-germain.us\/wp-content\/uploads\/2023\/08\/Christ-St-Leger-2-576x1024.jpg 576w, https:\/\/saint-germain.us\/wp-content\/uploads\/2023\/08\/Christ-St-Leger-2-169x300.jpg 169w, https:\/\/saint-germain.us\/wp-content\/uploads\/2023\/08\/Christ-St-Leger-2-768x1365.jpg 768w, https:\/\/saint-germain.us\/wp-content\/uploads\/2023\/08\/Christ-St-Leger-2-864x1536.jpg 864w, https:\/\/saint-germain.us\/wp-content\/uploads\/2023\/08\/Christ-St-Leger-2-1152x2048.jpg 1152w, https:\/\/saint-germain.us\/wp-content\/uploads\/2023\/08\/Christ-St-Leger-2-scaled.jpg 1440w\" sizes=\"auto, (max-width: 576px) 100vw, 576px\" \/><\/figure>\n\n\n\n<hr class=\"wp-block-separator has-alpha-channel-opacity\"\/>\n\n\n\n<div style=\"height:18px\" aria-hidden=\"true\" class=\"wp-block-spacer\"><\/div>\n\n\n\n<figure class=\"wp-block-table\"><table><tbody><tr><td>Sujet <\/td><td>\u00c9glise Saint-L\u00e9ger<\/td><\/tr><tr><td>Lien<\/td><td><a href=\"https:\/\/fr.wikipedia.org\/wiki\/\u00c9glise_Saint-L\u00e9ger_de_Saint-Germain-en-Laye\">Ici<\/a><\/td><\/tr><tr><td>Origine<\/td><td>Wikip\u00e9dia<\/td><\/tr><tr><td><\/td><td><\/td><\/tr><tr><td>Date de r\u00e9vision<\/td><td>111\/08\/2023<\/td><\/tr><\/tbody><\/table><\/figure>\n\n\n\n<p>Bien que l&rsquo;\u00e9glise Saint-L\u00e9ger ait \u00e9t\u00e9 construite au&nbsp;xx<sup>e<\/sup>&nbsp;si\u00e8cle, son origine est tr\u00e8s ancienne et remonte au d\u00e9but du&nbsp;<a href=\"https:\/\/fr.wikipedia.org\/wiki\/Moyen_%C3%82ge\">Moyen \u00c2ge<\/a>.<\/p>\n\n\n\n<h5 class=\"wp-block-heading\">Saint L\u00e9ger, \u00e9v\u00eaque d&rsquo;Autun<\/h5>\n\n\n\n<p><a href=\"https:\/\/fr.wikipedia.org\/wiki\/L%C3%A9ger_d%27Autun\">Saint L\u00e9ger<\/a>&nbsp;est n\u00e9 vers&nbsp;<a href=\"https:\/\/fr.wikipedia.org\/wiki\/616\">616<\/a>.&nbsp;<a href=\"https:\/\/fr.wikipedia.org\/wiki\/Abbatiale_Saint-Maixent_de_Saint-Maixent-l%27%C3%89cole\">Abb\u00e9 de Saint-Maixent-en-Poitou<\/a>&nbsp;puis&nbsp;<a href=\"https:\/\/fr.wikipedia.org\/wiki\/Liste_des_%C3%A9v%C3%AAques_d%27Autun\">\u00e9v\u00eaque d&rsquo;Autun<\/a>, il est martyris\u00e9 et&nbsp;<a href=\"https:\/\/fr.wikipedia.org\/wiki\/D%C3%A9capit%C3%A9\">d\u00e9capit\u00e9<\/a>&nbsp;pr\u00e8s d&rsquo;<a href=\"https:\/\/fr.wikipedia.org\/wiki\/Arras\">Arras<\/a>&nbsp;en&nbsp;<a href=\"https:\/\/fr.wikipedia.org\/wiki\/678\">678<\/a>. Ses&nbsp;<a href=\"https:\/\/fr.wikipedia.org\/wiki\/Reliques\">reliques<\/a>&nbsp;sont transf\u00e9r\u00e9es \u00e0&nbsp;<a href=\"https:\/\/fr.wikipedia.org\/wiki\/Saint-Maixent-l%27%C3%89cole\">Saint-Maixent<\/a>. Un&nbsp;<a href=\"https:\/\/fr.wikipedia.org\/wiki\/Sanctuaire\">sanctuaire<\/a>&nbsp;lui est consacr\u00e9 vers la fin du&nbsp;vii<sup>e<\/sup>&nbsp;si\u00e8cle entre&nbsp;<a href=\"https:\/\/fr.wikipedia.org\/wiki\/Chambourcy\">Chambourcy<\/a>&nbsp;et&nbsp;<a href=\"https:\/\/fr.wikipedia.org\/wiki\/Saint-Germain-en-Laye\">Saint-Germain-en-Laye<\/a>.<\/p>\n\n\n\n<h5 class=\"wp-block-heading\">Saint-L\u00e9ger-en-Laye<\/h5>\n\n\n\n<p>Au&nbsp;<a href=\"https:\/\/fr.wikipedia.org\/wiki\/VIIe_si%C3%A8cle\"><abbr title=\"7\u1d49 si\u00e8cle\">vii<sup>e<\/sup><\/abbr>&nbsp;si\u00e8cle<\/a>, un hameau se construit, en haut du val du&nbsp;<a href=\"https:\/\/fr.wikipedia.org\/wiki\/Ru_de_Buzot\">ru de Buzot<\/a>, autour d\u2019une chapelle, d\u00e9di\u00e9e \u00e0&nbsp;<a href=\"https:\/\/fr.wikipedia.org\/wiki\/L%C3%A9ger_d%27Autun\">saint L\u00e9ger<\/a>, \u00e9lev\u00e9e par le roi&nbsp;<a href=\"https:\/\/fr.wikipedia.org\/wiki\/M%C3%A9rovingien\">m\u00e9rovingien<\/a>&nbsp;<a href=\"https:\/\/fr.wikipedia.org\/wiki\/Thierry_III\">Thierry III<\/a>&nbsp;en r\u00e9paration du&nbsp;<a href=\"https:\/\/fr.wikipedia.org\/wiki\/Martyr\">martyre<\/a>&nbsp;de ce&nbsp;<a href=\"https:\/\/fr.wikipedia.org\/wiki\/Saint\">saint<\/a>,&nbsp;<a href=\"https:\/\/fr.wikipedia.org\/wiki\/Liste_des_%C3%A9v%C3%AAques_d%27Autun\">\u00e9v\u00eaque d\u2019Autun<\/a>&nbsp;en&nbsp;<a href=\"https:\/\/fr.wikipedia.org\/wiki\/678\">678<\/a>.<\/p>\n\n\n\n<p>La&nbsp;<a href=\"https:\/\/fr.wikipedia.org\/wiki\/Paroisse\">paroisse<\/a>&nbsp;de Saint-L\u00e9ger-en-Laye, dont l&rsquo;existence de l&rsquo;\u00e9glise est attest\u00e9e d\u00e8s&nbsp;<a href=\"https:\/\/fr.wikipedia.org\/wiki\/1314\">1314<\/a>, est cr\u00e9\u00e9e sous le roi&nbsp;<a href=\"https:\/\/fr.wikipedia.org\/wiki\/Robert_le_Pieux\">Robert le Pieux<\/a>. Elle fait partie du&nbsp;<a href=\"https:\/\/fr.wikipedia.org\/wiki\/Dioc%C3%A8se_de_Chartres\">dioc\u00e8se de Chartres<\/a>, alors que sa voisine de&nbsp;<a href=\"https:\/\/fr.wikipedia.org\/wiki\/Saint-Germain-en-Laye\">Saint-Germain-en-Laye<\/a>&nbsp;fait partie du&nbsp;<a href=\"https:\/\/fr.wikipedia.org\/wiki\/Dioc%C3%A8se_de_Paris\">dioc\u00e8se de Paris<\/a>. L&rsquo;\u00e9glise se situe alors \u00e0 la place de l&rsquo;actuelle Villa Campan au&nbsp;n<sup>o<\/sup>&nbsp;19 rue du Mar\u00e9chal-Galli\u00e9ni pr\u00e8s de la&nbsp;<a href=\"https:\/\/fr.wikipedia.org\/wiki\/Route_nationale_13_(France)\">RN13<\/a>et son&nbsp;<a href=\"https:\/\/fr.wikipedia.org\/wiki\/Presbyt%C3%A8re\">presbyt\u00e8re<\/a>&nbsp;se trouve \u00e0 l&rsquo;actuel&nbsp;n<sup>o<\/sup>&nbsp;17 rue du Mar\u00e9chal-Galli\u00e9ni. Au&nbsp;<a href=\"https:\/\/fr.wikipedia.org\/wiki\/XIIe_si%C3%A8cle\">XIIe<\/a>&nbsp;et&nbsp;<a href=\"https:\/\/fr.wikipedia.org\/wiki\/XIIIe_si%C3%A8cle\">XIIIe si\u00e8cles<\/a>, le&nbsp;<a href=\"https:\/\/fr.wikipedia.org\/wiki\/Ruisseau\">ru<\/a>&nbsp;permet au hameau de se d\u00e9velopper gr\u00e2ce \u00e0 la mise en culture des terres avoisinantes et de l&rsquo;installation de&nbsp;<a href=\"https:\/\/fr.wikipedia.org\/wiki\/Moulin_%C3%A0_farine\">moulins \u00e0 farine<\/a>&nbsp;et de tanneries.<\/p>\n\n\n\n<p>Au&nbsp;<a href=\"https:\/\/fr.wikipedia.org\/wiki\/XVIIIe_si%C3%A8cle\"><abbr title=\"18\u1d49 si\u00e8cle\">xviii<sup>e<\/sup><\/abbr>&nbsp;si\u00e8cle<\/a>, on recense dans le village deux&nbsp;<a href=\"https:\/\/fr.wikipedia.org\/wiki\/Moulin_%C3%A0_eau\">moulins \u00e0 eau<\/a>, cinq&nbsp;<a href=\"https:\/\/fr.wikipedia.org\/wiki\/Blanchisserie\">blanchisseries<\/a>&nbsp;de linge et trois&nbsp;<a href=\"https:\/\/fr.wikipedia.org\/wiki\/Tannerie\">tanneries<\/a>. Le&nbsp;<a href=\"https:\/\/fr.wikipedia.org\/wiki\/Cahier_de_dol%C3%A9ances\">cahier de dol\u00e9ances<\/a>&nbsp;de 1789, indique \u00e9galement que le terrain alors est compos\u00e9 de marais, de terres et de vignes et que la&nbsp;<a href=\"https:\/\/fr.wikipedia.org\/wiki\/Ch%C3%A2teau_d%27Hennemont\">ferme d&rsquo;Hennemont<\/a>, l&rsquo;abbaye et le couvent&nbsp;occup\u00e9, entre autres, par le moine, cur\u00e9 du&nbsp;<a href=\"https:\/\/fr.wikipedia.org\/wiki\/Port-Marly\">Port de Marly-le-Roi<\/a>.&nbsp;<\/p>\n\n\n\n<p>Pendant les tourmentes de la&nbsp;<a href=\"https:\/\/fr.wikipedia.org\/wiki\/R%C3%A9volution_fran%C3%A7aise\">R\u00e9volution fran\u00e7aise<\/a>, la paroisse Saint-L\u00e9ger est supprim\u00e9e par l&rsquo;arr\u00eat\u00e9 du&nbsp;<a href=\"https:\/\/fr.wikipedia.org\/wiki\/Pluvi%C3%B4se\"><abbr title=\"Premier\">1<sup>er<\/sup><\/abbr>&nbsp;pluvi\u00f4se<\/a>&nbsp;<a href=\"https:\/\/fr.wikipedia.org\/wiki\/An_II\">an II<\/a>&nbsp;(20 janvier 1794) pour \u00eatre rattach\u00e9e \u00e0&nbsp;<a href=\"https:\/\/fr.wikipedia.org\/wiki\/Saint-Germain-en-Laye\">Saint-Germain-en-Laye<\/a>&nbsp;et apporter \u00e0 cette ville un grand nombre de terres agricoles et de&nbsp;<a href=\"https:\/\/fr.wikipedia.org\/wiki\/Vigne\">vignes<\/a>. L&rsquo;\u00e9glise Saint-L\u00e9ger, le presbyt\u00e8re et les d\u00e9pendances sont vendus comme&nbsp;<a href=\"https:\/\/fr.wikipedia.org\/wiki\/Biens_nationaux\">biens nationaux<\/a>&nbsp;puis l&rsquo;\u00e9glise est ensuite d\u00e9molie.<\/p>\n\n\n\n<h5 class=\"wp-block-heading\">L&rsquo;\u00e9glise contemporaine<\/h5>\n\n\n\n<p>Apr\u00e8s la&nbsp;<a href=\"https:\/\/fr.wikipedia.org\/wiki\/Seconde_Guerre_mondiale\">Seconde Guerre mondiale<\/a>, l&rsquo;extension de la ville de&nbsp;<a href=\"https:\/\/fr.wikipedia.org\/wiki\/Saint-Germain-en-Laye\">Saint-Germain-en-Laye<\/a>&nbsp;dans le quartier sud n\u00e9cessite la cr\u00e9ation d&rsquo;une seconde&nbsp;<a href=\"https:\/\/fr.wikipedia.org\/wiki\/Paroisse\">paroisse<\/a>, en plus de&nbsp;<a href=\"https:\/\/fr.wikipedia.org\/wiki\/%C3%89glise_Saint-Germain_de_Saint-Germain-en-Laye\">l&rsquo;\u00e9glise Saint-Germain<\/a>.&nbsp;<br>En 1959, le P\u00e8re Gufflet, cur\u00e9, d\u00e9cide de faire construire une nouvelle \u00e9glise, d\u00e9di\u00e9e \u00e0 Saint-L\u00e9ger. Elle ne se trouve pas exactement au m\u00eame endroit que l&rsquo;ancienne mais dans le parc de la Maison Verte, une grande demeure bourgeoise du d\u00e9but du&nbsp;<a href=\"https:\/\/fr.wikipedia.org\/wiki\/XIXe_si%C3%A8cle\"><abbr title=\"19\u1d49 si\u00e8cle\">xix<sup>e<\/sup><\/abbr>&nbsp;si\u00e8cle<\/a>, qui devient le nouveau&nbsp;<a href=\"https:\/\/fr.wikipedia.org\/wiki\/Presbyt%C3%A8re\">presbyt\u00e8re<\/a>. La r\u00e9alisation de la nouvelle \u00e9glise est confi\u00e9e \u00e0 deux Saint-Germanois&nbsp;: Jean-Baptiste Hourlier (1897-1987),&nbsp;<a href=\"https:\/\/fr.wikipedia.org\/wiki\/Architecte_en_chef_des_monuments_historiques\">architecte en chef des monuments historiques<\/a>, et Ivan Gury,&nbsp;<a href=\"https:\/\/fr.wikipedia.org\/wiki\/Architecte_des_b%C3%A2timents_civils_et_palais_nationaux\">architecte des b\u00e2timents civils et palais nationaux<\/a>. Construit sur un plan triangulaire, couvert par une charpente apparente de grande port\u00e9e, le b\u00e2timent est d\u2019une ligne sobre et moderne. Les vitraux, ex\u00e9cut\u00e9s en r\u00e9sine color\u00e9e par le maitre verrier Petit, dosent lumi\u00e8re et couleur.<\/p>\n\n\n\n<p>La premi\u00e8re pierre de l&rsquo;\u00e9glise est pos\u00e9e le&nbsp;8 novembre 1959&nbsp;par monseigneur&nbsp;<a href=\"https:\/\/fr.wikipedia.org\/wiki\/Alexandre_Renard\">Alexandre Renard<\/a>,&nbsp;<a href=\"https:\/\/fr.wikipedia.org\/wiki\/Dioc%C3%A8se_de_Versailles\">\u00e9v\u00eaque de Versailles<\/a>, et l&rsquo;\u00e9glise Saint-L\u00e9ger est consacr\u00e9e lors de la b\u00e9n\u00e9diction du&nbsp;17 septembre 1961. Le&nbsp;21 septembre 1962, l\u2019\u00e9v\u00eaque de Versailles \u00e9rige la nouvelle paroisse de Saint L\u00e9ger, avec pour date effective le&nbsp;2 octobre, f\u00eate de Saint L\u00e9ger. Le premier cur\u00e9 en est le p\u00e8re Jacques P\u00e9nicaud.<\/p>\n\n\n\n<p>Le dimanche&nbsp;21 octobre 2012, la nouvelle \u00e9glise Saint-L\u00e9ger c\u00e9l\u00e8bre les 50 ans de son existence. Pour l&rsquo;occasion, l&rsquo;<a href=\"https:\/\/fr.wikipedia.org\/wiki\/Dioc%C3%A8se_de_Versailles\">\u00e9v\u00eaque de Versailles<\/a>, Monseigneur&nbsp;<a href=\"https:\/\/fr.wikipedia.org\/wiki\/%C3%89ric_Aumonier\">\u00c9ric Aumonier<\/a>, vient y c\u00e9l\u00e9brer la messe et y prononcer l&rsquo;<a href=\"https:\/\/fr.wikipedia.org\/wiki\/Hom%C3%A9lie\">hom\u00e9lie<\/a>.<\/p>\n\n\n\n<hr class=\"wp-block-separator has-alpha-channel-opacity\"\/>\n\n\n\n<h5 class=\"wp-block-heading\">commentaires :<a href=\"http:\/\/saint-germain.us\/index.php\/page-d-exemple\/\"> ICI<\/a><\/h5>\n","protected":false},"excerpt":{"rendered":"<p>Eglise Saint-L\u00e9ger La page pr\u00e9sente : Le presbyt\u00e8re, La statue du Christ dans l&rsquo;\u00e9glise. Carte du livre : B Adresse :\u00a0 Vous pouvez ajouter des commentaires en bas de page. Sujet \u00c9glise Saint-L\u00e9ger Lien Ici Origine Wikip\u00e9dia Date de r\u00e9vision 111\/08\/2023 Bien que l&rsquo;\u00e9glise Saint-L\u00e9ger ait \u00e9t\u00e9 construite au&nbsp;xxe&nbsp;si\u00e8cle, son origine est tr\u00e8s ancienne et [&hellip;]<\/p>\n","protected":false},"author":1,"featured_media":0,"parent":0,"menu_order":0,"comment_status":"closed","ping_status":"closed","template":"","meta":{"footnotes":""},"class_list":["post-149","page","type-page","status-publish","hentry"],"_links":{"self":[{"href":"https:\/\/saint-germain.us\/index.php\/wp-json\/wp\/v2\/pages\/149","targetHints":{"allow":["GET"]}}],"collection":[{"href":"https:\/\/saint-germain.us\/index.php\/wp-json\/wp\/v2\/pages"}],"about":[{"href":"https:\/\/saint-germain.us\/index.php\/wp-json\/wp\/v2\/types\/page"}],"author":[{"embeddable":true,"href":"https:\/\/saint-germain.us\/index.php\/wp-json\/wp\/v2\/users\/1"}],"replies":[{"embeddable":true,"href":"https:\/\/saint-germain.us\/index.php\/wp-json\/wp\/v2\/comments?post=149"}],"version-history":[{"count":15,"href":"https:\/\/saint-germain.us\/index.php\/wp-json\/wp\/v2\/pages\/149\/revisions"}],"predecessor-version":[{"id":2284,"href":"https:\/\/saint-germain.us\/index.php\/wp-json\/wp\/v2\/pages\/149\/revisions\/2284"}],"wp:attachment":[{"href":"https:\/\/saint-germain.us\/index.php\/wp-json\/wp\/v2\/media?parent=149"}],"curies":[{"name":"wp","href":"https:\/\/api.w.org\/{rel}","templated":true}]}}