{"id":153,"date":"2023-04-29T09:20:21","date_gmt":"2023-04-29T07:20:21","guid":{"rendered":"http:\/\/saint-germain.us\/?page_id=153"},"modified":"2023-09-25T10:43:25","modified_gmt":"2023-09-25T08:43:25","slug":"p63","status":"publish","type":"page","link":"https:\/\/saint-germain.us\/index.php\/p63\/","title":{"rendered":"P63"},"content":{"rendered":"\n<h2 class=\"wp-block-heading\">Eglise Sainte-Croix<\/h2>\n\n\n\n<hr class=\"wp-block-separator has-alpha-channel-opacity\"\/>\n\n\n<p><span style=\"color: #333399;\">La page pr\u00e9sente :<\/span><\/p>\n<ul>\n<li><span style=\"color: #000080;\">Une vue de l&rsquo;ext\u00e9rieur de l&rsquo;\u00e9glise,<\/span><\/li>\n<li><span style=\"color: #000080;\">Une vue int\u00e9rieure,<\/span><\/li>\n<li><span style=\"color: #000080;\">Statue du Christ en bois polychrome du XVe si\u00e8cle dont a pu s&rsquo;inspirer le peintre <a href=\"http:\/\/saint-germain.us\/index.php\/p54\/\">Henri MARRET<\/a> pour repr\u00e9senter J\u00e9sus dans ses chemins de Croix.<\/span><\/li>\n<\/ul>\n<p><span style=\"color: #333399;\">Carte du livre : B<\/span><\/p>\n<p><span style=\"color: #333399;\">Adresse : 4 rue de Saint-Nom<\/span><\/p>\n<p><em><span style=\"color: #333399;\">Vous pouvez ajouter des commentaires en bas de page.<\/span><\/em><\/p>\n\n\n<hr class=\"wp-block-separator has-alpha-channel-opacity\"\/>\n\n\n\n<div style=\"height:18px\" aria-hidden=\"true\" class=\"wp-block-spacer\"><\/div>\n\n\n\n<figure class=\"wp-block-image size-large\"><img loading=\"lazy\" decoding=\"async\" width=\"1024\" height=\"575\" src=\"http:\/\/saint-germain.us\/wp-content\/uploads\/2023\/07\/Eglise-fouyrqueux-2-1024x575.jpg\" alt=\"\" class=\"wp-image-1734\" srcset=\"https:\/\/saint-germain.us\/wp-content\/uploads\/2023\/07\/Eglise-fouyrqueux-2-1024x575.jpg 1024w, https:\/\/saint-germain.us\/wp-content\/uploads\/2023\/07\/Eglise-fouyrqueux-2-300x169.jpg 300w, https:\/\/saint-germain.us\/wp-content\/uploads\/2023\/07\/Eglise-fouyrqueux-2-768x431.jpg 768w, https:\/\/saint-germain.us\/wp-content\/uploads\/2023\/07\/Eglise-fouyrqueux-2-1536x863.jpg 1536w, https:\/\/saint-germain.us\/wp-content\/uploads\/2023\/07\/Eglise-fouyrqueux-2-2048x1151.jpg 2048w\" sizes=\"auto, (max-width: 1024px) 100vw, 1024px\" \/><figcaption class=\"wp-element-caption\">\u00c9glise de la Sainte Croix (@Philippe GOUT)<\/figcaption><\/figure>\n\n\n\n<figure class=\"wp-block-image size-large\"><img loading=\"lazy\" decoding=\"async\" width=\"1024\" height=\"994\" src=\"http:\/\/saint-germain.us\/wp-content\/uploads\/2023\/07\/Eglise-Fourqueux-1-1024x994.jpg\" alt=\"\" class=\"wp-image-1783\" srcset=\"https:\/\/saint-germain.us\/wp-content\/uploads\/2023\/07\/Eglise-Fourqueux-1-1024x994.jpg 1024w, https:\/\/saint-germain.us\/wp-content\/uploads\/2023\/07\/Eglise-Fourqueux-1-300x291.jpg 300w, https:\/\/saint-germain.us\/wp-content\/uploads\/2023\/07\/Eglise-Fourqueux-1-768x746.jpg 768w, https:\/\/saint-germain.us\/wp-content\/uploads\/2023\/07\/Eglise-Fourqueux-1-1536x1492.jpg 1536w, https:\/\/saint-germain.us\/wp-content\/uploads\/2023\/07\/Eglise-Fourqueux-1-2048x1989.jpg 2048w\" sizes=\"auto, (max-width: 1024px) 100vw, 1024px\" \/><figcaption class=\"wp-element-caption\">(@Philippe GOUT)<\/figcaption><\/figure>\n\n\n\n<figure class=\"wp-block-image size-large\"><img loading=\"lazy\" decoding=\"async\" width=\"1024\" height=\"725\" src=\"http:\/\/saint-germain.us\/wp-content\/uploads\/2023\/08\/Eglise-de-Fourqueux-2-1024x725.jpg\" alt=\"\" class=\"wp-image-1927\" srcset=\"https:\/\/saint-germain.us\/wp-content\/uploads\/2023\/08\/Eglise-de-Fourqueux-2-1024x725.jpg 1024w, https:\/\/saint-germain.us\/wp-content\/uploads\/2023\/08\/Eglise-de-Fourqueux-2-300x212.jpg 300w, https:\/\/saint-germain.us\/wp-content\/uploads\/2023\/08\/Eglise-de-Fourqueux-2-768x544.jpg 768w, https:\/\/saint-germain.us\/wp-content\/uploads\/2023\/08\/Eglise-de-Fourqueux-2-1536x1088.jpg 1536w, https:\/\/saint-germain.us\/wp-content\/uploads\/2023\/08\/Eglise-de-Fourqueux-2-2048x1450.jpg 2048w\" sizes=\"auto, (max-width: 1024px) 100vw, 1024px\" \/><figcaption class=\"wp-element-caption\">\u00c9glise Sainte Croix de Fourqueux (@Philippe GOUT)<\/figcaption><\/figure>\n\n\n\n<hr class=\"wp-block-separator has-alpha-channel-opacity\"\/>\n\n\n\n<div style=\"height:18px\" aria-hidden=\"true\" class=\"wp-block-spacer\"><\/div>\n\n\n\n<figure class=\"wp-block-table\"><table><tbody><tr><td>Sujet <\/td><td>Histoire de l&rsquo;\u00c9glise de la  Sainte-Croix<\/td><\/tr><tr><td>Lien<\/td><td><a href=\"https:\/\/saintetrinite78.fr\/histoire-de-leglise-sainte-croix-de-fourqueux\/\">Ici<\/a><\/td><\/tr><tr><td>Origine<\/td><td>Communaut\u00e9 paroissiale de la Sainte Trinit\u00e9<\/td><\/tr><tr><td><\/td><td><\/td><\/tr><tr><td>Date de r\u00e9vision<\/td><td>11\/08\/2023<\/td><\/tr><\/tbody><\/table><\/figure>\n\n\n\n<p>C\u2019est au Vll\u00e8me si\u00e8cle que Fourqueux fut christianis\u00e9. Il se d\u00e9nommait alors&nbsp;<em>pagus de fulchosa<\/em>&nbsp;\u2013 lieu o\u00f9 il y a des foug\u00e8res. Le village eut alors une chapelle qui fut d\u00e9truite par les Normands. Au Xlll\u00e8me si\u00e8cle saint Louis et sa m\u00e8re Blanche de Castille auraient contribu\u00e9 \u00e0 l\u2019\u00e9dification de l\u2019\u00e9glise actuelle qui fut achev\u00e9e en 1260. L\u2019\u00e9glise est d\u00e9di\u00e9e \u00e0 l\u2019Exaltation de la Sainte-Croix, traditionnellement f\u00eat\u00e9e tous les ans au mois de septembre. Un grand Christ en bois du XVll\u00e8me si\u00e8cle est expos\u00e9 derri\u00e8re le ma\u00eetre autel et une statue du Christ portant sa Croix face \u00e0 la porte d\u2019entr\u00e9e.<\/p>\n\n\n\n<p>L\u2019\u00e9glise construite pour un village de 400 habitants, selon la disposition des \u00e9glises rurales en Ile-de-France, appartient au style gothique primitif (Saint-Denis, Laon, Noyon\u2026) : crois\u00e9e d\u2019ogives, murs \u00e9pais, absence de transept.<\/p>\n\n\n\n<p>L\u2019\u00e9glise a perdu en 1962 son clocher pyramidal qui mena\u00e7ait de s\u2019effondrer. Il a \u00e9t\u00e9 remplac\u00e9 par un clocher en bois. Il contient quatre cloches : Marie, saint Louis, Blanche de Castille et la petite Marie qui a la particularit\u00e9 de sonner \u00e0 trois reprises lors de l\u2019\u00e9l\u00e9vation pendant les messes.<\/p>\n\n\n\n<p>Le chemin de croix a \u00e9t\u00e9 r\u00e9alis\u00e9 en 1922 par le peintre Henri Marret (habitant de Fourqueux, <em>ami<\/em>* de Maurice Denis). Il pr\u00e9sente quatorze stations \u00e0 fresque sur enduit de chaux. Aquarelliste et sp\u00e9cialiste de la fresque, ses \u0153uvres sont influenc\u00e9es par le symbolisme.<\/p>\n\n\n\n<p>En 2016, le P\u00e8re Aristide a fait reconfigurer le ch\u0153ur : autel de dimensions r\u00e9duites, tabernacle sur le c\u00f4t\u00e9.<\/p>\n\n\n\n<p>Aujourd\u2019hui, il subsiste des d\u00e9sordres structurels portant sur deux piliers au fond de l\u2019\u00e9glise. Des cerclages ont \u00e9t\u00e9 pos\u00e9s avec des t\u00e9moins. ll y aurait lieu de consolider les fondations, d\u2019ass\u00e9cher les murs, de remplacer la toiture et de restaurer les fresques. Ces travaux seront pris en charge par la commune nouvelle de Saint-Germain-en-Laye.<\/p>\n\n\n\n<p>Le 19 mai 2019 la paroisse a \u00e9t\u00e9 consacr\u00e9e \u00e0 la Sainte Vierge Marie.<\/p>\n\n\n\n<p>L\u2019\u00e9glise et le chemin de croix sont class\u00e9s \u00ab Monument Historique \u00bb depuis le 14 juin 1946.<\/p>\n\n\n\n<p>*  Correction de Monique Grout (Remplacement du mot \u00ab\u00a0\u00e9l\u00e8ve\u00a0\u00bb) , \u00ab\u00a0Maurice Denis a dit d&rsquo;Henri Marret qu&rsquo;il \u00e9tait le plus grand fresquiste de son \u00e9poque.\u00a0\u00bb<\/p>\n\n\n\n<hr class=\"wp-block-separator has-alpha-channel-opacity\"\/>\n\n\n\n<figure class=\"wp-block-image aligncenter size-large\"><img loading=\"lazy\" decoding=\"async\" width=\"726\" height=\"1024\" src=\"http:\/\/saint-germain.us\/wp-content\/uploads\/2023\/09\/1962b_deconstruction-clocher-Sainte-Croix-Fourqueux-726x1024.jpg\" alt=\"\" class=\"wp-image-3215\" srcset=\"https:\/\/saint-germain.us\/wp-content\/uploads\/2023\/09\/1962b_deconstruction-clocher-Sainte-Croix-Fourqueux-726x1024.jpg 726w, https:\/\/saint-germain.us\/wp-content\/uploads\/2023\/09\/1962b_deconstruction-clocher-Sainte-Croix-Fourqueux-213x300.jpg 213w, https:\/\/saint-germain.us\/wp-content\/uploads\/2023\/09\/1962b_deconstruction-clocher-Sainte-Croix-Fourqueux-768x1083.jpg 768w, https:\/\/saint-germain.us\/wp-content\/uploads\/2023\/09\/1962b_deconstruction-clocher-Sainte-Croix-Fourqueux-1089x1536.jpg 1089w, https:\/\/saint-germain.us\/wp-content\/uploads\/2023\/09\/1962b_deconstruction-clocher-Sainte-Croix-Fourqueux-1452x2048.jpg 1452w, https:\/\/saint-germain.us\/wp-content\/uploads\/2023\/09\/1962b_deconstruction-clocher-Sainte-Croix-Fourqueux-scaled.jpg 1815w\" sizes=\"auto, (max-width: 726px) 100vw, 726px\" \/><figcaption class=\"wp-element-caption\">1962 &#8211; D\u00e9construction du clocher (@Photo Belzeaux-Rapho)<\/figcaption><\/figure>\n\n\n\n<h5 class=\"wp-block-heading\">Pierre BELZEAUX<\/h5>\n\n\n\n<h6 class=\"wp-block-heading\">Photographe fourqueusien (1922-2009)<\/h6>\n\n\n\n<p>Photographe fourqueusien (1922-2009)<\/p>\n\n\n\n<p>Pierre Belzeaux a un an lorsque sa famille s&rsquo;installe \u00e0 Fourqueux.<\/p>\n\n\n\n<p>Tr\u00e8s t\u00f4t sa grand-m\u00e8re lui fait d\u00e9couvrir la photographie et c&rsquo;est \u00e0 l&rsquo;\u00e2ge de 13 ans qu&rsquo;il acquiert son premier appareil photo : un Bessa pliant.<\/p>\n\n\n\n<p>De Fourqueux aux \u00c9tats-Unis,  Pierre Belzeaux photographie\u00a0des monuments, des c\u00e9l\u00e9brit\u00e9s, des inconnus et explore des nouvelles techniques de\u00a0photographie. Fort de ce qu&rsquo;il a\u00a0v\u00e9cu aux \u00c9tats Unis, il \u00e9tend\u00a0ses activit\u00e9s au monde\u00a0industriel, en particulier dans\u00a0le cadre du plan Marshall.<\/p>\n\n\n\n<p>Photographe humaniste, dans le sillage de Robert Doisneau, il reste fid\u00e8le \u00e0 son village et \u00e0 ses habitants. Il est de tous les instants, immortalisant les moments forts : mariages, communions, remises de prix, le bapt\u00eame des cloches, le Tour de France, le magnifique Pierre Belzeaux, photographe fourqueusien dont la modestie rend son \u0153uvre encore plus belle.<\/p>\n\n\n\n<div style=\"height:18px\" aria-hidden=\"true\" class=\"wp-block-spacer\"><\/div>\n\n\n\n<figure class=\"wp-block-image aligncenter size-large is-resized\"><img loading=\"lazy\" decoding=\"async\" src=\"http:\/\/saint-germain.us\/wp-content\/uploads\/2023\/09\/Capture-decran-2023-09-25-a-10.36.40-754x1024.png\" alt=\"\" class=\"wp-image-3217\" style=\"width:244px;height:331px\" width=\"244\" height=\"331\" srcset=\"https:\/\/saint-germain.us\/wp-content\/uploads\/2023\/09\/Capture-decran-2023-09-25-a-10.36.40-754x1024.png 754w, https:\/\/saint-germain.us\/wp-content\/uploads\/2023\/09\/Capture-decran-2023-09-25-a-10.36.40-221x300.png 221w, https:\/\/saint-germain.us\/wp-content\/uploads\/2023\/09\/Capture-decran-2023-09-25-a-10.36.40-768x1043.png 768w, https:\/\/saint-germain.us\/wp-content\/uploads\/2023\/09\/Capture-decran-2023-09-25-a-10.36.40.png 792w\" sizes=\"auto, (max-width: 244px) 100vw, 244px\" \/><figcaption class=\"wp-element-caption\">\u00ab\u00a0Je pense qu&rsquo;il faut rester tr\u00e8s modeste devant son travail et se contenter des joies qu&rsquo;il nous dispense, tr\u00e8s discr\u00e8tement mais aussi tr\u00e8s efficacement, au jour le jour.\u00a0\u00bb<\/figcaption><\/figure>\n\n\n\n<div style=\"height:18px\" aria-hidden=\"true\" class=\"wp-block-spacer\"><\/div>\n\n\n\n<hr class=\"wp-block-separator has-alpha-channel-opacity\"\/>\n\n\n\n<h5 class=\"wp-block-heading\">commentaires :<a href=\"http:\/\/saint-germain.us\/index.php\/page-d-exemple\/\"> ICI<\/a><\/h5>\n\n\n\n<hr class=\"wp-block-separator has-alpha-channel-opacity\"\/>\n","protected":false},"excerpt":{"rendered":"<p>Eglise Sainte-Croix La page pr\u00e9sente : Une vue de l&rsquo;ext\u00e9rieur de l&rsquo;\u00e9glise, Une vue int\u00e9rieure, Statue du Christ en bois polychrome du XVe si\u00e8cle dont a pu s&rsquo;inspirer le peintre Henri MARRET pour repr\u00e9senter J\u00e9sus dans ses chemins de Croix. Carte du livre : B Adresse : 4 rue de Saint-Nom Vous pouvez ajouter des [&hellip;]<\/p>\n","protected":false},"author":1,"featured_media":0,"parent":0,"menu_order":0,"comment_status":"closed","ping_status":"closed","template":"","meta":{"footnotes":""},"class_list":["post-153","page","type-page","status-publish","hentry"],"_links":{"self":[{"href":"https:\/\/saint-germain.us\/index.php\/wp-json\/wp\/v2\/pages\/153","targetHints":{"allow":["GET"]}}],"collection":[{"href":"https:\/\/saint-germain.us\/index.php\/wp-json\/wp\/v2\/pages"}],"about":[{"href":"https:\/\/saint-germain.us\/index.php\/wp-json\/wp\/v2\/types\/page"}],"author":[{"embeddable":true,"href":"https:\/\/saint-germain.us\/index.php\/wp-json\/wp\/v2\/users\/1"}],"replies":[{"embeddable":true,"href":"https:\/\/saint-germain.us\/index.php\/wp-json\/wp\/v2\/comments?post=153"}],"version-history":[{"count":16,"href":"https:\/\/saint-germain.us\/index.php\/wp-json\/wp\/v2\/pages\/153\/revisions"}],"predecessor-version":[{"id":3220,"href":"https:\/\/saint-germain.us\/index.php\/wp-json\/wp\/v2\/pages\/153\/revisions\/3220"}],"wp:attachment":[{"href":"https:\/\/saint-germain.us\/index.php\/wp-json\/wp\/v2\/media?parent=153"}],"curies":[{"name":"wp","href":"https:\/\/api.w.org\/{rel}","templated":true}]}}