{"id":155,"date":"2023-04-29T09:20:32","date_gmt":"2023-04-29T07:20:32","guid":{"rendered":"http:\/\/saint-germain.us\/?page_id=155"},"modified":"2023-08-10T18:59:10","modified_gmt":"2023-08-10T16:59:10","slug":"p59","status":"publish","type":"page","link":"https:\/\/saint-germain.us\/index.php\/p59\/","title":{"rendered":"P59"},"content":{"rendered":"\n<h2 class=\"wp-block-heading\">Nouveaux quartiers<\/h2>\n\n\n\n<hr class=\"wp-block-separator has-alpha-channel-opacity\"\/>\n\n\n<p><span style=\"color: #333399;\">La page pr\u00e9sente :<\/span><\/p>\n<p><span style=\"color: #ff0000;\">En attente<\/span><\/p>\n<p><span style=\"color: #333399;\">Carte du livre :&nbsp;<\/span><\/p>\n<p><span style=\"color: #333399;\">Adresse :&nbsp;<\/span><\/p>\n<p><em><span style=\"color: #333399;\">Vous pouvez ajouter des commentaires en bas de page.<\/span><\/em><\/p>\n\n\n<hr class=\"wp-block-separator has-alpha-channel-opacity\"\/>\n\n\n\n<div style=\"height:18px\" aria-hidden=\"true\" class=\"wp-block-spacer\"><\/div>\n\n\n\n<figure class=\"wp-block-image size-large\"><img loading=\"lazy\" decoding=\"async\" width=\"767\" height=\"1024\" src=\"http:\/\/saint-germain.us\/wp-content\/uploads\/2023\/07\/Chateau-deau-recadree--767x1024.jpg\" alt=\"\" class=\"wp-image-1312\" srcset=\"https:\/\/saint-germain.us\/wp-content\/uploads\/2023\/07\/Chateau-deau-recadree--767x1024.jpg 767w, https:\/\/saint-germain.us\/wp-content\/uploads\/2023\/07\/Chateau-deau-recadree--225x300.jpg 225w, https:\/\/saint-germain.us\/wp-content\/uploads\/2023\/07\/Chateau-deau-recadree--768x1025.jpg 768w, https:\/\/saint-germain.us\/wp-content\/uploads\/2023\/07\/Chateau-deau-recadree--1150x1536.jpg 1150w, https:\/\/saint-germain.us\/wp-content\/uploads\/2023\/07\/Chateau-deau-recadree--1534x2048.jpg 1534w, https:\/\/saint-germain.us\/wp-content\/uploads\/2023\/07\/Chateau-deau-recadree--scaled.jpg 1917w\" sizes=\"auto, (max-width: 767px) 100vw, 767px\" \/><figcaption class=\"wp-element-caption\">Ch\u00e2teaux d&rsquo;eau (am\u00e9lior\u00e9e@Philippe GOUT)<\/figcaption><\/figure>\n\n\n\n<figure class=\"wp-block-image size-large\"><img loading=\"lazy\" decoding=\"async\" width=\"1024\" height=\"626\" src=\"http:\/\/saint-germain.us\/wp-content\/uploads\/2023\/08\/Nouveaux-quartiers-1024x626.jpg\" alt=\"\" class=\"wp-image-1978\" srcset=\"https:\/\/saint-germain.us\/wp-content\/uploads\/2023\/08\/Nouveaux-quartiers-1024x626.jpg 1024w, https:\/\/saint-germain.us\/wp-content\/uploads\/2023\/08\/Nouveaux-quartiers-300x183.jpg 300w, https:\/\/saint-germain.us\/wp-content\/uploads\/2023\/08\/Nouveaux-quartiers-768x470.jpg 768w, https:\/\/saint-germain.us\/wp-content\/uploads\/2023\/08\/Nouveaux-quartiers-1536x939.jpg 1536w, https:\/\/saint-germain.us\/wp-content\/uploads\/2023\/08\/Nouveaux-quartiers-2048x1252.jpg 2048w\" sizes=\"auto, (max-width: 1024px) 100vw, 1024px\" \/><figcaption class=\"wp-element-caption\">Nouveaux quartiers (@Philippe GOUT)\n<\/figcaption><\/figure>\n\n\n\n<hr class=\"wp-block-separator has-alpha-channel-opacity\"\/>\n\n\n\n<div style=\"height:18px\" aria-hidden=\"true\" class=\"wp-block-spacer\"><\/div>\n\n\n\n<figure class=\"wp-block-table\"><table><tbody><tr><td>Sujet <\/td><td>Une ville solidaire<\/td><\/tr><tr><td>Lien<\/td><td>Aucun<\/td><\/tr><tr><td>Origine<\/td><td>Texte de Beno\u00eet Battistelli<\/td><\/tr><tr><td><\/td><td><\/td><\/tr><tr><td>Date de r\u00e9vision<\/td><td>10\/08\/2023<\/td><\/tr><\/tbody><\/table><\/figure>\n\n\n\n<p>Zone d\u2019activit\u00e9s o\u00f9 le taux d\u2019emploi est sup\u00e9rieur \u00e0 la moyenne nationale, Saint-Germain-en-Laye favorise la mixit\u00e9 sociale et interg\u00e9n\u00e9rationnelle. Elle d\u00e9veloppe une politique active et volontariste d\u2019habitat social (pr\u00e8s de 25\u00a0% des logements) dans un contexte o\u00f9 le foncier est tr\u00e8s rare et o\u00f9 90\u00a0% du territoire communal est occup\u00e9 par la for\u00eat domaniale, et donc inconstructible.<\/p>\n\n\n\n<p><\/p>\n\n\n\n<hr class=\"wp-block-separator has-alpha-channel-opacity\"\/>\n\n\n\n<h5 class=\"wp-block-heading\">commentaires :<a href=\"http:\/\/saint-germain.us\/index.php\/page-d-exemple\/\"> ICI<\/a><\/h5>\n\n\n\n<hr class=\"wp-block-separator has-alpha-channel-opacity\"\/>\n","protected":false},"excerpt":{"rendered":"<p>Nouveaux quartiers La page pr\u00e9sente : En attente Carte du livre :&nbsp; Adresse :&nbsp; Vous pouvez ajouter des commentaires en bas de page. Sujet Une ville solidaire Lien Aucun Origine Texte de Beno\u00eet Battistelli Date de r\u00e9vision 10\/08\/2023 Zone d\u2019activit\u00e9s o\u00f9 le taux d\u2019emploi est sup\u00e9rieur \u00e0 la moyenne nationale, Saint-Germain-en-Laye favorise la mixit\u00e9 sociale [&hellip;]<\/p>\n","protected":false},"author":1,"featured_media":0,"parent":0,"menu_order":0,"comment_status":"closed","ping_status":"closed","template":"","meta":{"footnotes":""},"class_list":["post-155","page","type-page","status-publish","hentry"],"_links":{"self":[{"href":"https:\/\/saint-germain.us\/index.php\/wp-json\/wp\/v2\/pages\/155","targetHints":{"allow":["GET"]}}],"collection":[{"href":"https:\/\/saint-germain.us\/index.php\/wp-json\/wp\/v2\/pages"}],"about":[{"href":"https:\/\/saint-germain.us\/index.php\/wp-json\/wp\/v2\/types\/page"}],"author":[{"embeddable":true,"href":"https:\/\/saint-germain.us\/index.php\/wp-json\/wp\/v2\/users\/1"}],"replies":[{"embeddable":true,"href":"https:\/\/saint-germain.us\/index.php\/wp-json\/wp\/v2\/comments?post=155"}],"version-history":[{"count":33,"href":"https:\/\/saint-germain.us\/index.php\/wp-json\/wp\/v2\/pages\/155\/revisions"}],"predecessor-version":[{"id":2261,"href":"https:\/\/saint-germain.us\/index.php\/wp-json\/wp\/v2\/pages\/155\/revisions\/2261"}],"wp:attachment":[{"href":"https:\/\/saint-germain.us\/index.php\/wp-json\/wp\/v2\/media?parent=155"}],"curies":[{"name":"wp","href":"https:\/\/api.w.org\/{rel}","templated":true}]}}