{"id":159,"date":"2023-04-29T09:20:53","date_gmt":"2023-04-29T07:20:53","guid":{"rendered":"http:\/\/saint-germain.us\/?page_id=159"},"modified":"2023-09-17T08:42:19","modified_gmt":"2023-09-17T06:42:19","slug":"p66","status":"publish","type":"page","link":"https:\/\/saint-germain.us\/index.php\/p66\/","title":{"rendered":"P66"},"content":{"rendered":"\n<h2 class=\"wp-block-heading\">Jardin du mus\u00e9e Maurice Denis<\/h2>\n\n\n\n<hr class=\"wp-block-separator has-alpha-channel-opacity\"\/>\n\n\n<p><span style=\"color: #333399;\">La page pr\u00e9sente :\u00a0<\/span><\/p>\n<ul>\n<li><span style=\"color: #333399;\">Une vue g\u00e9n\u00e9rale du Prieur\u00e9,<\/span><\/li>\n<li><span style=\"color: #333399;\"><span style=\"color: #333399;\">L&rsquo;atelier de l&rsquo;artiste,<\/span><\/span>\n<p><span style=\"color: #333399;\">L&rsquo;atelier du peintre a \u00e9t\u00e9 construit en mars et avril 1912 par Auguste Perret, I&rsquo;architecte du th\u00e9\u00e2tre des Champs-Elys\u00e9es.<\/span><\/p>\n<p><span style=\"color: #333399;\">\u00c0 cette \u00e9poque, Maurice Denis vient de recevoir la commande du d\u00e9cor de la coupole de ce m\u00eame th\u00e9\u00e2tre ; il a donc besoin d&rsquo;un espace de grandes dimensions pour pr\u00e9parer ses dessins, mais ne dispose que de peu de moyens.<\/span><\/p>\n<p><span style=\"color: #333399;\">La construction f\u00fbt ex\u00e9cut\u00e9e en deux mois : tr\u00e8s l\u00e9g\u00e8re, compos\u00e9e de briques creuses et de-poteaux de bois, elle est de conception strictement utilitaire. La forme irr\u00e9guli\u00e8re du plan s&rsquo;explique par la n\u00e9cessit\u00e9 de respecter l&rsquo;all\u00e9e plant\u00e9e d&rsquo;arbres qui existait alors. Les dimensions de l&rsquo;atelier (15 x 11 m\u00e8tres), et en particulier sa hauteur (9 m), sont dict\u00e9es par celles des oeuvres qui devaient y \u00eatre r\u00e9alis\u00e9es. La charpente apparente, d&rsquo;une l\u00e9g\u00e8ret\u00e9 exceptionnelle, d\u00e9gage l&rsquo;int\u00e9gralit\u00e9 de l&rsquo;espace int\u00e9rieur. Les fermes, r\u00e9alis\u00e9es par mesure d&rsquo;\u00e9conomie dans des pi\u00e8ces de bois de section minimale, sont assembl\u00e9es par embr\u00e8vement et reposent sur les poteaux lat\u00e9raux des parois ext\u00e9rieures. Une grande verri\u00e8re, c\u00f4t\u00e9 nord, et deux portes-fen\u00eatres \u00e9clairent g\u00e9n\u00e9reusement l&rsquo;int\u00e9rieur. La porte principale qui s&rsquo;\u00e9l\u00e8ve sur toute la hauteur de la fa\u00e7ade, autorise le passage de toiles monumentales.<\/span><\/p>\n<p><span style=\"color: #333399;\">L&rsquo;ensemble, tr\u00e8s fonctionnel, apporte imm\u00e9diatement la plus grande satisfaction au peintre, qui en appr\u00e9cie le calme, le volume et l&rsquo;\u00e9clairage, et y r\u00e9alise une grande partie de son oeuvre.<\/span><\/p>\n<\/li>\n<li><span style=\"color: #333399;\">L&rsquo;entr\u00e9e de la propri\u00e9t\u00e9.<\/span><\/li>\n<\/ul>\n<p><span style=\"color: #333399;\">Carte du livre : D<\/span><\/p>\n<p><span style=\"color: #333399;\">Adresse : 2 bis, rue Maurice Denis\u00a0<\/span><\/p>\n<p><span style=\"color: #333399;\"><em>Vous pouvez laisser des commentaires en bas de page.<\/em><\/span><\/p>\n\n\n<hr class=\"wp-block-separator has-alpha-channel-opacity\"\/>\n\n\n\n<div style=\"height:18px\" aria-hidden=\"true\" class=\"wp-block-spacer\"><\/div>\n\n\n\n<figure class=\"wp-block-image size-large\"><img loading=\"lazy\" decoding=\"async\" width=\"1024\" height=\"554\" src=\"http:\/\/saint-germain.us\/wp-content\/uploads\/2023\/07\/Prieure-1024x554.jpg\" alt=\"\" class=\"wp-image-1794\" srcset=\"https:\/\/saint-germain.us\/wp-content\/uploads\/2023\/07\/Prieure-1024x554.jpg 1024w, https:\/\/saint-germain.us\/wp-content\/uploads\/2023\/07\/Prieure-300x162.jpg 300w, https:\/\/saint-germain.us\/wp-content\/uploads\/2023\/07\/Prieure-768x415.jpg 768w, https:\/\/saint-germain.us\/wp-content\/uploads\/2023\/07\/Prieure-1536x831.jpg 1536w, https:\/\/saint-germain.us\/wp-content\/uploads\/2023\/07\/Prieure-2048x1108.jpg 2048w\" sizes=\"auto, (max-width: 1024px) 100vw, 1024px\" \/><figcaption class=\"wp-element-caption\">Le Prieur\u00e9<\/figcaption><\/figure>\n\n\n\n<figure class=\"wp-block-image size-large\"><img loading=\"lazy\" decoding=\"async\" width=\"1024\" height=\"664\" src=\"http:\/\/saint-germain.us\/wp-content\/uploads\/2023\/08\/Musee-MD-vue-aerienne-2-1024x664.jpg\" alt=\"\" class=\"wp-image-2657\" srcset=\"https:\/\/saint-germain.us\/wp-content\/uploads\/2023\/08\/Musee-MD-vue-aerienne-2-1024x664.jpg 1024w, https:\/\/saint-germain.us\/wp-content\/uploads\/2023\/08\/Musee-MD-vue-aerienne-2-300x195.jpg 300w, https:\/\/saint-germain.us\/wp-content\/uploads\/2023\/08\/Musee-MD-vue-aerienne-2-768x498.jpg 768w, https:\/\/saint-germain.us\/wp-content\/uploads\/2023\/08\/Musee-MD-vue-aerienne-2-1536x996.jpg 1536w, https:\/\/saint-germain.us\/wp-content\/uploads\/2023\/08\/Musee-MD-vue-aerienne-2-2048x1329.jpg 2048w\" sizes=\"auto, (max-width: 1024px) 100vw, 1024px\" \/><figcaption class=\"wp-element-caption\">Vue a\u00e9rienne du Prieur\u00e9 (Am\u00e9lior\u00e9e Philippe GOUT)<\/figcaption><\/figure>\n\n\n\n<figure class=\"wp-block-image aligncenter size-large\"><img loading=\"lazy\" decoding=\"async\" width=\"1024\" height=\"576\" src=\"http:\/\/saint-germain.us\/wp-content\/uploads\/2023\/07\/DSC07409-1024x576.jpg\" alt=\"\" class=\"wp-image-1317\" srcset=\"https:\/\/saint-germain.us\/wp-content\/uploads\/2023\/07\/DSC07409-1024x576.jpg 1024w, https:\/\/saint-germain.us\/wp-content\/uploads\/2023\/07\/DSC07409-300x169.jpg 300w, https:\/\/saint-germain.us\/wp-content\/uploads\/2023\/07\/DSC07409-768x432.jpg 768w, https:\/\/saint-germain.us\/wp-content\/uploads\/2023\/07\/DSC07409-1536x864.jpg 1536w, https:\/\/saint-germain.us\/wp-content\/uploads\/2023\/07\/DSC07409-2048x1152.jpg 2048w\" sizes=\"auto, (max-width: 1024px) 100vw, 1024px\" \/><figcaption class=\"wp-element-caption\">Chapelle Mus\u00e9e Maurice Denis (@Philippe GOUT)<\/figcaption><\/figure>\n\n\n\n<figure class=\"wp-block-image size-large\"><img loading=\"lazy\" decoding=\"async\" width=\"1024\" height=\"646\" src=\"http:\/\/saint-germain.us\/wp-content\/uploads\/2023\/07\/Maurice-Denis-1024x646.jpg\" alt=\"\" class=\"wp-image-1279\" srcset=\"https:\/\/saint-germain.us\/wp-content\/uploads\/2023\/07\/Maurice-Denis-1024x646.jpg 1024w, https:\/\/saint-germain.us\/wp-content\/uploads\/2023\/07\/Maurice-Denis-300x189.jpg 300w, https:\/\/saint-germain.us\/wp-content\/uploads\/2023\/07\/Maurice-Denis-768x484.jpg 768w, https:\/\/saint-germain.us\/wp-content\/uploads\/2023\/07\/Maurice-Denis-1536x968.jpg 1536w, https:\/\/saint-germain.us\/wp-content\/uploads\/2023\/07\/Maurice-Denis-2048x1291.jpg 2048w\" sizes=\"auto, (max-width: 1024px) 100vw, 1024px\" \/><figcaption class=\"wp-element-caption\">Mus\u00e9e d\u00e9partemental Maurice Denis (@Philippe GOUT)<\/figcaption><\/figure>\n\n\n\n<figure class=\"wp-block-image size-large\"><img loading=\"lazy\" decoding=\"async\" width=\"1024\" height=\"768\" src=\"http:\/\/saint-germain.us\/wp-content\/uploads\/2023\/07\/Maurice-denis-arriere-1024x768.jpg\" alt=\"\" class=\"wp-image-1277\" srcset=\"https:\/\/saint-germain.us\/wp-content\/uploads\/2023\/07\/Maurice-denis-arriere-1024x768.jpg 1024w, https:\/\/saint-germain.us\/wp-content\/uploads\/2023\/07\/Maurice-denis-arriere-300x225.jpg 300w, https:\/\/saint-germain.us\/wp-content\/uploads\/2023\/07\/Maurice-denis-arriere-768x576.jpg 768w, https:\/\/saint-germain.us\/wp-content\/uploads\/2023\/07\/Maurice-denis-arriere-1536x1152.jpg 1536w, https:\/\/saint-germain.us\/wp-content\/uploads\/2023\/07\/Maurice-denis-arriere-2048x1536.jpg 2048w\" sizes=\"auto, (max-width: 1024px) 100vw, 1024px\" \/><figcaption class=\"wp-element-caption\">Maison de Maurice Denis -vue arri\u00e8re (@Philippe GOUT) <\/figcaption><\/figure>\n\n\n\n<figure class=\"wp-block-image size-large\"><img loading=\"lazy\" decoding=\"async\" width=\"1024\" height=\"576\" src=\"http:\/\/saint-germain.us\/wp-content\/uploads\/2023\/07\/Maurice-Denis-atelier-1024x576.jpg\" alt=\"\" class=\"wp-image-1278\" srcset=\"https:\/\/saint-germain.us\/wp-content\/uploads\/2023\/07\/Maurice-Denis-atelier-1024x576.jpg 1024w, https:\/\/saint-germain.us\/wp-content\/uploads\/2023\/07\/Maurice-Denis-atelier-300x169.jpg 300w, https:\/\/saint-germain.us\/wp-content\/uploads\/2023\/07\/Maurice-Denis-atelier-768x432.jpg 768w, https:\/\/saint-germain.us\/wp-content\/uploads\/2023\/07\/Maurice-Denis-atelier-1536x864.jpg 1536w, https:\/\/saint-germain.us\/wp-content\/uploads\/2023\/07\/Maurice-Denis-atelier-2048x1152.jpg 2048w\" sizes=\"auto, (max-width: 1024px) 100vw, 1024px\" \/><figcaption class=\"wp-element-caption\">Atelier de Maurice Denis (@Philippe GOUT)<\/figcaption><\/figure>\n\n\n\n<figure class=\"wp-block-image aligncenter size-large is-resized\"><img loading=\"lazy\" decoding=\"async\" src=\"http:\/\/saint-germain.us\/wp-content\/uploads\/2023\/08\/MD-Statue-575x1024.jpg\" alt=\"\" class=\"wp-image-1981\" style=\"width:195px;height:347px\" width=\"195\" height=\"347\" srcset=\"https:\/\/saint-germain.us\/wp-content\/uploads\/2023\/08\/MD-Statue-575x1024.jpg 575w, https:\/\/saint-germain.us\/wp-content\/uploads\/2023\/08\/MD-Statue-168x300.jpg 168w, https:\/\/saint-germain.us\/wp-content\/uploads\/2023\/08\/MD-Statue-768x1369.jpg 768w, https:\/\/saint-germain.us\/wp-content\/uploads\/2023\/08\/MD-Statue-862x1536.jpg 862w, https:\/\/saint-germain.us\/wp-content\/uploads\/2023\/08\/MD-Statue-1149x2048.jpg 1149w, https:\/\/saint-germain.us\/wp-content\/uploads\/2023\/08\/MD-Statue-scaled.jpg 1436w\" sizes=\"auto, (max-width: 195px) 100vw, 195px\" \/><figcaption class=\"wp-element-caption\">Statue -(<em>Vierge \u00e0 l&rsquo;offrande<\/em>&#8211; 2,5m &#8211; Antoine Bourdelle) dans le jardin du mus\u00e9e Maurice Denis (@Philippe GOUT)<\/figcaption><\/figure>\n\n\n\n<hr class=\"wp-block-separator has-alpha-channel-opacity\"\/>\n\n\n\n<div style=\"height:18px\" aria-hidden=\"true\" class=\"wp-block-spacer\"><\/div>\n\n\n\n<figure class=\"wp-block-table\"><table><tbody><tr><td>Sujet <\/td><td>Jardins<\/td><\/tr><tr><td>Lien<\/td><td><a href=\"https:\/\/www.editionsdesfalaises.fr\/maurice-denis-jardins\">Ici<\/a><\/td><\/tr><tr><td>Origine<\/td><td>Ouvrage \u00e9crit par Fabienne Stahl<\/td><\/tr><tr><td><\/td><td>Edition des falaises<\/td><\/tr><tr><td>Date de r\u00e9vision<\/td><td>20\/05\/2023<\/td><\/tr><\/tbody><\/table><\/figure>\n\n\n\n<p>Maurice Denis (1870-1943) est bien connu comme th\u00e9oricien, peintre et d\u00e9corateur, fondateur du groupe des nabis et r\u00e9novateur de l&rsquo;art sacr\u00e9 dans l&rsquo;entre-deux-guerres. S&rsquo;il n&rsquo;a jamais peint en plein air comme le pratiquaient les impressionnistes, il n&rsquo;a eu de cesse de recueillir des \u00e9motions de nature, sensations devant le motif, consign\u00e9es sur des pages de carnets de croquis dont il tire ensuite des tableaux, recompos\u00e9s dans son atelier. A l&rsquo;image de Monet ou de Caillebotte, il a \u00e9t\u00e9 amoureux de son jardin, des arbres, et des espaces de verdure en g\u00e9n\u00e9ral, desquels il a puis\u00e9 l&rsquo;essentiel de son inspiration, et desquels d\u00e9coule la fra\u00eecheur de sa palette. Cet ouvrage offre un floril\u00e8ge des jardins peints par l&rsquo;artiste, en Ile-de-France, en Bretagne ou en Italie.<\/p>\n\n\n\n<div style=\"height:18px\" aria-hidden=\"true\" class=\"wp-block-spacer\"><\/div>\n\n\n\n<figure class=\"wp-block-image size-full\"><img loading=\"lazy\" decoding=\"async\" width=\"692\" height=\"530\" src=\"http:\/\/saint-germain.us\/wp-content\/uploads\/2023\/05\/Capture-decran-2023-05-20-a-18.28.09.png\" alt=\"\" class=\"wp-image-662\" srcset=\"https:\/\/saint-germain.us\/wp-content\/uploads\/2023\/05\/Capture-decran-2023-05-20-a-18.28.09.png 692w, https:\/\/saint-germain.us\/wp-content\/uploads\/2023\/05\/Capture-decran-2023-05-20-a-18.28.09-300x230.png 300w\" sizes=\"auto, (max-width: 692px) 100vw, 692px\" \/><\/figure>\n\n\n\n<hr class=\"wp-block-separator has-alpha-channel-opacity\"\/>\n\n\n\n<div style=\"height:18px\" aria-hidden=\"true\" class=\"wp-block-spacer\"><\/div>\n\n\n\n<figure class=\"wp-block-table\"><table><tbody><tr><td>Sujet <\/td><td>B\u00e2timent<\/td><\/tr><tr><td>Lien<\/td><td><a href=\"https:\/\/www.musee-mauricedenis.fr\/le-musee\/article\/le-batiment\">Ici<\/a><\/td><\/tr><tr><td>Origine<\/td><td>Yvelines, Le D\u00e9partement<\/td><\/tr><tr><td><\/td><td><\/td><\/tr><tr><td>Date de r\u00e9vision<\/td><td>20\/05\/2023<\/td><\/tr><\/tbody><\/table><\/figure>\n\n\n\n<p>Construit \u00e0 la fin du XVIIe si\u00e8cle, cet imposant b\u00e2timent, aujourd\u2019hui class\u00e9 monument historique, est \u00e0 l\u2019origine un h\u00f4pital g\u00e9n\u00e9ral royal fond\u00e9 par Madame de Montespan pour abriter les indigents. L\u2019\u00e9difice comporte une chapelle, un escalier \u00e0 double r\u00e9volution et de grandes salles \u00e9clair\u00e9es de hautes fen\u00eatres dominant un jardin qui s\u2019\u00e9tage sur le flanc de la colline de Saint-Germain-en-Laye.<\/p>\n\n\n\n<div style=\"height:19px\" aria-hidden=\"true\" class=\"wp-block-spacer\"><\/div>\n\n\n\n<hr class=\"wp-block-separator has-alpha-channel-opacity\"\/>\n\n\n\n<p>Suite &#8230; <a href=\"http:\/\/saint-germain.us\/index.php\/p67\/\">Ici<\/a><\/p>\n\n\n\n<hr class=\"wp-block-separator has-alpha-channel-opacity\"\/>\n\n\n\n<h5 class=\"wp-block-heading\">commentaires :<a href=\"http:\/\/saint-germain.us\/index.php\/page-d-exemple\/\"> ICI<\/a><\/h5>\n\n\n\n<hr class=\"wp-block-separator has-alpha-channel-opacity\"\/>\n","protected":false},"excerpt":{"rendered":"<p>Jardin du mus\u00e9e Maurice Denis La page pr\u00e9sente :\u00a0 Une vue g\u00e9n\u00e9rale du Prieur\u00e9, L&rsquo;atelier de l&rsquo;artiste, L&rsquo;atelier du peintre a \u00e9t\u00e9 construit en mars et avril 1912 par Auguste Perret, I&rsquo;architecte du th\u00e9\u00e2tre des Champs-Elys\u00e9es. \u00c0 cette \u00e9poque, Maurice Denis vient de recevoir la commande du d\u00e9cor de la coupole de ce m\u00eame th\u00e9\u00e2tre [&hellip;]<\/p>\n","protected":false},"author":1,"featured_media":0,"parent":0,"menu_order":0,"comment_status":"closed","ping_status":"closed","template":"","meta":{"footnotes":""},"class_list":["post-159","page","type-page","status-publish","hentry"],"_links":{"self":[{"href":"https:\/\/saint-germain.us\/index.php\/wp-json\/wp\/v2\/pages\/159","targetHints":{"allow":["GET"]}}],"collection":[{"href":"https:\/\/saint-germain.us\/index.php\/wp-json\/wp\/v2\/pages"}],"about":[{"href":"https:\/\/saint-germain.us\/index.php\/wp-json\/wp\/v2\/types\/page"}],"author":[{"embeddable":true,"href":"https:\/\/saint-germain.us\/index.php\/wp-json\/wp\/v2\/users\/1"}],"replies":[{"embeddable":true,"href":"https:\/\/saint-germain.us\/index.php\/wp-json\/wp\/v2\/comments?post=159"}],"version-history":[{"count":19,"href":"https:\/\/saint-germain.us\/index.php\/wp-json\/wp\/v2\/pages\/159\/revisions"}],"predecessor-version":[{"id":3127,"href":"https:\/\/saint-germain.us\/index.php\/wp-json\/wp\/v2\/pages\/159\/revisions\/3127"}],"wp:attachment":[{"href":"https:\/\/saint-germain.us\/index.php\/wp-json\/wp\/v2\/media?parent=159"}],"curies":[{"name":"wp","href":"https:\/\/api.w.org\/{rel}","templated":true}]}}