{"id":168,"date":"2023-04-29T09:22:06","date_gmt":"2023-04-29T07:22:06","guid":{"rendered":"http:\/\/saint-germain.us\/?page_id=168"},"modified":"2023-08-20T13:54:06","modified_gmt":"2023-08-20T11:54:06","slug":"p70","status":"publish","type":"page","link":"https:\/\/saint-germain.us\/index.php\/p70\/","title":{"rendered":"P70"},"content":{"rendered":"\n<h2 class=\"wp-block-heading\">Culture suite<\/h2>\n\n\n\n<hr class=\"wp-block-separator has-alpha-channel-opacity\"\/>\n\n\n<p><span style=\"color: #333399;\">La page pr\u00e9sente :<\/span><\/p>\n<ul>\n<li><span style=\"color: #000080;\">La CLEF<\/span><\/li>\n<li><span style=\"color: #000080;\">L&rsquo;arbre des associations<\/span><\/li>\n<li><span style=\"color: #000080;\">La m\u00e9diath\u00e8que<\/span><\/li>\n<li><span style=\"color: #000080;\">Une vue dessin\u00e9e de l&rsquo;espace Ducastel-Vera<\/span><\/li>\n<\/ul>\n<p><span style=\"color: #333399;\">Carte du livre : &#8230;<\/span><\/p>\n<p><span style=\"color: #333399;\">Adresse : &#8230;<\/span><\/p>\n<p><em><span style=\"color: #333399;\">Vous pouvez ajouter des commentaires en bas de page.<\/span><\/em><\/p>\n\n\n<hr class=\"wp-block-separator has-alpha-channel-opacity\"\/>\n\n\n\n<div style=\"height:18px\" aria-hidden=\"true\" class=\"wp-block-spacer\"><\/div>\n\n\n\n<figure class=\"wp-block-image aligncenter size-large\"><img loading=\"lazy\" decoding=\"async\" width=\"768\" height=\"1024\" src=\"http:\/\/saint-germain.us\/wp-content\/uploads\/2023\/08\/Espace-Vera-768x1024.jpg\" alt=\"\" class=\"wp-image-2639\" srcset=\"https:\/\/saint-germain.us\/wp-content\/uploads\/2023\/08\/Espace-Vera-768x1024.jpg 768w, https:\/\/saint-germain.us\/wp-content\/uploads\/2023\/08\/Espace-Vera-225x300.jpg 225w, https:\/\/saint-germain.us\/wp-content\/uploads\/2023\/08\/Espace-Vera-1152x1536.jpg 1152w, https:\/\/saint-germain.us\/wp-content\/uploads\/2023\/08\/Espace-Vera-1536x2048.jpg 1536w, https:\/\/saint-germain.us\/wp-content\/uploads\/2023\/08\/Espace-Vera-scaled.jpg 1920w\" sizes=\"auto, (max-width: 768px) 100vw, 768px\" \/><figcaption class=\"wp-element-caption\">Espace VERA (@Philippe GOUT)<\/figcaption><\/figure>\n\n\n\n<figure class=\"wp-block-image size-large\"><img loading=\"lazy\" decoding=\"async\" width=\"1024\" height=\"623\" src=\"http:\/\/saint-germain.us\/wp-content\/uploads\/2023\/07\/Mediatheque-Marc-Ferro-1024x623.jpg\" alt=\"\" class=\"wp-image-1576\" srcset=\"https:\/\/saint-germain.us\/wp-content\/uploads\/2023\/07\/Mediatheque-Marc-Ferro-1024x623.jpg 1024w, https:\/\/saint-germain.us\/wp-content\/uploads\/2023\/07\/Mediatheque-Marc-Ferro-300x183.jpg 300w, https:\/\/saint-germain.us\/wp-content\/uploads\/2023\/07\/Mediatheque-Marc-Ferro-768x467.jpg 768w, https:\/\/saint-germain.us\/wp-content\/uploads\/2023\/07\/Mediatheque-Marc-Ferro-1536x935.jpg 1536w, https:\/\/saint-germain.us\/wp-content\/uploads\/2023\/07\/Mediatheque-Marc-Ferro-2048x1246.jpg 2048w\" sizes=\"auto, (max-width: 1024px) 100vw, 1024px\" \/><figcaption class=\"wp-element-caption\">M\u00e9diat\u00e8que Marc-Ferro (@Philippe GOUT)<\/figcaption><\/figure>\n\n\n\n<figure class=\"wp-block-image size-large\"><img loading=\"lazy\" decoding=\"async\" width=\"1024\" height=\"576\" src=\"http:\/\/saint-germain.us\/wp-content\/uploads\/2023\/08\/La-poulie-1024x576.jpg\" alt=\"\" class=\"wp-image-1984\" srcset=\"https:\/\/saint-germain.us\/wp-content\/uploads\/2023\/08\/La-poulie-1024x576.jpg 1024w, https:\/\/saint-germain.us\/wp-content\/uploads\/2023\/08\/La-poulie-300x169.jpg 300w, https:\/\/saint-germain.us\/wp-content\/uploads\/2023\/08\/La-poulie-768x432.jpg 768w, https:\/\/saint-germain.us\/wp-content\/uploads\/2023\/08\/La-poulie-1536x864.jpg 1536w, https:\/\/saint-germain.us\/wp-content\/uploads\/2023\/08\/La-poulie-2048x1152.jpg 2048w\" sizes=\"auto, (max-width: 1024px) 100vw, 1024px\" \/><figcaption class=\"wp-element-caption\">Poulie de l&rsquo;espace Ducastel-V\u00e9ra (@Philippe GOUT)<\/figcaption><\/figure>\n\n\n\n<hr class=\"wp-block-separator has-alpha-channel-opacity\"\/>\n\n\n\n<div style=\"height:18px\" aria-hidden=\"true\" class=\"wp-block-spacer\"><\/div>\n\n\n\n<figure class=\"wp-block-table\"><table><tbody><tr><td>Sujet <\/td><td>Envie de culture<\/td><\/tr><tr><td>Lien<\/td><td><a href=\"https:\/\/www.saintgermainenlaye.fr\/141\/culture.htm\">Ici<\/a><\/td><\/tr><tr><td>Origine<\/td><td>Mairie de Saint-Germain-en-Laye<\/td><\/tr><tr><td><\/td><td><\/td><\/tr><tr><td>Date de r\u00e9vision<\/td><td>10\/08\/2023<\/td><\/tr><\/tbody><\/table><\/figure>\n\n\n\n<p>\u00c0 l\u2019\u00e9poque royale, Saint-Germain-en-Laye a connu une intense activit\u00e9 culturelle et artistique. \u00c0 l\u2019occasion de grands \u00e9v\u00e9nements tels que naissances (Henri&nbsp;II, Charles IX, la reine Margot, Louis&nbsp;XIV) ou mariages royaux (Fran\u00e7ois&nbsp;1er et Claude de&nbsp;France), r\u00e9ception de d\u00e9l\u00e9gations \u00e9trang\u00e8res, signature de trait\u00e9s\u2026 les plus grands artistes de chaque g\u00e9n\u00e9ration (Lulli, Moli\u00e8re, Bossuet, Le Brun, Rigaud\u2026) ont cr\u00e9\u00e9 des \u0153uvres majeures.<br>Cette vitalit\u00e9 s\u2019est poursuivie au 18e&nbsp;si\u00e8cle gr\u00e2ce aux <a href=\"http:\/\/saint-germain.us\/index.php\/p23\/\">Noailles<\/a>, Capitaines-Gouverneurs de la Ville, qui ont accueilli les plus grands esprits de l\u2019\u00e9poque&nbsp;: Mozart, <a href=\"http:\/\/saint-germain.us\/index.php\/p52\/\">Voltaire<\/a>, Rousseau, Benjamin Franklin\u2026<br>Au 19e&nbsp;si\u00e8cle, la 1re&nbsp;ligne ferroviaire pour voyageurs construite en France rapproche Paris de Saint-Germain-en-Laye qui devient un lieu de loisirs et de d\u00e9tente particuli\u00e8rement pris\u00e9. Artistes, intellectuels, hommes politiques y s\u00e9journent. Adolphe Thiers y meurt en 1877. <a href=\"http:\/\/saint-germain.us\/index.php\/p54\/\">Victor Hugo s\u00e9journe \u00e0 Fourqueux.<\/a> Alexandre Dumas s\u2019installe \u00e0 la Cit\u00e9 M\u00e9dicis, construite par les fr\u00e8res Pereire au d\u00e9bouch\u00e9 du chemin de fer, et cr\u00e9e un th\u00e9\u00e2tre qui rivalise avec les grands th\u00e9\u00e2tres parisiens. Alexandre Dumas fils \u00e9crit \u00e0 Saint-Germain-en-Laye la Dame aux cam\u00e9lias, une des \u0153uvres litt\u00e9raires les plus lues et repr\u00e9sent\u00e9es au monde.<\/p>\n\n\n\n<p><a href=\"http:\/\/saint-germain.us\/index.php\/p53\/\">Claude Debussy<\/a> na\u00eet \u00e0 Saint-Germain-en-Laye en 1862. Sa maison natale, en c\u0153ur de Ville, est devenue un mus\u00e9e consacr\u00e9 au grand compositeur, mondialement reconnu, en particulier en Asie. Elle y accueille concerts, expositions, festivals. Elle b\u00e9n\u00e9ficie d\u2019un programme complet de r\u00e9novation entrepris par la Ville pour c\u00e9l\u00e9brer le plus illustre Saint-Germanois avec Louis&nbsp;XIV.<br>La fin du19\u00e8me et la 1re&nbsp;moiti\u00e9 du 20e&nbsp;si\u00e8cle est une p\u00e9riode particuli\u00e8rement faste. Musiciens (la famille Alain), artistes, peintres s\u2019installent \u00e0 Saint-Germain-en-Laye autour de <a href=\"http:\/\/saint-germain.us\/index.php\/p67\/\">Maurice Denis<\/a>, chef de file des nabis, qui acquiert Le Prieur\u00e9, ancien h\u00f4pital g\u00e9n\u00e9ral royal command\u00e9 par Mme de Montespan, favorite de Louis&nbsp;XIV. En 1976, ce monument historique est acquis par le D\u00e9partement des Yvelines qui, gr\u00e2ce \u00e0 une importante donation de la famille Denis, y cr\u00e9e un mus\u00e9e Maurice Denis consacr\u00e9 aux \u0153uvres de ce peintre et de ses amis nabis et symbolistes.<br>Fi\u00e8re de son patrimoine architectural et immat\u00e9riel, Saint-Germain-en-Laye m\u00e8ne une politique culturelle active, diversifi\u00e9e et r\u00e9solument tourn\u00e9e vers l\u2019avenir avec un double objectif&nbsp;: proposer des spectacles et des \u00e9v\u00e9nements de tr\u00e8s haute qualit\u00e9 et favoriser dans tous les domaines artistiques la pratique-amateur. Elle s\u2019appuie sur un tissu dynamique d\u2019associations (chorales, ateliers de peinture, de sculpture, \u00e9coles de danse, de th\u00e9\u00e2tre, groupes de musiques actuelles et amplifi\u00e9es&#8230;) et un r\u00e9seau d\u2019\u00e9quipements publics&nbsp;: m\u00e9diath\u00e8ques, conservatoire de musique, th\u00e9\u00e2tre, salle d\u2019expositions, collections municipales.<\/p>\n\n\n\n<p><\/p>\n\n\n\n<p><em>Texte de Beno\u00eet Battistelli<\/em><\/p>\n\n\n\n<p><\/p>\n\n\n\n<hr class=\"wp-block-separator has-alpha-channel-opacity\"\/>\n\n\n\n<div style=\"height:18px\" aria-hidden=\"true\" class=\"wp-block-spacer\"><\/div>\n\n\n\n<p>Depuis plusieurs ann\u00e9es d\u00e9j\u00e0, le public red\u00e9couvre le mouvement des Arts d\u00e9co, remis \u00e0 l&rsquo;honneur dans le milieu du march\u00e9 de l&rsquo;art. En t\u00e9moignent la r\u00e9ouverture du mus\u00e9e des Arts d\u00e9coratifs \u00e0 Paris, la multiplication des expositions temporaires et la r\u00e9novation du patrimoine immobilier national.<\/p>\n\n\n\n<p>Dans ce contexte, la Ville de Saint-Germain-en-Laye souhaite faire d\u00e9couvrir aupr\u00e8s des publics les plus vastes Paul (1882-1957) et Andr\u00e9 (1881-1971) Vera, deux fr\u00e8res, l&rsquo;un peintre d\u00e9corateur et l&rsquo;autre th\u00e9oricien des jardins. \u00c9tabli avec Paul depuis les ann\u00e9es 1920 dans leur propri\u00e9t\u00e9 de La Th\u00e9ba\u00efde de Saint-Germain-en-Laye, Andr\u00e9 avait souhait\u00e9 perp\u00e9tuer le souvenir de son fr\u00e8re d\u00e9c\u00e9d\u00e9 par une donation \u00e0 la Ville et l&rsquo;ouverture d&rsquo;un mus\u00e9e consacr\u00e9 \u00e0 son \u0153uvre en 1971.<\/p>\n\n\n\n<p>Avant que son am\u00e9nagement permanent soit install\u00e9 en 2009 dans I&rsquo;Espace Paul et Andr\u00e9 Vera, j&rsquo;ai souhait\u00e9 leur consacrer une exposition temporaire de large envergure, r\u00e9v\u00e9latrice aupr\u00e8s du public d&rsquo;aujourd&rsquo;hui de leur talent reconnu en leur temps.<\/p>\n\n\n\n<p>Au moment o\u00f9 ce projet se concr\u00e9tise, je tiens \u00e0 remercier tout particuli\u00e8rement, pour leur soutien continu \u00e0 notre initiative, Janine H\u00e9bert, ancienne assistante d&rsquo;Andr\u00e9 Vera, et Alain Darr\u00e9, actuel l\u00e9gataire.<\/p>\n\n\n\n<p>Je voudrais \u00e9galement souligner la volont\u00e9 d\u00e9terminante du docteur Jacques Berlie, aujourd&rsquo;hui relay\u00e9 par Beno\u00eet Battistelli, nouveau maire adjoint charg\u00e9 de la Vie cuturelle, pour la r\u00e9ussite de cette entreprise.<\/p>\n\n\n\n<p><em>Texte d&rsquo;Emmanuel Lamy, ancien maire de Saint-Germain-en-Laye<\/em><\/p>\n\n\n\n<hr class=\"wp-block-separator has-alpha-channel-opacity\"\/>\n\n\n\n<h5 class=\"wp-block-heading\">commentaires :<a href=\"http:\/\/saint-germain.us\/index.php\/page-d-exemple\/\"> ICI<\/a><\/h5>\n\n\n\n<hr class=\"wp-block-separator has-alpha-channel-opacity\"\/>\n","protected":false},"excerpt":{"rendered":"<p>Culture suite La page pr\u00e9sente : La CLEF L&rsquo;arbre des associations La m\u00e9diath\u00e8que Une vue dessin\u00e9e de l&rsquo;espace Ducastel-Vera Carte du livre : &#8230; Adresse : &#8230; Vous pouvez ajouter des commentaires en bas de page. Sujet Envie de culture Lien Ici Origine Mairie de Saint-Germain-en-Laye Date de r\u00e9vision 10\/08\/2023 \u00c0 l\u2019\u00e9poque royale, Saint-Germain-en-Laye a [&hellip;]<\/p>\n","protected":false},"author":1,"featured_media":0,"parent":0,"menu_order":0,"comment_status":"closed","ping_status":"closed","template":"","meta":{"footnotes":""},"class_list":["post-168","page","type-page","status-publish","hentry"],"_links":{"self":[{"href":"https:\/\/saint-germain.us\/index.php\/wp-json\/wp\/v2\/pages\/168","targetHints":{"allow":["GET"]}}],"collection":[{"href":"https:\/\/saint-germain.us\/index.php\/wp-json\/wp\/v2\/pages"}],"about":[{"href":"https:\/\/saint-germain.us\/index.php\/wp-json\/wp\/v2\/types\/page"}],"author":[{"embeddable":true,"href":"https:\/\/saint-germain.us\/index.php\/wp-json\/wp\/v2\/users\/1"}],"replies":[{"embeddable":true,"href":"https:\/\/saint-germain.us\/index.php\/wp-json\/wp\/v2\/comments?post=168"}],"version-history":[{"count":17,"href":"https:\/\/saint-germain.us\/index.php\/wp-json\/wp\/v2\/pages\/168\/revisions"}],"predecessor-version":[{"id":2640,"href":"https:\/\/saint-germain.us\/index.php\/wp-json\/wp\/v2\/pages\/168\/revisions\/2640"}],"wp:attachment":[{"href":"https:\/\/saint-germain.us\/index.php\/wp-json\/wp\/v2\/media?parent=168"}],"curies":[{"name":"wp","href":"https:\/\/api.w.org\/{rel}","templated":true}]}}