{"id":170,"date":"2023-04-29T09:22:17","date_gmt":"2023-04-29T07:22:17","guid":{"rendered":"http:\/\/saint-germain.us\/?page_id=170"},"modified":"2023-09-13T10:26:24","modified_gmt":"2023-09-13T08:26:24","slug":"p71","status":"publish","type":"page","link":"https:\/\/saint-germain.us\/index.php\/p71\/","title":{"rendered":"P71"},"content":{"rendered":"\n<h2 class=\"wp-block-heading\">La ville o\u00f9 le sport est roi<\/h2>\n\n\n\n<hr class=\"wp-block-separator has-alpha-channel-opacity\"\/>\n\n\n<p><span style=\"color: #333399;\">La page pr\u00e9sente :<\/span><\/p>\n<ul>\n<li><span style=\"color: #000080;\">L&rsquo;affiche pour les J.O. de 2024<\/span><\/li>\n<li><span style=\"color: #000080;\">Les tennis,<\/span><\/li>\n<li><span style=\"color: #000080;\">Le stade,<\/span><\/li>\n<li><span style=\"color: #000080;\">Roger Gicquel (voir ci-dessous),<\/span><\/li>\n<li><span style=\"color: #000080;\">La piscine,<\/span><\/li>\n<li><span style=\"color: #000080;\">Le padel tennis,<\/span><\/li>\n<li><span style=\"color: #000080;\">Le beachvolley.<\/span><\/li>\n<\/ul>\n<p><span style=\"color: #333399;\">Carte du livre : &#8230;<\/span><\/p>\n<p><em><span style=\"color: #333399;\">Vous pouvez ajouter des commentaires en bas de page.<\/span><\/em><\/p>\n\n\n<hr class=\"wp-block-separator has-alpha-channel-opacity\"\/>\n\n\n\n<div style=\"height:18px\" aria-hidden=\"true\" class=\"wp-block-spacer\"><\/div>\n\n\n\n<figure class=\"wp-block-image size-large\"><img loading=\"lazy\" decoding=\"async\" width=\"1024\" height=\"742\" src=\"http:\/\/saint-germain.us\/wp-content\/uploads\/2023\/09\/Roger-Gicquel-Flamme-1024x742.jpg\" alt=\"\" class=\"wp-image-3038\" srcset=\"https:\/\/saint-germain.us\/wp-content\/uploads\/2023\/09\/Roger-Gicquel-Flamme-1024x742.jpg 1024w, https:\/\/saint-germain.us\/wp-content\/uploads\/2023\/09\/Roger-Gicquel-Flamme-300x218.jpg 300w, https:\/\/saint-germain.us\/wp-content\/uploads\/2023\/09\/Roger-Gicquel-Flamme-768x557.jpg 768w, https:\/\/saint-germain.us\/wp-content\/uploads\/2023\/09\/Roger-Gicquel-Flamme-1536x1114.jpg 1536w, https:\/\/saint-germain.us\/wp-content\/uploads\/2023\/09\/Roger-Gicquel-Flamme-2048x1485.jpg 2048w\" sizes=\"auto, (max-width: 1024px) 100vw, 1024px\" \/><figcaption class=\"wp-element-caption\">Roger Gicquel portant la flamme olympique (Am\u00e9lior\u00e9e@Philippe GOUT)<\/figcaption><\/figure>\n\n\n\n<figure class=\"wp-block-image size-large\"><img loading=\"lazy\" decoding=\"async\" width=\"641\" height=\"1024\" src=\"http:\/\/saint-germain.us\/wp-content\/uploads\/2023\/07\/Maire-sport-641x1024.jpg\" alt=\"\" class=\"wp-image-1540\" srcset=\"https:\/\/saint-germain.us\/wp-content\/uploads\/2023\/07\/Maire-sport-641x1024.jpg 641w, https:\/\/saint-germain.us\/wp-content\/uploads\/2023\/07\/Maire-sport-188x300.jpg 188w, https:\/\/saint-germain.us\/wp-content\/uploads\/2023\/07\/Maire-sport-768x1226.jpg 768w, https:\/\/saint-germain.us\/wp-content\/uploads\/2023\/07\/Maire-sport-962x1536.jpg 962w, https:\/\/saint-germain.us\/wp-content\/uploads\/2023\/07\/Maire-sport-1283x2048.jpg 1283w, https:\/\/saint-germain.us\/wp-content\/uploads\/2023\/07\/Maire-sport-scaled.jpg 1604w\" sizes=\"auto, (max-width: 641px) 100vw, 641px\" \/><figcaption class=\"wp-element-caption\">Arnaud P\u00e9ricard Maire 2023(Am\u00e9lior\u00e9e@Philippe GOUT)<\/figcaption><\/figure>\n\n\n\n<hr class=\"wp-block-separator has-alpha-channel-opacity\"\/>\n\n\n\n<div style=\"height:19px\" aria-hidden=\"true\" class=\"wp-block-spacer\"><\/div>\n\n\n\n<figure class=\"wp-block-image size-large\"><img loading=\"lazy\" decoding=\"async\" width=\"1024\" height=\"532\" src=\"http:\/\/saint-germain.us\/wp-content\/uploads\/2023\/09\/Capture-decran-2023-09-13-a-07.50.39-1024x532.png\" alt=\"\" class=\"wp-image-3013\" srcset=\"https:\/\/saint-germain.us\/wp-content\/uploads\/2023\/09\/Capture-decran-2023-09-13-a-07.50.39-1024x532.png 1024w, https:\/\/saint-germain.us\/wp-content\/uploads\/2023\/09\/Capture-decran-2023-09-13-a-07.50.39-300x156.png 300w, https:\/\/saint-germain.us\/wp-content\/uploads\/2023\/09\/Capture-decran-2023-09-13-a-07.50.39-768x399.png 768w, https:\/\/saint-germain.us\/wp-content\/uploads\/2023\/09\/Capture-decran-2023-09-13-a-07.50.39-1536x798.png 1536w, https:\/\/saint-germain.us\/wp-content\/uploads\/2023\/09\/Capture-decran-2023-09-13-a-07.50.39-2048x1064.png 2048w\" sizes=\"auto, (max-width: 1024px) 100vw, 1024px\" \/><figcaption class=\"wp-element-caption\">Photo@Marceau Hussenet<\/figcaption><\/figure>\n\n\n\n<figure class=\"wp-block-table\"><table><tbody><tr><td>Sujet <\/td><td>Ville royale \u00f4 combien sportive, ITW d&rsquo;Arnaud P\u00e9ricard<\/td><\/tr><tr><td>Lien<\/td><td><a href=\"https:\/\/www.sport-et-tourisme.fr\/destinations\/saint-germain-en-laye-start-up-bouge\/?cn-reloaded=1&amp;fbclid=IwAR0-k0XVmxqQL5ekhMsZ7sXonQohImnRdXyC1n373UsETkt8kPnDFiwfCPw&amp;cn-reloaded=1\">Ici<\/a><\/td><\/tr><tr><td>Origine<\/td><td>SPORT-ET-TOURISME.FR<\/td><\/tr><tr><td><\/td><td>David Savary<\/td><\/tr><tr><td>Date de r\u00e9vision<\/td><td>13\/09\/2023<\/td><\/tr><\/tbody><\/table><\/figure>\n\n\n\n<p><strong>Offrant un cadre de vie privil\u00e9gi\u00e9 \u00e0 ses habitants, Saint-Germain-en-Laye (Yvelines) multiplie les initiatives afin d\u2019encourager la pratique sportive pour tous. Ayant d\u00e9j\u00e0 s\u00e9duit la d\u00e9l\u00e9gation britannique pour les Jeux de Paris l\u2019an prochain <\/strong>(ndl 2024)<strong>, la ville royale se r\u00e9jouit aussi d\u2019accueillir sur son territoire le passage du relais de la Flamme le 23 juillet 2024.<\/strong><\/p>\n\n\n\n<p>Saint-Germain-en-Laye est une ville sportive par nature. \u00ab&nbsp;In\u00e9vitablement&nbsp;\u00bb confirme son maire Arnaud P\u00e9ricard. Riche d\u2019<strong>une for\u00eat domaniale de 3&nbsp;500 hectares<\/strong>, il rappelle d\u2019ailleurs que la commune situ\u00e9e dans l\u2019ouest parisien a&nbsp;<strong>toujours fait du sport l\u2019une de ses principales composantes.<\/strong>&nbsp;<strong>\u00ab&nbsp;Simplement sa mise en avant \u00e9tait peut-\u00eatre plus discr\u00e8te, plus timide par rapport \u00e0 la valorisation de notre patrimoine&nbsp;\u00bb<\/strong>&nbsp;r\u00e9sume l\u2019\u00e9lu qui entend donner aujourd\u2019hui une nouvelle impulsion \u00e0 la pratique sportive dans sa ville.<\/p>\n\n\n\n<p>Il faut dire que&nbsp;<a rel=\"noreferrer noopener\" href=\"https:\/\/www.saintgermainenlaye.fr\/\" target=\"_blank\">Saint-Germain-en-Laye<\/a>&nbsp;peut (pouvait) s\u2019enorgueillir d\u2019une belle vitrine en abritant&nbsp;<strong>le Camp des Loges, centre d\u2019entrainement de l\u2019effectif professionnel du PSG.&nbsp;<\/strong>Malheureusement, le club de football d\u00e9m\u00e9nage cette saison pour s\u2019installer \u00e0 quelques kilom\u00e8tres \u00e0 Poissy.<strong>&nbsp;\u00ab&nbsp;Les pros partent mais toute la partie associative et amateur reste ici&nbsp;\u00bb<\/strong>&nbsp;tient \u00e0 pr\u00e9ciser Arnaud P\u00e9ricard. L\u2019occasion aussi \u00e0 la faveur de ce d\u00e9m\u00e9nagement d\u2019effectuer quelques travaux et dans le m\u00eame temps&nbsp;<strong>faire la place belle au club de rugby du Stade Fran\u00e7ais<\/strong>.<\/p>\n\n\n\n<p>Berceau du Paris-Saint-Germain, la commune francilienne a obtenu&nbsp;<strong>en 2019 le label&nbsp;\u00ab&nbsp;Ville active et sportive&nbsp;\u00bb<\/strong>&nbsp;pour la qualit\u00e9 de son offre jug\u00e9e \u00ab&nbsp;ambitieuse et innovante&nbsp;\u00bb. Une ambition \u00e9galement au service de la jeunesse car selon Arnaud P\u00e9ricard,&nbsp;<strong>\u00ab&nbsp;on ne fait pas encore assez de sport dans \u00e9coles, les coll\u00e8ges et les lyc\u00e9es&nbsp;\u00bb.<\/strong>&nbsp;Cons\u00e9quence, la municipalit\u00e9 devrait davantage s\u2019impliquer dans le bien-\u00eatre physique et mental de ses \u00ab&nbsp;quelque 23&nbsp;000 \u00e9l\u00e8ves&nbsp;\u00bb. Jeunes ou moins jeunes, \u00e0 Saint-Germain la notion de&nbsp;<a href=\"https:\/\/www.sport-et-tourisme.fr\/destinations\/sport-sante-je-regrette-labsence-totale-dengagements-financiers-du-gouvernement\/\" target=\"_blank\" rel=\"noreferrer noopener\">sport-sant\u00e9<\/a>&nbsp;est \u00e9rig\u00e9e au rang de priorit\u00e9. Comme \u00e0&nbsp;<a href=\"https:\/\/www.sport-et-tourisme.fr\/destinations\/versailles-sport\/\" target=\"_blank\" rel=\"noreferrer noopener\">Versailles<\/a>,&nbsp;<a href=\"https:\/\/www.sport-et-tourisme.fr\/destinations\/montargis\/\" target=\"_blank\" rel=\"noreferrer noopener\">Montargis<\/a>&nbsp;ou&nbsp;<a href=\"https:\/\/www.sport-et-tourisme.fr\/destinations\/saint-ouen-laumone-bouge\/\" target=\"_blank\" rel=\"noreferrer noopener\">Saint-Ouen-l\u2019Aum\u00f4ne<\/a>.<\/p>\n\n\n\n<h5 class=\"wp-block-heading\">70 associations, de 100 \u00e0 plus de 1&nbsp;000 adh\u00e9rents<\/h5>\n\n\n\n<p>Soucieuse d\u2019encourager la pratique du sport \u00e0 destination de tous les publics,&nbsp;<strong>la ville des Yvelines modernise ses infrastructures existantes, cr\u00e9\u00e9 de nouveaux \u00e9quipements<\/strong>&nbsp;comme par exemple un gymnase \u00ab&nbsp;fusionn\u00e9 avec le conservatoire national au sein d\u2019un m\u00eame b\u00e2timent&nbsp;\u00bb. L\u2019id\u00e9e est aussi de<strong>multiplier les disciplines tout en d\u00e9veloppant le sport de haut niveau.<\/strong>&nbsp;Terrains, piscines, gymnases\u2026,&nbsp;<strong>une cinquantaine de lieux de pratiques sportives<\/strong>&nbsp;(cartographi\u00e9s par la&nbsp;<a rel=\"noreferrer noopener\" href=\"https:\/\/www.sport-et-tourisme.fr\/corporate\/loffre-sportive-bouge\/\" target=\"_blank\">start-up Bouge<\/a>)&nbsp;<strong>sont recens\u00e9s dans la ville<\/strong>.&nbsp;<strong>\u00ab&nbsp;Nous avons 70 associations comprenant de 100 \u00e0 plus de 1&nbsp;000 adh\u00e9rents, la plus importante \u00e9tant le Tennis Club des Loges&nbsp;\u00bb&nbsp;<\/strong>compl\u00e8te Arnaud P\u00e9ricard, lui-m\u00eame tr\u00e8s sportif puisqu\u2019il fait aujourd\u2019hui \u00ab&nbsp;de la boxe, du tennis&nbsp;\u00bb et \u00ab&nbsp;court r\u00e9guli\u00e8rement dans la for\u00eat de Saint-Germain&nbsp;\u00bb.<\/p>\n\n\n\n<h5 class=\"wp-block-heading\">Les talents sportifs soutenus et encourag\u00e9s<\/h5>\n\n\n\n<p>Depuis plus de cinquante ans, Saint-Germain-en-Laye est historiquement le repaire des footballeurs ayant \u00e9volu\u00e9 ou \u00e9voluant dans le club star de la capitale. \u00ab&nbsp;On en croise encore r\u00e9guli\u00e8rement dans la ville.<strong>&nbsp;Je crois qu\u2019ils appr\u00e9cient cette forme d\u2019anonymat. C\u2019est quelque chose que l\u2019on respecte et qui convient aussi parfaitement \u00e0 notre population (47&nbsp;000 habitants) compos\u00e9e de profils extr\u00eamement diff\u00e9rents&nbsp;\u00bb<\/strong>&nbsp;souligne Arnaud P\u00e9ricard qui cite volontiers l\u2019ancien milieu de terrain du PSG Safet Susic ou encore l\u2019international Adrien Rabiot qui \u00ab&nbsp;vivent \u00e0 Saint-Germain&nbsp;\u00bb. D\u2019anciens champions olympiques comme Jean-Claude Lemoult ou Michel Bensoussan (football en 1984 \u00e0 Los Angeles) ont aussi \u00e9lu domicile \u00e0 Saint-Germain-en-Laye.<\/p>\n\n\n\n<p>Preuve \u00e9galement du cadre de vie attrayant offert par la commune,&nbsp;le basketteur des Clippers de Los Angeles vient d\u2019acheter une maison&nbsp;\u00bb.&nbsp;<strong>\u00ab&nbsp;Nous accueillons beaucoup de sportifs. Nous encourageons et soutenons aussi les plus jeunes&nbsp;\u00bb<\/strong>&nbsp;indique le maire qui prend l\u2019exemple d\u2019Alex Portal, nageur handisport qui va repr\u00e9senter la France aux Jeux l\u2019an prochain. \u00ab&nbsp;Il habite en face de la mairie, comme j\u2019ai dit \u00e0 sa maman, je peux le surveiller&nbsp;\u00bb ironise Arnaud P\u00e9ricard.<\/p>\n\n\n\n<h5 class=\"wp-block-heading\">JO 2024, au service de l\u2019\u00e9quipe britannique<\/h5>\n\n\n\n<p>Situ\u00e9e \u00e0 proximit\u00e9 des sites de comp\u00e9tition Paris 2024, Saint-Germain-en-Laye, ville internationale, est <strong>labellis\u00e9e Terre de Jeux depuis 2019<\/strong>. Retenue comme Centre de pr\u00e9paration aux Jeux Olympiques, la ville se dit fi\u00e8re d<strong>\u2019accueillir Team GB, la d\u00e9l\u00e9gation britannique.<\/strong>&nbsp;La majeure partie des effectifs se pr\u00e9parera et s\u2019entrainera ici.&nbsp;<strong>\u00ab&nbsp;Notre r\u00f4le, c\u2019est de d\u00e9livrer les meilleurs outils et les meilleures infrastructures pour permettre la pratique la plus performante et la plus d\u00e9mocratique possible&nbsp;\u00bb<\/strong>affirme Arnaud P\u00e9ricard.<\/p>\n\n\n\n<h5 class=\"wp-block-heading\">Le 23 juillet 2024, la Flamme Olympique \u00e0 Saint-Germain<\/h5>\n\n\n\n<p>Particuli\u00e8rement attach\u00e9 \u00e0 l\u2019histoire de l\u2019olympisme et son h\u00e9ritage, l\u2019\u00e9dile se r\u00e9jouit aussi d\u2019accueillir la&nbsp;<strong><a href=\"https:\/\/www.sport-et-tourisme.fr\/destinations\/france\/flamme-olympique-parcours\/\" target=\"_blank\" rel=\"noreferrer noopener\">Flamme Olympique&nbsp;<\/a>lors de son parcours le mardi 23&nbsp;juillet 2024<\/strong>, trois jours avant la c\u00e9r\u00e9monie d\u2019ouverture.&nbsp;<strong>\u00ab&nbsp;Nous aurons tr\u00e8s certainement un Saint-Germanois qui portera la Flamme, il l\u2019a d\u00e9j\u00e0 fait lors des JO de Grenoble en 1968&nbsp;\u00bb&nbsp;<\/strong>confie Arnaud P\u00e9ricard extr\u00eamement sensible \u00e0 cette&nbsp;<strong>\u00ab&nbsp;dynamique olympique&nbsp;\u00bb \u00e0 laquelle est associ\u00e9e toute la population.<\/strong>&nbsp;D\u2019autant plus fier que son grand-p\u00e8re n\u2019\u00e9tait autre qu\u2019Henri Cochet, l\u2019un des \u00ab&nbsp;Quatre Mousquetaires&nbsp;\u00bb fran\u00e7ais qui domin\u00e8rent le tennis des ann\u00e9es 20. Il a notamment d\u00e9croch\u00e9 deux m\u00e9dailles d\u2019argent lors des&nbsp;Jeux olympiques de Paris&nbsp;en\u2026 1924. Pour son petit-fils, \u00ab&nbsp;un beau symbole&nbsp;\u00bb. &nbsp;<strong>\u00ab&nbsp;J\u2019ai son dipl\u00f4me olympique sign\u00e9 de la main de Pierre de Coubertin dans mon bureau&nbsp;\u00bb<\/strong>&nbsp;conclut Arnaud P\u00e9ricard.<\/p>\n\n\n<h5><span style=\"color: #993300;\">L\u2019offre sportive de Saint-Germain-en-Laye cartographi\u00e9e par la start-up Bouge<\/span><\/h5>\n<p><span style=\"color: #993300;\">Dans sa volont\u00e9 de favoriser le d\u00e9veloppement des clubs et lieux sportifs dans sa ville,\u00a0<strong>Saint-Germain-en-Laye s\u2019est associ\u00e9e avec\u00a0la <span style=\"color: #333399;\"><a style=\"color: #333399;\" href=\"https:\/\/www.sport-et-tourisme.fr\/T9Krm\" target=\"_blank\" rel=\"nofollow noopener\">start-up Bouge<\/a><\/span> qui a mis au point une\u00a0carte interactive des activit\u00e9s physiques.<\/strong>\u00a0Terrains publics, associations, aires de jeux pour enfants\u2026, rien n\u2019est oubli\u00e9 et permet donc \u00e0 chacun de\u00a0connaitre en temps r\u00e9el l\u2019offre sport sur Saint-Germain.<\/span><\/p>\n\n\n<div style=\"height:18px\" aria-hidden=\"true\" class=\"wp-block-spacer\"><\/div>\n\n\n\n<hr class=\"wp-block-separator has-alpha-channel-opacity\"\/>\n\n\n\n<div style=\"height:19px\" aria-hidden=\"true\" class=\"wp-block-spacer\"><\/div>\n\n\n\n<figure class=\"wp-block-table\"><table><tbody><tr><td>Sujet <\/td><td>Roger Gicquel : M\u00e9moire vivante<\/td><\/tr><tr><td>Lien<\/td><td><a href=\"https:\/\/actu.fr\/ile-de-france\/saint-germain-en-laye_78551\/memoire-vivante-de-saint-germain-en-laye-roger-gicquel-a-une-piste-d-athletisme-a-son-nom_54395430.html\">Ici<\/a><\/td><\/tr><tr><td>Origine<\/td><td>78actu<\/td><\/tr><tr><td><\/td><td><\/td><\/tr><tr><td>Date de r\u00e9vision<\/td><td>12\/08\/2023<\/td><\/tr><\/tbody><\/table><\/figure>\n\n\n\n<h5 class=\"wp-block-heading\">M\u00e9moire vivante de Saint-Germain-en-Laye : Roger Gicquel a une piste d&rsquo;athl\u00e9tisme \u00e0 son nom&nbsp;<\/h5>\n\n\n\n<p>M\u00e9moire vivante de Saint-Germain-en-Laye (Yvelines) et b\u00e9n\u00e9vole infatigable, Roger Gicquel a \u00e9t\u00e9 mis \u00e0 l&rsquo;honneur par la Ville qui a donn\u00e9 son nom \u00e0 la nouvelle piste d&rsquo;athl\u00e9tisme.<\/p>\n\n\n\n<p>Sa r\u00e9novation \u00e9tait attendue depuis longtemps. Apr\u00e8s des mois de travaux, le stade Georges-Lef\u00e8vre, \u00e0&nbsp;<strong>Saint-Germain-en-Laye<\/strong>&nbsp;(<strong>Yvelines<\/strong>), dispose d\u2019une piste d\u2019<strong>athl\u00e9tisme<\/strong>&nbsp;flambant neuve d\u2019un haut niveau technique.<\/p>\n\n\n\n<p>Un nouvel \u00e9quipement auquel il a bien fallu donner un nom. Et, chose peu commune, la Ville a choisi d\u2019honorer une personne de son vivant.<\/p>\n\n\n\n<p>Son choix ne s\u2019est pas port\u00e9 sur une star connue nationalement ou internationalement \u2013 bien que \u2013 mais sur une personnalit\u00e9 locale&nbsp;:&nbsp;<strong>Roger Gicquel<\/strong>.<\/p>\n\n\n\n<h6 class=\"wp-block-heading\">\u00ab&nbsp;Je fr\u00e9quente cette piste depuis tout petit&nbsp;\u00bb<\/h6>\n\n\n\n<blockquote class=\"wp-block-quote is-layout-flow wp-block-quote-is-layout-flow\">\n<p>\u00ab&nbsp;J&rsquo;\u00e9tais vraiment tr\u00e8s \u00e9mu. J&rsquo;avais les larmes aux yeux. J&rsquo;ai trouv\u00e9 \u00e7a g\u00e9nial car je fr\u00e9quente cette piste depuis tout petit. Avec les copains, apr\u00e8s l&rsquo;\u00e9cole, nous allions au stade et on jouait \u00e0 l&rsquo;endurance. C&rsquo;\u00e9tait \u00e0 celui qui tiendrait le plus longtemps possible en courant. \u00c0 l&rsquo;\u00e9poque c&rsquo;\u00e9tait autre chose, elle faisait 500&nbsp;m et elle \u00e9tait en m\u00e2chefer.&nbsp;\u00bb<strong>Roger Gicquel<\/strong><\/p>\n<\/blockquote>\n\n\n\n<p>Ce Saint-Germanois, qui f\u00eatera ses 91 ans le 14 octobre, est la m\u00e9moire vivante de la commune. Roger, c\u2019est le b\u00e9n\u00e9vole infatigable dont la gentillesse n\u2019a d\u2019\u00e9gale que son d\u00e9vouement au service des autres.<\/p>\n\n\n\n<p>Un comportement qu\u2019il tiendra aussi bien dans le cadre de sa carri\u00e8re professionnelle que sportive.<\/p>\n\n\n\n<h5 class=\"wp-block-heading\">Comp\u00e9titeur puis entra\u00eeneur<\/h5>\n\n\n\n<p>C\u2019est au fil de ces courses \u00ab&nbsp;pour s\u2019amuser&nbsp;\u00bb avec ses copains qu\u2019il d\u00e9couvre l\u2019amour de la course \u00e0 pied dont il ne se d\u00e9partira plus. Sp\u00e9cialis\u00e9 sur l\u2019\u00e9preuve du 400&nbsp;m plat, il est contraint d\u2019arr\u00eater la comp\u00e9tition \u00e0 l\u2019\u00e2ge de 20&nbsp;ans suite \u00e0 un probl\u00e8me physique.<\/p>\n\n\n\n<p>Qu\u2019\u00e0 cela ne tienne, il accompagnera les autres et entame une longue carri\u00e8re d\u2019entra\u00eeneur b\u00e9n\u00e9vole.<\/p>\n\n\n\n<p>Lors de l\u2019inauguration de la piste le samedi 1er&nbsp;octobre en pr\u00e9sence du maire de Saint-Germain-en-Laye,&nbsp;<strong>Arnaud P\u00e9ricard<\/strong>, des \u00e9lus et d\u2019<strong>Am\u00e9lie Oud\u00e9a-Cast\u00e9ra<\/strong>, la&nbsp;<strong>ministre des sports et des Jeux olympiques et paralympiques<\/strong>, les premiers mots de Roger seront d\u2019ailleurs, encore une fois, destin\u00e9s \u00e0 mettre \u00e0 l\u2019honneur le&nbsp;<strong>b\u00e9n\u00e9volat<\/strong>.<\/p>\n\n\n\n<h6 class=\"wp-block-heading\">\u00ab&nbsp;Je pense \u00e0 tous les b\u00e9n\u00e9voles&nbsp;\u00bb<\/h6>\n\n\n\n<blockquote class=\"wp-block-quote is-layout-flow wp-block-quote-is-layout-flow\">\n<p>\u00ab&nbsp;Aujourd&rsquo;hui, je me sens privil\u00e9gi\u00e9 mais je pense \u00e0 tous les b\u00e9n\u00e9voles qui n&rsquo;auront peut-\u00eatre jamais la joie d&rsquo;\u00eatre remerci\u00e9s pour tout ce qu&rsquo;ils apportent aux jeunes. C&rsquo;est pour cette raison que je tiens \u00e0 rendre hommage aux b\u00e9n\u00e9voles, aux \u00e9ducateurs, dirigeants, entra\u00eeneurs b\u00e9n\u00e9voles qui font profiter de leur exp\u00e9rience \u00e0 notre jeunesse.&nbsp;\u00bb<strong><\/strong><\/p>\n<\/blockquote>\n\n\n\n<p>Pourtant, l\u2019hommage rendu \u00e0 cet homme humble, qui f\u00fbt l\u2019un des premiers laur\u00e9ats du&nbsp;<strong>Soleil d\u2019or<\/strong>&nbsp;en 1989, est bel et bien m\u00e9rit\u00e9.<\/p>\n\n\n\n<p>R\u00e9pondant toujours pr\u00e9sent et capable de d\u00e9placer des montagnes pour organiser une manifestation en faveur d\u2019une bonne cause, il a profond\u00e9ment marqu\u00e9 la vie saint-germanoise.<\/p>\n\n\n\n<h6 class=\"wp-block-heading\">Il a cr\u00e9\u00e9 plusieurs associations et \u00e9v\u00e9nements<\/h6>\n\n\n\n<p>Ainsi, le 6&nbsp;juin 1982, Roger Gicquel lan\u00e7ait, avec un petit noyau de sportifs passionn\u00e9s, la premi\u00e8re&nbsp;<strong>Foul\u00e9e Royale<\/strong>&nbsp;dont les fonds r\u00e9colt\u00e9s \u00e9taient revers\u00e9s \u00e0 diff\u00e9rentes causes dont l\u2019association Les chemins de l\u2019\u00e9veil s\u2019occupant de personnes handicap\u00e9es.<\/p>\n\n\n\n<p>En juin dernier, l\u2019\u00e9dition 2022 a r\u00e9uni 1&nbsp;500 coureurs.<\/p>\n\n\n\n<hr class=\"wp-block-separator has-alpha-channel-opacity\"\/>\n\n\n\n<div style=\"height:18px\" aria-hidden=\"true\" class=\"wp-block-spacer\"><\/div>\n\n\n\n<figure class=\"wp-block-table\"><table><tbody><tr><td>Sujet <\/td><td>JEUNESSE &#8211; \u00c9DUCATION &#8211; SPORT<\/td><\/tr><tr><td>Lien<\/td><td>Aucun<\/td><\/tr><tr><td>Origine<\/td><td>Benoit Battistelli<\/td><\/tr><tr><td><\/td><td><\/td><\/tr><tr><td>Date de r\u00e9vision<\/td><td>10\/08\/2023<\/td><\/tr><\/tbody><\/table><\/figure>\n\n\n\n<p>Saint-Germain-en-Laye est une ville jeune&nbsp;: 23\u2009000 \u00e9l\u00e8ves et \u00e9tudiants pour pr\u00e8s de 50\u2009000&nbsp;habitants.<\/p>\n\n\n\n<p>L\u2019\u00e9ducation occupe une place centrale. Depuis l\u2019institution pour jeunes filles fond\u00e9e par Mme&nbsp;de&nbsp;Campan en 1794 et qui deviendra sous Napol\u00e9on&nbsp;1er <a href=\"http:\/\/saint-germain.us\/index.php\/p73\/\">la Maison d\u2019\u00e9ducation de la L\u00e9gion d\u2019honneur<\/a>, le nombre d\u2019\u00e9tablissements scolaires, tant publics que priv\u00e9s, n\u2019a cess\u00e9 d\u2019augmenter en offrant toute la gamme des formations possibles.<br>\u00c0 titre d\u2019exemple, il y a un lyc\u00e9e <a href=\"http:\/\/saint-germain.us\/index.php\/p75\/\">agricole et horticole<\/a> accueillant 500&nbsp;\u00e9l\u00e8ves, des lyc\u00e9es techniques, professionnels, d\u2019enseignement g\u00e9n\u00e9ral et un <a href=\"http:\/\/saint-germain.us\/index.php\/p73\/\">lyc\u00e9e international<\/a>, h\u00e9ritier de l\u2019\u00e9cole du SHAPE cr\u00e9\u00e9e par le G\u00e9n\u00e9ral Eisenhower en 1952, qui comprend aujourd\u2019hui 14&nbsp;sections internationales et accueille plus de 2000&nbsp;\u00e9l\u00e8ves.<br>L\u2019enseignement sup\u00e9rieur s\u2019est r\u00e9cemment consid\u00e9rablement renforc\u00e9 avec l\u2019ouverture en 2013 de <a href=\"http:\/\/saint-germain.us\/index.php\/p75\/\">Sciences Po<\/a> St Germain et pourrait accueillir d\u2019ici quelques ann\u00e9es&nbsp;5000 \u00e9tudiants.<br>\u00c0 tous les niveaux, l\u2019exigence de qualit\u00e9 prime et l\u2019excellence est vis\u00e9e.<br>Saint-Germain-en-Laye est \u00e9galement une ville sportive tant par une pratique-amateur largement r\u00e9pandue dans toutes les couches de la population et les diff\u00e9rentes g\u00e9n\u00e9rations que par un club professionnel embl\u00e9matique&nbsp;: le PSG.<br>Saint-Germain-en-Laye dispose de nombreux \u00e9quipements&nbsp;: gymnases, terrains de football, rugby, hockey, paddle, tennis couverts et \u00e0 l\u2019air libre, piscine olympique, athl\u00e9tisme, murs d\u2019escalade, <a href=\"http:\/\/saint-germain.us\/index.php\/p72\/\">2&nbsp;clubs de golf<\/a> proposant plusieurs parcours de 18&nbsp;trous.<br>Toutes les disciplines sont repr\u00e9sent\u00e9es, du cyclisme, aux sports martiaux, aux jeux de ballon et \u00e0 la marche, et anim\u00e9es par des associations regroupant plusieurs milliers d\u2019amateurs et de licenci\u00e9s de tous \u00e2ges.<\/p>\n\n\n\n<p><\/p>\n\n\n\n<p><\/p>\n\n\n\n<hr class=\"wp-block-separator has-alpha-channel-opacity\"\/>\n\n\n\n<p>Suite &#8230; <a href=\"http:\/\/saint-germain.us\/index.php\/p72\/\">Ici<\/a><\/p>\n\n\n\n<hr class=\"wp-block-separator has-alpha-channel-opacity\"\/>\n\n\n\n<h5 class=\"wp-block-heading\">commentaires :<a href=\"http:\/\/saint-germain.us\/index.php\/page-d-exemple\/\"> ICI<\/a><\/h5>\n\n\n\n<hr class=\"wp-block-separator has-alpha-channel-opacity\"\/>\n","protected":false},"excerpt":{"rendered":"<p>La ville o\u00f9 le sport est roi La page pr\u00e9sente : L&rsquo;affiche pour les J.O. de 2024 Les tennis, Le stade, Roger Gicquel (voir ci-dessous), La piscine, Le padel tennis, Le beachvolley. Carte du livre : &#8230; Vous pouvez ajouter des commentaires en bas de page. Sujet Ville royale \u00f4 combien sportive, ITW d&rsquo;Arnaud P\u00e9ricard [&hellip;]<\/p>\n","protected":false},"author":1,"featured_media":0,"parent":0,"menu_order":0,"comment_status":"closed","ping_status":"closed","template":"","meta":{"footnotes":""},"class_list":["post-170","page","type-page","status-publish","hentry"],"_links":{"self":[{"href":"https:\/\/saint-germain.us\/index.php\/wp-json\/wp\/v2\/pages\/170","targetHints":{"allow":["GET"]}}],"collection":[{"href":"https:\/\/saint-germain.us\/index.php\/wp-json\/wp\/v2\/pages"}],"about":[{"href":"https:\/\/saint-germain.us\/index.php\/wp-json\/wp\/v2\/types\/page"}],"author":[{"embeddable":true,"href":"https:\/\/saint-germain.us\/index.php\/wp-json\/wp\/v2\/users\/1"}],"replies":[{"embeddable":true,"href":"https:\/\/saint-germain.us\/index.php\/wp-json\/wp\/v2\/comments?post=170"}],"version-history":[{"count":24,"href":"https:\/\/saint-germain.us\/index.php\/wp-json\/wp\/v2\/pages\/170\/revisions"}],"predecessor-version":[{"id":3040,"href":"https:\/\/saint-germain.us\/index.php\/wp-json\/wp\/v2\/pages\/170\/revisions\/3040"}],"wp:attachment":[{"href":"https:\/\/saint-germain.us\/index.php\/wp-json\/wp\/v2\/media?parent=170"}],"curies":[{"name":"wp","href":"https:\/\/api.w.org\/{rel}","templated":true}]}}