{"id":174,"date":"2023-04-29T09:22:42","date_gmt":"2023-04-29T07:22:42","guid":{"rendered":"http:\/\/saint-germain.us\/?page_id=174"},"modified":"2023-09-14T18:58:42","modified_gmt":"2023-09-14T16:58:42","slug":"p73","status":"publish","type":"page","link":"https:\/\/saint-germain.us\/index.php\/p73\/","title":{"rendered":"P73"},"content":{"rendered":"\n<h2 class=\"wp-block-heading\">Des \u00e9coles qui traversent le temps<\/h2>\n\n\n\n<hr class=\"wp-block-separator has-alpha-channel-opacity\"\/>\n\n\n<p><span style=\"color: #333399;\">La page pr\u00e9sente :<\/span><\/p>\n<ul>\n<li><span style=\"color: #000080;\">Une vue du ch\u00e2teau du Lyc\u00e9e International,\u00a0<\/span><\/li>\n<li><span style=\"color: #000080;\">Un dessin de la salle des sports,<\/span><\/li>\n<li><span style=\"color: #000080;\">Une vue ancienne de la Maison d&rsquo;\u00c9ducation de la L\u00e9gion d&rsquo;Honneur.<\/span><\/li>\n<\/ul>\n<p><em><span style=\"color: #333399;\">Vous pouvez ajouter des commentaires en bas de page.<\/span><\/em><\/p>\n\n\n<hr class=\"wp-block-separator has-alpha-channel-opacity\"\/>\n\n\n\n<div style=\"height:18px\" aria-hidden=\"true\" class=\"wp-block-spacer\"><\/div>\n\n\n\n<figure class=\"wp-block-table\"><table><tbody><tr><td>Sujet <\/td><td>JEUNESSE &#8211; \u00c9DUCATION &#8211; SPORT<\/td><\/tr><tr><td>Lien<\/td><td>Aucun<\/td><\/tr><tr><td>Origine<\/td><td>Benoit Battistelli<\/td><\/tr><tr><td><\/td><td><\/td><\/tr><tr><td>Date de r\u00e9vision<\/td><td>10\/08\/2023<\/td><\/tr><\/tbody><\/table><\/figure>\n\n\n\n<p>Saint-Germain-en-Laye est une ville jeune&nbsp;: 23\u2009000 \u00e9l\u00e8ves et \u00e9tudiants pour pr\u00e8s de 50\u2009000&nbsp;habitants.<\/p>\n\n\n\n<p>L\u2019\u00e9ducation occupe une place centrale. Depuis l\u2019institution pour jeunes filles fond\u00e9e par Mme&nbsp;de&nbsp;Campan en 1794 et qui deviendra sous Napol\u00e9on&nbsp;1er <a href=\"http:\/\/saint-germain.us\/index.php\/p73\/\">la Maison d\u2019\u00e9ducation de la L\u00e9gion d\u2019honneur<\/a>, le nombre d\u2019\u00e9tablissements scolaires, tant publics que priv\u00e9s, n\u2019a cess\u00e9 d\u2019augmenter en offrant toute la gamme des formations possibles.<br>\u00c0 titre d\u2019exemple, il y a un lyc\u00e9e <a href=\"http:\/\/saint-germain.us\/index.php\/p75\/\">agricole et horticole<\/a> accueillant 500&nbsp;\u00e9l\u00e8ves, des lyc\u00e9es techniques, professionnels, d\u2019enseignement g\u00e9n\u00e9ral et un <a href=\"http:\/\/saint-germain.us\/index.php\/p73\/\">lyc\u00e9e international<\/a>, h\u00e9ritier de l\u2019\u00e9cole du SHAPE cr\u00e9\u00e9e par le G\u00e9n\u00e9ral Eisenhower en 1952, qui comprend aujourd\u2019hui 14&nbsp;sections internationales et accueille plus de 2000&nbsp;\u00e9l\u00e8ves.<br>L\u2019enseignement sup\u00e9rieur s\u2019est r\u00e9cemment consid\u00e9rablement renforc\u00e9 avec l\u2019ouverture en 2013 de <a href=\"http:\/\/saint-germain.us\/index.php\/p75\/\">Sciences Po<\/a> St Germain et pourrait accueillir d\u2019ici quelques ann\u00e9es&nbsp;5000 \u00e9tudiants.<br>\u00c0 tous les niveaux, l\u2019exigence de qualit\u00e9 prime et l\u2019excellence est vis\u00e9e.<br>Saint-Germain-en-Laye est \u00e9galement une ville sportive tant par une pratique-amateur largement r\u00e9pandue dans toutes les couches de la population et les diff\u00e9rentes g\u00e9n\u00e9rations que par un club professionnel embl\u00e9matique&nbsp;: le PSG.<br>Saint-Germain-en-Laye dispose de nombreux \u00e9quipements&nbsp;: gymnases, terrains de football, rugby, hockey, paddle, tennis couverts et \u00e0 l\u2019air libre, piscine olympique, athl\u00e9tisme, murs d\u2019escalade, <a href=\"http:\/\/saint-germain.us\/index.php\/p72\/\">2&nbsp;clubs de golf<\/a> proposant plusieurs parcours de 18&nbsp;trous.<br>Toutes les disciplines sont repr\u00e9sent\u00e9es, du cyclisme, aux sports martiaux, aux jeux de ballon et \u00e0 la marche, et anim\u00e9es par des associations regroupant plusieurs milliers d\u2019amateurs et de licenci\u00e9s de tous \u00e2ges.<\/p>\n\n\n\n<hr class=\"wp-block-separator has-alpha-channel-opacity\"\/>\n\n\n\n<p><\/p>\n\n\n\n<figure class=\"wp-block-table\"><table><tbody><tr><td>Sujet <\/td><td>Le ch\u00e2teau du Lyc\u00e9e International<\/td><\/tr><tr><td>Lien<\/td><td><a href=\"https:\/\/www.seine-saintgermain.fr\/fr\/fiche\/4901112\/un-sublime-chateau-ancre-dans-un-lycee-international\/\">Ici<\/a><\/td><\/tr><tr><td>Origine<\/td><td>Office de Tourisme Saint Germain Boucles de Seine<\/td><\/tr><tr><td><\/td><td><\/td><\/tr><tr><td>Date de r\u00e9vision<\/td><td>09\/08\/2023<\/td><\/tr><\/tbody><\/table><\/figure>\n\n\n\n<p id=\"description\"><strong>Ce petit bijou d&rsquo;architecture construit au tout d\u00e9but du XX\u00e8me si\u00e8cle, a \u00e9t\u00e9 le t\u00e9moin de nombreux \u00e9v\u00e9nements culturels, festifs et historiques avant de devenir le lyc\u00e9e international de Saint-Germain et d&rsquo;y accueillir ses premiers \u00e9l\u00e8ves en 1952.<\/strong><\/p>\n\n\n\n<p>Son premier propri\u00e9taire fut l&rsquo;inventeur de la c\u00e9l\u00e8bre pastille Valda, Henri-Edmond Canonne, avant que la demeure soit rachet\u00e9e en 1928 par le riche Maharadjah d&rsquo;Indore et devienne un endroit pris\u00e9 pour ses sublimes r\u00e9ceptions.<\/p>\n\n\n\n<p>Puis son enceinte a rapidement \u00e9t\u00e9 employ\u00e9e durant la seconde guerre mondiale. Comme h\u00f4pital pour les troupes coloniales tout d&rsquo;abord, puis comme lieu d&rsquo;occupation de l&rsquo;arm\u00e9e allemande, puis de r\u00e9union pour les forces alli\u00e9es \u00e0 la lib\u00e9ration. Durant ses nombreuses vies, il a \u00e9galement \u00e9t\u00e9 le lieu de tournage d&rsquo;un film.<\/p>\n\n\n\n<p>Enfin, en 1952 il a \u00e9t\u00e9 reconverti comme \u00e9cole internationale du \u00ab\u00a0Shape Village\u00a0\u00bb (ex quartier g\u00e9n\u00e9ral des forces alli\u00e9es en Europe), et Lyc\u00e9e de l&rsquo;OTAN avant d&rsquo;accueillir ses premiers \u00e9l\u00e8ves en tant que Lyc\u00e9e International de Saint-Germain-en-Laye.<\/p>\n\n\n\n<p>Aujourd&rsquo;hui les salons du rez-de-chauss\u00e9e et le th\u00e9\u00e2tre au sous-sol sont le cadre de l&rsquo;intense vie sociale et culturelle de l&rsquo;\u00e9tablissement. Rencontres, s\u00e9minaires, r\u00e9p\u00e9tition, spectacles et concerts s&rsquo;y d\u00e9roulent durant toute l&rsquo;ann\u00e9e scolaire.<\/p>\n\n\n\n<p><\/p>\n\n\n\n<hr class=\"wp-block-separator has-alpha-channel-opacity\"\/>\n\n\n\n<div style=\"height:18px\" aria-hidden=\"true\" class=\"wp-block-spacer\"><\/div>\n\n\n\n<figure class=\"wp-block-image size-large\"><img loading=\"lazy\" decoding=\"async\" width=\"1024\" height=\"714\" src=\"http:\/\/saint-germain.us\/wp-content\/uploads\/2023\/08\/IMG_6053-1024x714.jpg\" alt=\"\" class=\"wp-image-2298\" srcset=\"https:\/\/saint-germain.us\/wp-content\/uploads\/2023\/08\/IMG_6053-1024x714.jpg 1024w, https:\/\/saint-germain.us\/wp-content\/uploads\/2023\/08\/IMG_6053-300x209.jpg 300w, https:\/\/saint-germain.us\/wp-content\/uploads\/2023\/08\/IMG_6053-768x536.jpg 768w, https:\/\/saint-germain.us\/wp-content\/uploads\/2023\/08\/IMG_6053-1536x1071.jpg 1536w, https:\/\/saint-germain.us\/wp-content\/uploads\/2023\/08\/IMG_6053-2048x1428.jpg 2048w\" sizes=\"auto, (max-width: 1024px) 100vw, 1024px\" \/><figcaption class=\"wp-element-caption\">La Maison d&rsquo;\u00e9ducation des Loges (Am\u00e9lior\u00e9e @Philippe GOUT d&rsquo;apr\u00e8s une photo de J.Paray)<\/figcaption><\/figure>\n\n\n\n<figure class=\"wp-block-image aligncenter size-large\"><img loading=\"lazy\" decoding=\"async\" width=\"1024\" height=\"576\" src=\"http:\/\/saint-germain.us\/wp-content\/uploads\/2023\/08\/Legion-honneur-1024x576.jpg\" alt=\"\" class=\"wp-image-2012\" srcset=\"https:\/\/saint-germain.us\/wp-content\/uploads\/2023\/08\/Legion-honneur-1024x576.jpg 1024w, https:\/\/saint-germain.us\/wp-content\/uploads\/2023\/08\/Legion-honneur-300x169.jpg 300w, https:\/\/saint-germain.us\/wp-content\/uploads\/2023\/08\/Legion-honneur-768x432.jpg 768w, https:\/\/saint-germain.us\/wp-content\/uploads\/2023\/08\/Legion-honneur-1536x864.jpg 1536w, https:\/\/saint-germain.us\/wp-content\/uploads\/2023\/08\/Legion-honneur-2048x1152.jpg 2048w\" sizes=\"auto, (max-width: 1024px) 100vw, 1024px\" \/><figcaption class=\"wp-element-caption\">Maison d&rsquo;\u00c9ducation de la L\u00e9gion d&rsquo;Honneur des Loges (@Philippe GOUT)<\/figcaption><\/figure>\n\n\n\n<p>Le nom des \u00ab\u00a0Loges\u00a0\u00bb viendrait des cabanes habit\u00e9es par des b\u00fbcherons (logiae) en ce lieu,  autrefois. \u00c0 l&rsquo;origine rendez-vous de chasse de Robert le Pieux (970-1031), connu sous le nom d&rsquo;H\u00f4tel des Loges sous Saint-Louis. <\/p>\n\n\n\n<p>Par la suite, les b\u00e2timents prennent l&rsquo;aspect d&rsquo;un v\u00e9ritable ch\u00e2teau que les Anglais br\u00fblent en 1346. Un monast\u00e8re est construit en 1626 par les Augustins D\u00e9chauss\u00e9s, appel\u00e9s \u201cPetits P\u00e8res\u00a0\u00bb, qui deviennent en 1746 les Augustins r\u00e9form\u00e9s.<\/p>\n\n\n\n<p>Napol\u00e9on 1er y installe en 1811 une des maisons d&rsquo;orphelines de la L\u00e9gion d&rsquo;Honneur. L&rsquo;institution s&rsquo;appelle Maison imp\u00e9riale Napol\u00e9on des Loges sous le Second Empire, puis Maison d&rsquo;Education des Loges.<\/p>\n\n\n\n<p><em>Textes de l&rsquo;association \u00ab\u00a0Les amis de la for\u00eat de Saint-Germain et de Marly\u00a0\u00bb<\/em><\/p>\n\n\n\n<hr class=\"wp-block-separator has-alpha-channel-opacity\"\/>\n\n\n\n<div style=\"height:18px\" aria-hidden=\"true\" class=\"wp-block-spacer\"><\/div>\n\n\n\n<figure class=\"wp-block-table\"><table><tbody><tr><td>Sujet <\/td><td>La maison d&rsquo;\u00e9ducation des Loges<\/td><\/tr><tr><td>Lien<\/td><td><a href=\"https:\/\/www.legiondhonneur.fr\/fr\/page\/la-maison-deducation-des-loges\/105\">Ici<\/a><\/td><\/tr><tr><td>Origine<\/td><td>Grande chancellerie de la L\u00e9gion d&rsquo;Honneur<\/td><\/tr><tr><td><\/td><td><\/td><\/tr><tr><td>Date de r\u00e9vision<\/td><td>09\/08\/2023<\/td><\/tr><\/tbody><\/table><\/figure>\n\n\n\n<p><strong>Situ\u00e9e au c\u0153ur de la for\u00eat de Saint-Germain-en-Laye, la maison d\u2019\u00e9ducation des Loges est l\u2019un des \u00e9tablissements fond\u00e9s par Napol\u00e9on pour l\u2019instruction des jeunes filles.<\/strong><\/p>\n\n\n\n<h5 class=\"wp-block-heading\">L\u2019histoire<\/h5>\n\n\n\n<p><strong>1320&nbsp;env<\/strong>. Une chapelle d\u00e9di\u00e9e \u00e0 Saint Fiacre voit le jour dans la for\u00eat de Saint-Germain-en-Laye.<\/p>\n\n\n\n<p><strong>1626<\/strong>. L\u2019ordre mendiant les Augustins D\u00e9chauss\u00e9s, issu de la r\u00e8gle de Saint Augustin, s\u2019installe sur le site de la chapelle.<\/p>\n\n\n\n<p><strong>1644<\/strong>. Anne d\u2019Autriche se d\u00e9clare fondatrice du couvent et de la nouvelle \u00e9glise \u00e9difi\u00e9e sous le titre de Notre-Dame-des-Gr\u00e2ces.<\/p>\n\n\n\n<p><strong>1660<\/strong>. Au cours de cette d\u00e9cennie, le couvent prend son essor, s\u2019agrandit et se dote&nbsp; d\u2019un grand dortoir, d\u2019un clo\u00eetre et d\u2019un gros pavillon.<\/p>\n\n\n\n<p><strong>1786<\/strong>. Les Augustins installent une manufacture d\u2019\u00e9toffes de soie et de velours.<\/p>\n\n\n\n<p><strong>1794<\/strong>. Pendant la R\u00e9volution, le Comit\u00e9 de salut public installe une manufacture de poudre \u00e0 canon dans les lieux.<\/p>\n\n\n\n<p><strong>1810<\/strong>. Napol\u00e9on signe le d\u00e9cret ordonnant la cr\u00e9ation de \u00ab&nbsp;six maisons destin\u00e9es \u00e0 recueillir et \u00e0 \u00e9lever les orphelines dont les p\u00e8res sont morts officiers et chevaliers de la L\u00e9gion d\u2019honneur&nbsp;\u00bb.&nbsp;<\/p>\n\n\n\n<p><strong>1811<\/strong>. Les premi\u00e8res orphelines s\u2019installent dans une partie des b\u00e2timents r\u00e9am\u00e9nag\u00e9s.<\/p>\n\n\n\n<p><strong>1812<\/strong>.&nbsp; Le 11 avril la maison re\u00e7oit la visite de l\u2019empereur Napol\u00e9on I<sup>er<\/sup>, qui ordonne des travaux d\u2019am\u00e9lioration.<\/p>\n\n\n\n<p><strong>1855<\/strong>. L\u2019empereur Napol\u00e9on III engage un vaste programme de restructuration et de construction, qui tente d\u2019unifier les diverses b\u00e2tisses, de les rendre plus fonctionnelles et plus harmonieuses.<\/p>\n\n\n\n<p><strong>1960<\/strong>. Avec la fermeture du ch\u00e2teau d\u2019Ecouen (qui devient mus\u00e9e de la Renaissance) et l\u2019accueil de nouvelles \u00e9l\u00e8ves aux Loges, des agrandissements sont n\u00e9cessaires. Le site est recompos\u00e9 par les architectes Barthe et Robin, sept corps de&nbsp; b\u00e2timents sont \u00e9difi\u00e9s (classes, logements, r\u00e9fectoire).<\/p>\n\n\n\n<p><strong>2010<\/strong>. Au rez-de-chauss\u00e9e du nouvel internat, un dortoir est am\u00e9nag\u00e9 sur les plans de l\u2019architecte Beno\u00eet&nbsp; Lopez.<\/p>\n\n\n\n<p><strong>2012<\/strong>. Une extension des b\u00e2timents de 1.000m<sup>2<\/sup>&nbsp;con\u00e7ue par l\u2019architecte S\u00e9bastien Loiseau est inaugur\u00e9e par le grand chancelier, le g\u00e9n\u00e9ral d\u2019arm\u00e9e Georgelin. Elle regroupe en un seul lieu tous les enseignements.<\/p>\n\n\n\n<h5 class=\"wp-block-heading\">L\u2019architecture<\/h5>\n\n\n\n<p>Au milieu du magnifique parc de huit hectares, les b\u00e2timents historiques et contemporains s\u2019organisent suivant une trame orthogonale, qui a servi de fil conducteur lors des diff\u00e9rentes vagues d\u2019am\u00e9nagement et d\u2019agrandissement.&nbsp;<\/p>\n\n\n\n<h5 class=\"wp-block-heading\">Les b\u00e2timents historiques<\/h5>\n\n\n\n<p>Sur\u00e9lev\u00e9s au XIX\u00e8me&nbsp;si\u00e8cle, les b\u00e2timents originels forment un quadrilat\u00e8re&nbsp; autour d\u2019une grande cour plant\u00e9e d\u2019un tilleul centenaire. Ils abritent au rez-de-chauss\u00e9e les foyers des \u00e9l\u00e8ves et la biblioth\u00e8que, les salles de musique, et les bureaux de l\u2019administration&nbsp;; les \u00e9tages sont occup\u00e9s par les dortoirs.&nbsp; Au pourtour de la cour, une galerie \u00e0 arcades permet de rejoindre \u00e0 couvert l\u2019ensemble des locaux.&nbsp;<\/p>\n\n\n\n<p>Dans l\u2019axe de la cour, l\u2019architecte Alphonse Lejeune a dessin\u00e9 un ensemble compos\u00e9 de deux b\u00e2timents parall\u00e8les rehauss\u00e9s de quatre pavillons, de part&nbsp; et d\u2019autre de la nouvelle chapelle consacr\u00e9e en 1868.<\/p>\n\n\n\n<p>D\u2019inspiration n\u00e9oclassique, la grande chapelle contraste avec la relative s\u00e9v\u00e9rit\u00e9 des fa\u00e7ades de la cour remani\u00e9es en 1990. Elle abrite l\u2019orgue ex\u00e9cut\u00e9 par Cavaill\u00e9-Coll dont le buffet est un chef d\u2019\u0153uvre de menuiserie&nbsp;: l\u2019ensemble&nbsp; est inscrit \u00e0 l\u2019inventaire des Monuments historiques.&nbsp;<\/p>\n\n\n\n<p>Dans le parc subsistent de rares t\u00e9moins de l\u2019activit\u00e9 ancienne de la maison&nbsp;: la grande serre horticole adoss\u00e9e \u00e0 un mur en pierre, dernier vestige de l\u2019ancienne cl\u00f4ture ou la petite chapelle b\u00e2tie dans les ann\u00e9es 1810-1830, d\u00e9di\u00e9e en 1844 \u00e0 Notre-Dame-des-Anges par le roi Louis-Philippe.<\/p>\n\n\n\n<h5 class=\"wp-block-heading\">Les b\u00e2timents contemporains<\/h5>\n\n\n\n<p>Le b\u00e2timent scolaire est un t\u00e9moin de l\u2019architecture fonctionnaliste des ann\u00e9es 1960&nbsp;: un volume&nbsp; tr\u00e8s lin\u00e9aire, accentu\u00e9 par des bandeaux filants \u00e0 chaque \u00e9tage, des fa\u00e7ades rythm\u00e9es par les meneaux verticaux d\u00e9limitant les baies vitr\u00e9es et les all\u00e8ges carrel\u00e9es.<\/p>\n\n\n\n<p>Compos\u00e9 de bois et de verre, le nouveau b\u00e2timent scolaire rompt la monotonie de l\u2019ancien b\u00e2timent et recompose habilement l\u2019espace de la cour.<\/p>\n\n\n\n<p>Le gymnase et le r\u00e9fectoire offrent de larges vues sur le parc.<\/p>\n\n\n\n<hr class=\"wp-block-separator has-alpha-channel-opacity\"\/>\n\n\n\n<h5 class=\"wp-block-heading\">commentaires :<a href=\"http:\/\/saint-germain.us\/index.php\/page-d-exemple\/\"> ICI<\/a><\/h5>\n\n\n\n<hr class=\"wp-block-separator has-alpha-channel-opacity\"\/>\n","protected":false},"excerpt":{"rendered":"<p>Des \u00e9coles qui traversent le temps La page pr\u00e9sente : Une vue du ch\u00e2teau du Lyc\u00e9e International,\u00a0 Un dessin de la salle des sports, Une vue ancienne de la Maison d&rsquo;\u00c9ducation de la L\u00e9gion d&rsquo;Honneur. Vous pouvez ajouter des commentaires en bas de page. Sujet JEUNESSE &#8211; \u00c9DUCATION &#8211; SPORT Lien Aucun Origine Benoit Battistelli [&hellip;]<\/p>\n","protected":false},"author":1,"featured_media":0,"parent":0,"menu_order":0,"comment_status":"closed","ping_status":"closed","template":"","meta":{"footnotes":""},"class_list":["post-174","page","type-page","status-publish","hentry"],"_links":{"self":[{"href":"https:\/\/saint-germain.us\/index.php\/wp-json\/wp\/v2\/pages\/174","targetHints":{"allow":["GET"]}}],"collection":[{"href":"https:\/\/saint-germain.us\/index.php\/wp-json\/wp\/v2\/pages"}],"about":[{"href":"https:\/\/saint-germain.us\/index.php\/wp-json\/wp\/v2\/types\/page"}],"author":[{"embeddable":true,"href":"https:\/\/saint-germain.us\/index.php\/wp-json\/wp\/v2\/users\/1"}],"replies":[{"embeddable":true,"href":"https:\/\/saint-germain.us\/index.php\/wp-json\/wp\/v2\/comments?post=174"}],"version-history":[{"count":22,"href":"https:\/\/saint-germain.us\/index.php\/wp-json\/wp\/v2\/pages\/174\/revisions"}],"predecessor-version":[{"id":3057,"href":"https:\/\/saint-germain.us\/index.php\/wp-json\/wp\/v2\/pages\/174\/revisions\/3057"}],"wp:attachment":[{"href":"https:\/\/saint-germain.us\/index.php\/wp-json\/wp\/v2\/media?parent=174"}],"curies":[{"name":"wp","href":"https:\/\/api.w.org\/{rel}","templated":true}]}}