{"id":176,"date":"2023-04-29T09:22:53","date_gmt":"2023-04-29T07:22:53","guid":{"rendered":"http:\/\/saint-germain.us\/?page_id=176"},"modified":"2023-09-25T11:24:26","modified_gmt":"2023-09-25T09:24:26","slug":"p74","status":"publish","type":"page","link":"https:\/\/saint-germain.us\/index.php\/p74\/","title":{"rendered":"P74"},"content":{"rendered":"\n<h2 class=\"wp-block-heading\">Primaire et secondaire<\/h2>\n\n\n\n<hr class=\"wp-block-separator has-alpha-channel-opacity\"\/>\n\n\n<p><span style=\"color: #333399;\">La page pr\u00e9sente :<\/span><\/p>\n<ul>\n<li><span style=\"color: #000080;\">Un dessin de l&rsquo;entr\u00e9e de Saint Thomas de Villeneuve (class\u00e9e),<\/span><\/li>\n<li><span style=\"color: #000080;\">Une photo de l&rsquo;\u00e9cole Saint \u00c9rembert,<\/span><\/li>\n<li><span style=\"color: #000080;\">Un dessin de l&rsquo;\u00e9cole L\u00e9onard de Vinci.\u00a0<\/span><\/li>\n<\/ul>\n<p><span style=\"color: #333399;\">Carte du livre : &#8230;<\/span><\/p>\n<p><span style=\"color: #333399;\">Adresse : &#8230;<\/span><\/p>\n<p><em><span style=\"color: #333399;\">Vous pouvez ajouter des commentaires en bas de page.<\/span><\/em><\/p>\n\n\n<hr class=\"wp-block-separator has-alpha-channel-opacity\"\/>\n\n\n\n<div style=\"height:18px\" aria-hidden=\"true\" class=\"wp-block-spacer\"><\/div>\n\n\n\n<figure class=\"wp-block-image size-large\"><img loading=\"lazy\" decoding=\"async\" width=\"671\" height=\"1024\" src=\"http:\/\/saint-germain.us\/wp-content\/uploads\/2023\/08\/Ecole-jeunes-filles-copie-671x1024.jpg\" alt=\"\" class=\"wp-image-1829\" srcset=\"https:\/\/saint-germain.us\/wp-content\/uploads\/2023\/08\/Ecole-jeunes-filles-copie-671x1024.jpg 671w, https:\/\/saint-germain.us\/wp-content\/uploads\/2023\/08\/Ecole-jeunes-filles-copie-196x300.jpg 196w, https:\/\/saint-germain.us\/wp-content\/uploads\/2023\/08\/Ecole-jeunes-filles-copie-768x1173.jpg 768w, https:\/\/saint-germain.us\/wp-content\/uploads\/2023\/08\/Ecole-jeunes-filles-copie-1006x1536.jpg 1006w, https:\/\/saint-germain.us\/wp-content\/uploads\/2023\/08\/Ecole-jeunes-filles-copie.jpg 1072w\" sizes=\"auto, (max-width: 671px) 100vw, 671px\" \/><figcaption class=\"wp-element-caption\">Coll\u00e8ge de jeunes filles (Am\u00e9lior\u00e9e Philippe GOUT)<\/figcaption><\/figure>\n\n\n\n<figure class=\"wp-block-image size-large\"><img loading=\"lazy\" decoding=\"async\" width=\"1024\" height=\"682\" src=\"http:\/\/saint-germain.us\/wp-content\/uploads\/2023\/07\/Flavigny-1024x682.jpg\" alt=\"\" class=\"wp-image-1266\" srcset=\"https:\/\/saint-germain.us\/wp-content\/uploads\/2023\/07\/Flavigny-1024x682.jpg 1024w, https:\/\/saint-germain.us\/wp-content\/uploads\/2023\/07\/Flavigny-300x200.jpg 300w, https:\/\/saint-germain.us\/wp-content\/uploads\/2023\/07\/Flavigny-768x511.jpg 768w, https:\/\/saint-germain.us\/wp-content\/uploads\/2023\/07\/Flavigny-1536x1023.jpg 1536w, https:\/\/saint-germain.us\/wp-content\/uploads\/2023\/07\/Flavigny-2048x1364.jpg 2048w\" sizes=\"auto, (max-width: 1024px) 100vw, 1024px\" \/><figcaption class=\"wp-element-caption\">\u00c9cole Saint \u00c9rembert &#8211; Pavillon Flavigny (@Philippe GOUT)<\/figcaption><\/figure>\n\n\n\n<figure class=\"wp-block-image aligncenter size-large\"><img loading=\"lazy\" decoding=\"async\" width=\"1024\" height=\"663\" src=\"http:\/\/saint-germain.us\/wp-content\/uploads\/2023\/07\/stv-1024x663.jpg\" alt=\"\" class=\"wp-image-1448\" srcset=\"https:\/\/saint-germain.us\/wp-content\/uploads\/2023\/07\/stv-1024x663.jpg 1024w, https:\/\/saint-germain.us\/wp-content\/uploads\/2023\/07\/stv-300x194.jpg 300w, https:\/\/saint-germain.us\/wp-content\/uploads\/2023\/07\/stv-768x497.jpg 768w, https:\/\/saint-germain.us\/wp-content\/uploads\/2023\/07\/stv-1536x994.jpg 1536w, https:\/\/saint-germain.us\/wp-content\/uploads\/2023\/07\/stv-2048x1326.jpg 2048w\" sizes=\"auto, (max-width: 1024px) 100vw, 1024px\" \/><figcaption class=\"wp-element-caption\">Pensionnat Saint Thomas de Villeneuve (@Philippe GOUT)<\/figcaption><\/figure>\n\n\n\n<figure class=\"wp-block-image aligncenter size-large\"><img loading=\"lazy\" decoding=\"async\" width=\"639\" height=\"1024\" src=\"http:\/\/saint-germain.us\/wp-content\/uploads\/2023\/07\/st-639x1024.jpg\" alt=\"\" class=\"wp-image-1766\" srcset=\"https:\/\/saint-germain.us\/wp-content\/uploads\/2023\/07\/st-639x1024.jpg 639w, https:\/\/saint-germain.us\/wp-content\/uploads\/2023\/07\/st-187x300.jpg 187w, https:\/\/saint-germain.us\/wp-content\/uploads\/2023\/07\/st-768x1230.jpg 768w, https:\/\/saint-germain.us\/wp-content\/uploads\/2023\/07\/st.jpg 958w\" sizes=\"auto, (max-width: 639px) 100vw, 639px\" \/><figcaption class=\"wp-element-caption\">Saint Thomas de Villeneuve (@Philippe GOUT)<\/figcaption><\/figure>\n\n\n\n<figure class=\"wp-block-image aligncenter size-large\"><img loading=\"lazy\" decoding=\"async\" width=\"544\" height=\"1024\" src=\"http:\/\/saint-germain.us\/wp-content\/uploads\/2023\/08\/Lycee-Leonard-de-Vinci--544x1024.jpg\" alt=\"\" class=\"wp-image-2672\" srcset=\"https:\/\/saint-germain.us\/wp-content\/uploads\/2023\/08\/Lycee-Leonard-de-Vinci--544x1024.jpg 544w, https:\/\/saint-germain.us\/wp-content\/uploads\/2023\/08\/Lycee-Leonard-de-Vinci--160x300.jpg 160w, https:\/\/saint-germain.us\/wp-content\/uploads\/2023\/08\/Lycee-Leonard-de-Vinci--768x1444.jpg 768w, https:\/\/saint-germain.us\/wp-content\/uploads\/2023\/08\/Lycee-Leonard-de-Vinci--817x1536.jpg 817w, https:\/\/saint-germain.us\/wp-content\/uploads\/2023\/08\/Lycee-Leonard-de-Vinci--1089x2048.jpg 1089w, https:\/\/saint-germain.us\/wp-content\/uploads\/2023\/08\/Lycee-Leonard-de-Vinci--scaled.jpg 1361w\" sizes=\"auto, (max-width: 544px) 100vw, 544px\" \/><figcaption class=\"wp-element-caption\">Lyc\u00e9e L\u00e9onard de Vinci (@Philippe GOUT)\n<\/figcaption><\/figure>\n\n\n\n<hr class=\"wp-block-separator has-alpha-channel-opacity\"\/>\n\n\n\n<div style=\"height:18px\" aria-hidden=\"true\" class=\"wp-block-spacer\"><\/div>\n\n\n\n<figure class=\"wp-block-table\"><table><tbody><tr><td>Sujet <\/td><td>\u00c9cole Saint \u00c9rembert<\/td><\/tr><tr><td>Lien<\/td><td><a href=\"https:\/\/www.saint-erembert.fr\">Ici<\/a><\/td><\/tr><tr><td>Origine<\/td><td>Site de l&rsquo;\u00e9cole<\/td><\/tr><tr><td><\/td><td><\/td><\/tr><tr><td>Date de r\u00e9vision<\/td><td>10\/08\/2023<\/td><\/tr><\/tbody><\/table><\/figure>\n\n\n\n<p><strong>Fond\u00e9 en 1935, cet \u00e9tablissement catholique est sous la tutelle de la Congr\u00e9gation de l\u2019Oratoire de France et sous contrat d\u2019association avec l\u2019\u00e9tat.<\/strong><\/p>\n\n\n\n<p>C\u2019est dire que, d\u2019une part, sa vis\u00e9e \u00e9ducative s\u2019inspire des intuitions fondatrices et de la spiritualit\u00e9 de l\u2019Oratoire exprim\u00e9es dans la charte, et que, d\u2019autre part, elle participe au service public d\u2019\u00e9ducation dans l\u2019esprit de la loi Debr\u00e9.<\/p>\n\n\n\n<p>Aujourd\u2019hui, \u00e9cole primaire, coll\u00e8ge, lyc\u00e9e g\u00e9n\u00e9ral et technologique, lyc\u00e9e professionnel, elle accueille 1910 \u00e9l\u00e8ves.<\/p>\n\n\n\n<hr class=\"wp-block-separator has-alpha-channel-opacity\"\/>\n\n\n\n<div style=\"height:18px\" aria-hidden=\"true\" class=\"wp-block-spacer\"><\/div>\n\n\n\n<figure class=\"wp-block-table\"><table><tbody><tr><td>Sujet <\/td><td>Institut Saint Thomas de Villeneuve<\/td><\/tr><tr><td>Lien<\/td><td><a href=\"https:\/\/www.stv-st-germain.fr\">Ici<\/a><\/td><\/tr><tr><td>Origine<\/td><td>Site de l&rsquo;\u00e9cole<\/td><\/tr><tr><td><\/td><td><\/td><\/tr><tr><td>Date de r\u00e9vision<\/td><td>10\/08\/2023<\/td><\/tr><\/tbody><\/table><\/figure>\n\n\n\n<p>La vocation de l&rsquo;institut est de \u201cdonner \u00e0 chacun les moyens de se construire pour, qu\u2019 \u00e0 son tour, il puisse donner le meilleur de lui-m\u00eame.\u201d<\/p>\n\n\n\n<div style=\"height:18px\" aria-hidden=\"true\" class=\"wp-block-spacer\"><\/div>\n\n\n\n<figure class=\"wp-block-table\"><table><tbody><tr><td>Sujet <\/td><td>Institut Saint Thomas de Villeneuve<\/td><\/tr><tr><td>Lien<\/td><td>Aucun<\/td><\/tr><tr><td>Origine<\/td><td>Au fil des rues de Saint-Germain-en-Laye<\/td><\/tr><tr><td><\/td><td><\/td><\/tr><tr><td>Date de r\u00e9vision<\/td><td>11\/08\/2023<\/td><\/tr><\/tbody><\/table><\/figure>\n\n\n\n<p>L&rsquo;institut Saint-Thomas-de-Villeneuve est le plus ancien \u00e9tablissement d&rsquo;enseignement de Saint-Germain-en-Laye encore en activit\u00e9. Les religieuses de Saint-Thomas-de-Villeneuve qui y \u00e9taient install\u00e9es depuis 1700 ouvrirent cette institution en 1726 pour l&rsquo;\u00e9ducation des Stuart-VII d&rsquo;\u00c9cosse en exil. L&rsquo;institution fut ferm\u00e9e en 1790 pendant la R\u00e9volution et vendue comme Bien national en 1795. Le b\u00e2timent fut achet\u00e9 par la Ville et occup\u00e9 momentan\u00e9ment par les bureaux du district de Saint-Germain-en-Laye. En 1801, les Dames de Saint-Thomas furent autoris\u00e9es \u00e0 r\u00e9occuper leur institution afin de prendre en charge des orphelines et d&rsquo;ouvrir une \u00e9cole gratuite pour les jeunes filles pauvres. L&rsquo;\u00e9cole se d\u00e9veloppa et persista jusqu&rsquo;\u00e0 1904, date \u00e0 laquelle elle fut oblig\u00e9e de fermer en raison de la loi sur les congr\u00e9gations religieuses, mais l&rsquo;orphelinat continua son activit\u00e9 ? Rouvert apr\u00e8s la Lib\u00e9ration, l&rsquo;\u00e9tablissement se consacra \u00e0 l&rsquo;enseignement technique et professionnel. Il a aujourd&rsquo;hui une direction la\u00efque mais reste la propri\u00e9t\u00e9 des religieuses de Saint-Thomas.<\/p>\n\n\n\n<hr class=\"wp-block-separator has-alpha-channel-opacity\"\/>\n\n\n\n<div style=\"height:18px\" aria-hidden=\"true\" class=\"wp-block-spacer\"><\/div>\n\n\n\n<figure class=\"wp-block-table\"><table><tbody><tr><td>Sujet <\/td><td>Lyc\u00e9e L\u00e9onard de Vinci<\/td><\/tr><tr><td>Lien<\/td><td><a href=\"https:\/\/college-lycee.com\/lycee-polyvalent-leonard-de-vinci\/Saint-Germain-en-Laye-0782556E\">Ici<\/a><\/td><\/tr><tr><td>Origine<\/td><td>coll\u00e8ge-Lyc\u00e9e.com<\/td><\/tr><tr><td><\/td><td><\/td><\/tr><tr><td>Date de r\u00e9vision<\/td><td>10\/08\/2023<\/td><\/tr><\/tbody><\/table><\/figure>\n\n\n\n<p>Le lyc\u00e9e propose un enseignement g\u00e9n\u00e9ral ainsi qu&rsquo;un enseignement professionnel. En fili\u00e8re g\u00e9n\u00e9rale, lors de la rentr\u00e9e de l&rsquo;ann\u00e9e scolaire 2021 &#8211; 2022 ses effectifs \u00e9taient de 389 lyc\u00e9ens en classes de Seconde, Premi\u00e8re et Terminale. La filli\u00e8re g\u00e9n\u00e9rale et technologique du Lyc\u00e9e polyvalent L\u00e9onard de Vinci a une bonne notori\u00e9t\u00e9 localement et aupr\u00e8s des parents d&rsquo;\u00e9l\u00e8ves. Il fait partie des \u00e9tablissements demand\u00e9s et a une tr\u00e8s bonne r\u00e9putation. Concernant la fili\u00e8re professionnelle, ses effectifs \u00e9taient de 132 lyc\u00e9ens lors de la rentr\u00e9e 2021 pour les classes de Seconde, Premi\u00e8re et Terminale. La filli\u00e8re professionnelle du Lyc\u00e9e polyvalent L\u00e9onard de Vinci a une notori\u00e9t\u00e9 correcte localement et aupr\u00e8s des parents d&rsquo;\u00e9l\u00e8ves.&nbsp;<\/p>\n\n\n\n<p><\/p>\n\n\n\n<hr class=\"wp-block-separator has-alpha-channel-opacity\"\/>\n\n\n\n<h5 class=\"wp-block-heading\">commentaires :<a href=\"http:\/\/saint-germain.us\/index.php\/page-d-exemple\/\"> ICI<\/a><\/h5>\n\n\n\n<hr class=\"wp-block-separator has-alpha-channel-opacity\"\/>\n","protected":false},"excerpt":{"rendered":"<p>Primaire et secondaire La page pr\u00e9sente : Un dessin de l&rsquo;entr\u00e9e de Saint Thomas de Villeneuve (class\u00e9e), Une photo de l&rsquo;\u00e9cole Saint \u00c9rembert, Un dessin de l&rsquo;\u00e9cole L\u00e9onard de Vinci.\u00a0 Carte du livre : &#8230; Adresse : &#8230; Vous pouvez ajouter des commentaires en bas de page. Sujet \u00c9cole Saint \u00c9rembert Lien Ici Origine Site [&hellip;]<\/p>\n","protected":false},"author":1,"featured_media":0,"parent":0,"menu_order":0,"comment_status":"closed","ping_status":"closed","template":"","meta":{"footnotes":""},"class_list":["post-176","page","type-page","status-publish","hentry"],"_links":{"self":[{"href":"https:\/\/saint-germain.us\/index.php\/wp-json\/wp\/v2\/pages\/176","targetHints":{"allow":["GET"]}}],"collection":[{"href":"https:\/\/saint-germain.us\/index.php\/wp-json\/wp\/v2\/pages"}],"about":[{"href":"https:\/\/saint-germain.us\/index.php\/wp-json\/wp\/v2\/types\/page"}],"author":[{"embeddable":true,"href":"https:\/\/saint-germain.us\/index.php\/wp-json\/wp\/v2\/users\/1"}],"replies":[{"embeddable":true,"href":"https:\/\/saint-germain.us\/index.php\/wp-json\/wp\/v2\/comments?post=176"}],"version-history":[{"count":23,"href":"https:\/\/saint-germain.us\/index.php\/wp-json\/wp\/v2\/pages\/176\/revisions"}],"predecessor-version":[{"id":3223,"href":"https:\/\/saint-germain.us\/index.php\/wp-json\/wp\/v2\/pages\/176\/revisions\/3223"}],"wp:attachment":[{"href":"https:\/\/saint-germain.us\/index.php\/wp-json\/wp\/v2\/media?parent=176"}],"curies":[{"name":"wp","href":"https:\/\/api.w.org\/{rel}","templated":true}]}}