{"id":178,"date":"2023-04-29T09:23:01","date_gmt":"2023-04-29T07:23:01","guid":{"rendered":"http:\/\/saint-germain.us\/?page_id=178"},"modified":"2023-08-20T13:33:51","modified_gmt":"2023-08-20T11:33:51","slug":"p75","status":"publish","type":"page","link":"https:\/\/saint-germain.us\/index.php\/p75\/","title":{"rendered":"P75"},"content":{"rendered":"\n<h2 class=\"wp-block-heading\">Toutes les cultures<\/h2>\n\n\n\n<hr class=\"wp-block-separator has-alpha-channel-opacity\"\/>\n\n\n<p><span style=\"color: #333399;\">La page pr\u00e9sente :<\/span><\/p>\n<ul>\n<li><span style=\"color: #000080;\">Deux photos de Sciences Po<\/span><\/li>\n<li><span style=\"color: #000080;\">Un dessin de l&rsquo;Agro Campus<\/span><\/li>\n<\/ul>\n<p><span style=\"color: #333399;\">Carte du livre : &#8230;<\/span><\/p>\n<p><span style=\"color: #333399;\">Adresse : &#8230;<\/span><\/p>\n<p><em><span style=\"color: #333399;\">Vous pouvez ajouter des commentaires en bas de page.<\/span><\/em><\/p>\n\n\n<hr class=\"wp-block-separator has-alpha-channel-opacity\"\/>\n\n\n\n<div style=\"height:19px\" aria-hidden=\"true\" class=\"wp-block-spacer\"><\/div>\n\n\n\n<figure class=\"wp-block-image size-large\"><img loading=\"lazy\" decoding=\"async\" width=\"1024\" height=\"576\" src=\"http:\/\/saint-germain.us\/wp-content\/uploads\/2023\/07\/SPO-1024x576.jpg\" alt=\"\" class=\"wp-image-1790\" srcset=\"https:\/\/saint-germain.us\/wp-content\/uploads\/2023\/07\/SPO-1024x576.jpg 1024w, https:\/\/saint-germain.us\/wp-content\/uploads\/2023\/07\/SPO-300x169.jpg 300w, https:\/\/saint-germain.us\/wp-content\/uploads\/2023\/07\/SPO-768x432.jpg 768w, https:\/\/saint-germain.us\/wp-content\/uploads\/2023\/07\/SPO-1536x864.jpg 1536w, https:\/\/saint-germain.us\/wp-content\/uploads\/2023\/07\/SPO-2048x1152.jpg 2048w\" sizes=\"auto, (max-width: 1024px) 100vw, 1024px\" \/><figcaption class=\"wp-element-caption\">Sciences PO &amp; INSPE (@Philippe GOUT)\n<\/figcaption><\/figure>\n\n\n\n<figure class=\"wp-block-image aligncenter size-large\"><img loading=\"lazy\" decoding=\"async\" width=\"681\" height=\"1024\" src=\"http:\/\/saint-germain.us\/wp-content\/uploads\/2023\/08\/Sciences-po-ESCALIER-681x1024.jpg\" alt=\"\" class=\"wp-image-2220\" srcset=\"https:\/\/saint-germain.us\/wp-content\/uploads\/2023\/08\/Sciences-po-ESCALIER-681x1024.jpg 681w, https:\/\/saint-germain.us\/wp-content\/uploads\/2023\/08\/Sciences-po-ESCALIER-200x300.jpg 200w, https:\/\/saint-germain.us\/wp-content\/uploads\/2023\/08\/Sciences-po-ESCALIER-768x1154.jpg 768w, https:\/\/saint-germain.us\/wp-content\/uploads\/2023\/08\/Sciences-po-ESCALIER-1022x1536.jpg 1022w, https:\/\/saint-germain.us\/wp-content\/uploads\/2023\/08\/Sciences-po-ESCALIER-1363x2048.jpg 1363w, https:\/\/saint-germain.us\/wp-content\/uploads\/2023\/08\/Sciences-po-ESCALIER-scaled.jpg 1703w\" sizes=\"auto, (max-width: 681px) 100vw, 681px\" \/><figcaption class=\"wp-element-caption\">Sciences Po (@Sciences Po)<\/figcaption><\/figure>\n\n\n\n<figure class=\"wp-block-image size-large\"><img loading=\"lazy\" decoding=\"async\" width=\"1024\" height=\"681\" src=\"http:\/\/saint-germain.us\/wp-content\/uploads\/2023\/08\/SP-1024x681.jpg\" alt=\"\" class=\"wp-image-2222\" srcset=\"https:\/\/saint-germain.us\/wp-content\/uploads\/2023\/08\/SP-1024x681.jpg 1024w, https:\/\/saint-germain.us\/wp-content\/uploads\/2023\/08\/SP-300x200.jpg 300w, https:\/\/saint-germain.us\/wp-content\/uploads\/2023\/08\/SP-768x511.jpg 768w, https:\/\/saint-germain.us\/wp-content\/uploads\/2023\/08\/SP-1536x1022.jpg 1536w, https:\/\/saint-germain.us\/wp-content\/uploads\/2023\/08\/SP-2048x1363.jpg 2048w\" sizes=\"auto, (max-width: 1024px) 100vw, 1024px\" \/><figcaption class=\"wp-element-caption\">Sciences Po (@Sciences Po)<\/figcaption><\/figure>\n\n\n\n<hr class=\"wp-block-separator has-alpha-channel-opacity\"\/>\n\n\n\n<div style=\"height:18px\" aria-hidden=\"true\" class=\"wp-block-spacer\"><\/div>\n\n\n\n<figure class=\"wp-block-table\"><table><tbody><tr><td>Sujet <\/td><td>Sciences Po<\/td><\/tr><tr><td>Lien<\/td><td><a href=\"https:\/\/www.sciencespo-saintgermainenlaye.fr\">Ici<\/a><\/td><\/tr><tr><td>Origine<\/td><td>Site de Sciences Po (SG)<\/td><\/tr><tr><td><\/td><td><\/td><\/tr><tr><td>Date de r\u00e9vision<\/td><td>10\/08\/2023<\/td><\/tr><\/tbody><\/table><\/figure>\n\n\n\n<p>Sciences Po Saint-Germain-en-Laye est une grande \u00e9cole de sciences sociales qui recrute par concours national, en 1<sup>re<\/sup>&nbsp;et 4<sup>e<\/sup>ann\u00e9e. Formation d\u2019excellence, pluridisciplinaire, internationalis\u00e9e et professionnalisante, elle d\u00e9livre un dipl\u00f4me grade de master et des dipl\u00f4mes ouverts \u00e0 la formation continue.<\/p>\n\n\n\n<hr class=\"wp-block-separator has-alpha-channel-opacity\"\/>\n\n\n\n<div style=\"height:18px\" aria-hidden=\"true\" class=\"wp-block-spacer\"><\/div>\n\n\n\n<figure class=\"wp-block-image size-large is-resized\"><img loading=\"lazy\" decoding=\"async\" src=\"http:\/\/saint-germain.us\/wp-content\/uploads\/2023\/08\/Agri-campus-1024x611.jpg\" alt=\"\" class=\"wp-image-2630\" style=\"width:652px;height:389px\" width=\"652\" height=\"389\" srcset=\"https:\/\/saint-germain.us\/wp-content\/uploads\/2023\/08\/Agri-campus-1024x611.jpg 1024w, https:\/\/saint-germain.us\/wp-content\/uploads\/2023\/08\/Agri-campus-300x179.jpg 300w, https:\/\/saint-germain.us\/wp-content\/uploads\/2023\/08\/Agri-campus-768x458.jpg 768w, https:\/\/saint-germain.us\/wp-content\/uploads\/2023\/08\/Agri-campus-1536x917.jpg 1536w, https:\/\/saint-germain.us\/wp-content\/uploads\/2023\/08\/Agri-campus-2048x1222.jpg 2048w\" sizes=\"auto, (max-width: 652px) 100vw, 652px\" \/><figcaption class=\"wp-element-caption\">Agro campus (@Philippe GOUT)<\/figcaption><\/figure>\n\n\n\n<figure class=\"wp-block-image aligncenter size-large\"><img loading=\"lazy\" decoding=\"async\" width=\"1024\" height=\"768\" src=\"http:\/\/saint-germain.us\/wp-content\/uploads\/2023\/08\/PHOTO_000249-1024x768.jpg\" alt=\"\" class=\"wp-image-2226\" srcset=\"https:\/\/saint-germain.us\/wp-content\/uploads\/2023\/08\/PHOTO_000249-1024x768.jpg 1024w, https:\/\/saint-germain.us\/wp-content\/uploads\/2023\/08\/PHOTO_000249-300x225.jpg 300w, https:\/\/saint-germain.us\/wp-content\/uploads\/2023\/08\/PHOTO_000249-768x576.jpg 768w, https:\/\/saint-germain.us\/wp-content\/uploads\/2023\/08\/PHOTO_000249-1536x1152.jpg 1536w, https:\/\/saint-germain.us\/wp-content\/uploads\/2023\/08\/PHOTO_000249-2048x1536.jpg 2048w\" sizes=\"auto, (max-width: 1024px) 100vw, 1024px\" \/><figcaption class=\"wp-element-caption\">Agro campus (@Philippe GOUT)<\/figcaption><\/figure>\n\n\n\n<figure class=\"wp-block-table\"><table><tbody><tr><td>Sujet <\/td><td>Agro Campus<\/td><\/tr><tr><td>Lien<\/td><td><a href=\"https:\/\/agrocampus78.fr\/index.php\/fr\/\">Ici<\/a><\/td><\/tr><tr><td>Origine<\/td><td>Site de l&rsquo;Agro campus (SG)<\/td><\/tr><tr><td><\/td><td><\/td><\/tr><tr><td>Date de r\u00e9vision<\/td><td>10\/08\/2023<\/td><\/tr><\/tbody><\/table><\/figure>\n\n\n\n<p><strong>L\u2019\u00e9tablissement Public Local de Formation Professionnelle Agricole&nbsp;<\/strong>(EPLEFPA)&nbsp;<strong>de Saint Germain en Laye \/ Chambourcy&nbsp;<\/strong>se situe dans le d\u00e9partement des Yvelines. Cr\u00e9\u00e9 en 1965 sur&nbsp;<strong>un site class\u00e9<\/strong>, appel\u00e9 Plaine de la Jonction, pour son caract\u00e8re&nbsp;<strong>\u00ab artistique, historique, scientifique, l\u00e9gendaire et pittoresque \u00bb.<\/strong>&nbsp;<\/p>\n\n\n\n<p>Nous accueillons environ&nbsp;<strong>700 apprenants dont 277 internes et 423 demi-pensionnaires&nbsp;<\/strong>r\u00e9partis dans des parcours de formation aux&nbsp;<strong>modalit\u00e9s p\u00e9dagogiques diff\u00e9rentes<\/strong>&nbsp;allant&nbsp;<strong>du CAP au BTS&nbsp;<\/strong>dans les&nbsp;<strong>m\u00e9tiers de l&rsquo;am\u00e9nagement paysager, la production horticole, le commerce, &nbsp;la fleuristerie et les m\u00e9tiers du cheval.<\/strong>&nbsp;<\/p>\n\n\n\n<p>Nos apprenants \u00e9tudient dans&nbsp;<strong>un cadre moderne, fonctionnel, agr\u00e9able et familial&nbsp;<\/strong>&nbsp;r\u00e9nov\u00e9 en 2015 et en 2017 pour les serres horticoles.&nbsp;<\/p>\n\n\n\n<p>L\u2019EPLEFPA de Saint Germain en Laye \/ Chambourcy a pour objectif premier,&nbsp;<strong>la r\u00e9ussite<\/strong>&nbsp;de ses \u00e9l\u00e8ves, \u00e9tudiants, apprentis et stagiaires. Afin d\u2019apporter \u00e0 notre public les meilleures conditions possibles de r\u00e9ussir, nous mettons en \u0153uvre&nbsp;<strong>des actions \u00e9ducatives<\/strong>&nbsp;qui s\u2019adaptent au public vis\u00e9.&nbsp;<\/p>\n\n\n\n<p>Le r\u00f4le premier de l\u2019\u00e9tablissement est de favoriser l\u2019\u00e9panouissement par&nbsp;<strong>l&rsquo;accompagnement du jeune dans ses choix<\/strong>tout au long de sa scolarit\u00e9 (cellule CIME, Psy EN, Projet vie scolaire, sorties p\u00e9dagogiques, en entreprise, journ\u00e9es techniques, stages\u2026) .<\/p>\n\n\n\n<p>La pr\u00e9paration de nos apprenants&nbsp;<strong>\u00e0 devenir autonome et responsable, \u00e0 les encourager \u00e0 prendre des initiatives,&nbsp; \u00e0 mettre en place des projets&nbsp;<\/strong>et \u00e0 les initier la gestion d\u2019\u00e9co responsable repr\u00e9sente l\u2019une de nos priorit\u00e9s.<\/p>\n\n\n\n<p><strong>Le capital sant\u00e9<\/strong>&nbsp;doit \u00eatre ma\u00eetris\u00e9 gr\u00e2ce notamment \u00e0 des projets de pr\u00e9vention (activit\u00e9s sportives, pr\u00e9vention des conduites \u00e0 risques, \u00e9ducation \u00e0 l\u2019alimentation\u2026)&nbsp;<\/p>\n\n\n\n<p>L\u2019animation \u00e9ducative permet&nbsp;<strong>l\u2019ouverture d\u2019esprit&nbsp;<\/strong>en facilitant le d\u00e9part en stage \u00e0 l\u2019\u00e9tranger, accepter la diff\u00e9rence, apprendre l\u2019esprit d\u2019\u00e9quipe, permettre l\u2019ouverture culturelle, favoriser le bien vivre ensemble (pr\u00e9vention contre le harc\u00e8lement, les discriminations.).<\/p>\n\n\n\n<p>L\u2019EPLEFPA est un&nbsp;<strong>CAMPUS<\/strong>&nbsp;des m\u00e9tiers, riche de l\u2019expertise de ses formateurs et professeurs, disposant d\u2019<strong>une forte technicit\u00e9<\/strong>&nbsp;et s\u2019appuyant sur une exploitation, un atelier paysager et des infrastructures modernes pour la mise en pratique des enseignements,&nbsp;<strong>ainsi que pour r\u00e9pondre aux besoins professionnels du territoire.<\/strong><\/p>\n\n\n\n<p>Les dispositifs nationaux dans lesquels nous sommes engag\u00e9s nous permettent d\u2019apporter une plue -value \u00e0 nos enseignements (Enseigner \u00e0 produire Autrement, AgroEcologie, plan Ecophyto\u2026).&nbsp;<\/p>\n\n\n\n<p>Les jeunes comme les adultes b\u00e9n\u00e9ficient de&nbsp;<strong>nouvelles technologies<\/strong>&nbsp;et de&nbsp;<strong>pratiques innovantes<\/strong>&nbsp;d\u00e9velopp\u00e9es dans le cadre des exp\u00e9rimentations avec nos partenaires professionnels, organismes de recherche et instituts techniques et la r\u00e9gion Ile de France (Lyc\u00e9e 100%num\u00e9rique, hackathon, tablettes, ordinateurs portables).&nbsp;<\/p>\n\n\n\n<p>Notre \u00e9tablissement, fortement ancr\u00e9 dans le territoire veut&nbsp;<strong>favoriser l\u2019insertion professionnelle en ouvrant les portes des futurs employeurs<\/strong>&nbsp;et en adaptant les contenus de formation aux besoins des professionnelles.<\/p>\n\n\n\n<p><\/p>\n\n\n\n<p><\/p>\n\n\n\n<hr class=\"wp-block-separator has-alpha-channel-opacity\"\/>\n\n\n\n<div style=\"height:18px\" aria-hidden=\"true\" class=\"wp-block-spacer\"><\/div>\n\n\n\n<figure class=\"wp-block-image aligncenter size-large\"><img loading=\"lazy\" decoding=\"async\" width=\"1024\" height=\"768\" src=\"http:\/\/saint-germain.us\/wp-content\/uploads\/2023\/08\/PHOTO_000241-1024x768.jpg\" alt=\"\" class=\"wp-image-2227\" srcset=\"https:\/\/saint-germain.us\/wp-content\/uploads\/2023\/08\/PHOTO_000241-1024x768.jpg 1024w, https:\/\/saint-germain.us\/wp-content\/uploads\/2023\/08\/PHOTO_000241-300x225.jpg 300w, https:\/\/saint-germain.us\/wp-content\/uploads\/2023\/08\/PHOTO_000241-768x576.jpg 768w, https:\/\/saint-germain.us\/wp-content\/uploads\/2023\/08\/PHOTO_000241-1536x1152.jpg 1536w, https:\/\/saint-germain.us\/wp-content\/uploads\/2023\/08\/PHOTO_000241-2048x1536.jpg 2048w\" sizes=\"auto, (max-width: 1024px) 100vw, 1024px\" \/><figcaption class=\"wp-element-caption\">Serres des Princesses (@Philippe GOUT)<\/figcaption><\/figure>\n\n\n\n<figure class=\"wp-block-table\"><table><tbody><tr><td>Sujet <\/td><td>Serres des Princesses<\/td><\/tr><tr><td>Lien<\/td><td><a href=\"https:\/\/www.leparisien.fr\/yvelines-78\/saint-germain-en-laye-78100\/saint-germain-en-laye-le-lycee-horticole-dispose-de-serres-dernier-cri-29-08-2017-7221912.php\">Ici<\/a><\/td><\/tr><tr><td>Origine<\/td><td>Le Parisien<\/td><\/tr><tr><td><\/td><td><\/td><\/tr><tr><td>Date de r\u00e9vision<\/td><td>10\/08\/2023<\/td><\/tr><\/tbody><\/table><\/figure>\n\n\n\n<p>Un \u00e9quipement unique dans un \u00e9tablissement horticole en France. Les nouvelles serres du lyc\u00e9e agricole de Saint-Germain-en-Laye font la fiert\u00e9 de cette \u00e9cole, situ\u00e9e dans la plaine de la Jonction, en bordure de la ville. \u00ab C&rsquo;est un outil repr\u00e9sentatif de la production horticole d&rsquo;avenir. Elles recyclent 90 % des eaux utilis\u00e9es et disposent d&rsquo;une r\u00e9gulation climatique performante \u00bb, se f\u00e9licite le proviseur, Mohamed Aarabi. Un espace de vente tout neuf de 1 500 m2 accompagne cette structure qui produit 500 000 plantes par an.<\/p>\n\n\n\n<p><\/p>\n\n\n\n<hr class=\"wp-block-separator has-alpha-channel-opacity\"\/>\n\n\n\n<h5 class=\"wp-block-heading\">commentaires :<a href=\"http:\/\/saint-germain.us\/index.php\/page-d-exemple\/\"> ICI<\/a><\/h5>\n\n\n\n<hr class=\"wp-block-separator has-alpha-channel-opacity\"\/>\n","protected":false},"excerpt":{"rendered":"<p>Toutes les cultures La page pr\u00e9sente : Deux photos de Sciences Po Un dessin de l&rsquo;Agro Campus Carte du livre : &#8230; Adresse : &#8230; Vous pouvez ajouter des commentaires en bas de page. Sujet Sciences Po Lien Ici Origine Site de Sciences Po (SG) Date de r\u00e9vision 10\/08\/2023 Sciences Po Saint-Germain-en-Laye est une grande [&hellip;]<\/p>\n","protected":false},"author":1,"featured_media":0,"parent":0,"menu_order":0,"comment_status":"closed","ping_status":"closed","template":"","meta":{"footnotes":""},"class_list":["post-178","page","type-page","status-publish","hentry"],"_links":{"self":[{"href":"https:\/\/saint-germain.us\/index.php\/wp-json\/wp\/v2\/pages\/178","targetHints":{"allow":["GET"]}}],"collection":[{"href":"https:\/\/saint-germain.us\/index.php\/wp-json\/wp\/v2\/pages"}],"about":[{"href":"https:\/\/saint-germain.us\/index.php\/wp-json\/wp\/v2\/types\/page"}],"author":[{"embeddable":true,"href":"https:\/\/saint-germain.us\/index.php\/wp-json\/wp\/v2\/users\/1"}],"replies":[{"embeddable":true,"href":"https:\/\/saint-germain.us\/index.php\/wp-json\/wp\/v2\/comments?post=178"}],"version-history":[{"count":19,"href":"https:\/\/saint-germain.us\/index.php\/wp-json\/wp\/v2\/pages\/178\/revisions"}],"predecessor-version":[{"id":2632,"href":"https:\/\/saint-germain.us\/index.php\/wp-json\/wp\/v2\/pages\/178\/revisions\/2632"}],"wp:attachment":[{"href":"https:\/\/saint-germain.us\/index.php\/wp-json\/wp\/v2\/media?parent=178"}],"curies":[{"name":"wp","href":"https:\/\/api.w.org\/{rel}","templated":true}]}}