{"id":180,"date":"2023-04-29T09:23:11","date_gmt":"2023-04-29T07:23:11","guid":{"rendered":"http:\/\/saint-germain.us\/?page_id=180"},"modified":"2023-08-13T19:07:59","modified_gmt":"2023-08-13T17:07:59","slug":"p76","status":"publish","type":"page","link":"https:\/\/saint-germain.us\/index.php\/p76\/","title":{"rendered":"P76"},"content":{"rendered":"\n<figure class=\"wp-block-table\"><table><tbody><tr><td>Sujet <\/td><td>Les rues et les places de Saint Germain <\/td><\/tr><tr><td>Lien<\/td><td><a href=\"https:\/\/www.annuaire-mairie.fr\/rue-saint-germain-en-laye.html\">Ici<\/a><\/td><\/tr><tr><td>Origine<\/td><td>Annuaire mairie<\/td><\/tr><tr><td><\/td><td><\/td><\/tr><tr><td>Date de r\u00e9vision<\/td><td>13\/08\/2023<\/td><\/tr><\/tbody><\/table><\/figure>\n\n\n\n<p>Nous avons r\u00e9f\u00e9renc\u00e9 198 rues, 28 places, 19 all\u00e9es, 18 routes, 16 avenues et 9 impasses sur&nbsp;<strong>Saint-Germain-en-Laye<\/strong>.<\/p>\n\n\n\n<hr class=\"wp-block-separator has-alpha-channel-opacity\"\/>\n\n\n\n<h5 class=\"wp-block-heading\">commentaires :<a href=\"http:\/\/saint-germain.us\/index.php\/page-d-exemple\/\"> ICI<\/a><\/h5>\n\n\n\n<hr class=\"wp-block-separator has-alpha-channel-opacity\"\/>\n","protected":false},"excerpt":{"rendered":"<p>Sujet Les rues et les places de Saint Germain Lien Ici Origine Annuaire mairie Date de r\u00e9vision 13\/08\/2023 Nous avons r\u00e9f\u00e9renc\u00e9 198 rues, 28 places, 19 all\u00e9es, 18 routes, 16 avenues et 9 impasses sur&nbsp;Saint-Germain-en-Laye. commentaires : ICI<\/p>\n","protected":false},"author":1,"featured_media":0,"parent":0,"menu_order":0,"comment_status":"closed","ping_status":"closed","template":"","meta":{"footnotes":""},"class_list":["post-180","page","type-page","status-publish","hentry"],"_links":{"self":[{"href":"https:\/\/saint-germain.us\/index.php\/wp-json\/wp\/v2\/pages\/180","targetHints":{"allow":["GET"]}}],"collection":[{"href":"https:\/\/saint-germain.us\/index.php\/wp-json\/wp\/v2\/pages"}],"about":[{"href":"https:\/\/saint-germain.us\/index.php\/wp-json\/wp\/v2\/types\/page"}],"author":[{"embeddable":true,"href":"https:\/\/saint-germain.us\/index.php\/wp-json\/wp\/v2\/users\/1"}],"replies":[{"embeddable":true,"href":"https:\/\/saint-germain.us\/index.php\/wp-json\/wp\/v2\/comments?post=180"}],"version-history":[{"count":4,"href":"https:\/\/saint-germain.us\/index.php\/wp-json\/wp\/v2\/pages\/180\/revisions"}],"predecessor-version":[{"id":2462,"href":"https:\/\/saint-germain.us\/index.php\/wp-json\/wp\/v2\/pages\/180\/revisions\/2462"}],"wp:attachment":[{"href":"https:\/\/saint-germain.us\/index.php\/wp-json\/wp\/v2\/media?parent=180"}],"curies":[{"name":"wp","href":"https:\/\/api.w.org\/{rel}","templated":true}]}}