{"id":184,"date":"2023-04-29T09:23:32","date_gmt":"2023-04-29T07:23:32","guid":{"rendered":"http:\/\/saint-germain.us\/?page_id=184"},"modified":"2023-09-12T14:35:04","modified_gmt":"2023-09-12T12:35:04","slug":"p78","status":"publish","type":"page","link":"https:\/\/saint-germain.us\/index.php\/p78\/","title":{"rendered":"P78"},"content":{"rendered":"\n<h2 class=\"wp-block-heading\">Circuits<\/h2>\n\n\n\n<hr class=\"wp-block-separator has-alpha-channel-opacity\"\/>\n\n\n\n<div style=\"height:19px\" aria-hidden=\"true\" class=\"wp-block-spacer\"><\/div>\n\n\n\n<figure class=\"wp-block-table\"><table class=\"has-background-color has-primary-background-color has-text-color has-background\"><tbody><tr><td class=\"has-text-align-center\" data-align=\"center\"><strong>Fran\u00e7ais<\/strong><\/td><td class=\"has-text-align-center\" data-align=\"center\"><strong>English<\/strong><\/td><\/tr><\/tbody><\/table><\/figure>\n\n\n\n<figure class=\"wp-block-table is-style-stripes\"><table class=\"has-cyan-bluish-gray-color has-secondary-background-color has-text-color has-background\"><tbody><tr><td class=\"has-text-align-center\" data-align=\"center\"><a href=\"http:\/\/saint-germain.us\/index.php\/circuits-foret\/\">For\u00eat<\/a><\/td><td class=\"has-text-align-center\" data-align=\"center\"><a href=\"http:\/\/saint-germain.us\/index.php\/circuits-forest\/\">Forest<\/a><\/td><\/tr><tr><td class=\"has-text-align-center\" data-align=\"center\"><a href=\"http:\/\/saint-germain.us\/index.php\/circuits-ville-1-2h\/\">Ville en 1-3 h<\/a><\/td><td class=\"has-text-align-center\" data-align=\"center\"><a href=\"http:\/\/saint-germain.us\/index.php\/circuits-city-1-2hrs\/\">City &#8211; 1 to 3 hrs<\/a><\/td><\/tr><tr><td class=\"has-text-align-center\" data-align=\"center\"><a href=\"http:\/\/saint-germain.us\/index.php\/c13-circuits-un-jour-a-saint-germain\/\">Un jour \u00e0 St Germain<\/a><\/td><td class=\"has-text-align-center\" data-align=\"center\"><a href=\"http:\/\/saint-germain.us\/index.php\/circuit-one-day-in-the-city\/\">On day in the city<\/a><\/td><\/tr><tr><td class=\"has-text-align-center\" data-align=\"center\"><a href=\"http:\/\/saint-germain.us\/index.php\/c14-circuits-week-en-a-st-germain\/\">Week-end \u00e0 St Germain<\/a><\/td><td class=\"has-text-align-center\" data-align=\"center\"><\/td><\/tr><tr><td class=\"has-text-align-center\" data-align=\"center\"><a href=\"http:\/\/saint-germain.us\/index.php\/circuits-hotels-particuliers\/\">H\u00f4tels particuliers<\/a><\/td><td class=\"has-text-align-center\" data-align=\"center\">Mansions<\/td><\/tr><tr><td class=\"has-text-align-center\" data-align=\"center\">Maisons<\/td><td class=\"has-text-align-center\" data-align=\"center\">Houses<\/td><\/tr><tr><td class=\"has-text-align-center\" data-align=\"center\"><a href=\"http:\/\/saint-germain.us\/index.php\/circuits-fourqueux\/\">Fourqueux<\/a><\/td><td class=\"has-text-align-center\" data-align=\"center\">Fourqueux district<\/td><\/tr><tr><td class=\"has-text-align-center\" data-align=\"center\">\u00c9glises et temple<\/td><td class=\"has-text-align-center\" data-align=\"center\">Churchs and temples<\/td><\/tr><tr><td class=\"has-text-align-center\" data-align=\"center\">Gastronomy<\/td><td class=\"has-text-align-center\" data-align=\"center\"><a href=\"http:\/\/saint-germain.us\/index.php\/circuit-historical-food\/\">Gastronomy<\/a><\/td><\/tr><tr><td class=\"has-text-align-center\" data-align=\"center\"><a href=\"http:\/\/saint-germain.us\/index.php\/circuits-botanique\/\">Botanique<\/a><\/td><td class=\"has-text-align-center\" data-align=\"center\"><\/td><\/tr><\/tbody><\/table><\/figure>\n\n\n\n<figure class=\"wp-block-table is-style-stripes\"><table class=\"has-cyan-bluish-gray-color has-secondary-background-color has-text-color has-background\"><tbody><tr><td class=\"has-text-align-center\" data-align=\"center\"><a href=\"http:\/\/saint-germain.us\/index.php\/circuit-pedestre\/\">P\u00e9destre<\/a><\/td><td class=\"has-text-align-center\" data-align=\"center\"><a href=\"http:\/\/saint-germain.us\/index.php\/circuit-walking\/\">Walking <\/a>         <\/td><\/tr><tr><td class=\"has-text-align-center\" data-align=\"center\"><a href=\"http:\/\/saint-germain.us\/index.php\/circuits-velo\/\">V\u00e9lo<\/a><\/td><td class=\"has-text-align-center\" data-align=\"center\"><a href=\"http:\/\/saint-germain.us\/index.php\/circuit-biking\/\">Biking <\/a>        <\/td><\/tr><tr><td class=\"has-text-align-center\" data-align=\"center\">Avec la voiture<\/td><td class=\"has-text-align-center\" data-align=\"center\">With car        <\/td><\/tr><\/tbody><\/table><\/figure>\n\n\n\n<hr class=\"wp-block-separator has-alpha-channel-opacity\"\/>\n\n\n\n<h5 class=\"wp-block-heading\">commentaires :<a href=\"http:\/\/saint-germain.us\/index.php\/page-d-exemple\/\"> ICI<\/a><\/h5>\n\n\n\n<p><strong>COMMENTS :<a href=\"http:\/\/saint-germain.us\/index.php\/page-d-exemple\/\"> HERE<\/a><\/strong><\/p>\n\n\n\n<hr class=\"wp-block-separator has-alpha-channel-opacity\"\/>\n","protected":false},"excerpt":{"rendered":"<p>Circuits Fran\u00e7ais English For\u00eat Forest Ville en 1-3 h City &#8211; 1 to 3 hrs Un jour \u00e0 St Germain On day in the city Week-end \u00e0 St Germain H\u00f4tels particuliers Mansions Maisons Houses Fourqueux Fourqueux district \u00c9glises et temple Churchs and temples Gastronomy Gastronomy Botanique P\u00e9destre Walking V\u00e9lo Biking Avec la voiture With car [&hellip;]<\/p>\n","protected":false},"author":1,"featured_media":0,"parent":0,"menu_order":0,"comment_status":"closed","ping_status":"closed","template":"","meta":{"footnotes":""},"class_list":["post-184","page","type-page","status-publish","hentry"],"_links":{"self":[{"href":"https:\/\/saint-germain.us\/index.php\/wp-json\/wp\/v2\/pages\/184","targetHints":{"allow":["GET"]}}],"collection":[{"href":"https:\/\/saint-germain.us\/index.php\/wp-json\/wp\/v2\/pages"}],"about":[{"href":"https:\/\/saint-germain.us\/index.php\/wp-json\/wp\/v2\/types\/page"}],"author":[{"embeddable":true,"href":"https:\/\/saint-germain.us\/index.php\/wp-json\/wp\/v2\/users\/1"}],"replies":[{"embeddable":true,"href":"https:\/\/saint-germain.us\/index.php\/wp-json\/wp\/v2\/comments?post=184"}],"version-history":[{"count":54,"href":"https:\/\/saint-germain.us\/index.php\/wp-json\/wp\/v2\/pages\/184\/revisions"}],"predecessor-version":[{"id":2993,"href":"https:\/\/saint-germain.us\/index.php\/wp-json\/wp\/v2\/pages\/184\/revisions\/2993"}],"wp:attachment":[{"href":"https:\/\/saint-germain.us\/index.php\/wp-json\/wp\/v2\/media?parent=184"}],"curies":[{"name":"wp","href":"https:\/\/api.w.org\/{rel}","templated":true}]}}