{"id":1942,"date":"2023-08-05T10:59:53","date_gmt":"2023-08-05T08:59:53","guid":{"rendered":"http:\/\/saint-germain.us\/?page_id=1942"},"modified":"2023-12-29T15:24:19","modified_gmt":"2023-12-29T14:24:19","slug":"saint-germain-en-laye","status":"publish","type":"page","link":"https:\/\/saint-germain.us\/index.php\/saint-germain-en-laye\/","title":{"rendered":"Saint-Germain-en-Laye"},"content":{"rendered":"\n<h4 class=\"wp-block-heading\">Sights and trips &#8211; Tours et d\u00e9tours<\/h4>\n\n\n\n<figure class=\"wp-block-image aligncenter size-large\"><img loading=\"lazy\" decoding=\"async\" width=\"1024\" height=\"939\" src=\"http:\/\/saint-germain.us\/wp-content\/uploads\/2023\/08\/Le-Livre-1024x939.jpg\" alt=\"\" class=\"wp-image-1949\" srcset=\"https:\/\/saint-germain.us\/wp-content\/uploads\/2023\/08\/Le-Livre-1024x939.jpg 1024w, https:\/\/saint-germain.us\/wp-content\/uploads\/2023\/08\/Le-Livre-300x275.jpg 300w, https:\/\/saint-germain.us\/wp-content\/uploads\/2023\/08\/Le-Livre-768x704.jpg 768w, https:\/\/saint-germain.us\/wp-content\/uploads\/2023\/08\/Le-Livre-1536x1408.jpg 1536w, https:\/\/saint-germain.us\/wp-content\/uploads\/2023\/08\/Le-Livre-2048x1877.jpg 2048w\" sizes=\"auto, (max-width: 1024px) 100vw, 1024px\" \/><\/figure>\n\n\n\n<h5 class=\"wp-block-heading\">WHERE ?  <em>O\u00d9 ? <\/em>    BOOKSHOPs  &amp; WEB  &#8211;  <em>LIBRAIRIES &amp; INTERNET<\/em><\/h5>\n\n\n\n<div style=\"height:16px\" aria-hidden=\"true\" class=\"wp-block-spacer\"><\/div>\n\n\n\n<hr class=\"wp-block-separator has-alpha-channel-opacity\"\/>\n\n\n\n<div style=\"height:18px\" aria-hidden=\"true\" class=\"wp-block-spacer\"><\/div>\n\n\n\n<figure class=\"wp-block-image aligncenter size-large is-resized\"><img loading=\"lazy\" decoding=\"async\" width=\"703\" height=\"1024\" src=\"http:\/\/saint-germain.us\/wp-content\/uploads\/2023\/08\/Bon-air-703x1024.jpg\" alt=\"\" class=\"wp-image-2633\" style=\"aspect-ratio:0.6865234375;width:144px;height:auto\" srcset=\"https:\/\/saint-germain.us\/wp-content\/uploads\/2023\/08\/Bon-air-703x1024.jpg 703w, https:\/\/saint-germain.us\/wp-content\/uploads\/2023\/08\/Bon-air-206x300.jpg 206w, https:\/\/saint-germain.us\/wp-content\/uploads\/2023\/08\/Bon-air-768x1118.jpg 768w, https:\/\/saint-germain.us\/wp-content\/uploads\/2023\/08\/Bon-air.jpg 785w\" sizes=\"auto, (max-width: 703px) 100vw, 703px\" \/><figcaption class=\"wp-element-caption\">MONTAGNE &amp; BON AIR (Am\u00e9lior\u00e9e Philippe GOUT)<\/figcaption><\/figure>\n\n\n\n<p>&gt;&gt; <strong>Vous habitez Saint-Germain-en-Laye<\/strong>, j&rsquo;aurais le plaisir de vous remettre un livre d\u00e9dicac\u00e9 avec un marque-page, \u00e9crivez-moi : <a href=\"mailto:lelivre@saint-germain.us\">&nbsp;lelivre@saint-germain.us<\/a><\/p>\n\n\n\n<hr class=\"wp-block-separator has-alpha-channel-opacity\"\/>\n\n\n\n<p>&gt;&gt;<strong> \u00c0 l&rsquo;office du tourisme<\/strong>, bien s\u00fbr ! Jardin des arts &#8211; 3 rue Henri IV &#8211; Saint-Germain-en-Laye<\/p>\n\n\n\n<div style=\"height:16px\" aria-hidden=\"true\" class=\"wp-block-spacer\"><\/div>\n\n\n\n<figure class=\"wp-block-image aligncenter size-large is-resized\"><img loading=\"lazy\" decoding=\"async\" width=\"1024\" height=\"618\" src=\"http:\/\/saint-germain.us\/wp-content\/uploads\/2023\/08\/Office-du-tourisme-red-1024x618.jpg\" alt=\"\" class=\"wp-image-2505\" style=\"width:231px;height:139px\" srcset=\"https:\/\/saint-germain.us\/wp-content\/uploads\/2023\/08\/Office-du-tourisme-red-1024x618.jpg 1024w, https:\/\/saint-germain.us\/wp-content\/uploads\/2023\/08\/Office-du-tourisme-red-300x181.jpg 300w, https:\/\/saint-germain.us\/wp-content\/uploads\/2023\/08\/Office-du-tourisme-red-768x463.jpg 768w, https:\/\/saint-germain.us\/wp-content\/uploads\/2023\/08\/Office-du-tourisme-red-1536x927.jpg 1536w, https:\/\/saint-germain.us\/wp-content\/uploads\/2023\/08\/Office-du-tourisme-red-2048x1236.jpg 2048w\" sizes=\"auto, (max-width: 1024px) 100vw, 1024px\" \/><figcaption class=\"wp-element-caption\">Office du tourisme -Villa Eug\u00e9nie D\u00e9soyer (@Philippe GOUT)<\/figcaption><\/figure>\n\n\n\n<hr class=\"wp-block-separator has-alpha-channel-opacity\"\/>\n\n\n\n<p>&gt;&gt; <strong>\u00c0 Fourqueux<\/strong><\/p>\n\n\n\n<div style=\"height:18px\" aria-hidden=\"true\" class=\"wp-block-spacer\"><\/div>\n\n\n\n<figure class=\"wp-block-image aligncenter size-large is-resized\"><img loading=\"lazy\" decoding=\"async\" width=\"1024\" height=\"626\" src=\"http:\/\/saint-germain.us\/wp-content\/uploads\/2023\/10\/Capture-decran-2023-10-24-a-16.34.59-1024x626.png\" alt=\"\" class=\"wp-image-3529\" style=\"aspect-ratio:1.6352705410821644;width:241px;height:auto\" srcset=\"https:\/\/saint-germain.us\/wp-content\/uploads\/2023\/10\/Capture-decran-2023-10-24-a-16.34.59-1024x626.png 1024w, https:\/\/saint-germain.us\/wp-content\/uploads\/2023\/10\/Capture-decran-2023-10-24-a-16.34.59-300x183.png 300w, https:\/\/saint-germain.us\/wp-content\/uploads\/2023\/10\/Capture-decran-2023-10-24-a-16.34.59-768x470.png 768w, https:\/\/saint-germain.us\/wp-content\/uploads\/2023\/10\/Capture-decran-2023-10-24-a-16.34.59-1536x939.png 1536w, https:\/\/saint-germain.us\/wp-content\/uploads\/2023\/10\/Capture-decran-2023-10-24-a-16.34.59.png 1632w\" sizes=\"auto, (max-width: 1024px) 100vw, 1024px\" \/><figcaption class=\"wp-element-caption\">Atelier Pi\u00e8ce unique &#8211; Fourqueux<\/figcaption><\/figure>\n\n\n\n<p><strong>&gt;&gt;&gt; 1 place du lavoir &amp; 1 rue aux Oies &#8211; 78112 Fourqueux<\/strong><\/p>\n\n\n\n<p><\/p>\n\n\n\n<hr class=\"wp-block-separator has-alpha-channel-opacity\"\/>\n\n\n\n<hr class=\"wp-block-separator has-alpha-channel-opacity\"\/>\n\n\n\n<p>&gt;&gt; <strong>Chez Gibert<\/strong>, 1 rue de Pologne, et dans toutes les autres bonnes librairie<strong>s<\/strong> !<\/p>\n\n\n\n<div style=\"height:16px\" aria-hidden=\"true\" class=\"wp-block-spacer\"><\/div>\n\n\n\n<figure class=\"wp-block-image aligncenter size-full is-resized\"><img loading=\"lazy\" decoding=\"async\" width=\"960\" height=\"651\" src=\"http:\/\/saint-germain.us\/wp-content\/uploads\/2023\/10\/GJ.jpg\" alt=\"\" class=\"wp-image-3497\" style=\"aspect-ratio:1.4746543778801844;width:228px;height:auto\" srcset=\"https:\/\/saint-germain.us\/wp-content\/uploads\/2023\/10\/GJ.jpg 960w, https:\/\/saint-germain.us\/wp-content\/uploads\/2023\/10\/GJ-300x203.jpg 300w, https:\/\/saint-germain.us\/wp-content\/uploads\/2023\/10\/GJ-768x521.jpg 768w\" sizes=\"auto, (max-width: 960px) 100vw, 960px\" \/><figcaption class=\"wp-element-caption\">Librairie Gibert Joseph<\/figcaption><\/figure>\n\n\n\n<hr class=\"wp-block-separator has-alpha-channel-opacity\"\/>\n\n\n\n<div style=\"height:18px\" aria-hidden=\"true\" class=\"wp-block-spacer\"><\/div>\n\n\n\n<figure class=\"wp-block-image aligncenter size-full is-resized\"><img loading=\"lazy\" decoding=\"async\" width=\"402\" height=\"216\" src=\"http:\/\/saint-germain.us\/wp-content\/uploads\/2023\/10\/Capture-decran-2023-10-24-a-13.39.15.png\" alt=\"\" class=\"wp-image-3524\" style=\"aspect-ratio:1.8611111111111112;width:175px;height:auto\" srcset=\"https:\/\/saint-germain.us\/wp-content\/uploads\/2023\/10\/Capture-decran-2023-10-24-a-13.39.15.png 402w, https:\/\/saint-germain.us\/wp-content\/uploads\/2023\/10\/Capture-decran-2023-10-24-a-13.39.15-300x161.png 300w\" sizes=\"auto, (max-width: 402px) 100vw, 402px\" \/><\/figure>\n\n\n\n<p>&gt;&gt; <strong>Chez mon \u00e9diteur<\/strong> : <a href=\"https:\/\/www.bod.fr\/librairie\/saint-germain-en-laye-philippe-gout-9782322480135\">BOD<\/a><\/p>\n\n\n\n<p>BoD \u2013 Books on Demand est leader europ\u00e9en de l\u2019impression num\u00e9rique de livres . Depuis 1997, BoD, partenaire exp\u00e9riment\u00e9 pour ses 55 000 auteurs et 3 500 \u00e9diteurs, est le sp\u00e9cialiste de la publication de livres papier et ebooks; BOD  donne acc\u00e8s \u00e0 une qualit\u00e9 d&rsquo;impression in\u00e9gal\u00e9e.<\/p>\n\n\n\n<hr class=\"wp-block-separator has-alpha-channel-opacity\"\/>\n\n\n\n<figure class=\"wp-block-image aligncenter size-full is-resized\"><img loading=\"lazy\" decoding=\"async\" width=\"870\" height=\"488\" src=\"http:\/\/saint-germain.us\/wp-content\/uploads\/2023\/10\/Capture-decran-2023-10-24-a-13.41.56.png\" alt=\"\" class=\"wp-image-3525\" style=\"aspect-ratio:1.7827868852459017;width:269px;height:auto\" srcset=\"https:\/\/saint-germain.us\/wp-content\/uploads\/2023\/10\/Capture-decran-2023-10-24-a-13.41.56.png 870w, https:\/\/saint-germain.us\/wp-content\/uploads\/2023\/10\/Capture-decran-2023-10-24-a-13.41.56-300x168.png 300w, https:\/\/saint-germain.us\/wp-content\/uploads\/2023\/10\/Capture-decran-2023-10-24-a-13.41.56-768x431.png 768w\" sizes=\"auto, (max-width: 870px) 100vw, 870px\" \/><\/figure>\n\n\n\n<p>&gt;&gt; Sur la plupart des <strong>r\u00e9seaux de distribution<\/strong> par internet :<\/p>\n\n\n\n<figure class=\"wp-block-image aligncenter size-large\"><img loading=\"lazy\" decoding=\"async\" width=\"1024\" height=\"237\" src=\"http:\/\/saint-germain.us\/wp-content\/uploads\/2023\/10\/WEB-LIVRAISON-1024x237.jpg\" alt=\"\" class=\"wp-image-3350\" srcset=\"https:\/\/saint-germain.us\/wp-content\/uploads\/2023\/10\/WEB-LIVRAISON-1024x237.jpg 1024w, https:\/\/saint-germain.us\/wp-content\/uploads\/2023\/10\/WEB-LIVRAISON-300x69.jpg 300w, https:\/\/saint-germain.us\/wp-content\/uploads\/2023\/10\/WEB-LIVRAISON-768x178.jpg 768w, https:\/\/saint-germain.us\/wp-content\/uploads\/2023\/10\/WEB-LIVRAISON.jpg 1530w\" sizes=\"auto, (max-width: 1024px) 100vw, 1024px\" \/><\/figure>\n\n\n\n<hr class=\"wp-block-separator has-alpha-channel-opacity\"\/>\n\n\n\n<div style=\"height:17px\" aria-hidden=\"true\" class=\"wp-block-spacer\"><\/div>\n\n\n\n<h5 class=\"wp-block-heading\">Pr\u00e9sentation <\/h5>\n\n\n<p><span style=\"color: #000080;\">Illustrated by more than 150 original photos and over 50 drawings that highlight the streets and building of the city, this book opens a window on Saint-Germain- en-Laye of yesterday, today and tomorrow.<\/span><\/p>\n<p><span style=\"color: #000080;\"> It is a labour of love by the St Germain-based author and photographer who wanted to encourage the casual day-tripper or long-term resident to go and discover places off the beaten track, as well as better-known ones. <\/span><\/p>\n<p><span style=\"color: #000080;\">As this book is connected, the reader has the possibility to, not only delve deeper into information about each site, but also to provide personal comments or additional explanations.<\/span><\/p>\n<p><span style=\"color: #000080;\"> <strong>Enjoy the many suggested circuits and&#8230; venture off the beaten track!<\/strong><\/span><\/p>\n<p><em><span style=\"color: #000080;\"> Illustr\u00e9 par plus de 150 photos originales et plus de 50 dessins qui mettent en valeur l\u2019architecture des rues et des \u00e9difices de la ville, cet ouvrage fait(re)d\u00e9couvrir le Saint-Germain-en-Laye d\u2019hier, d\u2019aujourd\u2019hui et de demain. <\/span><\/em><\/p>\n<p><em><span style=\"color: #000080;\">L\u2019auteur, romancier et photographe, l\u2019a concu avec ses yeux et avec son c\u0153ur pour transmettre aux visiteurs d\u2019un jour ou aux habitants de toujours, l\u2019envie d\u2019aller voir un endroit connu ou insolite de cette belle ville.<\/span><\/em><\/p>\n<p><em><span style=\"color: #000080;\"> Comme le livre est connect\u00e9, le lecteur a la possibilit\u00e9 de compl\u00e9ter ses <span style=\"caret-color: #000080;\">connaissances<\/span>\u00a0sur chaque site visit\u00e9, presque sans limite ; s\u2019il le souhaite, il peut aussi apporter des commentaires personnels ou des explications compl\u00e9mentaires. <\/span><\/em><\/p>\n<p><em><span style=\"color: #000080;\"><strong>Profitez des nombreux circuits propos\u00e9s et &#8230; promenez-vous aussi du c\u00f4t\u00e9 insolite !<\/strong><\/span><\/em><\/p>\n\n\n<hr class=\"wp-block-separator has-alpha-channel-opacity\"\/>\n\n\n\n<p>INFORMATIONS :<a href=\"http:\/\/saint-germain.us\/index.php\/page-d-exemple\/\"> ICI<\/a><\/p>\n\n\n\n<hr class=\"wp-block-separator has-alpha-channel-opacity\"\/>\n","protected":false},"excerpt":{"rendered":"<p>Sights and trips &#8211; Tours et d\u00e9tours WHERE ? O\u00d9 ? BOOKSHOPs &amp; WEB &#8211; LIBRAIRIES &amp; INTERNET &gt;&gt; Vous habitez Saint-Germain-en-Laye, j&rsquo;aurais le plaisir de vous remettre un livre d\u00e9dicac\u00e9 avec un marque-page, \u00e9crivez-moi : &nbsp;lelivre@saint-germain.us &gt;&gt; \u00c0 l&rsquo;office du tourisme, bien s\u00fbr ! Jardin des arts &#8211; 3 rue Henri IV &#8211; Saint-Germain-en-Laye [&hellip;]<\/p>\n","protected":false},"author":1,"featured_media":0,"parent":0,"menu_order":0,"comment_status":"closed","ping_status":"closed","template":"","meta":{"footnotes":""},"class_list":["post-1942","page","type-page","status-publish","hentry"],"_links":{"self":[{"href":"https:\/\/saint-germain.us\/index.php\/wp-json\/wp\/v2\/pages\/1942","targetHints":{"allow":["GET"]}}],"collection":[{"href":"https:\/\/saint-germain.us\/index.php\/wp-json\/wp\/v2\/pages"}],"about":[{"href":"https:\/\/saint-germain.us\/index.php\/wp-json\/wp\/v2\/types\/page"}],"author":[{"embeddable":true,"href":"https:\/\/saint-germain.us\/index.php\/wp-json\/wp\/v2\/users\/1"}],"replies":[{"embeddable":true,"href":"https:\/\/saint-germain.us\/index.php\/wp-json\/wp\/v2\/comments?post=1942"}],"version-history":[{"count":51,"href":"https:\/\/saint-germain.us\/index.php\/wp-json\/wp\/v2\/pages\/1942\/revisions"}],"predecessor-version":[{"id":3554,"href":"https:\/\/saint-germain.us\/index.php\/wp-json\/wp\/v2\/pages\/1942\/revisions\/3554"}],"wp:attachment":[{"href":"https:\/\/saint-germain.us\/index.php\/wp-json\/wp\/v2\/media?parent=1942"}],"curies":[{"name":"wp","href":"https:\/\/api.w.org\/{rel}","templated":true}]}}