{"id":221,"date":"2023-04-30T10:08:34","date_gmt":"2023-04-30T08:08:34","guid":{"rendered":"http:\/\/saint-germain.us\/?page_id=221"},"modified":"2023-06-23T13:08:10","modified_gmt":"2023-06-23T11:08:10","slug":"p32a","status":"publish","type":"page","link":"https:\/\/saint-germain.us\/index.php\/p32a\/","title":{"rendered":"P32A"},"content":{"rendered":"\n<h2 class=\"wp-block-heading\">F\u00eates des loges<\/h2>\n\n\n\n<hr class=\"wp-block-separator has-alpha-channel-opacity\"\/>\n\n\n\n<h5 class=\"wp-block-heading\">VISIT<\/h5>\n\n\n\n<p>Click <a href=\"https:\/\/www.fetedesloges.fr\/en\/#calendrier\">Here<\/a><\/p>\n\n\n\n<hr class=\"wp-block-separator has-alpha-channel-opacity\"\/>\n\n\n\n<figure class=\"wp-block-table\"><table><tbody><tr><td>Subject<\/td><td>F\u00eate des Loges<\/td><\/tr><tr><td>Link<\/td><td>Click <a href=\"https:\/\/www.fetedesloges.fr\/en\/\">Here<\/a><\/td><\/tr><tr><td>Origin<\/td><td>Official Site- F\u00eate des Loges<\/td><\/tr><tr><td><\/td><td>Word of the Mayor<\/td><\/tr><tr><td>Revision date<\/td><td>26\/04\/2023<\/td><\/tr><\/tbody><\/table><\/figure>\n\n\n<p>Saint-Germain-en-Laye is a city of history but also a city that knows how to renew itself while respecting its past and its identity. La F\u00eate des Loges is the perfect illustration of our attachment to tradition, since it has been held since 1652, and of our aspiration to modernity. The fairground world uses its imagination every year to offer visitors surprising attractions in what is the biggest summer funfair in France. It is a great source of pride for our city to welcome it and be by the fairgrounds throughout these seven weeks of celebration and entertainment. Everyone will find again this year what makes the essence and the fame of La F\u00eate des Loges with its usual inauguration, the eagerly awaited election of the Queen of the Lodges, the traditional Saint-Fiacre and the gourmet alley of the kitchens. As always, the Fairground Committee and the City worked side by side to perpetuate the festive spirit and its family character in the heart of our beautiful forest in Saint-Germain-en-Laye. Let the festivities begin !<\/p>\n<p>Arnaud P\u00e9ricard,<br>Mayor of Saint-Germain-en-Laye<\/p>\n\n\n<hr class=\"wp-block-separator has-alpha-channel-opacity\"\/>\n\n\n\n<p>COMMENTS :<a href=\"http:\/\/saint-germain.us\/index.php\/page-d-exemple\/\"> HERE<\/a><\/p>\n\n\n\n<hr class=\"wp-block-separator has-alpha-channel-opacity\"\/>\n","protected":false},"excerpt":{"rendered":"<p>F\u00eates des loges VISIT Click Here Subject F\u00eate des Loges Link Click Here Origin Official Site- F\u00eate des Loges Word of the Mayor Revision date 26\/04\/2023 Saint-Germain-en-Laye is a city of history but also a city that knows how to renew itself while respecting its past and its identity. La F\u00eate des Loges is the [&hellip;]<\/p>\n","protected":false},"author":1,"featured_media":0,"parent":0,"menu_order":0,"comment_status":"closed","ping_status":"closed","template":"","meta":{"footnotes":""},"class_list":["post-221","page","type-page","status-publish","hentry"],"_links":{"self":[{"href":"https:\/\/saint-germain.us\/index.php\/wp-json\/wp\/v2\/pages\/221","targetHints":{"allow":["GET"]}}],"collection":[{"href":"https:\/\/saint-germain.us\/index.php\/wp-json\/wp\/v2\/pages"}],"about":[{"href":"https:\/\/saint-germain.us\/index.php\/wp-json\/wp\/v2\/types\/page"}],"author":[{"embeddable":true,"href":"https:\/\/saint-germain.us\/index.php\/wp-json\/wp\/v2\/users\/1"}],"replies":[{"embeddable":true,"href":"https:\/\/saint-germain.us\/index.php\/wp-json\/wp\/v2\/comments?post=221"}],"version-history":[{"count":6,"href":"https:\/\/saint-germain.us\/index.php\/wp-json\/wp\/v2\/pages\/221\/revisions"}],"predecessor-version":[{"id":1049,"href":"https:\/\/saint-germain.us\/index.php\/wp-json\/wp\/v2\/pages\/221\/revisions\/1049"}],"wp:attachment":[{"href":"https:\/\/saint-germain.us\/index.php\/wp-json\/wp\/v2\/media?parent=221"}],"curies":[{"name":"wp","href":"https:\/\/api.w.org\/{rel}","templated":true}]}}