{"id":2754,"date":"2023-09-08T14:00:45","date_gmt":"2023-09-08T12:00:45","guid":{"rendered":"http:\/\/saint-germain.us\/?page_id=2754"},"modified":"2023-09-12T09:09:17","modified_gmt":"2023-09-12T07:09:17","slug":"c4","status":"publish","type":"page","link":"https:\/\/saint-germain.us\/index.php\/c4\/","title":{"rendered":"C4"},"content":{"rendered":"\n<figure class=\"wp-block-image size-large\"><img loading=\"lazy\" decoding=\"async\" width=\"1024\" height=\"744\" src=\"http:\/\/saint-germain.us\/wp-content\/uploads\/2023\/07\/Sentier-botanique-du-Val-copie-1024x744.jpg\" alt=\"\" class=\"wp-image-1542\" srcset=\"https:\/\/saint-germain.us\/wp-content\/uploads\/2023\/07\/Sentier-botanique-du-Val-copie-1024x744.jpg 1024w, https:\/\/saint-germain.us\/wp-content\/uploads\/2023\/07\/Sentier-botanique-du-Val-copie-300x218.jpg 300w, https:\/\/saint-germain.us\/wp-content\/uploads\/2023\/07\/Sentier-botanique-du-Val-copie-768x558.jpg 768w, https:\/\/saint-germain.us\/wp-content\/uploads\/2023\/07\/Sentier-botanique-du-Val-copie-1536x1116.jpg 1536w, https:\/\/saint-germain.us\/wp-content\/uploads\/2023\/07\/Sentier-botanique-du-Val-copie.jpg 1995w\" sizes=\"auto, (max-width: 1024px) 100vw, 1024px\" \/><figcaption class=\"wp-element-caption\">Sentier botanique du Val (Am\u00e9lior\u00e9e @Philippe GOUT)<\/figcaption><\/figure>\n\n\n\n<p>Bienvenue sur le sentier de d\u00e9couvertedu domaine du ValVous \u00eates en for\u00eat domaniale de Saint-Germain.<br>Le sentier, long de 2 600 m, emprunte des voies foresti\u00e8res accessibles en<br>tout temps (voir plan).<br>Le parcours vous guidera vers 10 stations qui vous feront d\u00e9couvrir le milieu naturel travers\u00e9 ainsi que certaines traces du pass\u00e9.<br>Suivez la salamandre embl\u00e8me de Fran\u00e7ois |, grand chasseur en for\u00eat de<br>Saint-Germain.<br>Vous la retrouverez sur les plaques des stations et sur des bornes directionnelles en bois install\u00e9es le long du parcours afin de vous guider.<\/p>\n\n\n\n<p>Le ch\u00e2teau du val, une propri\u00e9t\u00e9 entr\u00e9e dans l&rsquo;Histoire. Construit sous Henri IV, cette demeure n&rsquo;\u00e9tait \u00e0 l&rsquo;origine qu&rsquo;un simple rendez-vous de chasse.<br>Entre 1669 et 1673, sur ordre de Louis XIV, Hardouin Mansart le remplace<br>par un ioli ch\u00e2teau bord\u00e9 d&rsquo;un parc agr\u00e9ment\u00e9 de bassins avec jeux d&rsquo;eau.<br>Lorsque la cour s&rsquo;installe \u00e0 Versailles, la demeure tombe en d\u00e9su\u00e9tude.<br>En 1750, la duchesse douairi\u00e8re de Brancas s&rsquo;installe au Val et remet en<br>\u00e9tat le ch\u00e2teau, avec l&rsquo;aide de Louis XV.<br>Dix ans plus tard elle rend le ch\u00e2teau au roi qui l&rsquo;accorde au Comte de la<br>Marck. Celui-ci le c\u00e9dera en 1776 au prince mar\u00e9chal de Beauvau.<\/p>\n\n\n\n<p>Quelques ann\u00e9es apr\u00e8s sa mort, sa veuve transmet la propri\u00e9t\u00e9 \u00e0 la princesse de Poix, n\u00e9e d&rsquo;un premier mariage de son mari De 1840 \u00e0 1892, le domaine appartient \u00e0 Madame Beno\u00eet Achille Fould. Le parc est alors redessin\u00e9 dans le style anglais.<br>En 1892, le comte de Reinach-Cessac devient propri\u00e9taire du domaine, qui reste dans la famille jusqu&rsquo;en 1926.<br>En 1927, la propri\u00e9t\u00e9 est achet\u00e9e et donn\u00e9e par Messieurs Lacoste et Dumien \u00e0 la Soci\u00e9t\u00e9 des membres de la L\u00e9gion d&rsquo;Honneur.<\/p>\n","protected":false},"excerpt":{"rendered":"<p>Bienvenue sur le sentier de d\u00e9couvertedu domaine du ValVous \u00eates en for\u00eat domaniale de Saint-Germain.Le sentier, long de 2 600 m, emprunte des voies foresti\u00e8res accessibles entout temps (voir plan).Le parcours vous guidera vers 10 stations qui vous feront d\u00e9couvrir le milieu naturel travers\u00e9 ainsi que certaines traces du pass\u00e9.Suivez la salamandre embl\u00e8me de Fran\u00e7ois [&hellip;]<\/p>\n","protected":false},"author":1,"featured_media":0,"parent":0,"menu_order":0,"comment_status":"closed","ping_status":"closed","template":"","meta":{"footnotes":""},"class_list":["post-2754","page","type-page","status-publish","hentry"],"_links":{"self":[{"href":"https:\/\/saint-germain.us\/index.php\/wp-json\/wp\/v2\/pages\/2754","targetHints":{"allow":["GET"]}}],"collection":[{"href":"https:\/\/saint-germain.us\/index.php\/wp-json\/wp\/v2\/pages"}],"about":[{"href":"https:\/\/saint-germain.us\/index.php\/wp-json\/wp\/v2\/types\/page"}],"author":[{"embeddable":true,"href":"https:\/\/saint-germain.us\/index.php\/wp-json\/wp\/v2\/users\/1"}],"replies":[{"embeddable":true,"href":"https:\/\/saint-germain.us\/index.php\/wp-json\/wp\/v2\/comments?post=2754"}],"version-history":[{"count":3,"href":"https:\/\/saint-germain.us\/index.php\/wp-json\/wp\/v2\/pages\/2754\/revisions"}],"predecessor-version":[{"id":2927,"href":"https:\/\/saint-germain.us\/index.php\/wp-json\/wp\/v2\/pages\/2754\/revisions\/2927"}],"wp:attachment":[{"href":"https:\/\/saint-germain.us\/index.php\/wp-json\/wp\/v2\/media?parent=2754"}],"curies":[{"name":"wp","href":"https:\/\/api.w.org\/{rel}","templated":true}]}}