{"id":2778,"date":"2023-09-10T08:41:58","date_gmt":"2023-09-10T06:41:58","guid":{"rendered":"http:\/\/saint-germain.us\/?page_id=2778"},"modified":"2023-09-12T09:10:13","modified_gmt":"2023-09-12T07:10:13","slug":"circuits-botanique","status":"publish","type":"page","link":"https:\/\/saint-germain.us\/index.php\/circuits-botanique\/","title":{"rendered":"Circuits &#8211; Botanique"},"content":{"rendered":"\n<figure class=\"wp-block-table\"><table><tbody><tr><td>Sujet <\/td><td>C3 : Mus\u00e9e Maurice Denis \/ Circuit botanique<\/td><\/tr><tr><td>Longueur<\/td><td><\/td><\/tr><tr><td>Mode<\/td><td>P\u00e9destre<\/td><\/tr><tr><td>Propos\u00e9 par <\/td><td>Mus\u00e9e d\u00e9partemental<\/td><\/tr><tr><td>Lien<\/td><td><a href=\"https:\/\/www.musee-mauricedenis.fr\/IMG\/pdf\/depliant_botanique_2009Web.pdf\">Ici<\/a><\/td><\/tr><tr><td>Date de r\u00e9vision<\/td><td>26\/04\/2023<\/td><\/tr><\/tbody><\/table><\/figure>\n\n\n\n<figure class=\"wp-block-table\"><table><tbody><tr><td>Sujet <\/td><td>C4 : Sentier botanique du Val<\/td><\/tr><tr><td>Longueur<\/td><td><\/td><\/tr><tr><td>Mode<\/td><td>P\u00e9destre<\/td><\/tr><tr><td>Propos\u00e9 par <\/td><td>Office national des for\u00eats<\/td><\/tr><tr><td>Lien<\/td><td><a href=\"http:\/\/saint-germain.us\/index.php\/c4\/\">Ici<\/a><\/td><\/tr><tr><td>Date de r\u00e9vision<\/td><td>26\/04\/2023<\/td><\/tr><\/tbody><\/table><\/figure>\n","protected":false},"excerpt":{"rendered":"<p>Sujet C3 : Mus\u00e9e Maurice Denis \/ Circuit botanique Longueur Mode P\u00e9destre Propos\u00e9 par Mus\u00e9e d\u00e9partemental Lien Ici Date de r\u00e9vision 26\/04\/2023 Sujet C4 : Sentier botanique du Val Longueur Mode P\u00e9destre Propos\u00e9 par Office national des for\u00eats Lien Ici Date de r\u00e9vision 26\/04\/2023<\/p>\n","protected":false},"author":1,"featured_media":0,"parent":0,"menu_order":0,"comment_status":"closed","ping_status":"closed","template":"","meta":{"footnotes":""},"class_list":["post-2778","page","type-page","status-publish","hentry"],"_links":{"self":[{"href":"https:\/\/saint-germain.us\/index.php\/wp-json\/wp\/v2\/pages\/2778","targetHints":{"allow":["GET"]}}],"collection":[{"href":"https:\/\/saint-germain.us\/index.php\/wp-json\/wp\/v2\/pages"}],"about":[{"href":"https:\/\/saint-germain.us\/index.php\/wp-json\/wp\/v2\/types\/page"}],"author":[{"embeddable":true,"href":"https:\/\/saint-germain.us\/index.php\/wp-json\/wp\/v2\/users\/1"}],"replies":[{"embeddable":true,"href":"https:\/\/saint-germain.us\/index.php\/wp-json\/wp\/v2\/comments?post=2778"}],"version-history":[{"count":4,"href":"https:\/\/saint-germain.us\/index.php\/wp-json\/wp\/v2\/pages\/2778\/revisions"}],"predecessor-version":[{"id":2928,"href":"https:\/\/saint-germain.us\/index.php\/wp-json\/wp\/v2\/pages\/2778\/revisions\/2928"}],"wp:attachment":[{"href":"https:\/\/saint-germain.us\/index.php\/wp-json\/wp\/v2\/media?parent=2778"}],"curies":[{"name":"wp","href":"https:\/\/api.w.org\/{rel}","templated":true}]}}