{"id":2786,"date":"2023-09-10T08:45:40","date_gmt":"2023-09-10T06:45:40","guid":{"rendered":"http:\/\/saint-germain.us\/?page_id=2786"},"modified":"2023-10-14T17:19:45","modified_gmt":"2023-10-14T15:19:45","slug":"circuits-ville-1-2h","status":"publish","type":"page","link":"https:\/\/saint-germain.us\/index.php\/circuits-ville-1-2h\/","title":{"rendered":"Circuits &#8211; Ville 1-3 h"},"content":{"rendered":"\n<figure class=\"wp-block-table\"><table><tbody><tr><td>Sujet <\/td><td>C34 : Petit circuit du patrimoine<\/td><\/tr><tr><td>Longueur<\/td><td> 1,7 km &#8211; D\u00e9nivel\u00e9 28 m &#8211; 1:30<\/td><\/tr><tr><td>Mode<\/td><td>P\u00e9destre <\/td><\/tr><tr><td>Propos\u00e9 par <\/td><td>Philippe GOUT <\/td><\/tr><tr><td>Lien<\/td><td><a href=\"http:\/\/saint-germain.us\/index.php\/c34-circuit-du-patrimoine\/\">Ici<\/a><\/td><\/tr><tr><td>Date de r\u00e9vision<\/td><td>17\/09\/2023<\/td><\/tr><\/tbody><\/table><\/figure>\n\n\n\n<figure class=\"wp-block-table\"><table><tbody><tr><td>Sujet <\/td><td>C7 : Demeures d&rsquo;histoire<\/td><\/tr><tr><td>Longueur<\/td><td> km &#8211; D\u00e9nivel\u00e9  m<\/td><\/tr><tr><td>Mode<\/td><td>P\u00e9destre V\u00e9lo<\/td><\/tr><tr><td>Propos\u00e9 par <\/td><td>Office de Tourisme Saint Germain Boucles de Seine<\/td><\/tr><tr><td>Lien<\/td><td><a href=\"https:\/\/www.seine-saintgermain.fr\/fr\/a-voir-a-faire\/sorties-et-loisirs\/randonnees-balades\/#filter=r-fullyTranslatedLangus-,r-onlyOpened-,sb-sortedBy-0&amp;ipd=35198163\">Ici<\/a><\/td><\/tr><tr><td>Date de r\u00e9vision<\/td><td>26\/04\/2023<\/td><\/tr><\/tbody><\/table><\/figure>\n\n\n\n<figure class=\"wp-block-table\"><table><tbody><tr><td>Sujet <\/td><td>C15 : Demeures d&rsquo;histoire<\/td><\/tr><tr><td>Longueur<\/td><td> 1h30<\/td><\/tr><tr><td>Mode<\/td><td>P\u00e9destre <\/td><\/tr><tr><td>Propos\u00e9 par <\/td><td>Office de Tourisme Saint Germain Boucles de Seine<\/td><\/tr><tr><td>Lien<\/td><td><a href=\"http:\/\/saint-germain.us\/index.php\/c15-circuits-demeures-dhistoire\/\">Ici<\/a><\/td><\/tr><tr><td>Date de r\u00e9vision<\/td><td>26\/04\/2023<\/td><\/tr><\/tbody><\/table><\/figure>\n\n\n\n<figure class=\"wp-block-table\"><table><tbody><tr><td>Sujet <\/td><td>C16 : Saint-Germain-en-Laye<\/td><\/tr><tr><td>Longueur<\/td><td>2:00<\/td><\/tr><tr><td>Mode<\/td><td>P\u00e9destre <\/td><\/tr><tr><td>Propos\u00e9 par <\/td><td>Seevisit<\/td><\/tr><tr><td>Lien<\/td><td><a href=\"https:\/\/www.seevisit.fr\/saint-germain-en-laye\">Ici<\/a><\/td><\/tr><tr><td>Date de r\u00e9vision<\/td><td>12\/09\/2023<\/td><\/tr><\/tbody><\/table><\/figure>\n\n\n\n<figure class=\"wp-block-table\"><table><tbody><tr><td>Sujet <\/td><td>C21 : Saint-Germain-en-Laye au travers de son patrimoine<\/td><\/tr><tr><td>Longueur<\/td><td>6,1 km &#8211; D\u00e9nivel\u00e9 106<\/td><\/tr><tr><td>Mode<\/td><td>P\u00e9destre <\/td><\/tr><tr><td>Propos\u00e9 par <\/td><td>Alltrails<\/td><\/tr><tr><td>Lien<\/td><td><a href=\"https:\/\/www.alltrails.com\/fr\/randonnee\/france\/yvelines\/saint-germain-en-laye-au-travers-de-son-patrimoine\">Ici<\/a><\/td><\/tr><tr><td>Date de r\u00e9vision<\/td><td>12\/09\/2023<\/td><\/tr><\/tbody><\/table><\/figure>\n\n\n\n<figure class=\"wp-block-table\"><table><tbody><tr><td>Sujet <\/td><td>C17 : Parcours QRcode<\/td><\/tr><tr><td>Longueur<\/td><td> km &#8211; D\u00e9nivel\u00e9  m<\/td><\/tr><tr><td>Mode<\/td><td>P\u00e9destre V\u00e9lo<\/td><\/tr><tr><td>Propos\u00e9 par <\/td><td>Mairie de Saint-Germain-en-Laye<\/td><\/tr><tr><td>Lien<\/td><td><a href=\"https:\/\/www.saintgermainenlaye.fr\/147\/parcours-qrcode.htm\">Ici<\/a><\/td><\/tr><tr><td>Date de r\u00e9vision<\/td><td>26\/04\/2023<\/td><\/tr><\/tbody><\/table><\/figure>\n\n\n\n<figure class=\"wp-block-table\"><table><tbody><tr><td>Nom<\/td><td>C39 : Une bouff\u00e9e de Bel-Air<\/td><\/tr><tr><td>Dur\u00e9e<\/td><td>4,9 km<\/td><\/tr><tr><td>Mode<\/td><td>V\u00e9lo ou Marche<\/td><\/tr><tr><td>Propos\u00e9 par<\/td><td>L&rsquo;esprit du sport \/ Pascal Boutreau<\/td><\/tr><tr><td>Lien<\/td><td><a href=\"http:\/\/saint-germain.us\/index.php\/c39-circuit-une-bouffee-de-bel-air\/\">Ici<\/a><\/td><\/tr><tr><td>Revision <\/td><td>14\/10\/2023. (Original 28\/05\/2020)<\/td><\/tr><\/tbody><\/table><\/figure>\n\n\n\n<figure class=\"wp-block-table\"><table><tbody><tr><td>Nom<\/td><td>C40 : Cercle de jeu n\u00b01<\/td><\/tr><tr><td>Dur\u00e9e<\/td><td>2 km<\/td><\/tr><tr><td>Mode<\/td><td>Marche<\/td><\/tr><tr><td>Propos\u00e9 par<\/td><td>L&rsquo;esprit du sport \/ Pascal Boutreau<\/td><\/tr><tr><td>Lien<\/td><td><a href=\"http:\/\/saint-germain.us\/index.php\/c40-circuit-cercle-de-jeu-n1\/\">Ici<\/a><\/td><\/tr><tr><td>Revision <\/td><td>14\/10\/2023. (Original 2020)<\/td><\/tr><\/tbody><\/table><\/figure>\n","protected":false},"excerpt":{"rendered":"<p>Sujet C34 : Petit circuit du patrimoine Longueur 1,7 km &#8211; D\u00e9nivel\u00e9 28 m &#8211; 1:30 Mode P\u00e9destre Propos\u00e9 par Philippe GOUT Lien Ici Date de r\u00e9vision 17\/09\/2023 Sujet C7 : Demeures d&rsquo;histoire Longueur km &#8211; D\u00e9nivel\u00e9 m Mode P\u00e9destre V\u00e9lo Propos\u00e9 par Office de Tourisme Saint Germain Boucles de Seine Lien Ici Date de [&hellip;]<\/p>\n","protected":false},"author":1,"featured_media":0,"parent":0,"menu_order":0,"comment_status":"closed","ping_status":"closed","template":"","meta":{"footnotes":""},"class_list":["post-2786","page","type-page","status-publish","hentry"],"_links":{"self":[{"href":"https:\/\/saint-germain.us\/index.php\/wp-json\/wp\/v2\/pages\/2786","targetHints":{"allow":["GET"]}}],"collection":[{"href":"https:\/\/saint-germain.us\/index.php\/wp-json\/wp\/v2\/pages"}],"about":[{"href":"https:\/\/saint-germain.us\/index.php\/wp-json\/wp\/v2\/types\/page"}],"author":[{"embeddable":true,"href":"https:\/\/saint-germain.us\/index.php\/wp-json\/wp\/v2\/users\/1"}],"replies":[{"embeddable":true,"href":"https:\/\/saint-germain.us\/index.php\/wp-json\/wp\/v2\/comments?post=2786"}],"version-history":[{"count":18,"href":"https:\/\/saint-germain.us\/index.php\/wp-json\/wp\/v2\/pages\/2786\/revisions"}],"predecessor-version":[{"id":3480,"href":"https:\/\/saint-germain.us\/index.php\/wp-json\/wp\/v2\/pages\/2786\/revisions\/3480"}],"wp:attachment":[{"href":"https:\/\/saint-germain.us\/index.php\/wp-json\/wp\/v2\/media?parent=2786"}],"curies":[{"name":"wp","href":"https:\/\/api.w.org\/{rel}","templated":true}]}}