{"id":2811,"date":"2023-09-10T09:41:21","date_gmt":"2023-09-10T07:41:21","guid":{"rendered":"http:\/\/saint-germain.us\/?page_id=2811"},"modified":"2023-09-10T10:14:07","modified_gmt":"2023-09-10T08:14:07","slug":"c10-circuit-park-and-town","status":"publish","type":"page","link":"https:\/\/saint-germain.us\/index.php\/c10-circuit-park-and-town\/","title":{"rendered":"C10 : Circuit &#8211; Park and town"},"content":{"rendered":"\n<figure class=\"wp-block-image alignwide size-large\"><img loading=\"lazy\" decoding=\"async\" width=\"804\" height=\"1024\" src=\"http:\/\/saint-germain.us\/wp-content\/uploads\/2023\/09\/CamScanner-10-09-2023-09.41_1-scaled-e1694331904846-804x1024.jpg\" alt=\"\" class=\"wp-image-2813\" srcset=\"https:\/\/saint-germain.us\/wp-content\/uploads\/2023\/09\/CamScanner-10-09-2023-09.41_1-scaled-e1694331904846-804x1024.jpg 804w, https:\/\/saint-germain.us\/wp-content\/uploads\/2023\/09\/CamScanner-10-09-2023-09.41_1-scaled-e1694331904846-236x300.jpg 236w, https:\/\/saint-germain.us\/wp-content\/uploads\/2023\/09\/CamScanner-10-09-2023-09.41_1-scaled-e1694331904846-768x978.jpg 768w, https:\/\/saint-germain.us\/wp-content\/uploads\/2023\/09\/CamScanner-10-09-2023-09.41_1-scaled-e1694331904846-1206x1536.jpg 1206w, https:\/\/saint-germain.us\/wp-content\/uploads\/2023\/09\/CamScanner-10-09-2023-09.41_1-scaled-e1694331904846-1609x2048.jpg 1609w, https:\/\/saint-germain.us\/wp-content\/uploads\/2023\/09\/CamScanner-10-09-2023-09.41_1-scaled-e1694331904846.jpg 1702w\" sizes=\"auto, (max-width: 804px) 100vw, 804px\" \/><\/figure>\n\n\n\n<div style=\"height:23px\" aria-hidden=\"true\" class=\"wp-block-spacer\"><\/div>\n\n\n\n<p>&nbsp;&nbsp;&nbsp;&nbsp;&nbsp;<\/p>\n\n\n\n<p>1.START-OFFICE DE TOURISME,VILLA EUG\u00c9NIE-D\u00c9SOYER Villa Eug\u00e9nie D\u00e9soyer, Jardin des Arts, 3 rue Henri IV<\/p>\n\n\n\n<p>Welcome! <\/p>\n\n\n\n<p>Mr. L\u00e9on D\u00e9soyer, entrepreneur, patron and mayor of Saint-Germain-en-Laye in the early 20th century, and his wife Eug\u00e9nie, benefactor of the town, welcome you to their home bequeathed to the town in 1929.<\/p>\n\n\n\n<p>Today, Villa Eug\u00e9nie-D\u00e9soyer is home to the Saint Germain Boucles de Seine Intermunicipal Tourist Office and Caf\u00e9 des Arts on the ground floor. On the first floor, the Royal Apothecary has a remarkable collection of objects from the old hospitals of the town. It can be seen during the opening hours of the building: take the stairs or lift to the 1st floor and press the switch to the right of the glass door.On the left, after the door, a second small glass room houses ancient objects for the preparation of remedies. Visit 1 Saturday per month, only by reservation. The apothecary is always visible from the outside during building opening hours.<\/p>\n\n\n\n<p>2.Rue du Vieil Abreuvoir<\/p>\n\n\n\n<p>At the street entrance there was a large watering pond but it was demolished in the 18th century to make way for the &lsquo;coche\u00a0\u00bb, the public vehicle that was the ancestor of the\u201cdiligence\u00a0\u00bb stagecoach.<\/p>\n\n\n\n<p>No. 24: This mansion belonged to the Duc de la Feuillade. He was a great admirer of King Louis XIV, and erected a statue in his honour at Place des Victoires in Paris.<\/p>\n\n\n\n<p>No. 23: H\u00f4tel de la Marquise de Maintenon. Mistress and, later, the second wife of Louis XIV, she purchased this mansion in 1680. The impressive wrought iron balcony dates back to 1880.<\/p>\n\n\n\n<p>No.22: H\u00f4tel de Montausier. Mansion owned by the Duc de Montausier, governor to Louis XIV&rsquo;s eldest son. The future Mar\u00e9chal Lyautey also lived here, from 1887 to 1891. He was just a Captain at the time.<\/p>\n\n\n\n<p>3.Rue des Coches<\/p>\n\n\n\n<p>So named since 1700 because it was the departure point of the public \u00ab\u00a0coche\u00a0\u00bb (stagecoaches) travelling to neighbouring towns, including Paris and Versailles.<\/p>\n\n\n\n<p>No. 17: H\u00f4tel de Guise: this private mansion was owned by Henri Il de Lorraine, Duc de Guise and grandson of the \u201cBalafr\u00e9\u201d (\u201cslashed face\u201d). Albert Alain, the famous organist from Saint-Germain-en-Laye, was also born here.<\/p>\n\n\n\n<p>On the left, the \u00abrue des Vieilles Boucheries\u00bb was, as the name suggests, where the meat market took place. A little further on, we find the \u00abrue \u00e0 la Farine\u00bb, which was where the Grain and Flour Hall was created by Francois I.<\/p>\n\n\n\n<p>4.Rue des Vieilles Boucheries<\/p>\n\n\n\n<p>Thus named because the meat market was here in the Middle Ages. The street was closed by a gate at night to dissuade thieves.<\/p>\n\n\n\n<p>5.Cour Larcher<\/p>\n\n\n\n<p>Access to the courtyard is from Rue de Paris between nos.40 and 42.It&rsquo;s a reference to Regnault Larcher, who was an archer for King Philippe Auguste and founded a \u201cMaison Dieu\u00a0\u00bb here. This little hospital sheltered the poor of Saint-Germain-en-Laye, as well as pilgrims and travellers.<\/p>\n\n\n\n<p>6. All\u00e9e des R\u00e9collets<\/p>\n\n\n\n<p>A narrow passageway on the site of the ancient Recollects convent. The Recollects were part of the Franciscan order and were initially protected by Henri II and Catherine de Medici.<\/p>\n\n\n\n<p>7.Rue Voltaire<\/p>\n\n\n\n<p>Named in honour of the philosopher \u00abdes Lumi\u00e8res\u00bb who spent two months at Saint-Germain-en-Laye in 1729. Nos. 2 to 6: H\u00f4tel de Fieubet. Gaspard de Fieubet, advisor to King Louis XIV, acquired and embellished this mansion. It was reworked in the 19th century, unlike the one next to it (at no. 8) which has remained in the 18th century state.<\/p>\n\n\n\n<p>8.Rue Saint-Pierre<\/p>\n\n\n\n<p>No. 19: H\u00f4tel de Folard, a 18th-century knight, soldier and military strategist. To the right of the door, a height marker decorated with the crown and royal cradle, indicates our altitude: 65.838 metres above the River Seine. At Place Saint-Pierre, the Colbert fountain originally faced the Ch\u00e2teau. It was restored, moved here and inaugurated in 1989<\/p>\n\n\n\n<p>9.Rue Du Gast<\/p>\n\n\n\n<p>So named since 1700 in reference to a family of public figures, one of whom was a notary under Henri IV, another was \u00abgarde manteau\u00bb or forestry officer, under Louis XIV. At no. 6, the fa\u00e7ade features a little alcove which shelters a statue of Saint Christopher. Opposite, through the wrought iron railings you can see the gardens of the H\u00f4tel de Cr\u00e9quy, to which the entrance is located on Rue de Paris between nos. 10 and 12.<\/p>\n\n\n\n<p>10.Rue au Pain<\/p>\n\n\n\n<p>So called since 1667, it has been long considered as the main street in the town. It takes its name from the bakers who set out their stalls there on market days. No. 38: the birthplace of the composer Claude Debussy, who was born there on 22 August 1862.<\/p>\n\n\n\n<p>10.Rue au Pain<\/p>\n\n\n\n<p>So called since 1667, it has been long considered as the main street in the town. It takes its name from the bakers who set out their stalls there on market days. No. 38: the birthplace of the composer Claude Debussy, who was born there on 22 August 1862.<\/p>\n\n\n\n<p>11.Rue Collignon<\/p>\n\n\n\n<p>The name of this street refers to Abb\u00e9 Collignon, priest and benefactor of Saint-Germain-en-Laye in the 19th century. At No. 8 the public baths were built in 1913, they have since disappeared.<\/p>\n\n\n\n<p>12.Rue des Louviers<\/p>\n\n\n\n<p>There are several theories as to where the term \u00ab\u00a0louviers\u00a0\u00bb comes from. It may be a deformation ofthe word\u00a0\u00bblouvetier\u00a0\u00bb meaning the officer serving as the Royal Wolfcatcher. Or, it may be a reference to the cloth merchants who came from the town of Louviers in Normandy. No. 15:The Institut Saint-Thomas-de-Villeneuve, the town&rsquo;s oldest school,is still in use. High on no. 34, an alcove shelters a statue of Saint Peter.<\/p>\n\n\n\n<p>13.Rue des Ecuyers<\/p>\n\n\n\n<p>So-named since 1618, probably in reference to the numerous knights who lived in Saint-Germain-en-Laye along with their horsemen.<\/p>\n\n\n\n<p>14. Rue de la R\u00e9publique<\/p>\n\n\n\n<p>No. 11:The chapel of the Institut Saint-Thomas-de-Villeneuve, mentioned above (cf. Stage 12) features a peristyle built in 1788, with 4 lonic columns. Nos 24 and 26: H\u00f4tel particulier of Henri d&rsquo;Orl\u00e9ans, Duke of Longueville, whose second wife, Anne-Genevi\u00e8ve de Bourbon, sister of the Great Cond\u00e9 and the Prince of Conti, was renowned for her great beauty in the 17th century. The mansion was entirely reworked in the 19th century. No. 27: 18th century building that has remained intact since its construction. The small balconies are from the Louis XV period.<\/p>\n\n\n\n<p>15.Rue de Pontoise<\/p>\n\n\n\n<p>No. 16: H\u00f4tel de Ville de Saint-Germain-en-Laye, established here in 1842 in the former H\u00f4tel de la Rochefoucauld which dates from the 18th century.<\/p>\n\n\n\n<p>16.Rue d&rsquo;Alsace<\/p>\n\n\n\n<p>No.11: H\u00f4tel de Noailles: the sumptuous mansion of the three Dukes of Noailles, who were town governors until the French Revolution, was built by Jules Hardouin-Mansart. Mozart stayed here in 1778.<\/p>\n\n\n\n<p>17.Place Charles de Gaulle<\/p>\n\n\n\n<p>You are standing opposite:<\/p>\n\n\n\n<p>\u00b7 Old-Castle : Saint-Germain-en-Laye was the residence of numerous kings of France, including Saint Louis, Francois I and, of course, Louis XIV. Each left their mark and the castle&rsquo;s architecture has evolved greatly over the centuries. Now, the National Archaeology Museum, the Old-Castle is home to an exceptional collection of archaeological objects from France and the four corners of the world. Near the castle you can see the gardens of the National Domain.<\/p>\n\n\n\n<p>\u00b7Saint-Germain church, with its neo-classical style, was consecrated in 1827.Inside,you can admire the magnificent frescoes, created by Amaury Duval, a pupil of the painter Ingres, and the tomb of King James II of England (VII of Scotland), cousin of Louis XIV, who died in exile in Saint-Germain-en-Laye in 1701.<\/p>\n\n\n\n<p>18.The Estate Grounds<\/p>\n\n\n\n<p>Classified as an historic monument since 1964 and awarded the &lsquo;remarkable garden&rsquo; label, the park has flowerbeds and beautiful perspectives.<\/p>\n\n\n\n<p>Walk along the castle, towards the Terrace:next to a reproduction of Trajan&rsquo;s Column, a plaquementions the famous duel that took place on 10 July1547 in front of the ch\u00e2teau between Monsieur deJarnac and Monsieur de la Ch\u00e2taigneraie. From thisduel we get the expression \u00abCoup de Jarnac\u00bb.<\/p>\n\n\n\n<p>The Terrace, Andr\u00e9 Le N\u00f4tre&rsquo;s masterpiece, is areal balcony over the Seine. Coming from a family ofthe king&rsquo;s gardeners since the 16th century,Le N\u00f4trecreated the gardens of Vaux le Vicomte for Fouquetbefore going into the service of King Louis XIV. In the. distance, the business district of La D\u00e9fense, the Eiffel Tower and the Montparnasse Tower, behind Mont Val\u00e9rien, can be seen.<\/p>\n\n\n\n<p>&#8211; Below, the vines planted in April 2000 have revived a viticultural tradition of more than thirteen centuries and the fruit is used to produce the \u00abVin des Grottes\u00bb.<\/p>\n\n\n\n<p>&#8211; From the Terrace, there are various access points to the Saint-Germain-en-Laye forest which covers 3540 hectares.<\/p>\n\n\n\n<p>Pavillon Henri IV, hotel-restaurant, is located on the site of the New-Castle, where Louis XIV was born on 5 September 1638. The King&rsquo;s Oratory, an integral part of this building, is one of the last remains.<\/p>\n\n\n\n<p>Cross the garden of the Pavillon Henri IV to rue Thiers. At the top of the stairs you will see the plaque marking the level: you are at 61.055 metres above the zero level at the Bridge de la Tournelle.<\/p>\n\n\n\n<p>Go down the stairs to discover the \u00abRampe des Grottes\u00bb (Cave ramp) : it takes its name from the magnificent caves, now gone, built at the end of the<\/p>\n\n\n\n<p>16th century at the request of King Henri IV: inside there were automatons and all kinds of water games!<\/p>\n","protected":false},"excerpt":{"rendered":"<p>&nbsp;&nbsp;&nbsp;&nbsp;&nbsp; 1.START-OFFICE DE TOURISME,VILLA EUG\u00c9NIE-D\u00c9SOYER Villa Eug\u00e9nie D\u00e9soyer, Jardin des Arts, 3 rue Henri IV Welcome! Mr. L\u00e9on D\u00e9soyer, entrepreneur, patron and mayor of Saint-Germain-en-Laye in the early 20th century, and his wife Eug\u00e9nie, benefactor of the town, welcome you to their home bequeathed to the town in 1929. Today, Villa Eug\u00e9nie-D\u00e9soyer is home to [&hellip;]<\/p>\n","protected":false},"author":1,"featured_media":0,"parent":0,"menu_order":0,"comment_status":"closed","ping_status":"closed","template":"","meta":{"footnotes":""},"class_list":["post-2811","page","type-page","status-publish","hentry"],"_links":{"self":[{"href":"https:\/\/saint-germain.us\/index.php\/wp-json\/wp\/v2\/pages\/2811","targetHints":{"allow":["GET"]}}],"collection":[{"href":"https:\/\/saint-germain.us\/index.php\/wp-json\/wp\/v2\/pages"}],"about":[{"href":"https:\/\/saint-germain.us\/index.php\/wp-json\/wp\/v2\/types\/page"}],"author":[{"embeddable":true,"href":"https:\/\/saint-germain.us\/index.php\/wp-json\/wp\/v2\/users\/1"}],"replies":[{"embeddable":true,"href":"https:\/\/saint-germain.us\/index.php\/wp-json\/wp\/v2\/comments?post=2811"}],"version-history":[{"count":7,"href":"https:\/\/saint-germain.us\/index.php\/wp-json\/wp\/v2\/pages\/2811\/revisions"}],"predecessor-version":[{"id":2823,"href":"https:\/\/saint-germain.us\/index.php\/wp-json\/wp\/v2\/pages\/2811\/revisions\/2823"}],"wp:attachment":[{"href":"https:\/\/saint-germain.us\/index.php\/wp-json\/wp\/v2\/media?parent=2811"}],"curies":[{"name":"wp","href":"https:\/\/api.w.org\/{rel}","templated":true}]}}