{"id":2882,"date":"2023-09-11T12:53:02","date_gmt":"2023-09-11T10:53:02","guid":{"rendered":"http:\/\/saint-germain.us\/?page_id=2882"},"modified":"2023-09-14T19:01:15","modified_gmt":"2023-09-14T17:01:15","slug":"c13-circuits-un-jour-a-saint-germain","status":"publish","type":"page","link":"https:\/\/saint-germain.us\/index.php\/c13-circuits-un-jour-a-saint-germain\/","title":{"rendered":"C13 &#8211; Circuits &#8211; Un jour \u00e0 Saint-Germain"},"content":{"rendered":"\n<figure class=\"wp-block-table\"><table><tbody><tr><td>Titre<\/td><td>C13 : Un jour \u00e0 Saint-Germain<\/td><\/tr><tr><td>Longueur<\/td><td>Un jour<\/td><\/tr><tr><td>Mode<\/td><td>P\u00e9destre<\/td><\/tr><tr><td>Propos\u00e9 par <\/td><td>Office de Tourisme Saint Germain Boucles de Seine<\/td><\/tr><tr><td>Lien <\/td><td><a href=\"https:\/\/www.seine-saintgermain.fr\/fr\/fiche\/5603092\/une-journee-a-saint-germain-en-laye\/\">Ici<\/a><\/td><\/tr><tr><td>Date de r\u00e9vision<\/td><td>11\/09\/2023<\/td><\/tr><\/tbody><\/table><\/figure>\n","protected":false},"excerpt":{"rendered":"<p>Titre C13 : Un jour \u00e0 Saint-Germain Longueur Un jour Mode P\u00e9destre Propos\u00e9 par Office de Tourisme Saint Germain Boucles de Seine Lien Ici Date de r\u00e9vision 11\/09\/2023<\/p>\n","protected":false},"author":1,"featured_media":0,"parent":0,"menu_order":0,"comment_status":"closed","ping_status":"closed","template":"","meta":{"footnotes":""},"class_list":["post-2882","page","type-page","status-publish","hentry"],"_links":{"self":[{"href":"https:\/\/saint-germain.us\/index.php\/wp-json\/wp\/v2\/pages\/2882","targetHints":{"allow":["GET"]}}],"collection":[{"href":"https:\/\/saint-germain.us\/index.php\/wp-json\/wp\/v2\/pages"}],"about":[{"href":"https:\/\/saint-germain.us\/index.php\/wp-json\/wp\/v2\/types\/page"}],"author":[{"embeddable":true,"href":"https:\/\/saint-germain.us\/index.php\/wp-json\/wp\/v2\/users\/1"}],"replies":[{"embeddable":true,"href":"https:\/\/saint-germain.us\/index.php\/wp-json\/wp\/v2\/comments?post=2882"}],"version-history":[{"count":3,"href":"https:\/\/saint-germain.us\/index.php\/wp-json\/wp\/v2\/pages\/2882\/revisions"}],"predecessor-version":[{"id":3061,"href":"https:\/\/saint-germain.us\/index.php\/wp-json\/wp\/v2\/pages\/2882\/revisions\/3061"}],"wp:attachment":[{"href":"https:\/\/saint-germain.us\/index.php\/wp-json\/wp\/v2\/media?parent=2882"}],"curies":[{"name":"wp","href":"https:\/\/api.w.org\/{rel}","templated":true}]}}