{"id":2888,"date":"2023-09-11T13:02:24","date_gmt":"2023-09-11T11:02:24","guid":{"rendered":"http:\/\/saint-germain.us\/?page_id=2888"},"modified":"2023-09-14T19:01:35","modified_gmt":"2023-09-14T17:01:35","slug":"c14-circuits-week-en-a-st-germain","status":"publish","type":"page","link":"https:\/\/saint-germain.us\/index.php\/c14-circuits-week-en-a-st-germain\/","title":{"rendered":"C14 &#8211; Circuits &#8211; Week-en \u00e0 St Germain"},"content":{"rendered":"\n<figure class=\"wp-block-table\"><table><tbody><tr><td>Titre<\/td><td>C14 : Week-end \u00e0 Saint-Germain<\/td><\/tr><tr><td>Longueur<\/td><td>Deux jours<\/td><\/tr><tr><td>Mode<\/td><td>P\u00e9destre<\/td><\/tr><tr><td>Propos\u00e9 par <\/td><td>Office de Tourisme Saint Germain Boucles de Seine<\/td><\/tr><tr><td>Lien <\/td><td><a href=\"https:\/\/www.seine-saintgermain.fr\/fr\/nos-pepites\/nos-idees-week-end\/week-end-nature-en-foret-de-saint-germain-en-laye\/\">Ici<\/a><\/td><\/tr><tr><td>Date de r\u00e9vision<\/td><td>11\/09\/2023<\/td><\/tr><\/tbody><\/table><\/figure>\n","protected":false},"excerpt":{"rendered":"<p>Titre C14 : Week-end \u00e0 Saint-Germain Longueur Deux jours Mode P\u00e9destre Propos\u00e9 par Office de Tourisme Saint Germain Boucles de Seine Lien Ici Date de r\u00e9vision 11\/09\/2023<\/p>\n","protected":false},"author":1,"featured_media":0,"parent":0,"menu_order":0,"comment_status":"closed","ping_status":"closed","template":"","meta":{"footnotes":""},"class_list":["post-2888","page","type-page","status-publish","hentry"],"_links":{"self":[{"href":"https:\/\/saint-germain.us\/index.php\/wp-json\/wp\/v2\/pages\/2888","targetHints":{"allow":["GET"]}}],"collection":[{"href":"https:\/\/saint-germain.us\/index.php\/wp-json\/wp\/v2\/pages"}],"about":[{"href":"https:\/\/saint-germain.us\/index.php\/wp-json\/wp\/v2\/types\/page"}],"author":[{"embeddable":true,"href":"https:\/\/saint-germain.us\/index.php\/wp-json\/wp\/v2\/users\/1"}],"replies":[{"embeddable":true,"href":"https:\/\/saint-germain.us\/index.php\/wp-json\/wp\/v2\/comments?post=2888"}],"version-history":[{"count":4,"href":"https:\/\/saint-germain.us\/index.php\/wp-json\/wp\/v2\/pages\/2888\/revisions"}],"predecessor-version":[{"id":3062,"href":"https:\/\/saint-germain.us\/index.php\/wp-json\/wp\/v2\/pages\/2888\/revisions\/3062"}],"wp:attachment":[{"href":"https:\/\/saint-germain.us\/index.php\/wp-json\/wp\/v2\/media?parent=2888"}],"curies":[{"name":"wp","href":"https:\/\/api.w.org\/{rel}","templated":true}]}}