{"id":2894,"date":"2023-09-11T13:08:08","date_gmt":"2023-09-11T11:08:08","guid":{"rendered":"http:\/\/saint-germain.us\/?page_id=2894"},"modified":"2023-09-11T13:49:08","modified_gmt":"2023-09-11T11:49:08","slug":"c15-circuits-demeures-dhistoire","status":"publish","type":"page","link":"https:\/\/saint-germain.us\/index.php\/c15-circuits-demeures-dhistoire\/","title":{"rendered":"C15 &#8211; Circuits &#8211; Demeures d&rsquo;histoire"},"content":{"rendered":"\n<figure class=\"wp-block-image size-large\"><img loading=\"lazy\" decoding=\"async\" width=\"1007\" height=\"1024\" src=\"http:\/\/saint-germain.us\/wp-content\/uploads\/2023\/09\/CamScanner-11-09-2023-13.101_1-1007x1024.jpg\" alt=\"\" class=\"wp-image-2897\" srcset=\"https:\/\/saint-germain.us\/wp-content\/uploads\/2023\/09\/CamScanner-11-09-2023-13.101_1-1007x1024.jpg 1007w, https:\/\/saint-germain.us\/wp-content\/uploads\/2023\/09\/CamScanner-11-09-2023-13.101_1-295x300.jpg 295w, https:\/\/saint-germain.us\/wp-content\/uploads\/2023\/09\/CamScanner-11-09-2023-13.101_1-768x781.jpg 768w, https:\/\/saint-germain.us\/wp-content\/uploads\/2023\/09\/CamScanner-11-09-2023-13.101_1-1511x1536.jpg 1511w, https:\/\/saint-germain.us\/wp-content\/uploads\/2023\/09\/CamScanner-11-09-2023-13.101_1-2015x2048.jpg 2015w\" sizes=\"auto, (max-width: 1007px) 100vw, 1007px\" \/><\/figure>\n\n\n\n<p><\/p>\n\n\n\n<p><strong>1. D\u00c9PART- Office de Tourisme<\/strong><\/p>\n\n\n\n<figure class=\"wp-block-image size-large\"><img loading=\"lazy\" decoding=\"async\" width=\"1024\" height=\"618\" src=\"http:\/\/saint-germain.us\/wp-content\/uploads\/2023\/08\/Office-du-tourisme-red-1024x618.jpg\" alt=\"\" class=\"wp-image-2505\" srcset=\"https:\/\/saint-germain.us\/wp-content\/uploads\/2023\/08\/Office-du-tourisme-red-1024x618.jpg 1024w, https:\/\/saint-germain.us\/wp-content\/uploads\/2023\/08\/Office-du-tourisme-red-300x181.jpg 300w, https:\/\/saint-germain.us\/wp-content\/uploads\/2023\/08\/Office-du-tourisme-red-768x463.jpg 768w, https:\/\/saint-germain.us\/wp-content\/uploads\/2023\/08\/Office-du-tourisme-red-1536x927.jpg 1536w, https:\/\/saint-germain.us\/wp-content\/uploads\/2023\/08\/Office-du-tourisme-red-2048x1236.jpg 2048w\" sizes=\"auto, (max-width: 1024px) 100vw, 1024px\" \/><figcaption class=\"wp-element-caption\">Villa Eug\u00e9nie D\u00e9soyer (@Philippe GOUT)<\/figcaption><\/figure>\n\n\n\n<p><em>N\u00b0 38, rue au Pain<\/em><\/p>\n\n\n\n<p>Cette maison du XVIIe si\u00e8cle fut sur\u00e9lev\u00e9e \u010f&rsquo;un \u00e9tage au XVIIIe si\u00e8cle. Comme beaucoup de maisons modestes du centre-ville, ceb\u00e2timent est issu d&rsquo;un plan type de l&rsquo;architecte du roi, Pierre Le Muet (1591-1669):<\/p>\n\n\n\n<p>deux corps de b\u00e2timent s\u00e9par\u00e9s par une cour avec une fa\u00e7ade sur rue tr\u00e8s \u00e9troite. La cour contient un puits. \u00c0 voir : un magnifique escalier en bois et la maison natale Claude Debussy, qui naquit dans cette maison en 1862.<\/p>\n\n\n\n<figure class=\"wp-block-image size-large\"><img loading=\"lazy\" decoding=\"async\" width=\"1024\" height=\"633\" src=\"http:\/\/saint-germain.us\/wp-content\/uploads\/2023\/07\/Rue-au-pain-1024x633.jpg\" alt=\"\" class=\"wp-image-1560\" srcset=\"https:\/\/saint-germain.us\/wp-content\/uploads\/2023\/07\/Rue-au-pain-1024x633.jpg 1024w, https:\/\/saint-germain.us\/wp-content\/uploads\/2023\/07\/Rue-au-pain-300x185.jpg 300w, https:\/\/saint-germain.us\/wp-content\/uploads\/2023\/07\/Rue-au-pain-768x474.jpg 768w, https:\/\/saint-germain.us\/wp-content\/uploads\/2023\/07\/Rue-au-pain-1536x949.jpg 1536w, https:\/\/saint-germain.us\/wp-content\/uploads\/2023\/07\/Rue-au-pain.jpg 1554w\" sizes=\"auto, (max-width: 1024px) 100vw, 1024px\" \/><figcaption class=\"wp-element-caption\">Rue au pain (Am\u00e9lior\u00e9e Philippe GOUT)<\/figcaption><\/figure>\n\n\n\n<p><em>2. Rue de la Salle<\/em><\/p>\n\n\n\n<p>Ainsi nomm\u00e9e en 1640, cette rue pi\u00e9tonne qui existait d\u00e9j\u00e0 d\u00e8s 1542 est une des plus anciennes rues de la ville. Selon la premi\u00e8re hypoth\u00e8se retenue pour expliquer le nom de la rue, il viendrait d&rsquo;une lign\u00e9e de Capitaines Gouverneurs de Saint-Germain-en-Laye aux XVIe et XVIIe si\u00e8cles.<\/p>\n\n\n\n<p>N\u00b0 16 : la plus ancienne maison de la ville, maison m\u00e9di\u00e9vale \u00e0 colombages (XVIe si\u00e8cle)<\/p>\n\n\n\n<p>N\u00b0 18: H\u00f4tel des Mar\u00e9chaux de Villeroy dont le propri\u00e9taire fut Nicolas de Neuville, duc de Villeroy, (1597-1685). Importante restauration en 1980.<\/p>\n\n\n\n<p><em>3. Rue du Vieil Abreuvoir<\/em><\/p>\n\n\n\n<p>\u00c0 l&rsquo;entr\u00e9e de cette rue se trouvait un vaste abreuvoir (d\u00e8s 1547), face au ch\u00e2teau, qui fut d\u00e9moli au XVIIIe si\u00e8cle pour faciliter la circulation.<\/p>\n\n\n\n<figure class=\"wp-block-image size-large\"><img loading=\"lazy\" decoding=\"async\" width=\"768\" height=\"1024\" src=\"http:\/\/saint-germain.us\/wp-content\/uploads\/2023\/07\/rue-viel-abrevoir-2-768x1024.jpg\" alt=\"\" class=\"wp-image-1299\" srcset=\"https:\/\/saint-germain.us\/wp-content\/uploads\/2023\/07\/rue-viel-abrevoir-2-768x1024.jpg 768w, https:\/\/saint-germain.us\/wp-content\/uploads\/2023\/07\/rue-viel-abrevoir-2-225x300.jpg 225w, https:\/\/saint-germain.us\/wp-content\/uploads\/2023\/07\/rue-viel-abrevoir-2-1152x1536.jpg 1152w, https:\/\/saint-germain.us\/wp-content\/uploads\/2023\/07\/rue-viel-abrevoir-2-1536x2048.jpg 1536w, https:\/\/saint-germain.us\/wp-content\/uploads\/2023\/07\/rue-viel-abrevoir-2-scaled.jpg 1920w\" sizes=\"auto, (max-width: 768px) 100vw, 768px\" \/><figcaption class=\"wp-element-caption\">Rue du viel abreuvoir (@Philippe GOUT)<\/figcaption><\/figure>\n\n\n\n<p>Au n\u00b0 24 : \u00ab H\u00f4tel dit de la Feuillade \u00bb, ayant appartenu \u00e0 Jean Bertrand de Masgontier, gar\u00e7on ordinaire de la chambre du roi (1708).<\/p>\n\n\n\n<p>Au n\u00b023 : \u00abH\u00f4tel dit de la marquise de Maintenon \u00bb, maison tr\u00e8s modeste construite apr\u00e8s 1643 et achet\u00e9e par Madame de Maintenon en 1680.Le balcon est ajout\u00e9 en 1880.<\/p>\n\n\n\n<figure class=\"wp-block-image size-large\"><img loading=\"lazy\" decoding=\"async\" width=\"928\" height=\"1024\" src=\"http:\/\/saint-germain.us\/wp-content\/uploads\/2023\/07\/Hotel-de-Maintenon-928x1024.jpg\" alt=\"\" class=\"wp-image-1271\" srcset=\"https:\/\/saint-germain.us\/wp-content\/uploads\/2023\/07\/Hotel-de-Maintenon-928x1024.jpg 928w, https:\/\/saint-germain.us\/wp-content\/uploads\/2023\/07\/Hotel-de-Maintenon-272x300.jpg 272w, https:\/\/saint-germain.us\/wp-content\/uploads\/2023\/07\/Hotel-de-Maintenon-768x847.jpg 768w, https:\/\/saint-germain.us\/wp-content\/uploads\/2023\/07\/Hotel-de-Maintenon-1393x1536.jpg 1393w, https:\/\/saint-germain.us\/wp-content\/uploads\/2023\/07\/Hotel-de-Maintenon-1857x2048.jpg 1857w, https:\/\/saint-germain.us\/wp-content\/uploads\/2023\/07\/Hotel-de-Maintenon.jpg 2009w\" sizes=\"auto, (max-width: 928px) 100vw, 928px\" \/><figcaption class=\"wp-element-caption\">H\u00f4tel Madame de Maintenon (@Philippe GOUT)<\/figcaption><\/figure>\n\n\n\n<p>Au n\u00b0 22 : \u00ab H\u00f4tel dit du duc de Montausier\u00bb, immeuble du XVIIe tr\u00e8s remani\u00e9 au XIXe si\u00e8cle. A appartenu au Duc de Montausier (1610-1690), gouverneur du dauphin.<\/p>\n\n\n\n<p>Le Mar\u00e9chal Lyautey a habit\u00e9 cette maison entre 1887 et 1891.<\/p>\n\n\n\n<p><em>4. Rue des Coches<\/em><\/p>\n\n\n\n<p>Au n\u00b0 17,\u013eH\u00f4tel de Guise, bel exemple d&rsquo;h\u00f4tel entre cour et jardin reconstruit au XVIIIe si\u00e8cle, aurait appartenu \u00e0 Henri de Guise, petit-fils du \u300aBalafr\u00e9\u00bb.<\/p>\n\n\n\n<figure class=\"wp-block-image size-large\"><img loading=\"lazy\" decoding=\"async\" width=\"1024\" height=\"683\" src=\"http:\/\/saint-germain.us\/wp-content\/uploads\/2023\/07\/rue-des-coches-1-1024x683.jpg\" alt=\"\" class=\"wp-image-1492\" srcset=\"https:\/\/saint-germain.us\/wp-content\/uploads\/2023\/07\/rue-des-coches-1-1024x683.jpg 1024w, https:\/\/saint-germain.us\/wp-content\/uploads\/2023\/07\/rue-des-coches-1-300x200.jpg 300w, https:\/\/saint-germain.us\/wp-content\/uploads\/2023\/07\/rue-des-coches-1-768x512.jpg 768w, https:\/\/saint-germain.us\/wp-content\/uploads\/2023\/07\/rue-des-coches-1-1536x1025.jpg 1536w, https:\/\/saint-germain.us\/wp-content\/uploads\/2023\/07\/rue-des-coches-1-2048x1366.jpg 2048w\" sizes=\"auto, (max-width: 1024px) 100vw, 1024px\" \/><figcaption class=\"wp-element-caption\">Rue des coches (Am\u00e9lior\u00e9e@Philippe GOUT)<\/figcaption><\/figure>\n\n\n\n<p><em>5. Rue des Vieilles Boucheries<\/em><\/p>\n\n\n\n<p>Cette voie \u00e9troite abritait le march\u00e9 de la viande, depuis le Moyen \u00c2ge jusqu&rsquo;au XVII\u00b0 si\u00e8cle.<\/p>\n\n\n\n<p><em>6. Cour Larcher<\/em><\/p>\n\n\n\n<p>Son entr\u00e9e se trouve entre les n\u00b0 40 et 42 rue de Paris. Les vieilles maisons sont construites au-dessus de caves vo\u00fbt\u00e9es, vestiges de la Maison-Dieu fond\u00e9e par Regnault, ancien archer du roi Philippe Auguste en 1225.<\/p>\n\n\n\n<figure class=\"wp-block-image size-large\"><img loading=\"lazy\" decoding=\"async\" width=\"1024\" height=\"576\" src=\"http:\/\/saint-germain.us\/wp-content\/uploads\/2023\/07\/Cour-Larcher-1024x576.jpg\" alt=\"\" class=\"wp-image-1225\" srcset=\"https:\/\/saint-germain.us\/wp-content\/uploads\/2023\/07\/Cour-Larcher-1024x576.jpg 1024w, https:\/\/saint-germain.us\/wp-content\/uploads\/2023\/07\/Cour-Larcher-300x169.jpg 300w, https:\/\/saint-germain.us\/wp-content\/uploads\/2023\/07\/Cour-Larcher-768x432.jpg 768w, https:\/\/saint-germain.us\/wp-content\/uploads\/2023\/07\/Cour-Larcher-1536x864.jpg 1536w, https:\/\/saint-germain.us\/wp-content\/uploads\/2023\/07\/Cour-Larcher-2048x1152.jpg 2048w\" sizes=\"auto, (max-width: 1024px) 100vw, 1024px\" \/><figcaption class=\"wp-element-caption\">Cour Larcher (@Philippe GOUT)<\/figcaption><\/figure>\n\n\n\n<p><em>7. All\u00e9e des R\u00e9collets<\/em><\/p>\n\n\n\n<p>D\u00e8s 1620, Louis XIII, \u00e0 la demande du cur\u00e9 et d&rsquo;une assembl\u00e9e d&rsquo;habitants, accepte l&rsquo;abandon aux religieux des R\u00e9collets du terrain de l&rsquo;ancienne Maison-Dieu du XIIIe, en ruines, \u00e0 condition que le culte de Saint-Eloi soit maintenu.<\/p>\n\n\n\n<p><em>8. Rue Voltaire<\/em><\/p>\n\n\n\n<p>N\u00b0 2 : H\u00f4tel de Fieubet : maison agrandie et embellie par Gaspard de Fieubet, conseiller ordinaire du Roi Louis XIV et chancelier de la Reine. Il l&rsquo;acquit en 1670 et le revendit en 1693. Un second \u00e9tage est ajout\u00e9 en 1790.<\/p>\n\n\n\n<p><em>9. Rue Saint-Pierre<\/em><\/p>\n\n\n\n<p>\u00c0 voir : H\u00f4tel de Folard<\/p>\n\n\n\n<p>La fontaine dite \u00ab de Colbert \u00bb a \u00e9t\u00e9 d\u00e9mont\u00e9e rue de la Surintendance vers 1970 lors de la construction du RER et install\u00e9e sur la place par la ville,en 1988.<\/p>\n\n\n\n<p>Le fond de cette impasse est assez curieux avec la diversit\u00e9 des maisons et des toitures.<\/p>\n\n\n\n<p>\u00c0 voir \u00e0 proximit\u00e9 : H\u00f4tel de Navaille<\/p>\n\n\n\n<figure class=\"wp-block-image aligncenter size-large\"><img loading=\"lazy\" decoding=\"async\" width=\"575\" height=\"1024\" src=\"http:\/\/saint-germain.us\/wp-content\/uploads\/2023\/07\/Rue-Saint-Pierre-2-575x1024.jpg\" alt=\"\" class=\"wp-image-1296\" srcset=\"https:\/\/saint-germain.us\/wp-content\/uploads\/2023\/07\/Rue-Saint-Pierre-2-575x1024.jpg 575w, https:\/\/saint-germain.us\/wp-content\/uploads\/2023\/07\/Rue-Saint-Pierre-2-169x300.jpg 169w, https:\/\/saint-germain.us\/wp-content\/uploads\/2023\/07\/Rue-Saint-Pierre-2-768x1367.jpg 768w, https:\/\/saint-germain.us\/wp-content\/uploads\/2023\/07\/Rue-Saint-Pierre-2-863x1536.jpg 863w, https:\/\/saint-germain.us\/wp-content\/uploads\/2023\/07\/Rue-Saint-Pierre-2-1150x2048.jpg 1150w, https:\/\/saint-germain.us\/wp-content\/uploads\/2023\/07\/Rue-Saint-Pierre-2-scaled.jpg 1438w\" sizes=\"auto, (max-width: 575px) 100vw, 575px\" \/><figcaption class=\"wp-element-caption\">Rue Saint Pierre (@Philippe GOUT)\n<\/figcaption><\/figure>\n\n\n\n<p><em>10. Rue du Gast<\/em><\/p>\n\n\n\n<p>Cette rue doit son nom \u00e0 une famille de notables, d\u00e8s le XVIIe si\u00e8cle ; un de ses membres est procureur de la capitainerie, un autre est garde-manteau du roi (officier forestier) au temps de Louis XIV.<\/p>\n\n\n\n<p>Au n\u00b06,la fa\u00e7ade contient une petite niche abritant Saint-Christophe. En face, une grille en fer forg\u00e9 remplace un mur ancien depuis 1980 et lib\u00e8re la vue sur les jardins de l&rsquo;H\u00f4tel de Cr\u00e9quy, h\u00f4tel entre cour et jardin. Son entr\u00e9e se trouve aux nos 10 et 12 rue de Paris.<\/p>\n\n\n\n<p>L&rsquo;H\u00f4tel du XVII a \u00e9t\u00e9 remani\u00e9 et agrandi au XVIIIe et en 1979\/80.<\/p>\n\n\n\n<figure class=\"wp-block-image aligncenter size-large\"><img loading=\"lazy\" decoding=\"async\" width=\"617\" height=\"1024\" src=\"http:\/\/saint-germain.us\/wp-content\/uploads\/2023\/07\/Rue-du-Gast-617x1024.jpg\" alt=\"\" class=\"wp-image-1234\" srcset=\"https:\/\/saint-germain.us\/wp-content\/uploads\/2023\/07\/Rue-du-Gast-617x1024.jpg 617w, https:\/\/saint-germain.us\/wp-content\/uploads\/2023\/07\/Rue-du-Gast-181x300.jpg 181w, https:\/\/saint-germain.us\/wp-content\/uploads\/2023\/07\/Rue-du-Gast-768x1276.jpg 768w, https:\/\/saint-germain.us\/wp-content\/uploads\/2023\/07\/Rue-du-Gast-925x1536.jpg 925w, https:\/\/saint-germain.us\/wp-content\/uploads\/2023\/07\/Rue-du-Gast-1233x2048.jpg 1233w, https:\/\/saint-germain.us\/wp-content\/uploads\/2023\/07\/Rue-du-Gast-scaled.jpg 1541w\" sizes=\"auto, (max-width: 617px) 100vw, 617px\" \/><figcaption class=\"wp-element-caption\">Rue du Gast (@Philippe GOUT)<\/figcaption><\/figure>\n\n\n\n<p><em>11. Rue du Vieux-March\u00e9<\/em><\/p>\n\n\n\n<p>Fran\u00e7ois Ier institue les foires et march\u00e9s par lettres patentes du 13 avril 1528 et fait construire la premi\u00e8re halle en 1543, encourageant ainsi le commerce de la ville. Il cr\u00e9e le \u00ab Grand Carrefour \u00bb au croisement actuel de la rue au Pain\/de Paris\/ Vieux March\u00e9.<\/p>\n\n\n\n<figure class=\"wp-block-image size-full\"><img loading=\"lazy\" decoding=\"async\" width=\"1024\" height=\"632\" src=\"http:\/\/saint-germain.us\/wp-content\/uploads\/2023\/08\/Vieux-marche.jpg\" alt=\"\" class=\"wp-image-2466\" srcset=\"https:\/\/saint-germain.us\/wp-content\/uploads\/2023\/08\/Vieux-marche.jpg 1024w, https:\/\/saint-germain.us\/wp-content\/uploads\/2023\/08\/Vieux-marche-300x185.jpg 300w, https:\/\/saint-germain.us\/wp-content\/uploads\/2023\/08\/Vieux-marche-768x474.jpg 768w\" sizes=\"auto, (max-width: 1024px) 100vw, 1024px\" \/><figcaption class=\"wp-element-caption\">Rue du Vieux march\u00e9 (Am\u00e9lior\u00e9e Philippe GOUT)\n<\/figcaption><\/figure>\n\n\n\n<p><em>12. Rue des Louviers<\/em><\/p>\n\n\n\n<p>\u00c0 la hauteur du n\u00b0 34, impasse des Louviers, une niche abrite une statue de Saint Pierre. Le terme de\u00ablouviers\u00bb peut provenir de la d\u00e9formation du mot \u00ab louvetiers \u00bb ou devoir son nom \u00e0 des marchands drapiers originaires de la ville de Louviers.<\/p>\n\n\n\n<p><em>13. Rue des \u00c9cuyers<\/em><\/p>\n\n\n\n<p>Vous d\u00e9couvrez sur la fa\u00e7ade situ\u00e9e en face de l\u00e9cole, le berceau sur fond bleu et or, blason donn\u00e9 par Louis XVIII afin d&rsquo;honorer la naissance de son a\u00efeul Louis XIV.<\/p>\n\n\n\n<p>Vous d\u00e9bouchez dans la rue de la R\u00e9publique, ensemble d&rsquo;immeubles du XIXe et XXe si\u00e8cles de part et d&rsquo;autre de la rue. Au fond, en perspective, se d\u00e9tache l&rsquo;\u00c9glise Saint-Germain.<\/p>\n\n\n\n<p><em>14. Rue des B\u00fbcherons<\/em><\/p>\n\n\n\n<p>Avant d&#8217;emprunter la rue, retournez-vous pour admirer le p\u00e9ristyle \u00e0 4 colonnes ioniques et fronton triangulaire de la chapelle construite par Antoine-Fran\u00e7ois Peyre en 1788 pour I&rsquo;Institut Saint-Thomas-de-Villeneuve, institution d\u00e9ducation depuis 1698.<\/p>\n\n\n\n<p>Son entr\u00e9e est situ\u00e9e au n\u00b015 de la rue des Louviers : H\u00f4tel de Soissons, h\u00f4tel entre cour et jardins construit pour Eug\u00e8ne-Maurice, comte de Soissons et son \u00e9pouse Olympe Mancini (1639-1708).<\/p>\n\n\n\n<p>Au n\u00b0 10, souvenir de \u013e&rsquo;H\u00f4tel de Reims, R\u00e9sidence des Cardinaux Barberini et Le Tellier au XVIIe si\u00e8cle.<\/p>\n\n\n\n<p>Au n\u00b0 7 : Souvenir des Petites \u00c9curies du Roy.<\/p>\n\n\n\n<p><em>15. L&rsquo;H\u00f4tel de Ville<\/em><\/p>\n\n\n\n<p>La mairie s&rsquo;installe en 1842 dans un b\u00e2timent construit en 1777 sur l&#8217;emplacement de l&rsquo;H\u00f4tel de La Rochefoucauld.<\/p>\n\n\n\n<p>La salle des mariages a conserv\u00e9 son aspect typique de la fin du XIXe si\u00e8cle (1895).<\/p>\n\n\n\n<figure class=\"wp-block-image size-large\"><img loading=\"lazy\" decoding=\"async\" width=\"1024\" height=\"684\" src=\"http:\/\/saint-germain.us\/wp-content\/uploads\/2023\/07\/Hotel-de-ville-1024x684.jpg\" alt=\"\" class=\"wp-image-1491\" srcset=\"https:\/\/saint-germain.us\/wp-content\/uploads\/2023\/07\/Hotel-de-ville-1024x684.jpg 1024w, https:\/\/saint-germain.us\/wp-content\/uploads\/2023\/07\/Hotel-de-ville-300x201.jpg 300w, https:\/\/saint-germain.us\/wp-content\/uploads\/2023\/07\/Hotel-de-ville-768x513.jpg 768w, https:\/\/saint-germain.us\/wp-content\/uploads\/2023\/07\/Hotel-de-ville-1536x1027.jpg 1536w, https:\/\/saint-germain.us\/wp-content\/uploads\/2023\/07\/Hotel-de-ville-2048x1369.jpg 2048w\" sizes=\"auto, (max-width: 1024px) 100vw, 1024px\" \/><figcaption class=\"wp-element-caption\">H\u00f4tel de Ville (Am\u00e9lior\u00e9e @Philippe GOUT)<\/figcaption><\/figure>\n\n\n\n<p><em>16. H\u00f4tel de Noailles (11 rue d&rsquo;Alsace)<\/em><\/p>\n\n\n\n<p>Cette somptueuse demeure des trois ducs de Noailles qui furent gouverneurs de Saint-Germain jusqu&rsquo;\u00e0 la R\u00e9volution, fut construite \u00e0 la fin du XVIIe si\u00e8cle par Hardouin Mansart, sur un terrain de 40 hectares. En vue du lotissement de ce domaine, une voie est cr\u00e9\u00e9e en 1836, traversant le corps central du b\u00e2timent. Les deux ailes subsistent, 10 et 11 rue d&rsquo;Alsace. Mozart y s\u00e9journe en 1778.<\/p>\n\n\n\n<figure class=\"wp-block-image size-large\"><img loading=\"lazy\" decoding=\"async\" width=\"1024\" height=\"647\" src=\"http:\/\/saint-germain.us\/wp-content\/uploads\/2023\/05\/Noailles-origines-2-1024x647.jpg\" alt=\"\" class=\"wp-image-361\" srcset=\"https:\/\/saint-germain.us\/wp-content\/uploads\/2023\/05\/Noailles-origines-2-1024x647.jpg 1024w, https:\/\/saint-germain.us\/wp-content\/uploads\/2023\/05\/Noailles-origines-2-300x190.jpg 300w, https:\/\/saint-germain.us\/wp-content\/uploads\/2023\/05\/Noailles-origines-2-768x485.jpg 768w, https:\/\/saint-germain.us\/wp-content\/uploads\/2023\/05\/Noailles-origines-2-1536x970.jpg 1536w, https:\/\/saint-germain.us\/wp-content\/uploads\/2023\/05\/Noailles-origines-2-2048x1294.jpg 2048w\" sizes=\"auto, (max-width: 1024px) 100vw, 1024px\" \/><\/figure>\n\n\n\n<p><em>17. Rue Roger-de-N\u00e9zot<\/em><\/p>\n\n\n\n<p>Au n\u00b09 : construit au XVII si\u00e8cle, \u013e&rsquo;H\u00f4tel de Bontemps h\u00e9bergea Alexandre Bontemps, premier valet de chambre du Roi Soleil. Porte coch\u00e8re et cour pav\u00e9e. Longez les jardins du Domaine national, le ch\u00e2teau abritant le Mus\u00e9e d&rsquo;Arch\u00e9ologie Nationale et \u013e&rsquo;\u00c9glise en face pour arriver \u00e0 la place Andr\u00e9 Malraux.<\/p>\n\n\n\n<p><em>18. Place Charles de Gaulle<\/em><\/p>\n\n\n\n<p>Face \u00e0 vous, d\u00e9couvrez deux magnifiques immeubles de rapport construits entre 1754 et 1758 \u00e0 la place des deux h\u00f4tels Conti et Soubise.<\/p>\n\n\n\n<figure class=\"wp-block-image size-large\"><img loading=\"lazy\" decoding=\"async\" width=\"786\" height=\"1024\" src=\"http:\/\/saint-germain.us\/wp-content\/uploads\/2023\/07\/Hotel-Conti-copie-786x1024.jpg\" alt=\"\" class=\"wp-image-1741\" srcset=\"https:\/\/saint-germain.us\/wp-content\/uploads\/2023\/07\/Hotel-Conti-copie-786x1024.jpg 786w, https:\/\/saint-germain.us\/wp-content\/uploads\/2023\/07\/Hotel-Conti-copie-230x300.jpg 230w, https:\/\/saint-germain.us\/wp-content\/uploads\/2023\/07\/Hotel-Conti-copie-768x1000.jpg 768w, https:\/\/saint-germain.us\/wp-content\/uploads\/2023\/07\/Hotel-Conti-copie-1180x1536.jpg 1180w, https:\/\/saint-germain.us\/wp-content\/uploads\/2023\/07\/Hotel-Conti-copie-1573x2048.jpg 1573w, https:\/\/saint-germain.us\/wp-content\/uploads\/2023\/07\/Hotel-Conti-copie-scaled.jpg 1966w\" sizes=\"auto, (max-width: 786px) 100vw, 786px\" \/><figcaption class=\"wp-element-caption\">H\u00f4tel de Conti (@Philippe GOUT)<\/figcaption><\/figure>\n","protected":false},"excerpt":{"rendered":"<p>1. D\u00c9PART- Office de Tourisme N\u00b0 38, rue au Pain Cette maison du XVIIe si\u00e8cle fut sur\u00e9lev\u00e9e \u010f&rsquo;un \u00e9tage au XVIIIe si\u00e8cle. Comme beaucoup de maisons modestes du centre-ville, ceb\u00e2timent est issu d&rsquo;un plan type de l&rsquo;architecte du roi, Pierre Le Muet (1591-1669): deux corps de b\u00e2timent s\u00e9par\u00e9s par une cour avec une fa\u00e7ade sur [&hellip;]<\/p>\n","protected":false},"author":1,"featured_media":0,"parent":0,"menu_order":0,"comment_status":"closed","ping_status":"closed","template":"","meta":{"footnotes":""},"class_list":["post-2894","page","type-page","status-publish","hentry"],"_links":{"self":[{"href":"https:\/\/saint-germain.us\/index.php\/wp-json\/wp\/v2\/pages\/2894","targetHints":{"allow":["GET"]}}],"collection":[{"href":"https:\/\/saint-germain.us\/index.php\/wp-json\/wp\/v2\/pages"}],"about":[{"href":"https:\/\/saint-germain.us\/index.php\/wp-json\/wp\/v2\/types\/page"}],"author":[{"embeddable":true,"href":"https:\/\/saint-germain.us\/index.php\/wp-json\/wp\/v2\/users\/1"}],"replies":[{"embeddable":true,"href":"https:\/\/saint-germain.us\/index.php\/wp-json\/wp\/v2\/comments?post=2894"}],"version-history":[{"count":7,"href":"https:\/\/saint-germain.us\/index.php\/wp-json\/wp\/v2\/pages\/2894\/revisions"}],"predecessor-version":[{"id":2903,"href":"https:\/\/saint-germain.us\/index.php\/wp-json\/wp\/v2\/pages\/2894\/revisions\/2903"}],"wp:attachment":[{"href":"https:\/\/saint-germain.us\/index.php\/wp-json\/wp\/v2\/media?parent=2894"}],"curies":[{"name":"wp","href":"https:\/\/api.w.org\/{rel}","templated":true}]}}