{"id":2906,"date":"2023-09-12T08:38:37","date_gmt":"2023-09-12T06:38:37","guid":{"rendered":"http:\/\/saint-germain.us\/?page_id=2906"},"modified":"2023-09-12T08:52:29","modified_gmt":"2023-09-12T06:52:29","slug":"c16-circuits-centre","status":"publish","type":"page","link":"https:\/\/saint-germain.us\/index.php\/c16-circuits-centre\/","title":{"rendered":"C16 &#8211; Circuits &#8211; centre"},"content":{"rendered":"\n<figure class=\"wp-block-image alignfull size-large\"><img loading=\"lazy\" decoding=\"async\" width=\"1024\" height=\"836\" src=\"http:\/\/saint-germain.us\/wp-content\/uploads\/2023\/09\/Capture-decran-2023-09-12-a-08.36.45-1024x836.png\" alt=\"\" class=\"wp-image-2905\" srcset=\"https:\/\/saint-germain.us\/wp-content\/uploads\/2023\/09\/Capture-decran-2023-09-12-a-08.36.45-1024x836.png 1024w, https:\/\/saint-germain.us\/wp-content\/uploads\/2023\/09\/Capture-decran-2023-09-12-a-08.36.45-300x245.png 300w, https:\/\/saint-germain.us\/wp-content\/uploads\/2023\/09\/Capture-decran-2023-09-12-a-08.36.45-768x627.png 768w, https:\/\/saint-germain.us\/wp-content\/uploads\/2023\/09\/Capture-decran-2023-09-12-a-08.36.45.png 1274w\" sizes=\"auto, (max-width: 1024px) 100vw, 1024px\" \/><\/figure>\n\n\n\n<h4 class=\"wp-block-heading\">SAINT-GERMAIN-EN-LAYE<\/h4>\n\n\n\n<p><\/p>\n\n\n\n<p>[Saint-Germain-en-Laye] Cette ravissante ville de 44\u00b7000 habitants de l&rsquo;agglom\u00e9ration parisienne abrite l&rsquo;un des ch\u00e2teaux les plus importants de l&rsquo;histoire de France. Jusqu&rsquo;\u00e0 ce que Louis XIV d\u00e9cide de transf\u00e9rer la cour \u00e0 Versailles, c&rsquo;est dans ce ch\u00e2teau que v\u00e9curent les rois de France. Louis XIV y est d&rsquo;ailleurs n\u00e9. \u00c0 la R\u00e9volution, le ch\u00e2teau fut transform\u00e9 en prison, puis en caserne \u00e0 la Restauration (\u2261retour de la monarchie)&#8230; Bien qu&rsquo;ancienne ville royale proche de Paris, Saint-Germain-en-Laye a pu conserver une atmosph\u00e8re provinciale, ce qui s\u00e9duit de nombreux Parisiens. Et les nombreuses boutiques de son centre-ville tr\u00e8s anim\u00e9 y sont un peu pour quelque chose.<\/p>\n\n\n\n<h5 class=\"wp-block-heading\">SAINT-GERMAIN-EN-LAYE \u2012 VISITE ET MODE D&rsquo;EMPLOI<\/h5>\n\n\n\n<p>Carte associ\u00e9e \u00e0 cette page: Saint-Germain-en-Laye. Sur \u00e9cran \u00e9troit, cliquez sur le bouton \u00ab\u00a0carte\u00a0\u00bb pour ouvrir (ou fermer) la carte. Le bouton en forme de cible de la carte vous permet de vous g\u00e9olocaliser. \u2022 Le bouton \u00ab\u00a0GPS lieu\u00a0\u00bb permet de rejoindre le point z\u00e9ro (Ch\u00e2teau) via le navigateur Google Maps. \u2022 Les boutons \u00ab\u00a0GPS circuit\u00a0\u00bb et \u00ab\u00a0GPS parking\u00a0\u00bb permettent de rejoindre le premier lieu d&rsquo;int\u00e9r\u00eat du circuit (Ch\u00e2teau) et le parking \u00e0 proximit\u00e9. \u2022 Circuit de 3 km \u00e0 pied (en rouge). Pr\u00e9voir 1h30 (retour inclus), sans les visites et activit\u00e9s.<\/p>\n\n\n\n<p>Le parking se trouve \u00e0 0,1 km au sud-ouest du point z\u00e9ro et \u00e0 0,1 km au sud-ouest du d\u00e9but du circuit.<\/p>\n\n\n\n<h5 class=\"wp-block-heading\">CH\u00c2TEAU<\/h5>\n\n\n\n<p>(1) Ce ch\u00e2teau h\u00e9bergea 29 rois de France au fil des si\u00e8cles.<\/p>\n\n\n\n<p>[Ch\u00e2teau] Le ch\u00e2teau, construit au d\u00e9but du 12e si\u00e8cle sous le r\u00e8gne du roi Louis VI le Gros, connut de nombreuses modifications architecturales au cours du temps. De nombreux rois s&rsquo;y succ\u00e9d\u00e8rent jusqu&rsquo;\u00e0 Louis XIV, qui quitta d\u00e9finitivement le ch\u00e2teau pour celui de Versailles en 1682. En 1862, Napol\u00e9on III d\u00e9cida de transformer le ch\u00e2teau en mus\u00e9e d\u2019arch\u00e9ologie nationale, les anciennes salles du ch\u00e2teau devenant des salles d\u2019exposition pr\u00e9sentant des collections arch\u00e9ologiques issues du monde entier comptant environ 30\u00b7000 pi\u00e8ces.\u00a0<\/p>\n\n\n\n<h5 class=\"wp-block-heading\">\u00c9GLISE SAINT-GERMAIN<\/h5>\n\n\n\n<p>(2) Cette \u00e9glise, datant du d\u00e9but du 19e si\u00e8cle, est de style n\u00e9o-classique.<\/p>\n\n\n\n<p>[\u00c9glise Saint-Germain] L&rsquo;\u00e9glise se caract\u00e9rise par sa fa\u00e7ade pr\u00e9sentant un fronton triangulaire support\u00e9 par six colonnes toscanes. \u00c0 l&rsquo;int\u00e9rieur, ne manquez pas le grand orgue, le c\u0153ur, et les superbes chapelles lat\u00e9rales.\u00a0<\/p>\n\n\n\n<h5 class=\"wp-block-heading\">CENTRE-VILLE<\/h5>\n\n\n\n<p>(3) Avec ses 350 boutiques, c&rsquo;est le plus grand centre commercial \u00e0 ciel ouvert de France.<\/p>\n\n\n\n<p>[Centre-ville] Tr\u00e8s \u00e9l\u00e9gant et agr\u00e9able centre ancien, avec ses h\u00f4tels particuliers du 17e si\u00e8cle et ses nombreuses boutiques chics.\u00a0<\/p>\n\n\n\n<h5 class=\"wp-block-heading\">MUS\u00c9E CLAUDE-DEBUSSY<\/h5>\n\n\n\n<p>(4) La maison natale du compositeur Claude Debussy est devenue un mus\u00e9e.<\/p>\n\n\n\n<p>[Mus\u00e9e Claude-Debussy] Le mus\u00e9e d\u00e9di\u00e9 au compositeur Claude Debussy (1862-1918) ouvrit en 1990. \u00c0 l&rsquo;origine, ses parents y tenaient un magasin de fa\u00efence et de porcelaine. Ne manquez pas la cour int\u00e9rieure avec le bel escalier \u00e0 balustrade du 17e si\u00e8cle. Le mus\u00e9e pr\u00e9sente des souvenirs de famille, sa vie quotidienne, ses go\u00fbts artistiques et que des objets qu&rsquo;il appr\u00e9ciait.\u00a0<\/p>\n\n\n\n<h5 class=\"wp-block-heading\">PLACE DU MARCH\u00c9-NEUF<\/h5>\n\n\n\n<p>(5) La place du march\u00e9.<\/p>\n\n\n\n<p>[Place du March\u00e9-Neuf] Cette place servit de parking jusqu&rsquo;en 2007. Suite \u00e0 un judicieux r\u00e9am\u00e9nagement, le parking devient souterrain et la place devint enti\u00e8rement pi\u00e9tonne. Aujourd&rsquo;hui, la place est devenue un lieu de vie tr\u00e8s agr\u00e9able, avec ses terrasses de caf\u00e9s, ses arcades commer\u00e7antes, et sa jolie fontaine. La place accueille le march\u00e9 trois fois par semaine.<\/p>\n\n\n\n<h5 class=\"wp-block-heading\">MAIRIE<\/h5>\n\n\n\n<p>(6) Un ancien h\u00f4tel particulier de 1777 devenu h\u00f4tel de ville en 1862.&nbsp;<\/p>\n\n\n\n<p>[Mairie] Ne manquez pas la superbe salle des mariages datant de la fin du 19e si\u00e8cle.\u00a0<\/p>\n\n\n\n<h5 class=\"wp-block-heading\">TERRASSE<\/h5>\n\n\n\n<p>(7) Une magnifique terrasse pour un superbe panorama.<\/p>\n\n\n\n<p>[Terrasse] Cette \u00e9l\u00e9gante terrasse, dessin\u00e9e par Andr\u00e9 Le N\u00f4tre (1613-1700) sous le r\u00e8gne de Louis XIV, offre un panorama \u00e9poustouflant sur la banlieue ouest et les tours de La D\u00e9fense. Longue de pr\u00e8s de 2\u00b7000 m\u00e8tres, elle surplombe de 60 m\u00e8tres la vall\u00e9e de la Seine.<\/p>\n\n\n\n<h5 class=\"wp-block-heading\">MUS\u00c9E D\u00c9PARTEMENTAL MAURICE-DENIS<\/h5>\n\n\n\n<p>(101) Un mus\u00e9e d\u00e9di\u00e9 aux peintres symbolistes et post-impressionnistes.<\/p>\n\n\n\n<p>[Mus\u00e9e D\u00e9partemental Maurice-Denis] Le mus\u00e9e ouvrit en 1980 dans l&rsquo;ancienne demeure du peintre Maurice Denis (1870-1943) gr\u00e2ce \u00e0 une g\u00e9n\u00e9reuse donation de sa famille. Ce b\u00e2timent construit \u00e0 la fin du 17e si\u00e8cle \u00e9tait est \u00e0 l\u2019origine un h\u00f4pital destin\u00e9 \u00e0 abriter des indigents. La demeure, qui comprend un jardin et une chapelle, fut achet\u00e9e par le peintre en 1914. Le mus\u00e9e abrite aujourd&rsquo;hui plus de 5\u00b7000 \u0153uvres, des Denis bien s\u00fbr, mais aussi des Gauguin ou des Bonnard.<\/p>\n","protected":false},"excerpt":{"rendered":"<p>SAINT-GERMAIN-EN-LAYE [Saint-Germain-en-Laye] Cette ravissante ville de 44\u00b7000 habitants de l&rsquo;agglom\u00e9ration parisienne abrite l&rsquo;un des ch\u00e2teaux les plus importants de l&rsquo;histoire de France. Jusqu&rsquo;\u00e0 ce que Louis XIV d\u00e9cide de transf\u00e9rer la cour \u00e0 Versailles, c&rsquo;est dans ce ch\u00e2teau que v\u00e9curent les rois de France. Louis XIV y est d&rsquo;ailleurs n\u00e9. \u00c0 la R\u00e9volution, le ch\u00e2teau [&hellip;]<\/p>\n","protected":false},"author":1,"featured_media":0,"parent":0,"menu_order":0,"comment_status":"closed","ping_status":"closed","template":"","meta":{"footnotes":""},"class_list":["post-2906","page","type-page","status-publish","hentry"],"_links":{"self":[{"href":"https:\/\/saint-germain.us\/index.php\/wp-json\/wp\/v2\/pages\/2906","targetHints":{"allow":["GET"]}}],"collection":[{"href":"https:\/\/saint-germain.us\/index.php\/wp-json\/wp\/v2\/pages"}],"about":[{"href":"https:\/\/saint-germain.us\/index.php\/wp-json\/wp\/v2\/types\/page"}],"author":[{"embeddable":true,"href":"https:\/\/saint-germain.us\/index.php\/wp-json\/wp\/v2\/users\/1"}],"replies":[{"embeddable":true,"href":"https:\/\/saint-germain.us\/index.php\/wp-json\/wp\/v2\/comments?post=2906"}],"version-history":[{"count":4,"href":"https:\/\/saint-germain.us\/index.php\/wp-json\/wp\/v2\/pages\/2906\/revisions"}],"predecessor-version":[{"id":2913,"href":"https:\/\/saint-germain.us\/index.php\/wp-json\/wp\/v2\/pages\/2906\/revisions\/2913"}],"wp:attachment":[{"href":"https:\/\/saint-germain.us\/index.php\/wp-json\/wp\/v2\/media?parent=2906"}],"curies":[{"name":"wp","href":"https:\/\/api.w.org\/{rel}","templated":true}]}}