{"id":2914,"date":"2023-09-12T08:54:04","date_gmt":"2023-09-12T06:54:04","guid":{"rendered":"http:\/\/saint-germain.us\/?page_id=2914"},"modified":"2023-09-12T09:02:24","modified_gmt":"2023-09-12T07:02:24","slug":"circuits-hotels-particuliers","status":"publish","type":"page","link":"https:\/\/saint-germain.us\/index.php\/circuits-hotels-particuliers\/","title":{"rendered":"Circuits &#8211; H\u00f4tels particuliers"},"content":{"rendered":"\n<figure class=\"wp-block-table\"><table><tbody><tr><td>Sujet <\/td><td>Plan de localisation<\/td><\/tr><tr><td>Lien<\/td><td><a href=\"https:\/\/www.geoportail.gouv.fr\/carte?c=2.092016,48.89510899999999&amp;z=17&amp;l0=ORTHOIMAGERY.ORTHOPHOTOS::GEOPORTAIL:OGC:WMTS(0)&amp;v1=PLAN.IGN::GEOPORTAIL:GPP:TMS(1;s:standard)&amp;d2=4570987(0.5)&amp;d3=4570989(1)&amp;d4=4571006(1)&amp;d5=4571068(1)&amp;permalink=yes\">Ici<\/a><\/td><\/tr><tr><td>Origine<\/td><td>G\u00e9oportail<\/td><\/tr><tr><td><\/td><td><em>Cliquer sur le point bleu pour savoir quel l&rsquo;h\u00f4tel et conna\u00eetre sa localisation pr\u00e9cise <\/em><\/td><\/tr><tr><td>Date de r\u00e9vision<\/td><td>03\/05\/2023<\/td><\/tr><\/tbody><\/table><\/figure>\n\n\n\n<figure class=\"wp-block-table\"><table><tbody><tr><td>Sujet <\/td><td>C17 : Parcours QRcode<\/td><\/tr><tr><td>Longueur<\/td><td> km &#8211; D\u00e9nivel\u00e9  m<\/td><\/tr><tr><td>Mode<\/td><td>P\u00e9destre V\u00e9lo<\/td><\/tr><tr><td>Propos\u00e9 par <\/td><td>Mairie de Saint-Germain-en-Laye<\/td><\/tr><tr><td>Lien<\/td><td><a href=\"https:\/\/www.saintgermainenlaye.fr\/147\/parcours-qrcode.htm\">Ici<\/a><\/td><\/tr><tr><td>Date de r\u00e9vision<\/td><td>26\/04\/2023<\/td><\/tr><\/tbody><\/table><\/figure>\n","protected":false},"excerpt":{"rendered":"<p>Sujet Plan de localisation Lien Ici Origine G\u00e9oportail Cliquer sur le point bleu pour savoir quel l&rsquo;h\u00f4tel et conna\u00eetre sa localisation pr\u00e9cise Date de r\u00e9vision 03\/05\/2023 Sujet C17 : Parcours QRcode Longueur km &#8211; D\u00e9nivel\u00e9 m Mode P\u00e9destre V\u00e9lo Propos\u00e9 par Mairie de Saint-Germain-en-Laye Lien Ici Date de r\u00e9vision 26\/04\/2023<\/p>\n","protected":false},"author":1,"featured_media":0,"parent":0,"menu_order":0,"comment_status":"closed","ping_status":"closed","template":"","meta":{"footnotes":""},"class_list":["post-2914","page","type-page","status-publish","hentry"],"_links":{"self":[{"href":"https:\/\/saint-germain.us\/index.php\/wp-json\/wp\/v2\/pages\/2914","targetHints":{"allow":["GET"]}}],"collection":[{"href":"https:\/\/saint-germain.us\/index.php\/wp-json\/wp\/v2\/pages"}],"about":[{"href":"https:\/\/saint-germain.us\/index.php\/wp-json\/wp\/v2\/types\/page"}],"author":[{"embeddable":true,"href":"https:\/\/saint-germain.us\/index.php\/wp-json\/wp\/v2\/users\/1"}],"replies":[{"embeddable":true,"href":"https:\/\/saint-germain.us\/index.php\/wp-json\/wp\/v2\/comments?post=2914"}],"version-history":[{"count":4,"href":"https:\/\/saint-germain.us\/index.php\/wp-json\/wp\/v2\/pages\/2914\/revisions"}],"predecessor-version":[{"id":2922,"href":"https:\/\/saint-germain.us\/index.php\/wp-json\/wp\/v2\/pages\/2914\/revisions\/2922"}],"wp:attachment":[{"href":"https:\/\/saint-germain.us\/index.php\/wp-json\/wp\/v2\/media?parent=2914"}],"curies":[{"name":"wp","href":"https:\/\/api.w.org\/{rel}","templated":true}]}}