{"id":2988,"date":"2023-09-12T14:32:57","date_gmt":"2023-09-12T12:32:57","guid":{"rendered":"http:\/\/saint-germain.us\/?page_id=2988"},"modified":"2023-09-12T14:55:16","modified_gmt":"2023-09-12T12:55:16","slug":"circuit-walking","status":"publish","type":"page","link":"https:\/\/saint-germain.us\/index.php\/circuit-walking\/","title":{"rendered":"Circuit &#8211; Walking"},"content":{"rendered":"\n<figure class=\"wp-block-table\"><table><tbody><tr><td>Name<\/td><td>C11 : Sentier sportif<\/td><\/tr><tr><td>Length<\/td><td><\/td><\/tr><tr><td>Mode<\/td><td>Sport<\/td><\/tr><tr><td>Suggested by<\/td><td>Alltrails<\/td><\/tr><tr><td>Link<\/td><td><a href=\"https:\/\/www.alltrails.com\/explore\/trail\/france\/yvelines\/sentier-sportif-de-saint-germain-en-laye?apple_oauth=signup&amp;is_collab_list_invite=false\">Ici<\/a><\/td><\/tr><tr><td>Revision date<\/td><td>04\/09\/2023<\/td><\/tr><\/tbody><\/table><\/figure>\n\n\n\n<figure class=\"wp-block-table\"><table><tbody><tr><td>Name<\/td><td>C26 : Ch\u00e2teau du val &#8211; Etoile du Belv\u00e9d\u00e8re<\/td><\/tr><tr><td>Length<\/td><td>11,4 km Elevation gain 218 m<\/td><\/tr><tr><td>Mode<\/td><td>Walking but biking recommended<\/td><\/tr><tr><td>Suggested by<\/td><td>Alltrails<\/td><\/tr><tr><td>Link<\/td><td><a href=\"https:\/\/www.alltrails.com\/trail\/france\/yvelines\/chateau-du-val-etoile-du-belvedere-via-route-de-coligny\">Ici<\/a><\/td><\/tr><tr><td>Revision date<\/td><td>04\/09\/2023<\/td><\/tr><\/tbody><\/table><\/figure>\n\n\n\n<p>Head out on this 11.4-km loop trail near Saint-Germain-en-Laye, Yvelines. Generally considered a moderately challenging route, it takes an average of 2 h 46 min to complete. This is a very popular area for hiking, mountain biking, and running, so you&rsquo;ll likely encounter other people while exploring.<\/p>\n\n\n\n<p><\/p>\n\n\n\n<figure class=\"wp-block-table\"><table><tbody><tr><td>Name<\/td><td>C27 : Castel and gardens<\/td><\/tr><tr><td>Length<\/td><td>6,4 km Elevation gain 113 m<\/td><\/tr><tr><td>Mode<\/td><td>Walking <\/td><\/tr><tr><td>Suggested by<\/td><td>Alltrails<\/td><\/tr><tr><td>Link<\/td><td><a href=\"https:\/\/www.alltrails.com\/trail\/france\/yvelines\/chateau-de-saint-germain-en-laye-et-jardins\">Ici<\/a><\/td><\/tr><tr><td>Revision date<\/td><td>04\/09\/2023<\/td><\/tr><\/tbody><\/table><\/figure>\n\n\n\n<p>Head out on this 6.4-km loop trail near Saint-Germain-en-Laye, Yvelines. Generally considered an easy route, it takes an average of 1 h 31 min to complete. This is a very popular area for running and walking, so you&rsquo;ll likely encounter other people while exploring.<\/p>\n\n\n\n<p><\/p>\n\n\n\n<figure class=\"wp-block-table\"><table><tbody><tr><td>Name<\/td><td>C28 : Saint-Germain via carrefour de La Croix de Noailles<\/td><\/tr><tr><td>Length<\/td><td>12,6 km Elevation gain 237 m<\/td><\/tr><tr><td>Mode<\/td><td>Walking <\/td><\/tr><tr><td>Suggested by<\/td><td>Alltrails<\/td><\/tr><tr><td>Link<\/td><td><a href=\"https:\/\/www.alltrails.com\/trail\/france\/yvelines\/foret-de-saint-germain-en-laye-via-le-carrefour-de-la-croix-de-noailles\">Ici<\/a><\/td><\/tr><tr><td>Revision date<\/td><td>04\/09\/2023<\/td><\/tr><\/tbody><\/table><\/figure>\n\n\n\n<p>Explore this 12.6-km loop trail near Saint-Germain-en-Laye, Yvelines. Generally considered a moderately challenging route, it takes an average of 3 h 3 min to complete. This trail is great for hiking, running, and walking, and it&rsquo;s unlikely you&rsquo;ll encounter many other people while exploring.<\/p>\n\n\n\n<p><\/p>\n\n\n\n<figure class=\"wp-block-table\"><table><tbody><tr><td>Name<\/td><td>C29 : La mare aux canes<\/td><\/tr><tr><td>Length<\/td><td>3,9 km Elevation gain 79 m<\/td><\/tr><tr><td>Mode<\/td><td>Walking <\/td><\/tr><tr><td>Suggested by<\/td><td>Alltrails<\/td><\/tr><tr><td>Link<\/td><td><a href=\"https:\/\/www.alltrails.com\/trail\/france\/yvelines\/la-mare-aux-canes\">Ici<\/a><\/td><\/tr><tr><td>Revision date<\/td><td>04\/09\/2023<\/td><\/tr><\/tbody><\/table><\/figure>\n\n\n\n<p>Head out on this 3.9-km out-and-back trail near Saint-Germain-en-Laye, Yvelines. Generally considered an easy route, it takes an average of 57 min to complete. This is a popular trail for hiking and walking, but you can still enjoy some solitude during quieter times of day.<\/p>\n","protected":false},"excerpt":{"rendered":"<p>Name C11 : Sentier sportif Length Mode Sport Suggested by Alltrails Link Ici Revision date 04\/09\/2023 Name C26 : Ch\u00e2teau du val &#8211; Etoile du Belv\u00e9d\u00e8re Length 11,4 km Elevation gain 218 m Mode Walking but biking recommended Suggested by Alltrails Link Ici Revision date 04\/09\/2023 Head out on this 11.4-km loop trail near Saint-Germain-en-Laye, [&hellip;]<\/p>\n","protected":false},"author":1,"featured_media":0,"parent":0,"menu_order":0,"comment_status":"closed","ping_status":"closed","template":"","meta":{"footnotes":""},"class_list":["post-2988","page","type-page","status-publish","hentry"],"_links":{"self":[{"href":"https:\/\/saint-germain.us\/index.php\/wp-json\/wp\/v2\/pages\/2988","targetHints":{"allow":["GET"]}}],"collection":[{"href":"https:\/\/saint-germain.us\/index.php\/wp-json\/wp\/v2\/pages"}],"about":[{"href":"https:\/\/saint-germain.us\/index.php\/wp-json\/wp\/v2\/types\/page"}],"author":[{"embeddable":true,"href":"https:\/\/saint-germain.us\/index.php\/wp-json\/wp\/v2\/users\/1"}],"replies":[{"embeddable":true,"href":"https:\/\/saint-germain.us\/index.php\/wp-json\/wp\/v2\/comments?post=2988"}],"version-history":[{"count":9,"href":"https:\/\/saint-germain.us\/index.php\/wp-json\/wp\/v2\/pages\/2988\/revisions"}],"predecessor-version":[{"id":3005,"href":"https:\/\/saint-germain.us\/index.php\/wp-json\/wp\/v2\/pages\/2988\/revisions\/3005"}],"wp:attachment":[{"href":"https:\/\/saint-germain.us\/index.php\/wp-json\/wp\/v2\/media?parent=2988"}],"curies":[{"name":"wp","href":"https:\/\/api.w.org\/{rel}","templated":true}]}}