{"id":2991,"date":"2023-09-12T14:34:20","date_gmt":"2023-09-12T12:34:20","guid":{"rendered":"http:\/\/saint-germain.us\/?page_id=2991"},"modified":"2023-09-16T07:38:57","modified_gmt":"2023-09-16T05:38:57","slug":"circuit-biking","status":"publish","type":"page","link":"https:\/\/saint-germain.us\/index.php\/circuit-biking\/","title":{"rendered":"Circuit &#8211; Biking"},"content":{"rendered":"\n<figure class=\"wp-block-table\"><table><tbody><tr><td>Name<\/td><td>C26 : Ch\u00e2teau du val &#8211; Etoile du Belv\u00e9d\u00e8re<\/td><\/tr><tr><td>Length<\/td><td>11,4 km Elevation gain 218 m<\/td><\/tr><tr><td>Mode<\/td><td>Biking<\/td><\/tr><tr><td>Suggested by<\/td><td>Alltrails<\/td><\/tr><tr><td>Link<\/td><td><a href=\"https:\/\/www.alltrails.com\/trail\/france\/yvelines\/chateau-du-val-etoile-du-belvedere-via-route-de-coligny\">Here<\/a><\/td><\/tr><tr><td>Revision date<\/td><td>04\/09\/2023<\/td><\/tr><\/tbody><\/table><\/figure>\n\n\n\n<p>Head out on this 11.4-km loop trail near Saint-Germain-en-Laye, Yvelines. Generally considered a moderately challenging route, it takes an average of 2 h 46 min to complete. This is a very popular area for hiking, mountain biking, and running, so you&rsquo;ll likely encounter other people while exploring.<\/p>\n\n\n\n<hr class=\"wp-block-separator has-alpha-channel-opacity\"\/>\n\n\n\n<div style=\"height:17px\" aria-hidden=\"true\" class=\"wp-block-spacer\"><\/div>\n\n\n\n<figure class=\"wp-block-table\"><table><tbody><tr><td>Name<\/td><td>C29 : The three forest<\/td><\/tr><tr><td>Length<\/td><td>31,2 km Elevation gain 585 m<\/td><\/tr><tr><td>Mode<\/td><td>Biking<\/td><\/tr><tr><td>Suggested by<\/td><td>Alltrails<\/td><\/tr><tr><td>Link<\/td><td><a href=\"https:\/\/www.alltrails.com\/trail\/france\/yvelines\/les-3-forets\">Here<\/a><\/td><\/tr><tr><td>Revision date<\/td><td>04\/09\/2023<\/td><\/tr><\/tbody><\/table><\/figure>\n\n\n\n<p>Discover this 31.2-km loop trail near Saint-Germain-en-Laye, Yvelines. Generally considered a moderately challenging route, it takes an average of 7 h 32 min to complete. This is a very popular area for hiking and mountain biking, so you&rsquo;ll likely encounter other people while exploring.<\/p>\n\n\n\n<hr class=\"wp-block-separator has-alpha-channel-opacity\"\/>\n\n\n\n<div style=\"height:18px\" aria-hidden=\"true\" class=\"wp-block-spacer\"><\/div>\n\n\n\n<figure class=\"wp-block-table\"><table><tbody><tr><td>Name<\/td><td>C30 : In the forest<\/td><\/tr><tr><td>Length<\/td><td>13 km Elevation gain 252 m<\/td><\/tr><tr><td>Mode<\/td><td>Biking<\/td><\/tr><tr><td>Suggested by<\/td><td>Alltrails<\/td><\/tr><tr><td>Link<\/td><td><a href=\"https:\/\/www.alltrails.com\/trail\/france\/yvelines\/circuit-en-foret-de-saint-germain-en-laye\">Here<\/a><\/td><\/tr><tr><td>Revision date<\/td><td>04\/09\/2023<\/td><\/tr><\/tbody><\/table><\/figure>\n\n\n\n<p>Experience this 13.0-km loop trail near Saint-Germain-en-Laye, Yvelines. Generally considered a moderately challenging route, it takes an average of 3 h 10 min to complete. This trail is great for hiking and mountain biking, and it&rsquo;s unlikely you&rsquo;ll encounter many other people while exploring.<\/p>\n\n\n\n<hr class=\"wp-block-separator has-alpha-channel-opacity\"\/>\n\n\n\n<div style=\"height:18px\" aria-hidden=\"true\" class=\"wp-block-spacer\"><\/div>\n\n\n\n<figure class=\"wp-block-table\"><table><tbody><tr><td>Name<\/td><td>C31 : Circuit of the Charmeraie<\/td><\/tr><tr><td>Length<\/td><td>14,8 km Elevation gain 255 m<\/td><\/tr><tr><td>Mode<\/td><td>Biking<\/td><\/tr><tr><td>Suggested by<\/td><td>Alltrails<\/td><\/tr><tr><td>Link<\/td><td><a href=\"https:\/\/www.alltrails.com\/trail\/france\/yvelines\/circuit-de-la-charmeraie-foret-de-saint-germain-en-laye\">Here<\/a><\/td><\/tr><tr><td>Revision date<\/td><td>04\/09\/2023<\/td><\/tr><\/tbody><\/table><\/figure>\n\n\n\n<p>Check out this 14.8-km loop trail near Saint-Germain-en-Laye, Yvelines. Generally considered a moderately challenging route, it takes an average of 3 h 30 min to complete. This trail is great for hiking, and it&rsquo;s unlikely you&rsquo;ll encounter many other people while exploring.<\/p>\n","protected":false},"excerpt":{"rendered":"<p>Name C26 : Ch\u00e2teau du val &#8211; Etoile du Belv\u00e9d\u00e8re Length 11,4 km Elevation gain 218 m Mode Biking Suggested by Alltrails Link Here Revision date 04\/09\/2023 Head out on this 11.4-km loop trail near Saint-Germain-en-Laye, Yvelines. Generally considered a moderately challenging route, it takes an average of 2 h 46 min to complete. This [&hellip;]<\/p>\n","protected":false},"author":1,"featured_media":0,"parent":0,"menu_order":0,"comment_status":"closed","ping_status":"closed","template":"","meta":{"footnotes":""},"class_list":["post-2991","page","type-page","status-publish","hentry"],"_links":{"self":[{"href":"https:\/\/saint-germain.us\/index.php\/wp-json\/wp\/v2\/pages\/2991","targetHints":{"allow":["GET"]}}],"collection":[{"href":"https:\/\/saint-germain.us\/index.php\/wp-json\/wp\/v2\/pages"}],"about":[{"href":"https:\/\/saint-germain.us\/index.php\/wp-json\/wp\/v2\/types\/page"}],"author":[{"embeddable":true,"href":"https:\/\/saint-germain.us\/index.php\/wp-json\/wp\/v2\/users\/1"}],"replies":[{"embeddable":true,"href":"https:\/\/saint-germain.us\/index.php\/wp-json\/wp\/v2\/comments?post=2991"}],"version-history":[{"count":7,"href":"https:\/\/saint-germain.us\/index.php\/wp-json\/wp\/v2\/pages\/2991\/revisions"}],"predecessor-version":[{"id":3105,"href":"https:\/\/saint-germain.us\/index.php\/wp-json\/wp\/v2\/pages\/2991\/revisions\/3105"}],"wp:attachment":[{"href":"https:\/\/saint-germain.us\/index.php\/wp-json\/wp\/v2\/media?parent=2991"}],"curies":[{"name":"wp","href":"https:\/\/api.w.org\/{rel}","templated":true}]}}