{"id":3258,"date":"2023-09-30T11:48:17","date_gmt":"2023-09-30T09:48:17","guid":{"rendered":"http:\/\/saint-germain.us\/?page_id=3258"},"modified":"2023-09-30T11:55:48","modified_gmt":"2023-09-30T09:55:48","slug":"c36-parcours-decouverte","status":"publish","type":"page","link":"https:\/\/saint-germain.us\/index.php\/c36-parcours-decouverte\/","title":{"rendered":"C36 &#8211; Parcours d\u00e9couverte"},"content":{"rendered":"\n<figure class=\"wp-block-table\"><table><tbody><tr><td>Titre<\/td><td>C36 : Parcours d\u00e9couverte<\/td><\/tr><tr><td>Longueur<\/td><td>15 km &#8211; 1h10<\/td><\/tr><tr><td>Mode<\/td><td>V\u00e9lo<\/td><\/tr><tr><td>Propos\u00e9 par <\/td><td>Philippe GOUT<\/td><\/tr><tr><td>Lien <\/td><td><a href=\"http:\/\/saint-germain.us\/index.php\/c36-parcours-decouverte\/\">Ici<\/a><\/td><\/tr><tr><td>Date de r\u00e9vision<\/td><td>29\/09\/2023<\/td><\/tr><\/tbody><\/table><figcaption class=\"wp-element-caption\">Parcours bleu modifi\u00e9 pour revenir au point de d\u00e9part (@Philippe GOUT)<\/figcaption><\/figure>\n\n\n\n<div style=\"height:17px\" aria-hidden=\"true\" class=\"wp-block-spacer\"><\/div>\n\n\n\n<figure class=\"wp-block-image size-large\"><img loading=\"lazy\" decoding=\"async\" width=\"1024\" height=\"576\" src=\"http:\/\/saint-germain.us\/wp-content\/uploads\/2023\/09\/Bleu-1024x576.jpg\" alt=\"\" class=\"wp-image-3260\" srcset=\"https:\/\/saint-germain.us\/wp-content\/uploads\/2023\/09\/Bleu-1024x576.jpg 1024w, https:\/\/saint-germain.us\/wp-content\/uploads\/2023\/09\/Bleu-300x169.jpg 300w, https:\/\/saint-germain.us\/wp-content\/uploads\/2023\/09\/Bleu-768x432.jpg 768w, https:\/\/saint-germain.us\/wp-content\/uploads\/2023\/09\/Bleu-1536x864.jpg 1536w, https:\/\/saint-germain.us\/wp-content\/uploads\/2023\/09\/Bleu-2048x1152.jpg 2048w\" sizes=\"auto, (max-width: 1024px) 100vw, 1024px\" \/><figcaption class=\"wp-element-caption\">Parcours d\u00e9couverte (@Philippe GOUT)<\/figcaption><\/figure>\n","protected":false},"excerpt":{"rendered":"<p>Titre C36 : Parcours d\u00e9couverte Longueur 15 km &#8211; 1h10 Mode V\u00e9lo Propos\u00e9 par Philippe GOUT Lien Ici Date de r\u00e9vision 29\/09\/2023 Parcours bleu modifi\u00e9 pour revenir au point de d\u00e9part (@Philippe GOUT)<\/p>\n","protected":false},"author":1,"featured_media":0,"parent":0,"menu_order":0,"comment_status":"closed","ping_status":"closed","template":"","meta":{"footnotes":""},"class_list":["post-3258","page","type-page","status-publish","hentry"],"_links":{"self":[{"href":"https:\/\/saint-germain.us\/index.php\/wp-json\/wp\/v2\/pages\/3258","targetHints":{"allow":["GET"]}}],"collection":[{"href":"https:\/\/saint-germain.us\/index.php\/wp-json\/wp\/v2\/pages"}],"about":[{"href":"https:\/\/saint-germain.us\/index.php\/wp-json\/wp\/v2\/types\/page"}],"author":[{"embeddable":true,"href":"https:\/\/saint-germain.us\/index.php\/wp-json\/wp\/v2\/users\/1"}],"replies":[{"embeddable":true,"href":"https:\/\/saint-germain.us\/index.php\/wp-json\/wp\/v2\/comments?post=3258"}],"version-history":[{"count":4,"href":"https:\/\/saint-germain.us\/index.php\/wp-json\/wp\/v2\/pages\/3258\/revisions"}],"predecessor-version":[{"id":3265,"href":"https:\/\/saint-germain.us\/index.php\/wp-json\/wp\/v2\/pages\/3258\/revisions\/3265"}],"wp:attachment":[{"href":"https:\/\/saint-germain.us\/index.php\/wp-json\/wp\/v2\/media?parent=3258"}],"curies":[{"name":"wp","href":"https:\/\/api.w.org\/{rel}","templated":true}]}}