{"id":3359,"date":"2023-10-11T17:50:08","date_gmt":"2023-10-11T15:50:08","guid":{"rendered":"http:\/\/saint-germain.us\/?page_id=3359"},"modified":"2023-10-11T18:51:30","modified_gmt":"2023-10-11T16:51:30","slug":"c38-circuits-les-oratoires","status":"publish","type":"page","link":"https:\/\/saint-germain.us\/index.php\/c38-circuits-les-oratoires\/","title":{"rendered":"C38 &#8211; Circuits &#8211; Les oratoires"},"content":{"rendered":"\n<p><\/p>\n\n\n\n<figure class=\"wp-block-table\"><table><tbody><tr><td>Titre<\/td><td>C38 : Les Oratoires  (Sans visite des croix)<\/td><\/tr><tr><td>Longueur<\/td><td>11 km &#8211; 1:00 h<\/td><\/tr><tr><td>Mode<\/td><td>V\u00e9lo<\/td><\/tr><tr><td>Propos\u00e9 par <\/td><td>Les Amis de la for\u00eat de Saint-Germain et de Marly<br>Parcours r\u00e9alis\u00e9 par Bernard Mouton<\/td><\/tr><tr><td>Lien <\/td><td><a href=\"https:\/\/www.outdooractive.com\/fr\/track\/nouveau-circuit-des-oratoires\/281174165\/\">Ici<\/a><\/td><\/tr><tr><td>Date de r\u00e9vision<\/td><td>11\/10\/2023<\/td><\/tr><\/tbody><\/table><figcaption class=\"wp-element-caption\">Parcours bleu modifi\u00e9 pour revenir au point de d\u00e9part (@Philippe GOUT)<\/figcaption><\/figure>\n\n\n\n<div style=\"height:24px\" aria-hidden=\"true\" class=\"wp-block-spacer\"><\/div>\n\n\n\n<figure class=\"wp-block-image size-large\"><img loading=\"lazy\" decoding=\"async\" width=\"894\" height=\"1024\" src=\"http:\/\/saint-germain.us\/wp-content\/uploads\/2023\/10\/Capture-decran-2023-10-11-a-17.47.23-894x1024.png\" alt=\"\" class=\"wp-image-3364\" srcset=\"https:\/\/saint-germain.us\/wp-content\/uploads\/2023\/10\/Capture-decran-2023-10-11-a-17.47.23-894x1024.png 894w, https:\/\/saint-germain.us\/wp-content\/uploads\/2023\/10\/Capture-decran-2023-10-11-a-17.47.23-262x300.png 262w, https:\/\/saint-germain.us\/wp-content\/uploads\/2023\/10\/Capture-decran-2023-10-11-a-17.47.23-768x879.png 768w, https:\/\/saint-germain.us\/wp-content\/uploads\/2023\/10\/Capture-decran-2023-10-11-a-17.47.23-1342x1536.png 1342w, https:\/\/saint-germain.us\/wp-content\/uploads\/2023\/10\/Capture-decran-2023-10-11-a-17.47.23-1789x2048.png 1789w\" sizes=\"auto, (max-width: 894px) 100vw, 894px\" \/><figcaption class=\"wp-element-caption\">Circuit des Oratoires (@Philippe GOUT)<\/figcaption><\/figure>\n\n\n\n<p><\/p>\n\n\n\n<figure class=\"wp-block-image size-large\"><img loading=\"lazy\" decoding=\"async\" width=\"666\" height=\"1024\" src=\"http:\/\/saint-germain.us\/wp-content\/uploads\/2023\/09\/Notre-Dame-de-bon-secours-r-666x1024.jpg\" alt=\"\" class=\"wp-image-3233\" srcset=\"https:\/\/saint-germain.us\/wp-content\/uploads\/2023\/09\/Notre-Dame-de-bon-secours-r-666x1024.jpg 666w, https:\/\/saint-germain.us\/wp-content\/uploads\/2023\/09\/Notre-Dame-de-bon-secours-r-195x300.jpg 195w, https:\/\/saint-germain.us\/wp-content\/uploads\/2023\/09\/Notre-Dame-de-bon-secours-r-768x1182.jpg 768w, https:\/\/saint-germain.us\/wp-content\/uploads\/2023\/09\/Notre-Dame-de-bon-secours-r-998x1536.jpg 998w, https:\/\/saint-germain.us\/wp-content\/uploads\/2023\/09\/Notre-Dame-de-bon-secours-r-1331x2048.jpg 1331w, https:\/\/saint-germain.us\/wp-content\/uploads\/2023\/09\/Notre-Dame-de-bon-secours-r-scaled.jpg 1664w\" sizes=\"auto, (max-width: 666px) 100vw, 666px\" \/><figcaption class=\"wp-element-caption\">Notre Dame de bon secours (#Philippe GOUT)\n<\/figcaption><\/figure>\n\n\n\n<figure class=\"wp-block-image aligncenter size-large\"><img loading=\"lazy\" decoding=\"async\" width=\"592\" height=\"1024\" src=\"http:\/\/saint-germain.us\/wp-content\/uploads\/2023\/10\/St-Fiacre-592x1024.jpg\" alt=\"\" class=\"wp-image-3367\" srcset=\"https:\/\/saint-germain.us\/wp-content\/uploads\/2023\/10\/St-Fiacre-592x1024.jpg 592w, https:\/\/saint-germain.us\/wp-content\/uploads\/2023\/10\/St-Fiacre-173x300.jpg 173w, https:\/\/saint-germain.us\/wp-content\/uploads\/2023\/10\/St-Fiacre-768x1329.jpg 768w, https:\/\/saint-germain.us\/wp-content\/uploads\/2023\/10\/St-Fiacre-887x1536.jpg 887w, https:\/\/saint-germain.us\/wp-content\/uploads\/2023\/10\/St-Fiacre.jpg 1030w\" sizes=\"auto, (max-width: 592px) 100vw, 592px\" \/><figcaption class=\"wp-element-caption\">Saint Fiacre (@Philippe GOUT)<\/figcaption><\/figure>\n\n\n\n<figure class=\"wp-block-image size-large\"><img loading=\"lazy\" decoding=\"async\" width=\"1024\" height=\"564\" src=\"http:\/\/saint-germain.us\/wp-content\/uploads\/2023\/10\/Affiche-St-Fiacre-1024x564.jpg\" alt=\"\" class=\"wp-image-3369\" srcset=\"https:\/\/saint-germain.us\/wp-content\/uploads\/2023\/10\/Affiche-St-Fiacre-1024x564.jpg 1024w, https:\/\/saint-germain.us\/wp-content\/uploads\/2023\/10\/Affiche-St-Fiacre-300x165.jpg 300w, https:\/\/saint-germain.us\/wp-content\/uploads\/2023\/10\/Affiche-St-Fiacre-768x423.jpg 768w, https:\/\/saint-germain.us\/wp-content\/uploads\/2023\/10\/Affiche-St-Fiacre-1536x847.jpg 1536w, https:\/\/saint-germain.us\/wp-content\/uploads\/2023\/10\/Affiche-St-Fiacre.jpg 1658w\" sizes=\"auto, (max-width: 1024px) 100vw, 1024px\" \/><figcaption class=\"wp-element-caption\">(@Philippe GOUT)\n<\/figcaption><\/figure>\n\n\n\n<figure class=\"wp-block-image aligncenter size-large\"><img loading=\"lazy\" decoding=\"async\" width=\"576\" height=\"1024\" src=\"http:\/\/saint-germain.us\/wp-content\/uploads\/2023\/10\/DSC09384-576x1024.jpg\" alt=\"\" class=\"wp-image-3373\" srcset=\"https:\/\/saint-germain.us\/wp-content\/uploads\/2023\/10\/DSC09384-576x1024.jpg 576w, https:\/\/saint-germain.us\/wp-content\/uploads\/2023\/10\/DSC09384-169x300.jpg 169w, https:\/\/saint-germain.us\/wp-content\/uploads\/2023\/10\/DSC09384-768x1365.jpg 768w, https:\/\/saint-germain.us\/wp-content\/uploads\/2023\/10\/DSC09384-864x1536.jpg 864w, https:\/\/saint-germain.us\/wp-content\/uploads\/2023\/10\/DSC09384-rotated.jpg 1080w\" sizes=\"auto, (max-width: 576px) 100vw, 576px\" \/><figcaption class=\"wp-element-caption\">Notre Dame de bon secours (@Philippe GOUT)<\/figcaption><\/figure>\n\n\n\n<figure class=\"wp-block-image aligncenter size-large\"><img loading=\"lazy\" decoding=\"async\" width=\"576\" height=\"1024\" src=\"http:\/\/saint-germain.us\/wp-content\/uploads\/2023\/10\/DSC09382-576x1024.jpg\" alt=\"\" class=\"wp-image-3372\" srcset=\"https:\/\/saint-germain.us\/wp-content\/uploads\/2023\/10\/DSC09382-576x1024.jpg 576w, https:\/\/saint-germain.us\/wp-content\/uploads\/2023\/10\/DSC09382-169x300.jpg 169w, https:\/\/saint-germain.us\/wp-content\/uploads\/2023\/10\/DSC09382-768x1365.jpg 768w, https:\/\/saint-germain.us\/wp-content\/uploads\/2023\/10\/DSC09382-864x1536.jpg 864w, https:\/\/saint-germain.us\/wp-content\/uploads\/2023\/10\/DSC09382-rotated.jpg 1080w\" sizes=\"auto, (max-width: 576px) 100vw, 576px\" \/><figcaption class=\"wp-element-caption\">Sainte Anne (@Philippe GOUT)<\/figcaption><\/figure>\n\n\n\n<figure class=\"wp-block-image aligncenter size-large\"><img loading=\"lazy\" decoding=\"async\" width=\"576\" height=\"1024\" src=\"http:\/\/saint-germain.us\/wp-content\/uploads\/2023\/10\/DSC09381-576x1024.jpg\" alt=\"\" class=\"wp-image-3371\" srcset=\"https:\/\/saint-germain.us\/wp-content\/uploads\/2023\/10\/DSC09381-576x1024.jpg 576w, https:\/\/saint-germain.us\/wp-content\/uploads\/2023\/10\/DSC09381-169x300.jpg 169w, https:\/\/saint-germain.us\/wp-content\/uploads\/2023\/10\/DSC09381-768x1365.jpg 768w, https:\/\/saint-germain.us\/wp-content\/uploads\/2023\/10\/DSC09381-864x1536.jpg 864w, https:\/\/saint-germain.us\/wp-content\/uploads\/2023\/10\/DSC09381-rotated.jpg 1080w\" sizes=\"auto, (max-width: 576px) 100vw, 576px\" \/><figcaption class=\"wp-element-caption\">Saint Joseph (@Philippe GOUT)<\/figcaption><\/figure>\n\n\n\n<figure class=\"wp-block-image aligncenter size-large\"><img loading=\"lazy\" decoding=\"async\" width=\"576\" height=\"1024\" src=\"http:\/\/saint-germain.us\/wp-content\/uploads\/2023\/10\/Oratoire-vierge-pologne-576x1024.jpg\" alt=\"\" class=\"wp-image-3377\" srcset=\"https:\/\/saint-germain.us\/wp-content\/uploads\/2023\/10\/Oratoire-vierge-pologne-576x1024.jpg 576w, https:\/\/saint-germain.us\/wp-content\/uploads\/2023\/10\/Oratoire-vierge-pologne-169x300.jpg 169w, https:\/\/saint-germain.us\/wp-content\/uploads\/2023\/10\/Oratoire-vierge-pologne-768x1365.jpg 768w, https:\/\/saint-germain.us\/wp-content\/uploads\/2023\/10\/Oratoire-vierge-pologne-864x1536.jpg 864w, https:\/\/saint-germain.us\/wp-content\/uploads\/2023\/10\/Oratoire-vierge-pologne-1152x2048.jpg 1152w, https:\/\/saint-germain.us\/wp-content\/uploads\/2023\/10\/Oratoire-vierge-pologne-scaled.jpg 1440w\" sizes=\"auto, (max-width: 576px) 100vw, 576px\" \/><figcaption class=\"wp-element-caption\">Oratoire \u00ab\u00a0polonais\u00a0\u00bb (@Philippe GOUT)<\/figcaption><\/figure>\n\n\n\n<p>Voir aussi : <a href=\"http:\/\/saint-germain.us\/index.php\/p38\/\">Ici<\/a><\/p>\n\n\n\n<hr class=\"wp-block-separator has-alpha-channel-opacity\"\/>\n\n\n\n<p>Commentaires :<a href=\"http:\/\/saint-germain.us\/index.php\/page-d-exemple\/\"> ICI<\/a><\/p>\n\n\n\n<hr class=\"wp-block-separator has-alpha-channel-opacity\"\/>\n","protected":false},"excerpt":{"rendered":"<p>Titre C38 : Les Oratoires (Sans visite des croix) Longueur 11 km &#8211; 1:00 h Mode V\u00e9lo Propos\u00e9 par Les Amis de la for\u00eat de Saint-Germain et de MarlyParcours r\u00e9alis\u00e9 par Bernard Mouton Lien Ici Date de r\u00e9vision 11\/10\/2023 Parcours bleu modifi\u00e9 pour revenir au point de d\u00e9part (@Philippe GOUT) Voir aussi : Ici Commentaires [&hellip;]<\/p>\n","protected":false},"author":1,"featured_media":0,"parent":0,"menu_order":0,"comment_status":"closed","ping_status":"closed","template":"","meta":{"footnotes":""},"class_list":["post-3359","page","type-page","status-publish","hentry"],"_links":{"self":[{"href":"https:\/\/saint-germain.us\/index.php\/wp-json\/wp\/v2\/pages\/3359","targetHints":{"allow":["GET"]}}],"collection":[{"href":"https:\/\/saint-germain.us\/index.php\/wp-json\/wp\/v2\/pages"}],"about":[{"href":"https:\/\/saint-germain.us\/index.php\/wp-json\/wp\/v2\/types\/page"}],"author":[{"embeddable":true,"href":"https:\/\/saint-germain.us\/index.php\/wp-json\/wp\/v2\/users\/1"}],"replies":[{"embeddable":true,"href":"https:\/\/saint-germain.us\/index.php\/wp-json\/wp\/v2\/comments?post=3359"}],"version-history":[{"count":10,"href":"https:\/\/saint-germain.us\/index.php\/wp-json\/wp\/v2\/pages\/3359\/revisions"}],"predecessor-version":[{"id":3383,"href":"https:\/\/saint-germain.us\/index.php\/wp-json\/wp\/v2\/pages\/3359\/revisions\/3383"}],"wp:attachment":[{"href":"https:\/\/saint-germain.us\/index.php\/wp-json\/wp\/v2\/media?parent=3359"}],"curies":[{"name":"wp","href":"https:\/\/api.w.org\/{rel}","templated":true}]}}