{"id":3385,"date":"2023-10-12T06:21:13","date_gmt":"2023-10-12T04:21:13","guid":{"rendered":"http:\/\/saint-germain.us\/?page_id=3385"},"modified":"2023-10-12T06:54:56","modified_gmt":"2023-10-12T04:54:56","slug":"communique-de-presse","status":"publish","type":"page","link":"https:\/\/saint-germain.us\/index.php\/communique-de-presse\/","title":{"rendered":"Communiqu\u00e9 de presse"},"content":{"rendered":"\n<div class=\"wp-block-media-text is-stacked-on-mobile\" style=\"grid-template-columns:42% auto\"><figure class=\"wp-block-media-text__media\"><img loading=\"lazy\" decoding=\"async\" width=\"1024\" height=\"575\" src=\"http:\/\/saint-germain.us\/wp-content\/uploads\/2023\/09\/Photo-livre-affiche-bord-adouci-1024x575.jpg\" alt=\"\" class=\"wp-image-3110 size-full\" srcset=\"https:\/\/saint-germain.us\/wp-content\/uploads\/2023\/09\/Photo-livre-affiche-bord-adouci-1024x575.jpg 1024w, https:\/\/saint-germain.us\/wp-content\/uploads\/2023\/09\/Photo-livre-affiche-bord-adouci-300x169.jpg 300w, https:\/\/saint-germain.us\/wp-content\/uploads\/2023\/09\/Photo-livre-affiche-bord-adouci-768x431.jpg 768w, https:\/\/saint-germain.us\/wp-content\/uploads\/2023\/09\/Photo-livre-affiche-bord-adouci.jpg 1431w\" sizes=\"auto, (max-width: 1024px) 100vw, 1024px\" \/><\/figure><div class=\"wp-block-media-text__content\">\n<p><strong>Saint-Germain-en-Laye<\/strong><\/p>\n\n\n\n<p><em>Sights and trips &#8211; Tours et d\u00e9tours<\/em><\/p>\n\n\n\n<p><\/p>\n\n\n\n<p><\/p>\n<\/div><\/div>\n\n\n\n<p>\u00a0<em>Avec le soutien des associations, \u00ab\u00a0Les Amis du Vieux Saint-Germain\u00a0\u00bb, \u00ab\u00a0Les Amis de la for\u00eat de Saint-Germain et de Marly\u00a0\u00bb , \u00ab\u00a0Fourqueux patrimoine\u00a0\u00bb et celui de l&rsquo;Office du tourisme, Saint-Germain Boucles de Seine.<\/em><\/p>\n\n\n\n<h5 class=\"wp-block-heading\">Theme<\/h5>\n\n\n\n<p>Saint-Germain-en-Laye, une ville historique o\u00f9 il fait bon vivre ; le livre r\u00e9alis\u00e9 avec le concours de nombreux Saint-Germanois, d\u2019\u00e9lus&#8230;, a pour but de&nbsp;<strong>faire (re)-d\u00e9couvrir la ville d\u2019hier et d\u2019aujourd\u2019hui&nbsp;<\/strong>et&nbsp;<strong>d\u2019imaginer la ville demain<\/strong>.<\/p>\n\n\n\n<h5 class=\"wp-block-heading\">Les artistes<\/h5>\n\n\n\n<p>Sept photographes et quatre dessinateurs ont contribu\u00e9 \u00e0 mettre en valeur les rues et les \u00e9difices de la ville (ainsi que sa for\u00eat), avec plus de&nbsp;<strong>150 photos originales&nbsp;<\/strong>et&nbsp;<strong>50 dessins<\/strong>. Ces illustrations sont comment\u00e9es par des&nbsp;<strong>pitchs en anglais et en fran\u00e7ais&nbsp;<\/strong>qui donnent envie d\u2019aller voir un endroit&nbsp;<strong>connu ou insolite&nbsp;<\/strong>de la cit\u00e9.<\/p>\n\n\n\n<h5 class=\"wp-block-heading\">Un livre connect\u00e9<\/h5>\n\n\n\n<p>Sur chaque page, des&nbsp;<strong>QR codes&nbsp;<\/strong>permettent d\u2019acc\u00e9der \u00e0 des&nbsp;<strong>compl\u00e9ments d\u2019information&nbsp;<\/strong>(en anglais et en fran\u00e7ais) faciles \u00e0 consulter ; le lecteur peut aussi ajouter ses commentaires.<\/p>\n\n\n\n<p>Des circuits et des visites th\u00e9matiques&nbsp;(ville, for\u00eat, gastronomie, botanique&#8230;),<\/p>\n\n\n\n<p><em><strong>Enjoy the many suggested circuits and&#8230; venture off the beaten track!<br>Profitez des nombreux circuits propos\u00e9s et&#8230; promenez-vous aussi du c\u00f4t\u00e9 insolite !<\/strong><\/em><\/p>\n\n\n\n<div style=\"height:18px\" aria-hidden=\"true\" class=\"wp-block-spacer\"><\/div>\n\n\n\n<figure class=\"wp-block-image size-large\"><img loading=\"lazy\" decoding=\"async\" width=\"1024\" height=\"369\" src=\"http:\/\/saint-germain.us\/wp-content\/uploads\/2023\/10\/Capture-decran-2023-10-10-a-14.51.42-1024x369.png\" alt=\"\" class=\"wp-image-3400\" srcset=\"https:\/\/saint-germain.us\/wp-content\/uploads\/2023\/10\/Capture-decran-2023-10-10-a-14.51.42-1024x369.png 1024w, https:\/\/saint-germain.us\/wp-content\/uploads\/2023\/10\/Capture-decran-2023-10-10-a-14.51.42-300x108.png 300w, https:\/\/saint-germain.us\/wp-content\/uploads\/2023\/10\/Capture-decran-2023-10-10-a-14.51.42-768x277.png 768w, https:\/\/saint-germain.us\/wp-content\/uploads\/2023\/10\/Capture-decran-2023-10-10-a-14.51.42-1536x554.png 1536w, https:\/\/saint-germain.us\/wp-content\/uploads\/2023\/10\/Capture-decran-2023-10-10-a-14.51.42-2048x738.png 2048w\" sizes=\"auto, (max-width: 1024px) 100vw, 1024px\" \/><\/figure>\n\n\n\n<h5 class=\"wp-block-heading\">Un ouvrage de qualit\u00e9 \u00e0 l&rsquo;image de saint-Germain<\/h5>\n\n\n\n<p>Une couverture rigide avec un dessin spectaculaire de la ville, un papier de haute qualit\u00e9, une impression premium in\u00e9gal\u00e9e r\u00e9alis\u00e9e par BOD, un signet, tout concourt \u00e0 faire de ce livre un&nbsp;<strong>\u00ab bel ouvrage \u00bb<\/strong>.<\/p>\n\n\n\n<p><strong>Un format discret et pratique&nbsp;<\/strong>qui permet de laisser le livre sur une table de salon pour \u00eatre parcouru de temps en temps ou de l\u2019emporter en balade pour visiter la ville et sa for\u00eat, \u00e0 pied ou en v\u00e9lo.<\/p>\n\n\n\n<h5 class=\"wp-block-heading\">Auteur<\/h5>\n\n\n\n<p>Philippe GOUT est un Saint-Germanois, romancier et photographe, membre de l\u2019association des&nbsp;<em>Amis du Vieux Saint-Germain<\/em>, membre de l\u2019association des&nbsp;<em>Amis de la for\u00eat de Saint-Germain et de Marly<\/em>.<\/p>\n\n\n\n<hr class=\"wp-block-separator has-alpha-channel-opacity\"\/>\n\n\n\n<p>Acc\u00e8s \u00e0 l&rsquo;\u00e9diteur et obtention d&rsquo;un exemplaire de presse : <a href=\"https:\/\/www.bod.fr\/presse-fr.html#smsTab_4\" data-type=\"link\" data-id=\"https:\/\/www.bod.fr\/presse-fr.html#smsTab_4\">Ic<\/a>i<\/p>\n\n\n\n<hr class=\"wp-block-separator has-alpha-channel-opacity\"\/>\n\n\n\n<div class=\"wp-block-media-text is-stacked-on-mobile\" style=\"grid-template-columns:15% auto\"><figure class=\"wp-block-media-text__media\"><img loading=\"lazy\" decoding=\"async\" width=\"200\" height=\"194\" src=\"http:\/\/saint-germain.us\/wp-content\/uploads\/2023\/10\/Capture-decran-2023-10-12-a-06.18.41.png\" alt=\"\" class=\"wp-image-3387 size-full\"\/><\/figure><div class=\"wp-block-media-text__content\">\n<p>Lire un extrait<\/p>\n<\/div><\/div>\n\n\n\n<hr class=\"wp-block-separator has-alpha-channel-opacity\"\/>\n\n\n\n<p><strong>Contact<\/strong> :<a href=\"http:\/\/saint-germain.us\/index.php\/page-d-exemple\/\"> ICI<\/a><\/p>\n\n\n\n<hr class=\"wp-block-separator has-alpha-channel-opacity\"\/>\n\n\n\n<div style=\"height:19px\" aria-hidden=\"true\" class=\"wp-block-spacer\"><\/div>\n\n\n\n<figure class=\"wp-block-image size-large\"><img loading=\"lazy\" decoding=\"async\" width=\"724\" height=\"1024\" src=\"http:\/\/saint-germain.us\/wp-content\/uploads\/2023\/10\/Affiche-wordle-g-A3-petit-copie-724x1024.jpg\" alt=\"\" class=\"wp-image-3408\" srcset=\"https:\/\/saint-germain.us\/wp-content\/uploads\/2023\/10\/Affiche-wordle-g-A3-petit-copie-724x1024.jpg 724w, https:\/\/saint-germain.us\/wp-content\/uploads\/2023\/10\/Affiche-wordle-g-A3-petit-copie-212x300.jpg 212w, https:\/\/saint-germain.us\/wp-content\/uploads\/2023\/10\/Affiche-wordle-g-A3-petit-copie-768x1086.jpg 768w, https:\/\/saint-germain.us\/wp-content\/uploads\/2023\/10\/Affiche-wordle-g-A3-petit-copie-1086x1536.jpg 1086w, https:\/\/saint-germain.us\/wp-content\/uploads\/2023\/10\/Affiche-wordle-g-A3-petit-copie-1448x2048.jpg 1448w, https:\/\/saint-germain.us\/wp-content\/uploads\/2023\/10\/Affiche-wordle-g-A3-petit-copie-scaled.jpg 1810w\" sizes=\"auto, (max-width: 724px) 100vw, 724px\" \/><\/figure>\n","protected":false},"excerpt":{"rendered":"<p>Saint-Germain-en-Laye Sights and trips &#8211; Tours et d\u00e9tours \u00a0Avec le soutien des associations, \u00ab\u00a0Les Amis du Vieux Saint-Germain\u00a0\u00bb, \u00ab\u00a0Les Amis de la for\u00eat de Saint-Germain et de Marly\u00a0\u00bb , \u00ab\u00a0Fourqueux patrimoine\u00a0\u00bb et celui de l&rsquo;Office du tourisme, Saint-Germain Boucles de Seine. Theme Saint-Germain-en-Laye, une ville historique o\u00f9 il fait bon vivre ; le livre r\u00e9alis\u00e9 [&hellip;]<\/p>\n","protected":false},"author":1,"featured_media":0,"parent":0,"menu_order":0,"comment_status":"closed","ping_status":"closed","template":"","meta":{"footnotes":""},"class_list":["post-3385","page","type-page","status-publish","hentry"],"_links":{"self":[{"href":"https:\/\/saint-germain.us\/index.php\/wp-json\/wp\/v2\/pages\/3385","targetHints":{"allow":["GET"]}}],"collection":[{"href":"https:\/\/saint-germain.us\/index.php\/wp-json\/wp\/v2\/pages"}],"about":[{"href":"https:\/\/saint-germain.us\/index.php\/wp-json\/wp\/v2\/types\/page"}],"author":[{"embeddable":true,"href":"https:\/\/saint-germain.us\/index.php\/wp-json\/wp\/v2\/users\/1"}],"replies":[{"embeddable":true,"href":"https:\/\/saint-germain.us\/index.php\/wp-json\/wp\/v2\/comments?post=3385"}],"version-history":[{"count":14,"href":"https:\/\/saint-germain.us\/index.php\/wp-json\/wp\/v2\/pages\/3385\/revisions"}],"predecessor-version":[{"id":3411,"href":"https:\/\/saint-germain.us\/index.php\/wp-json\/wp\/v2\/pages\/3385\/revisions\/3411"}],"wp:attachment":[{"href":"https:\/\/saint-germain.us\/index.php\/wp-json\/wp\/v2\/media?parent=3385"}],"curies":[{"name":"wp","href":"https:\/\/api.w.org\/{rel}","templated":true}]}}