{"id":3452,"date":"2023-10-14T14:17:52","date_gmt":"2023-10-14T12:17:52","guid":{"rendered":"http:\/\/saint-germain.us\/?page_id=3452"},"modified":"2023-10-14T14:42:50","modified_gmt":"2023-10-14T12:42:50","slug":"c39-circuit-une-bouffee-de-bel-air","status":"publish","type":"page","link":"https:\/\/saint-germain.us\/index.php\/c39-circuit-une-bouffee-de-bel-air\/","title":{"rendered":"C39 &#8211; Circuit : Une bouff\u00e9e de Bel-Air"},"content":{"rendered":"\n<figure class=\"wp-block-table\"><table><tbody><tr><td>Nom<\/td><td>C39 : Une bouff\u00e9e de Bel-Air<\/td><\/tr><tr><td>Dur\u00e9e<\/td><td>4,9 km<\/td><\/tr><tr><td>Mode<\/td><td>V\u00e9lo ou Marche<\/td><\/tr><tr><td>Propos\u00e9 par<\/td><td>L&rsquo;esprit du sport \/ Pascal Boutreau<\/td><\/tr><tr><td>Lien<\/td><td>Carte <a href=\"https:\/\/www.outdooractive.com\/fr\/route\/vtc\/une-bouffee-de-bel-air\/281366874\/\">Ici<\/a>  et document original <a href=\"https:\/\/pgb51.typepad.com\/lesprit_du_sport\/2020\/05\/index.html\">Ici<\/a><\/td><\/tr><tr><td>Revision <\/td><td>14\/10\/2023. (Original 28\/05\/2020)<\/td><\/tr><\/tbody><\/table><\/figure>\n\n\n\n<p><\/p>\n\n\n\n<figure class=\"wp-block-image size-large\"><img loading=\"lazy\" decoding=\"async\" width=\"1024\" height=\"520\" src=\"http:\/\/saint-germain.us\/wp-content\/uploads\/2023\/10\/Capture-decran-2023-10-14-a-14.20.42-1024x520.png\" alt=\"\" class=\"wp-image-3456\" srcset=\"https:\/\/saint-germain.us\/wp-content\/uploads\/2023\/10\/Capture-decran-2023-10-14-a-14.20.42-1024x520.png 1024w, https:\/\/saint-germain.us\/wp-content\/uploads\/2023\/10\/Capture-decran-2023-10-14-a-14.20.42-300x152.png 300w, https:\/\/saint-germain.us\/wp-content\/uploads\/2023\/10\/Capture-decran-2023-10-14-a-14.20.42-768x390.png 768w, https:\/\/saint-germain.us\/wp-content\/uploads\/2023\/10\/Capture-decran-2023-10-14-a-14.20.42-1536x780.png 1536w, https:\/\/saint-germain.us\/wp-content\/uploads\/2023\/10\/Capture-decran-2023-10-14-a-14.20.42-2048x1041.png 2048w\" sizes=\"auto, (max-width: 1024px) 100vw, 1024px\" \/><figcaption class=\"wp-element-caption\">Trac\u00e9  (@Philippe GOUT)\n<\/figcaption><\/figure>\n\n\n\n<p><em>C&rsquo;\u00e9tait il y a quelques jours seulement. Un maudit virus avait limit\u00e9 notre cercle de jeu \u00e0 un cercle de 1 km de rayon. Deux mois \u00e0 courir dans chacune des rues, \u00e0 d\u00e9couvrir un quartier que l&rsquo;on croyait pourtant bien connaitre. Deux mois qui avaient \u00e9veill\u00e9 la curiosit\u00e9. Celle de poursuivre la d\u00e9couverte au-del\u00e0 de ce cercle le jour tant attendu du d\u00e9confinement. Cinq ans que j&rsquo;ai le privil\u00e8ge d&rsquo;habiter Saint-Germain-en-Laye et pourtant, jamais je n&rsquo;\u00e9tais all\u00e9 courir de l&rsquo;autre c\u00f4t\u00e9 de cette Nationale 13 qui coupe la ville en deux. Au sud, le quartier du Bel-Air. Son histoire y est bien plus r\u00e9cente que celle du centre de la ville. Mais parce qu&rsquo;hier fait d\u00e9j\u00e0 partie de l&rsquo;histoire, il aurait \u00e9t\u00e9 profond\u00e9ment injuste de ne ne pas y prolonger mes footings historico-sportifs. Un footing en terre quasi inconnue. Mais une fois encore, de jolies d\u00e9couvertes.<\/em><\/p>\n\n\n\n<p>&#8230;&#8230;&#8230;&#8230;<\/p>\n\n\n\n<p>Le chrono se d\u00e9clenche \u00e0 l\u2019entr\u00e9e de la rue Saint-L\u00e9ger (Saint-L\u00e9ger, de son vrai nom Leodegard \u00e9tait un \u00e9v\u00eaque martyr du 7<sup>e<\/sup>&nbsp;si\u00e8cle, canonis\u00e9 probablement \u00e0 Marly-le Roi en 681). Ici, aux fonds Saint-L\u00e9ger, il y a deux si\u00e8cles, se trouvaient des vergers, des vignes, des jardins aliment\u00e9s en eau par le ru de Buzot. Les produits issus de ces cultures alimentaient les march\u00e9s de la r\u00e9gion. En provenance de Feucherolles o\u00f9 il prend sa source et avant d\u2019aller se jeter dans la Seine du c\u00f4t\u00e9 du Pecq (9 km de long), le ru marquait la limite des habitations. Encourag\u00e9s par les politiques du d\u00e9but du 20<sup>e<\/sup>&nbsp;si\u00e8cle, les jardins ouvriers s\u2019y sont ensuite d\u00e9velopp\u00e9s. Les premi\u00e8res maisons commenc\u00e8rent \u00e0 y \u00eatre construites au d\u00e9but des ann\u00e9es 30.<\/p>\n\n\n\n<p>Au sortir de la guerre, Saint-Germain \u00e9touffe. Trop \u00e9troit, trop dense, son centre-ville devient parfois m\u00eame insalubre. Pour soulager le centre, apr\u00e8s plusieurs ann\u00e9es et plusieurs projets, il est d\u00e9cid\u00e9 en d\u00e9cembre 1965 de la cr\u00e9ation d\u2019une ZUP. Entam\u00e9s en 1970, les travaux font surgir 4000 logements et transforment le Bel-Air en un v\u00e9ritable quartier de Saint-Germain-en-Laye.<\/p>\n\n\n\n<figure class=\"wp-block-image aligncenter\"><img decoding=\"async\" src=\"https:\/\/pgb51.typepad.com\/.a\/6a00d8341c59dc53ef0264e2de5cac200d-320wi\" alt=\"IMG_2481\" title=\"IMG_2481\"\/><figcaption class=\"wp-element-caption\">@Pascal Boutreau<\/figcaption><\/figure>\n\n\n\n<p>Si le quartier, m\u00e9lange de pavillons et d\u2019immeubles, est relativement r\u00e9cent, le nom des rues et des places parcourues lors de ce footing rappelle que l\u2019histoire n\u2019est jamais tr\u00e8s loin. Rue Jeanne d\u2019Albret (Jeanne III, reine de Navarre n\u00e9e au Ch\u00e2teau de Saint-Germain, en 1528, ni\u00e8ce de Fran\u00e7ois Ier, et m\u00e8re d\u2019Henri IV), rue Rouget de Lisle (l\u2019auteur de La Marseillaise fut emprisonn\u00e9 au ch\u00e2teau de Saint-Germain), place Fran\u00e7ois Ier (il v\u00e9cut au ch\u00e2teau), rue Ren\u00e9 B\u00e9on, Marcel Aubert, Ernest Bonin (ancien maires de la ville), rue Marie-Stuart (la reine d\u2019Ecosse passa une partie de son enfance, vers 1550, \u00e0 Saint-Germain), avenue Saint-Fiacre (saint patron des jardiniers dont la c\u00e9l\u00e9bration, en 1665, est \u00e0 l\u2019origine de la F\u00eate des Loges)\u2026<\/p>\n\n\n\n<p><a href=\"https:\/\/pgb51.typepad.com\/.a\/6a00d8341c59dc53ef0264e2de5cac200d-popup\"><\/a>Courir au Bel-Air, c\u2019est aussi effectuer un voyage dans l\u2019histoire de la musique. Berlioz, Gounod, Liszt, Offenbach, Ravel, Lully, Dukas, Beethoven, Chopin, Mozart, Bizet, Couperin, Honneger, Rossini, Brahms et quelques autres encore y ont leur rue. Une partition g\u00e9ante interpr\u00e9t\u00e9e au c\u0153ur de ces immeubles. Entre les rues Franz Schubert et Hector Berlioz (contemporains, les deux hommes se sont peut-\u00eatre crois\u00e9s au d\u00e9but du 19<sup>e<\/sup>&nbsp;si\u00e8cle), pas de&nbsp;<em>Truite<\/em>&nbsp;ni de&nbsp;<em>Symphonie fantastique<\/em>. Beaucoup mieux : un centre de vie. Celui de la place des Rotondes, c\u0153ur du quartier avec son march\u00e9 le vendredi apr\u00e8s-midi, sa poste, et depuis quelques mois, la micro-folie de Saint-Germain-en-Laye o\u00f9 les outils num\u00e9riques permettent d\u2019appr\u00e9cier les plus grandes \u0153uvres d\u2019art. Les nouvelles technologies, vecteurs de transmission de la richesse patrimoniale. Quand le futur met le pass\u00e9 en lumi\u00e8re.&nbsp;<\/p>\n\n\n\n<p>Le footing se poursuit. Au-dessus de nous, le viaduc du Val Saint-L\u00e9ger, construit en 1881, voit passer chaque jour des trains transportant des milliers d\u2019usagers de la Grande Ceinture. Parmi eux, beaucoup descendent \u00e0 la gare Saint-Germain-Bel-Air-Fourqueux. La plupart sont coll\u00e9giens ou lyc\u00e9ens. A l\u2019entr\u00e9e du Lyc\u00e9e L\u00e9onard de Vinci, l\u2019Homme de Vitruve les accueille (c\u00e9l\u00e8bre dessin du maitre italien cens\u00e9 symboliser les proportions id\u00e9ales parfaites du corps humain ; Vitruve \u00e9tait un architecte ing\u00e9nieur romain qui v\u00e9cut entre -90 et -15). Juste \u00e0 c\u00f4t\u00e9, le coll\u00e8ge des Hauts-Grillets est lui aussi un des principaux p\u00f4les \u00e9ducatifs de la ville (19 lyc\u00e9es et coll\u00e8ges, 31 \u00e9coles \u00e9l\u00e9mentaires et maternelles \u00e0 St-Germain).<\/p>\n\n\n\n<figure class=\"wp-block-image aligncenter\"><img decoding=\"async\" src=\"https:\/\/pgb51.typepad.com\/.a\/6a00d8341c59dc53ef0263e94c4d3d200b-320wi\" alt=\"IMG_2487\" title=\"IMG_2487\"\/><figcaption class=\"wp-element-caption\">@Pascal Boutreau<\/figcaption><\/figure>\n\n\n\n<p><a href=\"https:\/\/pgb51.typepad.com\/.a\/6a00d8341c59dc53ef0263e94c4d3d200b-popup\"><\/a>La rue du Clos Baron nous ram\u00e8ne vers le Bois Saint-L\u00e9ger. Sur ce c\u00f4t\u00e9 de la rue, nous sommes encore \u00e0 Saint-Germain. De l\u2019autre c\u00f4t\u00e9, sur le trottoir d\u2019en face, Fourqueux. Jusqu\u2019il y a quelques mois deux communes, mais depuis le 1<sup>er<\/sup>&nbsp;janvier 2019 et la cr\u00e9ation d\u2019une \u00ab&nbsp;commune nouvelle&nbsp;\u00bb, elles ne font plus qu\u2019une. Au milieu de ces immeubles, le Bois Saint-L\u00e9ger offre un pr\u00e9cieux espace de verdure. Les mamans viennent y faire jouer leurs enfants, les jeunes transpirent sur les appareils de musculation ou sur le playground de basket. Pos\u00e9s sur un banc, les anciens observent tout ce petit monde s\u2019agiter. &nbsp;<\/p>\n\n\n\n<p>Apr\u00e8s avoir enjamb\u00e9 le Buzot, la rue Saint-L\u00e9ger d\u00e9bouche sur la rue du Fer \u00e0 Cheval. La pente est raide (40 m de D+ en 400m), les cuisses chauffent, le c\u0153ur s\u2019acc\u00e9l\u00e8re. Sur notre gauche, le Lyc\u00e9e International. Cr\u00e9\u00e9 \u00e0 la demande du g\u00e9n\u00e9ral Eisenhower, il fut inaugur\u00e9 le 17 janvier 1952. Il accueille aujourd\u2019hui plus de 2200 \u00e9l\u00e8ves et 14 sections internationales (Allemagne, \u00c9tats-Unis, Grande-Bretagne, Chine, Danemark, Espagne, Italie, Japon, Norv\u00e8ge, Pays-Bas, Pologne, Portugal, Russie, Su\u00e8de) qui font de Saint-Germain-en-Laye une ville particuli\u00e8rement cosmopolite.<\/p>\n\n\n\n<figure class=\"wp-block-image aligncenter\"><img decoding=\"async\" src=\"https:\/\/pgb51.typepad.com\/.a\/6a00d8341c59dc53ef0264e2de5c51200d-320wi\" alt=\"53FACFED-0395-4238-8BEA-FACF084DB47F\" title=\"53FACFED-0395-4238-8BEA-FACF084DB47F\"\/><figcaption class=\"wp-element-caption\">@Pascal Boutreau<\/figcaption><\/figure>\n\n\n\n<p><a href=\"https:\/\/pgb51.typepad.com\/.a\/6a00d8341c59dc53ef0264e2de5c51200d-popup\"><\/a>En haut de la rue, surgit le ch\u00e2teau du Lyc\u00e9e. Construit en 1907 pour le riche pharmacien Henri Cannone (inventeur de la pastille Valda), \u00e0 l\u2019emplacement d\u2019un prieur\u00e9 m\u00e9di\u00e9val d\u00e9truit par le Prince Noir au d\u00e9but de la Guerre de 100 ans, lui aussi impressionne. Si son existence affiche \u00e0 peine un si\u00e8cle, son histoire est d\u00e9j\u00e0 riche. Entre les deux guerres, son propri\u00e9taire, le maharaja Tukojirao Holkar III et son fils Yeshwant Rao Holkar II, y donn\u00e8rent de grandes f\u00eates. Occup\u00e9 par les forces allemandes pendant la seconde guerre mondiale, il deviendra ensuite le quartier g\u00e9n\u00e9ral des puissances alli\u00e9es en Europe (le SHAPE : Supreme Headquarters Allied Powers Europe). De juillet 1951 \u00e0 janvier 1952, l\u2019architecte Jean Dubuisson y fera construire 300 logements pour y loger les 1500 personnes des familles des militaires du Shape. Ainsi nait le quartier d\u2019Hennemont. \u00c9trange sensation de courir au milieu de cet espace qui semble coup\u00e9 du monde, de parcourir ses all\u00e9es qui serpentent entre les dix longs b\u00e2timents (le b\u00e2timent 1 mesure 348 m de long). Au fond du domaine, un petit chemin d\u00e9bouche sur le lyc\u00e9e horticole et la Route des Princesses, acc\u00e8s direct vers la for\u00eat de Marly. Une prochaine fois, nous y ferons un autre entra\u00eenement. Avec peut-\u00eatre sur notre route la chance d\u2019apercevoir une Princesse sortir d\u2019un chemin comme elles le faisaient probablement il y a plusieurs si\u00e8cles pour rejoindre le domaine de chasse royale.<\/p>\n\n\n\n<p>Un peu plus d\u2019un kilom\u00e8tre \u00e0 courir pour faire le tour du domaine d\u2019Hennemont avant d\u2019en ressortir. En remontant la rue de la Croix-de-Fer, \u00e0 travers d\u2019\u00e9pais buissons, les plus curieux peuvent deviner le ch\u00e2teau Saint-L\u00e9ger, b\u00e2ti entre 1884 et 1886. Dommage qu\u2019il soit ainsi dissimul\u00e9 derri\u00e8re tous ces arbres qui privent les promeneurs de son architecture. Lors des derni\u00e8res d\u00e9cennies, le ch\u00e2teau a accueilli l\u2019IRSID (l\u2019Institut de Recherches de la Sid\u00e9rurgie), puis le si\u00e8ge social de Ford. Aujourd\u2019hui, IxBlue, soci\u00e9t\u00e9 fran\u00e7aise de haute technologie, s\u2019y est install\u00e9e. Quand l\u2019histoire rencontre le futur.<\/p>\n\n\n\n<p><br><a href=\"https:\/\/pgb51.typepad.com\/.a\/6a00d8341c59dc53ef0264e2de5c82200d-popup\"><\/a>Bient\u00f4t une heure de course, l\u2019entra\u00eenement se termine. La balade pas encore tout \u00e0 fait. Sur le chemin du retour, au 15 rue des Boufflers, derri\u00e8re une imposante porte verte, l\u2019heure est sans doute \u00e0 la pri\u00e8re au Monast\u00e8re du Carmel. Comme chaque jour depuis plus de 150 ans. En 1863, cinq Carm\u00e9lites venues de Lille s\u2019install\u00e8rent \u00e0 Saint-Germain-en-Laye et y install\u00e8rent un nouveau Carmel dans les fonds Saint-L\u00e9ger, dans le domaine du marquis de Boufflers. Les travaux y furent achev\u00e9s en 1878 (les religieuses les plus connues de cet ordre religieux sont Sainte Th\u00e9r\u00e8se d\u2019Avila ou encore Sainte-Th\u00e9r\u00e8se de Lisieux au 19<sup>e<\/sup>&nbsp;si\u00e8cle). Sur une feuille de papier scotch\u00e9e \u00e0 la porte, un message. \u00ab Pas d\u2019eucharistie, chapelle ferm\u00e9e jusqu\u2019\u00e0 nouvel ordre \u00bb. Le virus est aussi pass\u00e9 par l\u00e0.&nbsp;<\/p>\n\n\n\n<figure class=\"wp-block-image aligncenter\"><img decoding=\"async\" src=\"https:\/\/pgb51.typepad.com\/.a\/6a00d8341c59dc53ef0264e2de5c82200d-320wi\" alt=\"IMG_2504\" title=\"IMG_2504\"\/><figcaption class=\"wp-element-caption\">@Pascal Boutreau<\/figcaption><\/figure>\n\n\n\n<div style=\"height:18px\" aria-hidden=\"true\" class=\"wp-block-spacer\"><\/div>\n\n\n\n<hr class=\"wp-block-separator has-alpha-channel-opacity\"\/>\n\n\n\n<p><strong>Plus d&rsquo;informations sur Bel Air : <a href=\"http:\/\/saint-germain.us\/index.php\/p58\/\">Ici<\/a><\/strong><\/p>\n\n\n\n<hr class=\"wp-block-separator has-alpha-channel-opacity\"\/>\n\n\n\n<p>COMMENTAIRES :<a href=\"http:\/\/saint-germain.us\/index.php\/page-d-exemple\/\"> ICI<\/a><\/p>\n\n\n\n<hr class=\"wp-block-separator has-alpha-channel-opacity\"\/>\n","protected":false},"excerpt":{"rendered":"<p>Nom C39 : Une bouff\u00e9e de Bel-Air Dur\u00e9e 4,9 km Mode V\u00e9lo ou Marche Propos\u00e9 par L&rsquo;esprit du sport \/ Pascal Boutreau Lien Carte Ici et document original Ici Revision 14\/10\/2023. (Original 28\/05\/2020) C&rsquo;\u00e9tait il y a quelques jours seulement. Un maudit virus avait limit\u00e9 notre cercle de jeu \u00e0 un cercle de 1 km [&hellip;]<\/p>\n","protected":false},"author":1,"featured_media":0,"parent":0,"menu_order":0,"comment_status":"closed","ping_status":"closed","template":"","meta":{"footnotes":""},"class_list":["post-3452","page","type-page","status-publish","hentry"],"_links":{"self":[{"href":"https:\/\/saint-germain.us\/index.php\/wp-json\/wp\/v2\/pages\/3452","targetHints":{"allow":["GET"]}}],"collection":[{"href":"https:\/\/saint-germain.us\/index.php\/wp-json\/wp\/v2\/pages"}],"about":[{"href":"https:\/\/saint-germain.us\/index.php\/wp-json\/wp\/v2\/types\/page"}],"author":[{"embeddable":true,"href":"https:\/\/saint-germain.us\/index.php\/wp-json\/wp\/v2\/users\/1"}],"replies":[{"embeddable":true,"href":"https:\/\/saint-germain.us\/index.php\/wp-json\/wp\/v2\/comments?post=3452"}],"version-history":[{"count":9,"href":"https:\/\/saint-germain.us\/index.php\/wp-json\/wp\/v2\/pages\/3452\/revisions"}],"predecessor-version":[{"id":3470,"href":"https:\/\/saint-germain.us\/index.php\/wp-json\/wp\/v2\/pages\/3452\/revisions\/3470"}],"wp:attachment":[{"href":"https:\/\/saint-germain.us\/index.php\/wp-json\/wp\/v2\/media?parent=3452"}],"curies":[{"name":"wp","href":"https:\/\/api.w.org\/{rel}","templated":true}]}}