{"id":3472,"date":"2023-10-14T17:06:21","date_gmt":"2023-10-14T15:06:21","guid":{"rendered":"http:\/\/saint-germain.us\/?page_id=3472"},"modified":"2023-10-14T17:16:48","modified_gmt":"2023-10-14T15:16:48","slug":"c40-circuit-cercle-de-jeu-n1","status":"publish","type":"page","link":"https:\/\/saint-germain.us\/index.php\/c40-circuit-cercle-de-jeu-n1\/","title":{"rendered":"C40 &#8211; Circuit &#8211; cercle de jeu n\u00b01"},"content":{"rendered":"\n<figure class=\"wp-block-table\"><table><tbody><tr><td>Nom<\/td><td>C40 : Cercle de jeu n\u00b01<\/td><\/tr><tr><td>Dur\u00e9e<\/td><td>2 km<\/td><\/tr><tr><td>Mode<\/td><td>Marche<\/td><\/tr><tr><td>Propos\u00e9 par<\/td><td>L&rsquo;esprit du sport \/ Pascal Boutreau<\/td><\/tr><tr><td>Lien<\/td><td>Carte <a href=\"https:\/\/www.outdooractive.com\/fr\/route\/randonnee\/cercle-de-jeu-n-1\/281381957\/\">Ici <\/a> et document original <a href=\"https:\/\/pgb51.typepad.com\/lesprit_du_sport\/2020\/05\/index.html\">Ici<\/a><\/td><\/tr><tr><td>Revision <\/td><td>14\/10\/2023. (Original 2020)<\/td><\/tr><\/tbody><\/table><\/figure>\n\n\n\n<figure class=\"wp-block-image aligncenter size-large\"><img loading=\"lazy\" decoding=\"async\" width=\"1024\" height=\"759\" src=\"http:\/\/saint-germain.us\/wp-content\/uploads\/2023\/10\/Capture-decran-2023-10-14-a-17.14.12-1024x759.png\" alt=\"\" class=\"wp-image-3477\" srcset=\"https:\/\/saint-germain.us\/wp-content\/uploads\/2023\/10\/Capture-decran-2023-10-14-a-17.14.12-1024x759.png 1024w, https:\/\/saint-germain.us\/wp-content\/uploads\/2023\/10\/Capture-decran-2023-10-14-a-17.14.12-300x222.png 300w, https:\/\/saint-germain.us\/wp-content\/uploads\/2023\/10\/Capture-decran-2023-10-14-a-17.14.12-768x570.png 768w, https:\/\/saint-germain.us\/wp-content\/uploads\/2023\/10\/Capture-decran-2023-10-14-a-17.14.12-1536x1139.png 1536w, https:\/\/saint-germain.us\/wp-content\/uploads\/2023\/10\/Capture-decran-2023-10-14-a-17.14.12-2048x1519.png 2048w\" sizes=\"auto, (max-width: 1024px) 100vw, 1024px\" \/><figcaption class=\"wp-element-caption\">@Philippe GOUT<\/figcaption><\/figure>\n\n\n\n<p><\/p>\n\n\n\n<p><em>Cette p\u00e9riode o\u00f9 notre terrain de jeu est devenu un cercle limit\u00e9 \u00e0 1 km de rayon est aussi l&rsquo;occasion de partir \u00e0 la d\u00e9couverte de son quartier. De lever les yeux, d&rsquo;\u00eatre \u00e0 l&rsquo;\u00e9coute et d&rsquo;y d\u00e9couvrir un nouvel univers. Quand on a la chance d&rsquo;habiter Saint-Germain-en-Laye, la balade est forc\u00e9ment des plus plaisantes. A travers un footing, je vous emm\u00e8ne dans la partie nord de mon cercle. Bien plus qu&rsquo;une s\u00e9ance d&rsquo;entra\u00eenement, un voyage \u00e0 travers l&rsquo;histoire. Avec la nature qui s&rsquo;invite \u00e0 chaque coin de rue et qui s&rsquo;ouvre \u00e0 celles et ceux qui prennent le temps de la guetter.<\/em><\/p>\n\n\n\n<p>&#8230;&#8230;&#8230;&#8230;<\/p>\n\n\n\n<p>Le d\u00e9part est prudent. Premi\u00e8res foul\u00e9es dans la rue de Lorraine. Le premier souffle permet d\u2019appr\u00e9cier la richesse des h\u00f4tels particuliers qui jalonnent les trois cents m\u00e8tres de la rue. Au 25, le petit H\u00f4tel de Noailles b\u00e2ti entre 1740 et 1778, un peu plus loin le Pavillon de Chabrignac \u00e9rig\u00e9 au d\u00e9but du 18e si\u00e8cle. Au 33 surgit l\u2019H\u00f4tel de Lorge construit au second Empire. Depuis plus de trois si\u00e8cles, quelques chapitres de l\u2019histoire de France ont \u00e9t\u00e9 \u00e9crits derri\u00e8re ces grilles et ces murs. Certains glorieux, d\u2019autres un peu moins comme lors de la deuxi\u00e8me guerre mondiale o\u00f9 les troupes allemandes, install\u00e9es en masse \u00e0 Saint-Germain-en-Laye, y log\u00e8rent bon nombre de leurs officiers et de leurs \u00ab bureaux \u00bb.<\/p>\n\n\n\n<figure class=\"wp-block-image aligncenter\"><img decoding=\"async\" src=\"https:\/\/pgb51.typepad.com\/.a\/6a00d8341c59dc53ef0263e85f2a89200d-320wi\" alt=\"IMG_1297\" title=\"IMG_1297\"\/><figcaption class=\"wp-element-caption\">@Pascal Boutreau<\/figcaption><\/figure>\n\n\n\n<p><a href=\"https:\/\/pgb51.typepad.com\/.a\/6a00d8341c59dc53ef0263e85f2a89200d-popup\"><\/a>Sur la petite place Christian Fouchet \u00ab r\u00e9sistant et homme politique, 1911, 1974 \u00bb n\u00e9 \u00e0 Saint-Germain (ministre de l\u2019\u00e9ducation et ministre de l\u2019int\u00e9rieur pendant mai 68 ; sa fille, auteure de nombreux romans souvent r\u00e9compens\u00e9s par des prix litt\u00e9raires, se pr\u00e9nomme\u2026 Lorraine), la statue de Henri IV et de son chien nous invite \u00e0 entrer dans la rue Henri Robbe, ancien r\u00e9sistant lui aussi (la statue fut longtemps pos\u00e9e devant l\u2019H\u00f4tel de ville). Le regard vient alors se heurter aux b\u00e2timents de la Rue Ayen. Mais entre deux murs, s\u2019\u00e9l\u00e8ve \u00e0 l\u2019horizon le clocher de la Chapelle des Franciscaines, sublim\u00e9, le soir par la lumi\u00e8re du soleil couchant.<a href=\"https:\/\/pgb51.typepad.com\/.a\/6a00d8341c59dc53ef0263ec163cb8200c-popup\"><\/a><\/p>\n\n\n\n<h6 class=\"wp-block-heading\">\u00ab\u00a0Chez Lola\u00a0\u00bb, poste fronti\u00e8re des 1 km<\/h6>\n\n\n\n<figure class=\"wp-block-image aligncenter\"><img decoding=\"async\" src=\"https:\/\/pgb51.typepad.com\/.a\/6a00d8341c59dc53ef0263ec163cb8200c-320wi\" alt=\"IMG_2085\" title=\"IMG_2085\"\/><figcaption class=\"wp-element-caption\">@Pascal Boutreau<\/figcaption><\/figure>\n\n\n\n<p>Nous voil\u00e0 arriv\u00e9s au bout de l\u2019avenue du Mar\u00e9chal Foch. La fronti\u00e8re. Celle de l\u2019entr\u00e9e dans la for\u00eat avec le d\u00e9but de la piste cyclable. Celle aussi des \u00ab 1 km \u00bb. Juste de l\u2019autre c\u00f4t\u00e9, la b\u00e2tisse de \u00ab La petite Brasserie de Lola \u00bb a des allures de poste fronti\u00e8re entre la ville et sa for\u00eat. Six m\u00e8tres carr\u00e9s, peut-\u00eatre huit, qui chaque ann\u00e9e revivent quelques mois. Les plus beaux de l\u2019ann\u00e9e. Sous un parasol, les pieds dans l\u2019herbe, les promeneurs viennent s\u2019y rafraichir. Les cyclistes ou les coureurs pr\u00e9voyants s\u2019y organisent une petite pause. Pour moi, ce sera diabolo grenadine. Ma r\u00e9compense apr\u00e8s une grande sortie, une respiration avant de faire le dernier kilom\u00e8tre pour rentrer. Je ne sais pas si Lola s\u2019appelle Lola, je sais juste qu\u2019elle est infirmi\u00e8re. Le drapeau portugais peint au-dessus de la porte t\u00e9moigne de son origine. Son accent aussi. Mais aujourd\u2019hui, pas d\u2019accent, pas de discussion, pas de diabolo. Lola n\u2019est toujours pas l\u00e0. Rentr\u00e9e retard\u00e9e. Forc\u00e9ment. Le prochain diabolo aura une saveur particuli\u00e8re. Forc\u00e9ment.<\/p>\n\n\n\n<p>Pas de bruit non plus des boules de p\u00e9tanque des habitu\u00e9s de l\u2019endroit. Ici, depuis plusieurs semaines, plus personne ne pointe ni ne tire. La balade se poursuit avec pour seule escorte l\u2019incessant sifflement des oiseaux redevenus maitres des lieux.<\/p>\n\n\n\n<h6 class=\"wp-block-heading\"><a href=\"https:\/\/pgb51.typepad.com\/.a\/6a00d8341c59dc53ef0263e85f2a65200d-popup\"><\/a>Lilas, glycines et c\u00e8dres centenaires&nbsp;<\/h6>\n\n\n\n<figure class=\"wp-block-image aligncenter\"><img decoding=\"async\" src=\"https:\/\/pgb51.typepad.com\/.a\/6a00d8341c59dc53ef0263e85f2a65200d-320wi\" alt=\"IMG_1943\" title=\"IMG_1943\"\/><figcaption class=\"wp-element-caption\">@Pascal Boutreau<\/figcaption><\/figure>\n\n\n\n<p>Nous voil\u00e0 dans la rue Quinault o\u00f9 l\u2019on croise les rues Diderot, Racine, Corneille, Descartes. Au rythme de nos foul\u00e9es, c\u2019est toute l\u2019histoire de la litt\u00e9rature fran\u00e7aise qui d\u00e9file sous nos pas. Dans les jardins, au-dessus des murs, se hissent lilas et glycines. Leurs effluves ont envahi les rues. Certains ont commenc\u00e9 \u00e0 perdre leurs p\u00e9tales offrant aux coureurs ou aux promeneurs un \u00e9tonnant tapis rose qui recouvre le bitume des trottoirs et amorti leurs foul\u00e9es.<\/p>\n\n\n\n<figure class=\"wp-block-image aligncenter\"><img decoding=\"async\" src=\"https:\/\/pgb51.typepad.com\/.a\/6a00d8341c59dc53ef0263e85f7ab9200d-320wi\" alt=\"IMG_2088\" title=\"IMG_2088\"\/><figcaption class=\"wp-element-caption\">@Pascal Boutreau<\/figcaption><\/figure>\n\n\n\n<p><a href=\"https:\/\/pgb51.typepad.com\/.a\/6a00d8341c59dc53ef0263e85f7ab9200d-popup\"><\/a>Sur la place Louis XIV, les balan\u00e7oires du square restent immobiles, fig\u00e9es. Les chevaux ne basculent plus. Les bancs sont eux aussi d\u00e9sert\u00e9s. Plus de mamans, ou de papas assis, pr\u00eats \u00e0 bondir \u00e0 la premi\u00e8re imprudence de leur enfant, pr\u00eats \u00e0 essuyer les larmes, \u00e0 trouver les bons mots et, d\u2019un souffle magique, faire disparaitre tous les maux. On se dit que peut-\u00eatre, en courant, vite, tr\u00e8s vite, autour de ce petit square, le tournis nous fera entendre des cris, des rires, qu\u2019il nous ram\u00e8nera la vie. Envie de crier, crier\u2026 pour qu\u2019elle revienne.<\/p>\n\n\n\n<p>La balade se poursuit rue de Tourville, long axe trac\u00e9 au c\u0153ur de l\u2019ancien parc de Noailles. Prendre le temps de lever les yeux pour y contempler les c\u00e8dres qui se dressent de fa\u00e7on majestueuse. Plusieurs fois centenaires, eux aussi sont les t\u00e9moins d\u2019une autre histoire. Depuis 2016, un label \u00ab Ensemble arbor\u00e9 remarquable \u00bb salue leur grandeur.<\/p>\n\n\n\n<figure class=\"wp-block-image aligncenter\"><img decoding=\"async\" src=\"https:\/\/pgb51.typepad.com\/.a\/6a00d8341c59dc53ef0263ec15ecce200c-320wi\" alt=\"IMG_1950\" title=\"IMG_1950\"\/><figcaption class=\"wp-element-caption\">@Pascal Boutreau<\/figcaption><\/figure>\n\n\n\n<p><a href=\"https:\/\/pgb51.typepad.com\/.a\/6a00d8341c59dc53ef0263ec15ecce200c-popup\"><\/a><a href=\"https:\/\/pgb51.typepad.com\/.a\/6a00d8341c59dc53ef0263e85f7ac4200d-popup\"><\/a>Le retour s\u2019amorce d\u00e9j\u00e0. Passage par la rue d\u2019Alsace avec aux num\u00e9ros 10 et 11, son fameux H\u00f4tel de Noailles, construit par Jules-Hardouin-Mansart, premier architecte du roi Louis XIV entre 1678 et 1682, pour le duc Anne Jules de Noailles, capitaine des chasses royales (on doit \u00e9galement \u00e0 l\u2019architecte la place Vend\u00f4me, le Grand Trianon et bien s\u00fbr la merveilleuse Galerie des glaces \u00e0 Versailles). En 1832, la cr\u00e9ation de la rue l\u2019a scind\u00e9 en deux. Class\u00e9 \u00e0 l\u2019Inventaire des Monuments Historiques, il est une p\u00e9pite qui au fil de son histoire a re\u00e7u les plus illustres. Enfant, Mozart y donna un concert dans le salon de musique du rez-de-chauss\u00e9e, Diderot y fut re\u00e7u comme Thomas Jefferson et John Quincy Adams, deux futurs pr\u00e9sidents des \u00c9tats-Unis.<\/p>\n\n\n\n<figure class=\"wp-block-image aligncenter\"><img decoding=\"async\" src=\"https:\/\/pgb51.typepad.com\/.a\/6a00d8341c59dc53ef0263e85f7ac4200d-320wi\" alt=\"IMG_2096\" title=\"IMG_2096\"\/><figcaption class=\"wp-element-caption\">@Pascal Boutreau<\/figcaption><\/figure>\n\n\n\n<h6 class=\"wp-block-heading\">Le bruit de sabots pour prolonger l&rsquo;\u00e9vasion<\/h6>\n\n\n\n<p>La fin du voyage se fait par la Rue Henry Bertrand, pr\u00e9sident du Conseil G\u00e9n\u00e9ral Seine-et-Oise et maire de Saint-Germain de 1919 \u00e0 1929. Nous voil\u00e0 de retour rue de Lorraine. L\u2019imposante porte de l\u2019Ancien H\u00f4tel de Courtomer, construit en 1773, s\u2019est ouverte et laisse deviner la beaut\u00e9 du parc int\u00e9rieur. L\u2019impression de voir un mirage quand le propri\u00e9taire des lieux en sort. Il est \u00e0 cheval. Clic-clac des sabots sur le bitume, odeur de crottin. Des bruits et des odeurs qui me sont familiers et qui dans ces rues abandonn\u00e9es par les voitures nous offrent un ultime privil\u00e8ge. Celui de prolonger l\u2019\u00e9vasion.<\/p>\n","protected":false},"excerpt":{"rendered":"<p>Nom C40 : Cercle de jeu n\u00b01 Dur\u00e9e 2 km Mode Marche Propos\u00e9 par L&rsquo;esprit du sport \/ Pascal Boutreau Lien Carte Ici et document original Ici Revision 14\/10\/2023. (Original 2020) Cette p\u00e9riode o\u00f9 notre terrain de jeu est devenu un cercle limit\u00e9 \u00e0 1 km de rayon est aussi l&rsquo;occasion de partir \u00e0 la [&hellip;]<\/p>\n","protected":false},"author":1,"featured_media":0,"parent":0,"menu_order":0,"comment_status":"closed","ping_status":"closed","template":"","meta":{"footnotes":""},"class_list":["post-3472","page","type-page","status-publish","hentry"],"_links":{"self":[{"href":"https:\/\/saint-germain.us\/index.php\/wp-json\/wp\/v2\/pages\/3472","targetHints":{"allow":["GET"]}}],"collection":[{"href":"https:\/\/saint-germain.us\/index.php\/wp-json\/wp\/v2\/pages"}],"about":[{"href":"https:\/\/saint-germain.us\/index.php\/wp-json\/wp\/v2\/types\/page"}],"author":[{"embeddable":true,"href":"https:\/\/saint-germain.us\/index.php\/wp-json\/wp\/v2\/users\/1"}],"replies":[{"embeddable":true,"href":"https:\/\/saint-germain.us\/index.php\/wp-json\/wp\/v2\/comments?post=3472"}],"version-history":[{"count":4,"href":"https:\/\/saint-germain.us\/index.php\/wp-json\/wp\/v2\/pages\/3472\/revisions"}],"predecessor-version":[{"id":3478,"href":"https:\/\/saint-germain.us\/index.php\/wp-json\/wp\/v2\/pages\/3472\/revisions\/3478"}],"wp:attachment":[{"href":"https:\/\/saint-germain.us\/index.php\/wp-json\/wp\/v2\/media?parent=3472"}],"curies":[{"name":"wp","href":"https:\/\/api.w.org\/{rel}","templated":true}]}}