{"id":3561,"date":"2024-05-22T11:44:02","date_gmt":"2024-05-22T09:44:02","guid":{"rendered":"http:\/\/saint-germain.us\/?page_id=3561"},"modified":"2024-05-22T13:55:40","modified_gmt":"2024-05-22T11:55:40","slug":"communique-de-presse-2","status":"publish","type":"page","link":"https:\/\/saint-germain.us\/index.php\/communique-de-presse-2\/","title":{"rendered":"Communiqu\u00e9 de presse"},"content":{"rendered":"\n<h6 class=\"wp-block-heading\"><strong>DISponible en juin 2024<\/strong><\/h6>\n\n\n\n<p><\/p>\n\n\n\n<figure class=\"wp-block-image alignwide size-large\"><img loading=\"lazy\" decoding=\"async\" width=\"1024\" height=\"562\" src=\"http:\/\/saint-germain.us\/wp-content\/uploads\/2024\/05\/Capture-decran-2024-05-22-a-11.35.34-1024x562.png\" alt=\"\" class=\"wp-image-3558\" srcset=\"https:\/\/saint-germain.us\/wp-content\/uploads\/2024\/05\/Capture-decran-2024-05-22-a-11.35.34-1024x562.png 1024w, https:\/\/saint-germain.us\/wp-content\/uploads\/2024\/05\/Capture-decran-2024-05-22-a-11.35.34-300x165.png 300w, https:\/\/saint-germain.us\/wp-content\/uploads\/2024\/05\/Capture-decran-2024-05-22-a-11.35.34-768x422.png 768w, https:\/\/saint-germain.us\/wp-content\/uploads\/2024\/05\/Capture-decran-2024-05-22-a-11.35.34.png 1522w\" sizes=\"auto, (max-width: 1024px) 100vw, 1024px\" \/><\/figure>\n\n\n\n<h4 class=\"wp-block-heading\">Th\u00e8me<\/h4>\n\n\n\n<p class=\"has-small-font-size\">\u00c0 l\u2019aube du 3e&nbsp;mill\u00e9naire, deux praticiens de l\u2019actuel monde hospitalier ont port\u00e9 leurs pens\u00e9es sur son histoire en s\u2019approchant le plus possible de son origine. Apr\u00e8s les difficiles p\u00e9riodes d\u2019itin\u00e9rance, les humains se stabilis\u00e8rent dans leurs territoires pour y vivre et\u2026 se combattre. Cela n\u00e9cessitera la cr\u00e9ation d\u2019arm\u00e9es avec des soldats bless\u00e9s \u00e0 maintenir en \u00e9tat de se battre.<br>Lors du 3e&nbsp;mill\u00e9naire av. J.-C., l\u2019invention de l\u2019\u00e9criture cun\u00e9iforme \u00e0 l\u2019\u00e9poque du souverain de Babylone Hammourabi (en M\u00e9sopotamie), f\u00fbt \u00e9tabli un texte contenant les lois r\u00e9gissant dans une attribution divine la vie socio-\u00e9conomique dont les questions relatives \u00e0 la sant\u00e9 sont group\u00e9es sous le nom de \u00ab\u2009Code d\u2019Hammourabi\u2009\u00bb. Cette \u00ab\u2009empreinte divine\u2009\u00bb se r\u00e9pandra dans le monde m\u00e9diterran\u00e9en et europ\u00e9en occidental sous une forme polyth\u00e9iste. Apr\u00e8s l\u2019h\u00f4pital byzantin, le mod\u00e8le europ\u00e9en appara\u00eetra avec les croisades et les ordres religieux \u00e0 J\u00e9rusalem.<br>L\u2019invention de l\u2019imprimerie ouvrira une nouvelle \u00e9tape avec la cr\u00e9ation de l\u2019H\u00f4pital des \u00ab\u2009P\u00f4vres\u2009\u00bb \u00e0 Beaune en 1462 pour soigner les malades. Bien que la contre-r\u00e9forme catholique qui suivit le schisme entre Luther et la Papaut\u00e9 e\u00fbt tent\u00e9 de revenir \u00e0 sa primaut\u00e9 terrestre lors du Conseil de Trente, elle dut y renoncer sous la pouss\u00e9e scientifique. Ce furent alors les souverains Fran\u00e7ois 1er avec Ambroise Par\u00e9, Louis&nbsp;XIII et Saint Vincent de Paul, Anne d\u2019Autriche\u2026 des ordres religieux qui perp\u00e9tu\u00e8rent dans l\u2019ordre occidental cet esprit de Charit\u00e9. Mais les guerres se poursuivant en Europe sur un fond religieux, les besoins militaires s\u2019accrurent conduisant Louis&nbsp;XIV \u00e0 cr\u00e9er en 1708 le Service de sant\u00e9 des Arm\u00e9es.<br>Avec le Code Napol\u00e9on, ce fut la Grande Arm\u00e9e tant pourvoyeuse de batailles et de victimes. Le 19e&nbsp;si\u00e8cle fut un si\u00e8cle charni\u00e8re domin\u00e9 par une volont\u00e9 de d\u00e9veloppement de l\u2019Hygi\u00e8ne sociale. L\u2019action hospitali\u00e8re s\u2019est ensuite d\u00e9velopp\u00e9e dans un esprit de d\u00e9votion et de protection sociale int\u00e9ressant l\u2019ensemble du public avec des sanatoriums, des a\u00e9riums et les h\u00f4pitaux sp\u00e9cialis\u00e9s. L\u2019\u00e9tape suivante est celle initi\u00e9e en 1945 avec la S\u00e9curit\u00e9 Sociale ouverte \u00e0 l\u2019ensemble de la population.<br>L\u2019avenir domin\u00e9 par la survenue in\u00e9vitable de l\u2019Intelligence Artificielle doit encore n\u00e9cessiter un monde hospitalier apte \u00e0 travailler dans un esprit de charit\u00e9 entre les deux espaces d\u00e9finis par Blaise Pascal dans ses Pens\u00e9es entre le \u00ab\u2009ciron et l\u2019infiniment grand\u2009\u00bb<\/p>\n\n\n\n<h4 class=\"wp-block-heading\">Auteurs&nbsp;<\/h4>\n\n\n\n<p class=\"has-small-font-size\">Praticien de la gestion administrative hospitali\u00e8re, Daniel Moysan au terme d\u2019une carri\u00e8re au Service Sant\u00e9 des Arm\u00e9es (SSA) achev\u00e9e avec les fonctions d\u2019inspecteur, s\u2019engagea \u00e0 apporter l\u2019exp\u00e9rience acquise dans les domaines de la vie hospitali\u00e8re.<br>\u00c9lu Maire et pr\u00e9sident de communaut\u00e9 en 2008, r\u00e9\u00e9lu en 2014 dans sa terre natale de la presqu\u2019\u00eele de Crozon, son objectif premier fut de la doter d\u2019un h\u00f4pital. Daniel Moysan associait ainsi son exp\u00e9rience \u00e0 celle de la mise \u00e0 disposition d\u2019un \u00e9quipement m\u00e9dical et hospitalier adapt\u00e9, \u00ab\u2009Population-Territoire\u2009\u00bb. Il engagea ainsi une r\u00e9flexion sur le concept \u00ab\u2009H\u00f4pital&nbsp;: pourquoi, par qui et comment\u2009?\u2009\u00bb et d\u00e9cida de l\u2019analyser depuis les temps anciens jusqu\u2019\u00e0 l\u2019Intelligence Artificielle, l\u2019ensemble int\u00e9grant les d\u00e9couvertes humaines favorisant l\u2019\u00e9volution du concept.<br>Pour \u00e9quilibrer les deux aspects de son histoire, l\u2019institution physique, technique et les inventeurs, il proposa au Docteur Jacques Berlie de suivre les aspects m\u00e9dicaux de cette \u00e9tude jusqu\u2019\u00e0 l\u2019\u00e9mergence de l\u2019Intelligence Artificielle impactant certes l\u2019h\u00f4pital, mais requ\u00e9rant toutefois un contr\u00f4le mondial. L\u2019exp\u00e9rience de son ami de longue date ne pouvait mieux r\u00e9pondre \u00e0 son attente: m\u00e9decin familier de la recherche clinique, \u00e9pid\u00e9miologiste, oncologie, statisticien et informaticien \u00e0 la Section Cancer de l\u2019INSERM puis au centre Ren\u00e9 Huguenin de Saint-Cloud devenu l\u2019h\u00f4pital de l\u2019Institut Curie.<\/p>\n\n\n\n<h4 class=\"wp-block-heading\">Originalit\u00e9s<\/h4>\n\n\n\n<p class=\"has-small-font-size\">Le livre, tr\u00e8s document\u00e9, pr\u00e9sente l\u2019histoire tout \u00e0 fait \u00e9tonnante de \u00ab\u2009l\u2019h\u00f4pital\u2009\u00bb. \u00c9crit dans un style fluide, il peut se lire comme un roman ou \u00eatre feuillet\u00e9 \u00e0 l\u2019occasion pour y d\u00e9couvrir une nouvelle p\u00e9pite.<\/p>\n\n\n\n<h4 class=\"wp-block-heading\">Support<\/h4>\n\n\n\n<p class=\"has-small-font-size\">Une couverture rigide avec un dessin original, un papier de haute qualit\u00e9, une impression premium in\u00e9gal\u00e9e r\u00e9alis\u00e9e par BOD**, un signet, tout concourt \u00e0 faire de ce livre un \u00ab\u2009bel ouvrage\u2009\u00bb.<\/p>\n\n\n\n<p class=\"has-small-font-size\">Un format discret et pratique qui permet de laisser le livre sur une table de salon pour \u00eatre parcouru de temps en temps.<\/p>\n\n\n\n<h4 class=\"wp-block-heading\">\u00c9dition<\/h4>\n\n\n\n<p class=\"has-small-font-size\">Le livre a \u00e9t\u00e9 pr\u00e9par\u00e9 avec le concours de Philippe GOUT, romancier\u2009; il travaille avec la soci\u00e9t\u00e9 BOD qui, gr\u00e2ce \u00e0 une impression num\u00e9rique, offre un rendu d\u2019impression exceptionnel tout en respectant l\u2019environnement (seuls les exemplaires qui seront lus sont imprim\u00e9s).<\/p>\n\n\n\n<h4 class=\"wp-block-heading\">Contact presse <\/h4>\n\n\n\n<p class=\"has-vivid-red-color has-text-color has-link-color has-small-font-size wp-elements-39b4e0751cdea72c77cddfab2b84b580\"><a href=\"mailto:presse@saint-germain.us\">presse@saint-germain.us<\/a><\/p>\n\n\n\n<p><\/p>\n\n\n\n<figure class=\"wp-block-image alignwide size-large\"><img loading=\"lazy\" decoding=\"async\" width=\"1024\" height=\"357\" src=\"http:\/\/saint-germain.us\/wp-content\/uploads\/2024\/05\/Capture-decran-2024-05-22-a-11.36.59-1024x357.png\" alt=\"\" class=\"wp-image-3560\" srcset=\"https:\/\/saint-germain.us\/wp-content\/uploads\/2024\/05\/Capture-decran-2024-05-22-a-11.36.59-1024x357.png 1024w, https:\/\/saint-germain.us\/wp-content\/uploads\/2024\/05\/Capture-decran-2024-05-22-a-11.36.59-300x104.png 300w, https:\/\/saint-germain.us\/wp-content\/uploads\/2024\/05\/Capture-decran-2024-05-22-a-11.36.59-768x267.png 768w, https:\/\/saint-germain.us\/wp-content\/uploads\/2024\/05\/Capture-decran-2024-05-22-a-11.36.59-1536x535.png 1536w, https:\/\/saint-germain.us\/wp-content\/uploads\/2024\/05\/Capture-decran-2024-05-22-a-11.36.59.png 1654w\" sizes=\"auto, (max-width: 1024px) 100vw, 1024px\" \/><\/figure>\n\n\n\n<hr class=\"wp-block-separator has-alpha-channel-opacity\"\/>\n\n\n\n<div style=\"height:552px\" aria-hidden=\"true\" class=\"wp-block-spacer\"><\/div>\n","protected":false},"excerpt":{"rendered":"<p>DISponible en juin 2024 Th\u00e8me \u00c0 l\u2019aube du 3e&nbsp;mill\u00e9naire, deux praticiens de l\u2019actuel monde hospitalier ont port\u00e9 leurs pens\u00e9es sur son histoire en s\u2019approchant le plus possible de son origine. Apr\u00e8s les difficiles p\u00e9riodes d\u2019itin\u00e9rance, les humains se stabilis\u00e8rent dans leurs territoires pour y vivre et\u2026 se combattre. Cela n\u00e9cessitera la cr\u00e9ation d\u2019arm\u00e9es avec des [&hellip;]<\/p>\n","protected":false},"author":1,"featured_media":0,"parent":0,"menu_order":0,"comment_status":"closed","ping_status":"closed","template":"","meta":{"footnotes":""},"class_list":["post-3561","page","type-page","status-publish","hentry"],"_links":{"self":[{"href":"https:\/\/saint-germain.us\/index.php\/wp-json\/wp\/v2\/pages\/3561","targetHints":{"allow":["GET"]}}],"collection":[{"href":"https:\/\/saint-germain.us\/index.php\/wp-json\/wp\/v2\/pages"}],"about":[{"href":"https:\/\/saint-germain.us\/index.php\/wp-json\/wp\/v2\/types\/page"}],"author":[{"embeddable":true,"href":"https:\/\/saint-germain.us\/index.php\/wp-json\/wp\/v2\/users\/1"}],"replies":[{"embeddable":true,"href":"https:\/\/saint-germain.us\/index.php\/wp-json\/wp\/v2\/comments?post=3561"}],"version-history":[{"count":5,"href":"https:\/\/saint-germain.us\/index.php\/wp-json\/wp\/v2\/pages\/3561\/revisions"}],"predecessor-version":[{"id":3567,"href":"https:\/\/saint-germain.us\/index.php\/wp-json\/wp\/v2\/pages\/3561\/revisions\/3567"}],"wp:attachment":[{"href":"https:\/\/saint-germain.us\/index.php\/wp-json\/wp\/v2\/media?parent=3561"}],"curies":[{"name":"wp","href":"https:\/\/api.w.org\/{rel}","templated":true}]}}