{"id":39,"date":"2023-04-29T09:03:33","date_gmt":"2023-04-29T07:03:33","guid":{"rendered":"http:\/\/saint-germain.us\/?page_id=39"},"modified":"2023-09-25T12:05:00","modified_gmt":"2023-09-25T10:05:00","slug":"p10","status":"publish","type":"page","link":"https:\/\/saint-germain.us\/index.php\/p10\/","title":{"rendered":"P10"},"content":{"rendered":"\n<h2 class=\"wp-block-heading\">Le ch\u00e2teau<\/h2>\n\n\n\n<hr class=\"wp-block-separator has-alpha-channel-opacity\"\/>\n\n\n<p><span style=\"color: #333399;\">La page pr\u00e9sente :<\/span><\/p>\n<ul>\n<li><span style=\"color: #000080;\">Une vue du ch\u00e2teau jusqu&rsquo;au grand bassin inaugur\u00e9 en 2023,<\/span><\/li>\n<li><span style=\"color: #000080;\">Un dessin de la cour int\u00e9rieure du ch\u00e2teau.<\/span><\/li>\n<\/ul>\n<p><span style=\"color: #333399;\">Carte du livre : D<\/span><\/p>\n<p><span style=\"color: #333399;\">Adresse : 1 place Charles de Gaulle<\/span><\/p>\n<p><em><span style=\"color: #333399;\">Vous pouvez ajouter des commentaires en bas de page.<\/span><\/em><\/p>\n\n\n<hr class=\"wp-block-separator has-alpha-channel-opacity\"\/>\n\n\n\n<div style=\"height:22px\" aria-hidden=\"true\" class=\"wp-block-spacer\"><\/div>\n\n\n\n<figure class=\"wp-block-image size-full\"><img loading=\"lazy\" decoding=\"async\" width=\"809\" height=\"603\" src=\"http:\/\/saint-germain.us\/wp-content\/uploads\/2023\/07\/Capture-decran-2023-07-30-a-08.01.06.png\" alt=\"\" class=\"wp-image-1586\" srcset=\"https:\/\/saint-germain.us\/wp-content\/uploads\/2023\/07\/Capture-decran-2023-07-30-a-08.01.06.png 809w, https:\/\/saint-germain.us\/wp-content\/uploads\/2023\/07\/Capture-decran-2023-07-30-a-08.01.06-300x224.png 300w, https:\/\/saint-germain.us\/wp-content\/uploads\/2023\/07\/Capture-decran-2023-07-30-a-08.01.06-768x572.png 768w\" sizes=\"auto, (max-width: 809px) 100vw, 809px\" \/><figcaption class=\"wp-element-caption\">Vue du ch\u00e2teau (Am\u00e9lior\u00e9e@Philippe GOUT) <\/figcaption><\/figure>\n\n\n\n<figure class=\"wp-block-image size-large\"><img loading=\"lazy\" decoding=\"async\" width=\"794\" height=\"1024\" src=\"http:\/\/saint-germain.us\/wp-content\/uploads\/2023\/07\/Chateau-cote-794x1024.jpg\" alt=\"\" class=\"wp-image-1247\" srcset=\"https:\/\/saint-germain.us\/wp-content\/uploads\/2023\/07\/Chateau-cote-794x1024.jpg 794w, https:\/\/saint-germain.us\/wp-content\/uploads\/2023\/07\/Chateau-cote-233x300.jpg 233w, https:\/\/saint-germain.us\/wp-content\/uploads\/2023\/07\/Chateau-cote-768x991.jpg 768w, https:\/\/saint-germain.us\/wp-content\/uploads\/2023\/07\/Chateau-cote-1191x1536.jpg 1191w, https:\/\/saint-germain.us\/wp-content\/uploads\/2023\/07\/Chateau-cote-1588x2048.jpg 1588w, https:\/\/saint-germain.us\/wp-content\/uploads\/2023\/07\/Chateau-cote-scaled.jpg 1985w\" sizes=\"auto, (max-width: 794px) 100vw, 794px\" \/><figcaption class=\"wp-element-caption\">Vue du ch\u00e2teau (@Philippe GOUT)<\/figcaption><\/figure>\n\n\n\n<figure class=\"wp-block-image aligncenter size-large\"><img loading=\"lazy\" decoding=\"async\" width=\"1024\" height=\"768\" src=\"http:\/\/saint-germain.us\/wp-content\/uploads\/2023\/07\/C-1024x768.jpg\" alt=\"\" class=\"wp-image-1786\" srcset=\"https:\/\/saint-germain.us\/wp-content\/uploads\/2023\/07\/C-1024x768.jpg 1024w, https:\/\/saint-germain.us\/wp-content\/uploads\/2023\/07\/C-300x225.jpg 300w, https:\/\/saint-germain.us\/wp-content\/uploads\/2023\/07\/C-768x576.jpg 768w, https:\/\/saint-germain.us\/wp-content\/uploads\/2023\/07\/C-1536x1152.jpg 1536w, https:\/\/saint-germain.us\/wp-content\/uploads\/2023\/07\/C-2048x1536.jpg 2048w\" sizes=\"auto, (max-width: 1024px) 100vw, 1024px\" \/><figcaption class=\"wp-element-caption\">Vue du ch\u00e2teau (@Philippe GOUT)<\/figcaption><\/figure>\n\n\n\n<figure class=\"wp-block-image aligncenter size-large is-resized\"><img loading=\"lazy\" decoding=\"async\" src=\"http:\/\/saint-germain.us\/wp-content\/uploads\/2023\/08\/2-jets-584x1024.jpg\" alt=\"\" class=\"wp-image-1911\" style=\"width:384px;height:673px\" width=\"384\" height=\"673\" srcset=\"https:\/\/saint-germain.us\/wp-content\/uploads\/2023\/08\/2-jets-584x1024.jpg 584w, https:\/\/saint-germain.us\/wp-content\/uploads\/2023\/08\/2-jets-171x300.jpg 171w, https:\/\/saint-germain.us\/wp-content\/uploads\/2023\/08\/2-jets-768x1346.jpg 768w, https:\/\/saint-germain.us\/wp-content\/uploads\/2023\/08\/2-jets-877x1536.jpg 877w, https:\/\/saint-germain.us\/wp-content\/uploads\/2023\/08\/2-jets.jpg 952w\" sizes=\"auto, (max-width: 384px) 100vw, 384px\" \/><figcaption class=\"wp-element-caption\">Les deux jets d&rsquo;eau (@Philippe GOUT)<\/figcaption><\/figure>\n\n\n\n<figure class=\"wp-block-image aligncenter size-large\"><img loading=\"lazy\" decoding=\"async\" width=\"1024\" height=\"592\" src=\"http:\/\/saint-germain.us\/wp-content\/uploads\/2023\/08\/Grand-bassin-chien-2-1024x592.jpg\" alt=\"\" class=\"wp-image-2000\" srcset=\"https:\/\/saint-germain.us\/wp-content\/uploads\/2023\/08\/Grand-bassin-chien-2-1024x592.jpg 1024w, https:\/\/saint-germain.us\/wp-content\/uploads\/2023\/08\/Grand-bassin-chien-2-300x173.jpg 300w, https:\/\/saint-germain.us\/wp-content\/uploads\/2023\/08\/Grand-bassin-chien-2-768x444.jpg 768w, https:\/\/saint-germain.us\/wp-content\/uploads\/2023\/08\/Grand-bassin-chien-2-1536x888.jpg 1536w, https:\/\/saint-germain.us\/wp-content\/uploads\/2023\/08\/Grand-bassin-chien-2-2048x1184.jpg 2048w\" sizes=\"auto, (max-width: 1024px) 100vw, 1024px\" \/><figcaption class=\"wp-element-caption\">Le grand bassin (@Philippe GOUT)\n<\/figcaption><\/figure>\n\n\n\n<figure class=\"wp-block-image aligncenter size-large is-resized\"><img loading=\"lazy\" decoding=\"async\" src=\"http:\/\/saint-germain.us\/wp-content\/uploads\/2023\/08\/Tour-Chateau-576x1024.jpg\" alt=\"\" class=\"wp-image-1976\" style=\"width:204px;height:362px\" width=\"204\" height=\"362\" srcset=\"https:\/\/saint-germain.us\/wp-content\/uploads\/2023\/08\/Tour-Chateau-576x1024.jpg 576w, https:\/\/saint-germain.us\/wp-content\/uploads\/2023\/08\/Tour-Chateau-169x300.jpg 169w, https:\/\/saint-germain.us\/wp-content\/uploads\/2023\/08\/Tour-Chateau-768x1365.jpg 768w, https:\/\/saint-germain.us\/wp-content\/uploads\/2023\/08\/Tour-Chateau-864x1536.jpg 864w, https:\/\/saint-germain.us\/wp-content\/uploads\/2023\/08\/Tour-Chateau-1152x2048.jpg 1152w, https:\/\/saint-germain.us\/wp-content\/uploads\/2023\/08\/Tour-Chateau-scaled.jpg 1440w\" sizes=\"auto, (max-width: 204px) 100vw, 204px\" \/><figcaption class=\"wp-element-caption\">Copie de la colonne de Trajane (@Philippe GOUT)<\/figcaption><\/figure>\n\n\n\n<figure class=\"wp-block-image aligncenter size-large\"><img loading=\"lazy\" decoding=\"async\" width=\"1024\" height=\"576\" src=\"http:\/\/saint-germain.us\/wp-content\/uploads\/2023\/08\/Detail-1024x576.jpg\" alt=\"\" class=\"wp-image-1975\" srcset=\"https:\/\/saint-germain.us\/wp-content\/uploads\/2023\/08\/Detail-1024x576.jpg 1024w, https:\/\/saint-germain.us\/wp-content\/uploads\/2023\/08\/Detail-300x169.jpg 300w, https:\/\/saint-germain.us\/wp-content\/uploads\/2023\/08\/Detail-768x432.jpg 768w, https:\/\/saint-germain.us\/wp-content\/uploads\/2023\/08\/Detail-1536x864.jpg 1536w, https:\/\/saint-germain.us\/wp-content\/uploads\/2023\/08\/Detail-2048x1152.jpg 2048w\" sizes=\"auto, (max-width: 1024px) 100vw, 1024px\" \/><figcaption class=\"wp-element-caption\">D\u00e9tail de la copie de la colonne de Trajane (@Philippe GOUT)<\/figcaption><\/figure>\n\n\n\n<p>Cette copie a \u00e9t\u00e9 cr\u00e9\u00e9e \u00e0 la demande de Napol\u00e9on III qui adorait Rome.<\/p>\n\n\n\n<hr class=\"wp-block-separator has-alpha-channel-opacity\"\/>\n\n\n\n<div style=\"height:18px\" aria-hidden=\"true\" class=\"wp-block-spacer\"><\/div>\n\n\n\n<figure class=\"wp-block-image size-large\"><img loading=\"lazy\" decoding=\"async\" width=\"703\" height=\"1024\" src=\"http:\/\/saint-germain.us\/wp-content\/uploads\/2023\/08\/Bon-air-703x1024.jpg\" alt=\"\" class=\"wp-image-2633\" srcset=\"https:\/\/saint-germain.us\/wp-content\/uploads\/2023\/08\/Bon-air-703x1024.jpg 703w, https:\/\/saint-germain.us\/wp-content\/uploads\/2023\/08\/Bon-air-206x300.jpg 206w, https:\/\/saint-germain.us\/wp-content\/uploads\/2023\/08\/Bon-air-768x1118.jpg 768w, https:\/\/saint-germain.us\/wp-content\/uploads\/2023\/08\/Bon-air.jpg 785w\" sizes=\"auto, (max-width: 703px) 100vw, 703px\" \/><figcaption class=\"wp-element-caption\">La ville des rois (Am\u00e9lior\u00e9e Philippe GOUT)<\/figcaption><\/figure>\n\n\n\n<figure class=\"wp-block-image aligncenter size-large\"><img loading=\"lazy\" decoding=\"async\" width=\"747\" height=\"1024\" src=\"http:\/\/saint-germain.us\/wp-content\/uploads\/2023\/08\/Tableau-SG-747x1024.jpg\" alt=\"\" class=\"wp-image-2653\" srcset=\"https:\/\/saint-germain.us\/wp-content\/uploads\/2023\/08\/Tableau-SG-747x1024.jpg 747w, https:\/\/saint-germain.us\/wp-content\/uploads\/2023\/08\/Tableau-SG-219x300.jpg 219w, https:\/\/saint-germain.us\/wp-content\/uploads\/2023\/08\/Tableau-SG-768x1053.jpg 768w, https:\/\/saint-germain.us\/wp-content\/uploads\/2023\/08\/Tableau-SG.jpg 778w\" sizes=\"auto, (max-width: 747px) 100vw, 747px\" \/><figcaption class=\"wp-element-caption\">Ville royale (Am\u00e9lior\u00e9e Philippe GOUT)<\/figcaption><\/figure>\n\n\n\n<hr class=\"wp-block-separator has-alpha-channel-opacity\"\/>\n\n\n\n<div style=\"height:0px\" aria-hidden=\"true\" class=\"wp-block-spacer\"><\/div>\n\n\n\n<figure class=\"wp-block-image aligncenter size-large is-resized\"><img loading=\"lazy\" decoding=\"async\" src=\"http:\/\/saint-germain.us\/wp-content\/uploads\/2023\/08\/Coup-de-Jarnac-1024x945.jpg\" alt=\"\" class=\"wp-image-1977\" style=\"width:210px;height:194px\" width=\"210\" height=\"194\" srcset=\"https:\/\/saint-germain.us\/wp-content\/uploads\/2023\/08\/Coup-de-Jarnac-1024x945.jpg 1024w, https:\/\/saint-germain.us\/wp-content\/uploads\/2023\/08\/Coup-de-Jarnac-300x277.jpg 300w, https:\/\/saint-germain.us\/wp-content\/uploads\/2023\/08\/Coup-de-Jarnac-768x709.jpg 768w, https:\/\/saint-germain.us\/wp-content\/uploads\/2023\/08\/Coup-de-Jarnac-1536x1418.jpg 1536w, https:\/\/saint-germain.us\/wp-content\/uploads\/2023\/08\/Coup-de-Jarnac.jpg 1952w\" sizes=\"auto, (max-width: 210px) 100vw, 210px\" \/><figcaption class=\"wp-element-caption\">Coup de Jarnac (@Philippe GOUT)<\/figcaption><\/figure>\n\n\n\n<div style=\"height:18px\" aria-hidden=\"true\" class=\"wp-block-spacer\"><\/div>\n\n\n\n<figure class=\"wp-block-table\"><table><tbody><tr><td>Sujet <\/td><td>Coup de Jarnac<\/td><\/tr><tr><td>Lien<\/td><td><a href=\"http:\/\/stgermaincommerce.over-blog.com\/article-le-coup-de-jarnac-a-saint-germain-en-laye-108176800.html\">Ici<\/a><\/td><\/tr><tr><td>Origine<\/td><td>Commerces de saint-Germain-en-Laye<\/td><\/tr><tr><td><\/td><td><\/td><\/tr><tr><td>Date de r\u00e9vision<\/td><td>08\/08\/2023<\/td><\/tr><\/tbody><\/table><\/figure>\n\n\n<p>Guy Chabot de Saint-Gelais, futur deuxi\u00e8me baron de Jarnac, s\u2019\u00e9tait mari\u00e9 en mars 1540 \u00e0 Louise de Pisseleu, s\u0153ur de la duchesse d\u2019\u00c9tampes, ma\u00eetresse de Francois\u00a0<abbr title=\"premier\">I<sup>er<\/sup><\/abbr>. Le dauphin, le futur Henri\u00a0<abbr title=\"2\">II<\/abbr>, avait fait courir le bruit, \u00e0 l\u2019instigation sans doute de sa ma\u00eetresse Diane de Poitiers, rue Chabot devait \u00e0 sa belle-m\u00e8re, Magdelaine de Puyguyon, seconde \u00e9pouse de son p\u00e8re, le baron Charles Chabot, des faveurs de toutes sortes.<\/p>\n<p>La duchesse d\u2019\u00c9tampes, outrag\u00e9e, demanda \u00e0 son royal amant justice de ces bruits\u00a0calomnieux, et Francois I<sup>er<\/sup> ne put qu\u2019acc\u00e9der \u00e0 sa demande. Le coupable, le dauphin, craignait la col\u00e8re de son p\u00e8re,et ce fut\u00a0Fran\u00e7ois de Vivonne,\u00a0seigneur de La Ch\u00e2taigneraie,ami du dauphin et redoutable bretteur,qui se d\u00e9voua pour dire que c\u2019\u00e9tait lui l\u2019auteur de ces bruits,et qu\u2019il n\u2019avait d\u2019ailleurs fait que r\u00e9p\u00e9ter ce que Guy Chabot lui avait dit.<\/p>\n<p>Chabot ne put, \u00e0 son tour, que demander au roi la permission de venger son honneur,\u00a0mais Francois\u00a0<abbr title=\"premier\">I<sup>er<\/sup><\/abbr> la refusa toute sa vie, bien conscient qu\u2019il ne s\u2019agissait l\u00e0\u00a0que de \u00ab\u00a0querelles de femmes jalouses\u00a0\u00bb.<\/p>\n<p>En\u00a01547, \u00e0 l\u2019av\u00e8nement d&rsquo;Henri\u00a0<abbr title=\"2\">II<\/abbr>, Chabot renouvela sa demande,qui fut alors accueillie favorablement. Mais la r\u00e9putation de La Ch\u00e2taigneraie en tant qu\u2019escrimeur \u00e9tait telle que Chabot prit dans l\u2019intervalle des le\u00e7ons avec un\u00a0spadassin\u00a0italien qui lui enseigna un coup de revers inconnu jusque-l\u00e0.<\/p>\n<p>Jarnac n\u2019est donc pas l\u2019inventeur du coup qui porte son nom. Ce ma\u00eetre d\u2019escrime avait \u00e9galement pr\u00e9vu d\u2019exploiter une faiblesse de La Ch\u00e2taigneraie : une vieille blessure re\u00e7ue au genou, en choisissant une arme lourde, l\u2019\u00e9p\u00e9e \u00e0 deux mains, afin de le fatiguer, et de le ralentir dans ses d\u00e9placements.<\/p>\n<p>Le duel eut lieu le 10 juillet 1547,sur l\u2019esplanade du ch\u00e2teau de Saint-Germain-en-Laye. Le d\u00e9but de la rencontre fut en faveur de La Ch\u00e2taigneraie, grand favori,jusqu\u2019au moment o\u00f9 Chabot put placer ce coup de revers, qui fendit le jarret de son adversaire. Le coup \u00e9tait r\u00e9gulier et, \u00e0 la surprise g\u00e9n\u00e9rale, Chabot fut d\u00e9clar\u00e9 vainqueur.<\/p>\n<p>On dit que La Ch\u00e2taigneraie, s\u2019attendant \u00e0 remporter facilement le duel, avait pr\u00e9vu de donner un superbe repas le jour m\u00eame du duel. Humili\u00e9 de cette d\u00e9faite, il arracha le soir venu les pansements de sa blessureet il mourut d&rsquo;h\u00e9morragie dans la nuit.<\/p>\n<p><strong>Description du combat<\/strong><\/p>\n<p>Les deux champions marchent r\u00e9solument l&rsquo;un vers l&rsquo;autre, La Ch\u00e2taigneraie l&rsquo;\u00e9p\u00e9e haute et \u00e0 pas pr\u00e9cipit\u00e9s, Jarnac avec plus de calme, le bouclier contre la poitrine et l&rsquo;\u00e9p\u00e9e pr\u00eate \u00e0 parer le coup de t\u00eate. Ce fut le premier que lui porta Vivonne\u00a0; mais Jarnac change la parade, le re\u00e7oit sur sa rondache, et, en voltant, riposte par un coup qui atteint son adversaire entre le gousset de mailles et le haut de sa bottine. L&rsquo;assistance enti\u00e8re pousse un cri aussit\u00f4t \u00e9touff\u00e9, l&rsquo;attention redouble\u00a0; La Ch\u00e2taigneraie domine sa douleur et gagne sur Jarnac, dans l&rsquo;intention \u00e9vidente de le saisir, \u00ab\u00a0entrant sur lui de pied et de main\u00a0\u00bb.<\/p>\n<p>Il re\u00e7oit \u00e0 la jambe gauche d\u00e9j\u00e0 entam\u00e9e un terrible coup de revers qui lui fait au jarret une profonde blessure. Ce n&rsquo;\u00e9tait pas un coup de tra\u00eetre que cette botte, comme on l&rsquo;a cru \u00e0 tort et tant r\u00e9p\u00e9t\u00e9 depuis\u00a0: en plusieurs rencontres, elle avait \u00e9t\u00e9 employ\u00e9e et ne pouvait donc pas m\u00eame \u00eatre consid\u00e9r\u00e9e comme une botte bien secr\u00e8te. Dans le duel entre De Genlis et Des Bordes, qui avait eu lieu aussi \u00e0 Saint-Germain, Des Bordes eut un jarret coup\u00e9, dont il demeura estropi\u00e9 et boiteux.\u00a0<\/p>\n<p>Dans une autre rencontre pr\u00e8s de Rome, au Monte-Rotondo, un capitaine italien ass\u00e9nait \u00e0 M. de Rouillon, gentilhomme gascon, un grand coup d&rsquo;estrama\u00e7on sur le jarret, qui le fit tomber sans qu&rsquo;il p\u00fbt se relever. On voit Vivonne chanceler, son \u00e9p\u00e9e lui \u00e9chappe, il tombe, inondant la terre de son sang. Une \u00e9motion inexprimable se manifeste dans les tribunes, au sein de la foule rassembl\u00e9e autour des lices. Les amis de Vivonne poussent des impr\u00e9cations,ceux de Jarnac triomphent ; les gardes ont peine \u00e0 r\u00e9primer le mouvement g\u00e9n\u00e9ral ; enfin le silence se r\u00e9tablit. Jarnac immobile contemplait son ennemi en silence. Vivonne \u00e9tait l\u00e0 \u00e0 sa discr\u00e9tion. \u00ab Rends-moi mon honneur, lui dit Monlieu, et crie \u00e0 Dieu mercy et au roy de l&rsquo;offense que tu as faite ! \u00bb Vivonne cherchait \u00e0 se relever, mais en vain ; il lui \u00e9tait d\u00e9sormais impossible de quitter la place.<\/p>\n<p>\u00a0<\/p>\n\n\n<hr class=\"wp-block-separator has-alpha-channel-opacity\"\/>\n\n\n\n<div style=\"height:17px\" aria-hidden=\"true\" class=\"wp-block-spacer\"><\/div>\n\n\n\n<figure class=\"wp-block-table\"><table><tbody><tr><td>Sujet <\/td><td>Les dessous du coup de Jarnac<\/td><\/tr><tr><td>Lien<\/td><td><a href=\"https:\/\/fr.anecdotrip.com\/les-dessous-du-coup-de-jarnac-a-saint-germain-en-laye-par-vinaigrette\">Ici<\/a><\/td><\/tr><tr><td>Origine<\/td><td>Anecdotrip<\/td><\/tr><tr><td><\/td><td><\/td><\/tr><tr><td>Date de r\u00e9vision<\/td><td>25\/09\/2023<\/td><\/tr><\/tbody><\/table><\/figure>\n\n\n\n<p>\u00a0Le dernier duel de l\u2019Histoire de France se passe au ch\u00e2teau de Saint-Germain-en-Laye, le 10 juillet 1547&#8230;<\/p>\n\n\n\n<p> Fran\u00e7ois Ier, le vieux roi en bout de course, voit deux femmes se faire la guerre sous son nez\u00a0: Diane de Poitiers et Anne de Pisseleu. Diane, favorite du fiston Henri II, et Anne celle du papa Fran\u00e7ois Ier\u00a0: elles ne peuvent pas se voir ! Anne vient de marier sa s\u0153ur avec le baron de Jarnac. Un sieur ben \u00e9l\u00e9gant, qui claque toute sa fortune en v\u00eatements !Le jeune Henri II le lui fait remarquer, sur quoi Jarnac r\u00e9pond que c\u2019est gr\u00e2ce \u00e0 sa belle-m\u00e8re qu\u2019il peut se payer tout \u00e7a. Alors, le Dauphin va dire partout que Jarnac a une liaison avec sa belle-m\u00e8re, le 2nde femme de son paternel, pour de l\u2019argent&#8230;Fou de rage, Jarnac insulte le dauphin et le provoque en duel. Sauf qu\u2019un futur roi ne peut pas se battre\u00a0: il faut que quelqu\u2019un le fasse \u00e0 place&#8230; Ce sera un copain du clan Diane-Henri\u00a0: Fran\u00e7ois de Vivonne, fort comme pas deux. Mais le vieux roi Fran\u00e7ois est encore l\u00e0 ! Il r\u00e9alise soudain que le petit Jarnac va se faire broyer&#8230; et interdit le duel. \u00c7a, \u00e7a ne pla\u00eet pas \u00e0 Jarnac, qui se sent toujours aussi humili\u00e9 ! Alors, apr\u00e8s la mort de Fran\u00e7ois, Henri II d\u00e9cide de remettre l\u2019affaire sur le tapis\u00a0: le duel aura lieu ! on va faire combattre Jarnac contre Vivonne, comme pr\u00e9vu. Dans un pr\u00e9 devant le ch\u00e2teau&#8230; Jarnac blesse son ennemi sous le genou gauche, 3 fois\u00a0: aaah, sa botte secr\u00e8te, in\u00e9dite, r\u00e9p\u00e9t\u00e9e des milliers de fois avec son ma\u00eetre d\u2019arme ! Sur quoi il demande au roi de lui rendre son honneur. Henri le fait du bout des l\u00e8vres&#8230; et ne d\u00e9col\u00e8re surtout pas contre Vivonne, qui n\u2019a pas tenu le choc. Humili\u00e9, celui-ci pr\u00e9f\u00e8re arracher ses pansements, rouvrant ses blessures.<\/p>\n\n\n\n<hr class=\"wp-block-separator has-alpha-channel-opacity\"\/>\n\n\n<p>Suite &#8230; <a href=\"http:\/\/saint-germain.us\/index.php\/p11\/\">Ici<\/a><\/p>\n\n\n<hr class=\"wp-block-separator has-alpha-channel-opacity\"\/>\n\n\n\n<h5 class=\"wp-block-heading\">commentaires :<a href=\"http:\/\/saint-germain.us\/index.php\/page-d-exemple\/\"> ICI<\/a><\/h5>\n\n\n\n<hr class=\"wp-block-separator has-alpha-channel-opacity\"\/>\n","protected":false},"excerpt":{"rendered":"<p>Le ch\u00e2teau La page pr\u00e9sente : Une vue du ch\u00e2teau jusqu&rsquo;au grand bassin inaugur\u00e9 en 2023, Un dessin de la cour int\u00e9rieure du ch\u00e2teau. Carte du livre : D Adresse : 1 place Charles de Gaulle Vous pouvez ajouter des commentaires en bas de page. Cette copie a \u00e9t\u00e9 cr\u00e9\u00e9e \u00e0 la demande de Napol\u00e9on [&hellip;]<\/p>\n","protected":false},"author":1,"featured_media":0,"parent":0,"menu_order":0,"comment_status":"closed","ping_status":"closed","template":"","meta":{"footnotes":""},"class_list":["post-39","page","type-page","status-publish","hentry"],"_links":{"self":[{"href":"https:\/\/saint-germain.us\/index.php\/wp-json\/wp\/v2\/pages\/39","targetHints":{"allow":["GET"]}}],"collection":[{"href":"https:\/\/saint-germain.us\/index.php\/wp-json\/wp\/v2\/pages"}],"about":[{"href":"https:\/\/saint-germain.us\/index.php\/wp-json\/wp\/v2\/types\/page"}],"author":[{"embeddable":true,"href":"https:\/\/saint-germain.us\/index.php\/wp-json\/wp\/v2\/users\/1"}],"replies":[{"embeddable":true,"href":"https:\/\/saint-germain.us\/index.php\/wp-json\/wp\/v2\/comments?post=39"}],"version-history":[{"count":49,"href":"https:\/\/saint-germain.us\/index.php\/wp-json\/wp\/v2\/pages\/39\/revisions"}],"predecessor-version":[{"id":3225,"href":"https:\/\/saint-germain.us\/index.php\/wp-json\/wp\/v2\/pages\/39\/revisions\/3225"}],"wp:attachment":[{"href":"https:\/\/saint-germain.us\/index.php\/wp-json\/wp\/v2\/media?parent=39"}],"curies":[{"name":"wp","href":"https:\/\/api.w.org\/{rel}","templated":true}]}}