{"id":41,"date":"2023-04-29T09:04:05","date_gmt":"2023-04-29T07:04:05","guid":{"rendered":"http:\/\/saint-germain.us\/?page_id=41"},"modified":"2023-10-15T08:55:04","modified_gmt":"2023-10-15T06:55:04","slug":"p11","status":"publish","type":"page","link":"https:\/\/saint-germain.us\/index.php\/p11\/","title":{"rendered":"P11"},"content":{"rendered":"\n<h2 class=\"wp-block-heading\">Ch\u00e2teau (int)<\/h2>\n\n\n\n<hr class=\"wp-block-separator has-alpha-channel-opacity\"\/>\n\n\n\n<p><span style=\"color: #333399;\">La page pr\u00e9sente :<\/span><\/p>\n\n\n\n<ul class=\"wp-block-list\">\n<li><span style=\"color: #000080;\">La salle de bal.<\/span><\/li>\n<\/ul>\n\n\n\n<p><span style=\"color: #333399;\">Carte du livre : D<\/span><\/p>\n\n\n\n<p><span style=\"color: #333399;\">Adresse : 1 place Charles de Gaulle<\/span><\/p>\n\n\n\n<p><em><span style=\"color: #333399;\">Vous pouvez ajouter des commentaires en bas de page.<\/span><\/em><\/p>\n\n\n\n<figure class=\"wp-block-image aligncenter size-large\"><img loading=\"lazy\" decoding=\"async\" width=\"795\" height=\"1024\" src=\"http:\/\/saint-germain.us\/wp-content\/uploads\/2023\/10\/Chateau-RDC-795x1024.jpg\" alt=\"\" class=\"wp-image-3482\" srcset=\"https:\/\/saint-germain.us\/wp-content\/uploads\/2023\/10\/Chateau-RDC-795x1024.jpg 795w, https:\/\/saint-germain.us\/wp-content\/uploads\/2023\/10\/Chateau-RDC-233x300.jpg 233w, https:\/\/saint-germain.us\/wp-content\/uploads\/2023\/10\/Chateau-RDC-768x989.jpg 768w, https:\/\/saint-germain.us\/wp-content\/uploads\/2023\/10\/Chateau-RDC-1193x1536.jpg 1193w, https:\/\/saint-germain.us\/wp-content\/uploads\/2023\/10\/Chateau-RDC-1590x2048.jpg 1590w, https:\/\/saint-germain.us\/wp-content\/uploads\/2023\/10\/Chateau-RDC-scaled.jpg 1988w\" sizes=\"auto, (max-width: 795px) 100vw, 795px\" \/><figcaption class=\"wp-element-caption\">Plafond d&rsquo;une salle du rez-de-chauss\u00e9e-de-chauss\u00e9e (@\nPhilippe GOUT)<\/figcaption><\/figure>\n\n\n\n<p><\/p>\n\n\n\n<p><\/p>\n\n\n\n<hr class=\"wp-block-separator has-alpha-channel-opacity\"\/>\n\n\n\n<p>Vers la chapelle : <a href=\"http:\/\/saint-germain.us\/index.php\/p13\/\">Ici<\/a><\/p>\n\n\n\n<p>Vers le mus\u00e9e national :<a href=\"http:\/\/saint-germain.us\/index.php\/p68\/\"> Ici<\/a><\/p>\n\n\n\n<hr class=\"wp-block-separator has-alpha-channel-opacity\"\/>\n\n\n\n<div style=\"height:21px\" aria-hidden=\"true\" class=\"wp-block-spacer\"><\/div>\n\n\n\n<figure class=\"wp-block-table\"><table><tbody><tr><td>Sujet <\/td><td>Tr\u00e9sor historique et architectural<\/td><\/tr><tr><td>Lien<\/td><td><a href=\"https:\/\/www.seine-saintgermain.fr\/fr\/fiche\/4959564\/tresor-historique-et-architectural-decouvrez-lhistoire-du-chateau-vieux\/\">Ici<\/a><\/td><\/tr><tr><td>Origine<\/td><td>Office de Tourisme Saint Germain Boucles de Seine<\/td><\/tr><tr><td><\/td><td><\/td><\/tr><tr><td>Date de r\u00e9vision<\/td><td>12\/08\/2023<\/td><\/tr><\/tbody><\/table><\/figure>\n\n\n\n<p id=\"description\"><strong>Le Ch\u00e2teau-Vieux de Saint-Germain a vu s\u00e9journ\u00e9 en son sein de nombreux rois au cours des si\u00e8cles, jusqu&rsquo;\u00e0 l&rsquo;arriv\u00e9e de Napol\u00e9on III qui en fit l&rsquo;enceinte du mus\u00e9e d&rsquo;Arch\u00e9ologie nationale que l&rsquo;on connait aujourd&rsquo;hui. Entrez dans son histoire.<\/strong><\/p>\n\n\n\n<p>UNE DEMEURE ROYALE<\/p>\n\n\n\n<p>Le ch\u00e2teau de Saint-Germain qui impose son \u00e9l\u00e9gante silhouette Renaissance est en r\u00e9alit\u00e9 le troisi\u00e8me d\u2019une s\u00e9rie commenc\u00e9e par Louis VI au XII\u00e8 si\u00e8cle. Cette premi\u00e8re forteresse, devenue ruine apr\u00e8s la Guerre de Cent ans, laisse place \u00e0 une deuxi\u00e8me construction de forme pentagonale ordonn\u00e9e par Charles V. Enfin, c\u2019est Fran\u00e7ois 1er qui fera b\u00e2tir le ch\u00e2teau Renaissance par Pierre Chambiges.<\/p>\n\n\n\n<p>Fran\u00e7ois 1er et les rois qui lui succ\u00e9d\u00e8rent y firent de nombreux s\u00e9jours. Henri II poursuivit les travaux initi\u00e9s par son p\u00e8re et commen\u00e7a la construction du Ch\u00e2teau-Neuf o\u00f9 na\u00eetra Louis XIV le 5 septembre 1638. C\u2019est Henri IV qui ach\u00e8vera l\u2019\u00e9difice. Dominant la Seine, il est une v\u00e9ritable maison de plaisance pour le roi et la cour. Le souverain l\u2019agr\u00e9mente de jardins en terrasses qui s\u2019\u00e9tendent jusqu\u2019au fleuve. Le Ch\u00e2teau-Neuf de Saint-Germain est alors l\u2019un des plus beaux d\u2019Europe.<\/p>\n\n\n\n<p>Sous le r\u00e8gne de Louis XIV, Saint-Germain devient le si\u00e8ge du gouvernement du royaume et le Ch\u00e2teau-Vieux sera la r\u00e9sidence habituelle du roi de 1666 \u00e0 1682, date du d\u00e9part de la cour pour Versailles; c\u2019est de cette \u00e9poque que date la configuration du centre-ville. De grands \u00e9v\u00e9nements se sont d\u00e9roul\u00e9s dans ce ch\u00e2teau : bapt\u00eame du Grand Dauphin, mariage de Melle de Blois et du prince de Conti; de grandes f\u00eates aussi : concerts, bals, repr\u00e9sentations th\u00e9\u00e2trales. Les \u0153uvres de Moli\u00e8re et de Lully notamment ont les faveurs du souverain.<\/p>\n\n\n\n<p>Vers la fin du XVIII\u00e8 si\u00e8cle, le Ch\u00e2teau-Neuf, d\u00e9j\u00e0 fort d\u00e9labr\u00e9 faute d\u2019entretien, est laiss\u00e9 \u00e0 l\u2019abandon. Seuls quelques vestiges rappellent aujourd\u2019hui son existence, parmi lesquels la <a href=\"http:\/\/saint-germain.us\/index.php\/p44\/\">Rampe des Grottes <\/a>et le Mur des Lions.<\/p>\n\n\n\n<p>AUJOURD&rsquo;HUI, UN MUS\u00c9E D&rsquo;ARCH\u00c9OLOGIE NATIONALE<\/p>\n\n\n\n<p>Napol\u00e9on III fit restaurer le Ch\u00e2teau-Vieux par Eug\u00e8ne Millet qui d\u00e9truisit notamment les pavillons d\u2019angle ajout\u00e9s par Louis XIV. L\u2019empereur y installa en 1867 le \u00ab\u00a0Mus\u00e9e d\u2019antiquit\u00e9s celtiques et gallo-romaines\u00a0\u00bb.<\/p>\n\n\n\n<p>Aujourd&rsquo;hui, il abrite le <a href=\"http:\/\/saint-germain.us\/index.php\/p69\/\">Mus\u00e9e d&rsquo;Arch\u00e9ologie nationale<\/a>. Les anciennes salles de cet \u00e9difice Renaissance pr\u00e9sentent les collections arch\u00e9ologiques parmi les plus riches du monde.&nbsp;<\/p>\n\n\n\n<p>LA COUR ET LA CHAPELLE DU CH\u00c2TEAU<\/p>\n\n\n\n<p>C&rsquo;est Louis IX, dit Saint-Louis, qui entre 1230 et 1238 y ajoute une <a href=\"http:\/\/saint-germain.us\/index.php\/p13\/\">chapelle<\/a> dont le style pr\u00e9figure celui de la Sainte-Chapelle de Paris. Bien des bapt\u00eames et mariages royaux s\u2019y d\u00e9rouleront.<\/p>\n\n\n\n<p>C\u2019est ensuite Fran\u00e7ois Ier qui, ajoutant la brique \u00e0 la pierre, fait b\u00e2tir le ch\u00e2teau Renaissance tel que vous le d\u00e9couvrez aujourd\u2019hui. Et c\u2019est dans la chapelle palatine qu\u2019il s\u2019unit le 18 mai 1514 \u00e0 Claude de France.<\/p>\n\n\n\n<p>Vous trouverez dans la cour un subterfuge en \u00ab trompe l\u2019\u0153il \u00bb qui s\u2019offre aux yeux des visiteurs les plus avis\u00e9s. Il ne vous reste plus qu\u2019\u00e0 le trouver\u2026<\/p>\n\n\n\n<p>Et en p\u00e9n\u00e9trant dans la chapelle palatine de style gothique rayonnant, le plus ancien b\u00e2timent conserv\u00e9, levez la t\u00eate, admirez les angles des crois\u00e9es d\u2019ogives d\u00e9cor\u00e9s de sept t\u00eates en ronde bosse, et amusez-vous \u00e0 retrouver celle de Saint Louis !<\/p>\n\n\n\n<hr class=\"wp-block-separator has-alpha-channel-opacity\"\/>\n\n\n\n<h5 class=\"wp-block-heading\">commentaires :<a href=\"http:\/\/saint-germain.us\/index.php\/page-d-exemple\/\"> ICI<\/a><\/h5>\n\n\n\n<hr class=\"wp-block-separator has-alpha-channel-opacity\"\/>\n","protected":false},"excerpt":{"rendered":"<p>Ch\u00e2teau (int) La page pr\u00e9sente : Carte du livre : D Adresse : 1 place Charles de Gaulle Vous pouvez ajouter des commentaires en bas de page. Vers la chapelle : Ici Vers le mus\u00e9e national : Ici Sujet Tr\u00e9sor historique et architectural Lien Ici Origine Office de Tourisme Saint Germain Boucles de Seine Date [&hellip;]<\/p>\n","protected":false},"author":1,"featured_media":0,"parent":0,"menu_order":0,"comment_status":"closed","ping_status":"closed","template":"","meta":{"footnotes":""},"class_list":["post-41","page","type-page","status-publish","hentry"],"_links":{"self":[{"href":"https:\/\/saint-germain.us\/index.php\/wp-json\/wp\/v2\/pages\/41","targetHints":{"allow":["GET"]}}],"collection":[{"href":"https:\/\/saint-germain.us\/index.php\/wp-json\/wp\/v2\/pages"}],"about":[{"href":"https:\/\/saint-germain.us\/index.php\/wp-json\/wp\/v2\/types\/page"}],"author":[{"embeddable":true,"href":"https:\/\/saint-germain.us\/index.php\/wp-json\/wp\/v2\/users\/1"}],"replies":[{"embeddable":true,"href":"https:\/\/saint-germain.us\/index.php\/wp-json\/wp\/v2\/comments?post=41"}],"version-history":[{"count":16,"href":"https:\/\/saint-germain.us\/index.php\/wp-json\/wp\/v2\/pages\/41\/revisions"}],"predecessor-version":[{"id":3483,"href":"https:\/\/saint-germain.us\/index.php\/wp-json\/wp\/v2\/pages\/41\/revisions\/3483"}],"wp:attachment":[{"href":"https:\/\/saint-germain.us\/index.php\/wp-json\/wp\/v2\/media?parent=41"}],"curies":[{"name":"wp","href":"https:\/\/api.w.org\/{rel}","templated":true}]}}