{"id":49,"date":"2023-04-29T09:06:10","date_gmt":"2023-04-29T07:06:10","guid":{"rendered":"http:\/\/saint-germain.us\/?page_id=49"},"modified":"2023-09-05T09:05:07","modified_gmt":"2023-09-05T07:05:07","slug":"p13","status":"publish","type":"page","link":"https:\/\/saint-germain.us\/index.php\/p13\/","title":{"rendered":"P13"},"content":{"rendered":"\n<h2 class=\"wp-block-heading\">Chapelle du ch\u00e2teau<\/h2>\n\n\n\n<hr class=\"wp-block-separator has-alpha-channel-opacity\"\/>\n\n\n<p><span style=\"color: #333399;\">La page montre une vue ext\u00e9rieure de La Chapelle.<\/span><\/p>\n<p><span style=\"color: #333399;\">Carte du livre : D<\/span><\/p>\n<p><span style=\"color: #333399;\">Vous pouvez ajouter des commentaires en bas de page.<\/span><\/p>\n\n\n<hr class=\"wp-block-separator has-alpha-channel-opacity\"\/>\n\n\n\n<div style=\"height:16px\" aria-hidden=\"true\" class=\"wp-block-spacer\"><\/div>\n\n\n\n<figure class=\"wp-block-image size-large\"><img loading=\"lazy\" decoding=\"async\" width=\"1024\" height=\"692\" src=\"http:\/\/saint-germain.us\/wp-content\/uploads\/2023\/07\/Chapelle-Saint-Louis-1-1024x692.jpg\" alt=\"\" class=\"wp-image-1749\" srcset=\"https:\/\/saint-germain.us\/wp-content\/uploads\/2023\/07\/Chapelle-Saint-Louis-1-1024x692.jpg 1024w, https:\/\/saint-germain.us\/wp-content\/uploads\/2023\/07\/Chapelle-Saint-Louis-1-300x203.jpg 300w, https:\/\/saint-germain.us\/wp-content\/uploads\/2023\/07\/Chapelle-Saint-Louis-1-768x519.jpg 768w, https:\/\/saint-germain.us\/wp-content\/uploads\/2023\/07\/Chapelle-Saint-Louis-1-1536x1038.jpg 1536w, https:\/\/saint-germain.us\/wp-content\/uploads\/2023\/07\/Chapelle-Saint-Louis-1-2048x1384.jpg 2048w\" sizes=\"auto, (max-width: 1024px) 100vw, 1024px\" \/><figcaption class=\"wp-element-caption\">Chapelle du ch\u00e2teau (@Philippe GOUT)<\/figcaption><\/figure>\n\n\n\n<figure class=\"wp-block-image aligncenter size-large\"><img loading=\"lazy\" decoding=\"async\" width=\"576\" height=\"1024\" src=\"http:\/\/saint-germain.us\/wp-content\/uploads\/2023\/07\/Chateau-clocher-576x1024.jpg\" alt=\"\" class=\"wp-image-1246\" srcset=\"https:\/\/saint-germain.us\/wp-content\/uploads\/2023\/07\/Chateau-clocher-576x1024.jpg 576w, https:\/\/saint-germain.us\/wp-content\/uploads\/2023\/07\/Chateau-clocher-169x300.jpg 169w, https:\/\/saint-germain.us\/wp-content\/uploads\/2023\/07\/Chateau-clocher-768x1365.jpg 768w, https:\/\/saint-germain.us\/wp-content\/uploads\/2023\/07\/Chateau-clocher-864x1536.jpg 864w, https:\/\/saint-germain.us\/wp-content\/uploads\/2023\/07\/Chateau-clocher-1152x2048.jpg 1152w, https:\/\/saint-germain.us\/wp-content\/uploads\/2023\/07\/Chateau-clocher-scaled.jpg 1440w\" sizes=\"auto, (max-width: 576px) 100vw, 576px\" \/><figcaption class=\"wp-element-caption\">Clocher du ch\u00e2teau (@Philippe GOUT)<\/figcaption><\/figure>\n\n\n\n<hr class=\"wp-block-separator has-alpha-channel-opacity\"\/>\n\n\n\n<div style=\"height:18px\" aria-hidden=\"true\" class=\"wp-block-spacer\"><\/div>\n\n\n\n<figure class=\"wp-block-table\"><table><tbody><tr><td>Sujet <\/td><td>Chapelle du ch\u00e2teau<\/td><\/tr><tr><td>Lien<\/td><td><a href=\"https:\/\/musee-archeologienationale.fr\/la-chapelle\">Ici<\/a><\/td><\/tr><tr><td>Origine<\/td><td>Mus\u00e9e d&rsquo;arch\u00e9ologie nationale<\/td><\/tr><tr><td>Date du document<\/td><td>Mars 2023<\/td><\/tr><tr><td>Date de r\u00e9vision<\/td><td>15\/05\/2023<\/td><\/tr><\/tbody><\/table><\/figure>\n\n\n\n<p><strong>\u00c9difi\u00e9e par Saint Louis, la chapelle du ch\u00e2teau de Saint-Germain-en-Laye a \u00e9t\u00e9 le cadre de nombreux \u00e9v\u00e9nements royaux. Mais saviez-vous qu&rsquo;elle fut le mod\u00e8le de la Sainte-Chapelle de Paris&nbsp;?<\/strong><\/p>\n\n\n\n<figure class=\"wp-block-image\"><img decoding=\"async\" src=\"https:\/\/musee-archeologienationale.fr\/sites\/archeonat\/files\/inline-images\/hist_la_chapelle.jpg\" alt=\"Les vitraux de la chapelle royale\"\/><\/figure>\n\n\n\n<p>La chapelle palatine du ch\u00e2teau de Saint-Germain-en-Laye est \u00e9difi\u00e9e entre 1235 et 1239 par&nbsp;<a rel=\"noreferrer noopener\" href=\"https:\/\/musee-archeologienationale.fr\/collection\/objet\/louis-ix-dit-saint-louis\" target=\"_blank\">Louis&nbsp;IX<\/a>, dit Saint&nbsp;Louis (1214-1270). Cet \u00e9difice remarquable, premier du genre, servira de mod\u00e8le architectural aux saintes-chapelles, en particulier \u00e0 la plus c\u00e9l\u00e8bre, celle de Paris (achev\u00e9e en 1248). Le qualificatif \u00ab&nbsp;sainte&nbsp;\u00bb est attribu\u00e9 aux chapelles fond\u00e9es par Louis&nbsp;IX puis ses descendants directs dans des r\u00e9sidences royales ou princi\u00e8res. \u00c0 l&rsquo;instar de celle de Vincennes, fond\u00e9e par Charles&nbsp;V en 1379, elles ont accueilli des fragments de la Vraie croix ou de la Couronne d&rsquo;\u00e9pines. Ces reliques de la Passion du Christ avaient \u00e9t\u00e9 achet\u00e9es par Saint&nbsp;Louis \u00e0 Baudouin&nbsp;II, empereur de Constantinople, puis plac\u00e9es dans la Sainte-Chapelle, \u00e9difi\u00e9e par le roi \u00e0 Paris pour les abrite<\/p>\n\n\n\n<h5 class=\"wp-block-heading\">UN CHEF-D&rsquo;\u0152UVRE DU GOTHIQUE RAYONNANT<\/h5>\n\n\n\n<figure class=\"wp-block-image\"><img decoding=\"async\" src=\"https:\/\/musee-archeologienationale.fr\/sites\/archeonat\/files\/inline-images\/Chapelle_rosace_1.jpg\" alt=\"La grande rosace de la chapelle, autrefois en vitrail, aujourd'hui en pierre\"\/><\/figure>\n\n\n\n<p><br>La chapelle royale de Saint-Germain-en-Laye mesure 27&nbsp;m\u00e8tres de long et 11&nbsp;m\u00e8tres de large&nbsp;; elle s&rsquo;\u00e9l\u00e8ve \u00e0 16&nbsp;m\u00e8tres de hauteur. Autrefois \u00ab garnie de verres peints \u00bb, la rose fait 10&nbsp;m\u00e8tres de diam\u00e8tre. Au Moyen \u00c2ge, elle n&rsquo;\u00e9tait pas mur\u00e9e et donnait sur l&rsquo;actuelle place du ch\u00e2teau. Cette chapelle est consid\u00e9r\u00e9e comme un chef-d&rsquo;\u0153uvre du gothique rayonnant, un style architectural, n\u00e9 en France dans les ann\u00e9es 1230, qui essaimera \u00e0 travers toute l&rsquo;Europe. R\u00e9pondant \u00e0 un id\u00e9al spirituel, il se caract\u00e9rise par des \u00e9difices qui gagnent en hauteur, afin d&rsquo;exprimer l&rsquo;\u00e9lan vers Dieu, et sont de plus en plus ajour\u00e9s, pour laisser entrer au maximum la lumi\u00e8re du jour, \u00e9vocation de la lumi\u00e8re divine. C&rsquo;est la technique de la pierre arm\u00e9e qui a permis de telles constructions. Elle consiste \u00e0 int\u00e9grer des armatures de fer aux ma\u00e7onneries, afin de stabiliser une ossature de pierre toute en finesse et en verticalit\u00e9.<\/p>\n\n\n\n<h5 class=\"wp-block-heading\">LE ROI ET SA FAMILLE VOUS REGARDENT<\/h5>\n\n\n\n<figure class=\"wp-block-image\"><img decoding=\"async\" src=\"https:\/\/musee-archeologienationale.fr\/sites\/archeonat\/files\/inline-images\/chapelle_saint_louis_0.jpg\" alt=\"Portrait en pierre de Saint Louis\"\/><\/figure>\n\n\n\n<p>En levant les yeux, on remarque que les crois\u00e9es d\u2019ogives des vo\u00fbtes de la chapelle sont d\u00e9cor\u00e9es de sept t\u00eates sculpt\u00e9es. On pense aujourd&rsquo;hui qu&rsquo;il s&rsquo;agit des membres de la famille royale, dont Saint&nbsp;Louis, Marguerite de Provence, son \u00e9pouse, et Blanche de Castille, sa m\u00e8re. La pr\u00e9sence de ces portraits de la maison royale r\u00e9pond probablement \u00e0 une volont\u00e9 d&rsquo;affirmation dynastique.<\/p>\n\n\n\n<h5 class=\"wp-block-heading\">LES AL\u00c9AS DE L&rsquo;HISTOIRE<\/h5>\n\n\n\n<p>En 1539, Fran\u00e7ois&nbsp;I<sup>er<\/sup>&nbsp;d\u00e9cide de faire \u00e9difier un ch\u00e2teau au go\u00fbt du jour sur les fondations de l&rsquo;ancienne r\u00e9sidence royale. La chapelle est int\u00e9gr\u00e9e \u00e0 ce palais Renaissance (l&rsquo;actuel ch\u00e2teau) au prix de l&rsquo;obturation de sa rose notamment. Puis, Henri&nbsp;II exhausse le sol, d\u00e9truisant ainsi ses proportions. Louis&nbsp;XIII, quant \u00e0 lui, la fait r\u00e9am\u00e9nager et d\u00e9corer de boiseries, ainsi que de toiles sign\u00e9es, entre autres, Nicolas Poussin et Simon Vouet. Le fr\u00e8re de ce dernier, Aubin, orne \u00e9galement la vo\u00fbte de peintures. Enfin, les travaux d&rsquo;agrandissement du ch\u00e2teau command\u00e9s par Louis&nbsp;XIV \u00e0 Jules Hardouin-Mansart ach\u00e8vent de masquer l&rsquo;\u00e9difice gothique. L&rsquo;un des pavillons \u00e9rig\u00e9s par l&rsquo;architecte du roi enserre la fa\u00e7ade ext\u00e9rieure de la chapelle et son toit en pente est cach\u00e9 par la construction d&rsquo;un nouvel \u00e9tage.<\/p>\n\n\n\n<h5 class=\"wp-block-heading\">EUG\u00c8NE MILLET RESTAURE L&rsquo;\u00c9DIFICE<\/h5>\n\n\n\n<p>\u00c0 la fin du XIX<sup>e<\/sup>&nbsp;si\u00e8cle, la cr\u00e9ation du Mus\u00e9e des antiquit\u00e9s nationales donne lieu \u00e0 une vaste campagne de restauration du ch\u00e2teau, n\u00e9cessaire pour accueillir les collections. La d\u00e9cision de restituer le palais de Fran\u00e7ois&nbsp;I<sup>er<\/sup>&nbsp;implique la destruction des pavillons de Mansart. Cela permet la renaissance de la chapelle de Saint&nbsp;Louis. Men\u00e9s par Eug\u00e8ne Millet, premier architecte charg\u00e9 de la restauration du site, ces travaux aboutissent \u00e0 une restitution que l&rsquo;on estime aujourd&rsquo;hui fid\u00e8le \u00e0 l&rsquo;aspect primitif de la chapelle, au XIII<sup>e<\/sup>&nbsp;si\u00e8cle. L&rsquo;acc\u00e8s \u00e0 ce monument historique, dont l&rsquo;entr\u00e9e se situe dans la cour du ch\u00e2teau, est libre et gratuit.<\/p>\n\n\n\n<hr class=\"wp-block-separator has-alpha-channel-opacity\"\/>\n\n\n\n<h5 class=\"wp-block-heading\">commentaires :<a href=\"http:\/\/saint-germain.us\/index.php\/page-d-exemple\/\"> ICI<\/a><\/h5>\n\n\n\n<hr class=\"wp-block-separator has-alpha-channel-opacity\"\/>\n","protected":false},"excerpt":{"rendered":"<p>Chapelle du ch\u00e2teau La page montre une vue ext\u00e9rieure de La Chapelle. Carte du livre : D Vous pouvez ajouter des commentaires en bas de page. Sujet Chapelle du ch\u00e2teau Lien Ici Origine Mus\u00e9e d&rsquo;arch\u00e9ologie nationale Date du document Mars 2023 Date de r\u00e9vision 15\/05\/2023 \u00c9difi\u00e9e par Saint Louis, la chapelle du ch\u00e2teau de Saint-Germain-en-Laye [&hellip;]<\/p>\n","protected":false},"author":1,"featured_media":0,"parent":0,"menu_order":0,"comment_status":"closed","ping_status":"closed","template":"","meta":{"footnotes":""},"class_list":["post-49","page","type-page","status-publish","hentry"],"_links":{"self":[{"href":"https:\/\/saint-germain.us\/index.php\/wp-json\/wp\/v2\/pages\/49","targetHints":{"allow":["GET"]}}],"collection":[{"href":"https:\/\/saint-germain.us\/index.php\/wp-json\/wp\/v2\/pages"}],"about":[{"href":"https:\/\/saint-germain.us\/index.php\/wp-json\/wp\/v2\/types\/page"}],"author":[{"embeddable":true,"href":"https:\/\/saint-germain.us\/index.php\/wp-json\/wp\/v2\/users\/1"}],"replies":[{"embeddable":true,"href":"https:\/\/saint-germain.us\/index.php\/wp-json\/wp\/v2\/comments?post=49"}],"version-history":[{"count":11,"href":"https:\/\/saint-germain.us\/index.php\/wp-json\/wp\/v2\/pages\/49\/revisions"}],"predecessor-version":[{"id":2717,"href":"https:\/\/saint-germain.us\/index.php\/wp-json\/wp\/v2\/pages\/49\/revisions\/2717"}],"wp:attachment":[{"href":"https:\/\/saint-germain.us\/index.php\/wp-json\/wp\/v2\/media?parent=49"}],"curies":[{"name":"wp","href":"https:\/\/api.w.org\/{rel}","templated":true}]}}