{"id":51,"date":"2023-04-29T09:06:33","date_gmt":"2023-04-29T07:06:33","guid":{"rendered":"http:\/\/saint-germain.us\/?page_id=51"},"modified":"2023-11-03T08:22:01","modified_gmt":"2023-11-03T07:22:01","slug":"p14","status":"publish","type":"page","link":"https:\/\/saint-germain.us\/index.php\/p14\/","title":{"rendered":"P14"},"content":{"rendered":"\n<h2 class=\"wp-block-heading\">Pinot noir<\/h2>\n\n\n\n<hr class=\"wp-block-separator has-alpha-channel-opacity\"\/>\n\n\n<p><span style=\"color: #333399;\">La page pr\u00e9sente :<\/span><\/p>\n<ul>\n<li><span style=\"color: #333399;\">Des photos des vendanges prise par <a href=\"http:\/\/jacques-paray.com\">Jacques Paray<\/a>,<\/span><\/li>\n<li><span style=\"color: #333399;\">Des perspectives conduisant \u00e0 la Petite terrasse.<\/span><\/li>\n<\/ul>\n<p><span style=\"color: #333399;\">Carte du livre : D<\/span><\/p>\n<p><span style=\"color: #333399;\"><em>Vous pouvez ajouter des commentaires en bas de page.<\/em><\/span><\/p>\n\n\n<hr class=\"wp-block-separator has-alpha-channel-opacity\"\/>\n\n\n\n<div style=\"height:19px\" aria-hidden=\"true\" class=\"wp-block-spacer\"><\/div>\n\n\n\n<figure class=\"wp-block-image size-large\"><img loading=\"lazy\" decoding=\"async\" width=\"1024\" height=\"683\" src=\"http:\/\/saint-germain.us\/wp-content\/uploads\/2023\/07\/6Y4A6125-1024x683.jpg\" alt=\"\" class=\"wp-image-1342\" srcset=\"https:\/\/saint-germain.us\/wp-content\/uploads\/2023\/07\/6Y4A6125-1024x683.jpg 1024w, https:\/\/saint-germain.us\/wp-content\/uploads\/2023\/07\/6Y4A6125-300x200.jpg 300w, https:\/\/saint-germain.us\/wp-content\/uploads\/2023\/07\/6Y4A6125-768x512.jpg 768w, https:\/\/saint-germain.us\/wp-content\/uploads\/2023\/07\/6Y4A6125-1536x1024.jpg 1536w, https:\/\/saint-germain.us\/wp-content\/uploads\/2023\/07\/6Y4A6125-2048x1365.jpg 2048w\" sizes=\"auto, (max-width: 1024px) 100vw, 1024px\" \/><figcaption class=\"wp-element-caption\">Vignes (@J.Paray)<\/figcaption><\/figure>\n\n\n\n<figure class=\"wp-block-image size-large\"><img loading=\"lazy\" decoding=\"async\" width=\"1024\" height=\"575\" src=\"http:\/\/saint-germain.us\/wp-content\/uploads\/2023\/08\/Vignes-1024x575.jpg\" alt=\"\" class=\"wp-image-1973\" srcset=\"https:\/\/saint-germain.us\/wp-content\/uploads\/2023\/08\/Vignes-1024x575.jpg 1024w, https:\/\/saint-germain.us\/wp-content\/uploads\/2023\/08\/Vignes-300x169.jpg 300w, https:\/\/saint-germain.us\/wp-content\/uploads\/2023\/08\/Vignes-768x431.jpg 768w, https:\/\/saint-germain.us\/wp-content\/uploads\/2023\/08\/Vignes-1536x863.jpg 1536w, https:\/\/saint-germain.us\/wp-content\/uploads\/2023\/08\/Vignes-2048x1151.jpg 2048w\" sizes=\"auto, (max-width: 1024px) 100vw, 1024px\" \/><figcaption class=\"wp-element-caption\">Les vignes (@Philippe GOUT)<\/figcaption><\/figure>\n\n\n\n<figure class=\"wp-block-image size-large\"><img loading=\"lazy\" decoding=\"async\" width=\"1024\" height=\"630\" src=\"http:\/\/saint-germain.us\/wp-content\/uploads\/2023\/08\/IMG_6055-1024x630.jpg\" alt=\"\" class=\"wp-image-2304\" srcset=\"https:\/\/saint-germain.us\/wp-content\/uploads\/2023\/08\/IMG_6055-1024x630.jpg 1024w, https:\/\/saint-germain.us\/wp-content\/uploads\/2023\/08\/IMG_6055-300x185.jpg 300w, https:\/\/saint-germain.us\/wp-content\/uploads\/2023\/08\/IMG_6055-768x473.jpg 768w, https:\/\/saint-germain.us\/wp-content\/uploads\/2023\/08\/IMG_6055-1536x945.jpg 1536w, https:\/\/saint-germain.us\/wp-content\/uploads\/2023\/08\/IMG_6055-2048x1260.jpg 2048w\" sizes=\"auto, (max-width: 1024px) 100vw, 1024px\" \/><figcaption class=\"wp-element-caption\">Vendanges (Am\u00e9lior\u00e9e Philippe GOUT)<\/figcaption><\/figure>\n\n\n\n<figure class=\"wp-block-image size-large\"><img loading=\"lazy\" decoding=\"async\" width=\"1024\" height=\"768\" src=\"http:\/\/saint-germain.us\/wp-content\/uploads\/2023\/11\/Foulage-raisin-1024x768.jpg\" alt=\"\" class=\"wp-image-3539\" srcset=\"https:\/\/saint-germain.us\/wp-content\/uploads\/2023\/11\/Foulage-raisin-1024x768.jpg 1024w, https:\/\/saint-germain.us\/wp-content\/uploads\/2023\/11\/Foulage-raisin-300x225.jpg 300w, https:\/\/saint-germain.us\/wp-content\/uploads\/2023\/11\/Foulage-raisin-768x576.jpg 768w, https:\/\/saint-germain.us\/wp-content\/uploads\/2023\/11\/Foulage-raisin-1536x1152.jpg 1536w, https:\/\/saint-germain.us\/wp-content\/uploads\/2023\/11\/Foulage-raisin-2048x1536.jpg 2048w\" sizes=\"auto, (max-width: 1024px) 100vw, 1024px\" \/><figcaption class=\"wp-element-caption\">Le foulage du raison (Am\u00e9lior\u00e9e Philippe GOUT)<\/figcaption><\/figure>\n\n\n\n<div style=\"height:25px\" aria-hidden=\"true\" class=\"wp-block-spacer\"><\/div>\n\n\n\n<figure class=\"wp-block-table\"><table><tbody><tr><td>Sujet <\/td><td>Vendanges<\/td><\/tr><tr><td>Lien<\/td><td><a href=\"https:\/\/www.petit-patrimoine.com\/fiche-petit-patrimoine.php?id_pp=78551_4\">Ici<\/a><\/td><\/tr><tr><td>Origine<\/td><td>Petit patrimoine<\/td><\/tr><tr><td><\/td><td><\/td><\/tr><tr><td>Date de r\u00e9vision<\/td><td>18\/05\/2023<\/td><\/tr><\/tbody><\/table><\/figure>\n\n\n\n<p><strong><em>En 704, sur les coteaux d\u2019Aupec, fief de l\u2019abbaye de Saint-Wandrille, un vignoble r\u00e9put\u00e9 fait les d\u00e9lices de la r\u00e9gion. En 1935, ont lieu les derni\u00e8res vendanges et la derri\u00e8re f\u00eate des vignerons au pied de la terrasse de Le N\u00f4tre. En 2000, Saint-Germain-en-Laye et le Pecq-sur-Seine renouent avec la tradition, soutenues par le lyc\u00e9e agricole et horticole. 1900 pieds de vignes, issus d\u2019un c\u00e9page Pinot noir sont plant\u00e9s sur 2000 m2 dans le respect de la perspective imagin\u00e9e par Le N\u00f4tre.<\/em><\/strong><\/p>\n\n\n\n<hr class=\"wp-block-separator has-alpha-channel-opacity\"\/>\n\n\n\n<h5 class=\"wp-block-heading\">commentaires :<a href=\"http:\/\/saint-germain.us\/index.php\/page-d-exemple\/\"> ICI<\/a><\/h5>\n\n\n\n<hr class=\"wp-block-separator has-alpha-channel-opacity\"\/>\n","protected":false},"excerpt":{"rendered":"<p>Pinot noir La page pr\u00e9sente : Des photos des vendanges prise par Jacques Paray, Des perspectives conduisant \u00e0 la Petite terrasse. Carte du livre : D Vous pouvez ajouter des commentaires en bas de page. Sujet Vendanges Lien Ici Origine Petit patrimoine Date de r\u00e9vision 18\/05\/2023 En 704, sur les coteaux d\u2019Aupec, fief de l\u2019abbaye [&hellip;]<\/p>\n","protected":false},"author":1,"featured_media":0,"parent":0,"menu_order":0,"comment_status":"closed","ping_status":"closed","template":"","meta":{"footnotes":""},"class_list":["post-51","page","type-page","status-publish","hentry"],"_links":{"self":[{"href":"https:\/\/saint-germain.us\/index.php\/wp-json\/wp\/v2\/pages\/51","targetHints":{"allow":["GET"]}}],"collection":[{"href":"https:\/\/saint-germain.us\/index.php\/wp-json\/wp\/v2\/pages"}],"about":[{"href":"https:\/\/saint-germain.us\/index.php\/wp-json\/wp\/v2\/types\/page"}],"author":[{"embeddable":true,"href":"https:\/\/saint-germain.us\/index.php\/wp-json\/wp\/v2\/users\/1"}],"replies":[{"embeddable":true,"href":"https:\/\/saint-germain.us\/index.php\/wp-json\/wp\/v2\/comments?post=51"}],"version-history":[{"count":15,"href":"https:\/\/saint-germain.us\/index.php\/wp-json\/wp\/v2\/pages\/51\/revisions"}],"predecessor-version":[{"id":3540,"href":"https:\/\/saint-germain.us\/index.php\/wp-json\/wp\/v2\/pages\/51\/revisions\/3540"}],"wp:attachment":[{"href":"https:\/\/saint-germain.us\/index.php\/wp-json\/wp\/v2\/media?parent=51"}],"curies":[{"name":"wp","href":"https:\/\/api.w.org\/{rel}","templated":true}]}}