{"id":53,"date":"2023-04-29T09:06:45","date_gmt":"2023-04-29T07:06:45","guid":{"rendered":"http:\/\/saint-germain.us\/?page_id=53"},"modified":"2023-09-27T12:15:31","modified_gmt":"2023-09-27T10:15:31","slug":"p15","status":"publish","type":"page","link":"https:\/\/saint-germain.us\/index.php\/p15\/","title":{"rendered":"P15"},"content":{"rendered":"\n<h2 class=\"wp-block-heading\">La petite terrasse<\/h2>\n\n\n\n<hr class=\"wp-block-separator has-alpha-channel-opacity\"\/>\n\n\n<p><span style=\"color: #333399;\">La page pr\u00e9sente :<\/span><\/p>\n<ul>\n<li><span style=\"color: #000080;\">Une vue sur la quartier de la D\u00e9fense,<\/span><\/li>\n<li><span style=\"color: #000080;\">Un dessin du kiosque \u00e0 musique.<\/span><\/li>\n<\/ul>\n<p><span style=\"color: #333399;\">Carte du livre : B<\/span><\/p>\n<p><em><span style=\"color: #333399;\">Vous pouvez ajouter des commentaires en bas de page.<\/span><\/em><\/p>\n\n\n<hr class=\"wp-block-separator has-alpha-channel-opacity\"\/>\n\n\n\n<div style=\"height:18px\" aria-hidden=\"true\" class=\"wp-block-spacer\"><\/div>\n\n\n\n<figure class=\"wp-block-image size-full\"><img loading=\"lazy\" decoding=\"async\" width=\"991\" height=\"642\" src=\"http:\/\/saint-germain.us\/wp-content\/uploads\/2023\/08\/Kiosque-ancien.jpg\" alt=\"\" class=\"wp-image-1875\" srcset=\"https:\/\/saint-germain.us\/wp-content\/uploads\/2023\/08\/Kiosque-ancien.jpg 991w, https:\/\/saint-germain.us\/wp-content\/uploads\/2023\/08\/Kiosque-ancien-300x194.jpg 300w, https:\/\/saint-germain.us\/wp-content\/uploads\/2023\/08\/Kiosque-ancien-768x498.jpg 768w\" sizes=\"auto, (max-width: 991px) 100vw, 991px\" \/><figcaption class=\"wp-element-caption\">Photo ancienne du kiosque de la petite terrasse (Am\u00e9lior\u00e9e Philippe GOUT)<\/figcaption><\/figure>\n\n\n\n<figure class=\"wp-block-image size-large\"><img loading=\"lazy\" decoding=\"async\" width=\"1024\" height=\"676\" src=\"http:\/\/saint-germain.us\/wp-content\/uploads\/2023\/07\/petite-terrasse-1-1024x676.jpg\" alt=\"\" class=\"wp-image-1477\" srcset=\"https:\/\/saint-germain.us\/wp-content\/uploads\/2023\/07\/petite-terrasse-1-1024x676.jpg 1024w, https:\/\/saint-germain.us\/wp-content\/uploads\/2023\/07\/petite-terrasse-1-300x198.jpg 300w, https:\/\/saint-germain.us\/wp-content\/uploads\/2023\/07\/petite-terrasse-1-768x507.jpg 768w, https:\/\/saint-germain.us\/wp-content\/uploads\/2023\/07\/petite-terrasse-1-1536x1015.jpg 1536w, https:\/\/saint-germain.us\/wp-content\/uploads\/2023\/07\/petite-terrasse-1-2048x1353.jpg 2048w\" sizes=\"auto, (max-width: 1024px) 100vw, 1024px\" \/><figcaption class=\"wp-element-caption\">Petite terrasse (Am\u00e9lior\u00e9e@Philippe GOUT)<\/figcaption><\/figure>\n\n\n\n<figure class=\"wp-block-image size-large\"><img loading=\"lazy\" decoding=\"async\" width=\"1024\" height=\"699\" src=\"http:\/\/saint-germain.us\/wp-content\/uploads\/2023\/07\/petitte-terrasse-JB2-1024x699.jpg\" alt=\"\" class=\"wp-image-1475\" srcset=\"https:\/\/saint-germain.us\/wp-content\/uploads\/2023\/07\/petitte-terrasse-JB2-1024x699.jpg 1024w, https:\/\/saint-germain.us\/wp-content\/uploads\/2023\/07\/petitte-terrasse-JB2-300x205.jpg 300w, https:\/\/saint-germain.us\/wp-content\/uploads\/2023\/07\/petitte-terrasse-JB2-768x524.jpg 768w, https:\/\/saint-germain.us\/wp-content\/uploads\/2023\/07\/petitte-terrasse-JB2-1536x1049.jpg 1536w, https:\/\/saint-germain.us\/wp-content\/uploads\/2023\/07\/petitte-terrasse-JB2-2048x1398.jpg 2048w\" sizes=\"auto, (max-width: 1024px) 100vw, 1024px\" \/><figcaption class=\"wp-element-caption\">Petite terrasse (Am\u00e9lior\u00e9e d&rsquo;apr\u00e8s carte de J.Berlie @Philippe GOUT)<\/figcaption><\/figure>\n\n\n\n<figure class=\"wp-block-image size-large\"><img loading=\"lazy\" decoding=\"async\" width=\"1024\" height=\"642\" src=\"http:\/\/saint-germain.us\/wp-content\/uploads\/2023\/09\/Le-bouligrin-1024x642.jpg\" alt=\"\" class=\"wp-image-3228\" srcset=\"https:\/\/saint-germain.us\/wp-content\/uploads\/2023\/09\/Le-bouligrin-1024x642.jpg 1024w, https:\/\/saint-germain.us\/wp-content\/uploads\/2023\/09\/Le-bouligrin-300x188.jpg 300w, https:\/\/saint-germain.us\/wp-content\/uploads\/2023\/09\/Le-bouligrin-768x481.jpg 768w, https:\/\/saint-germain.us\/wp-content\/uploads\/2023\/09\/Le-bouligrin-1536x963.jpg 1536w, https:\/\/saint-germain.us\/wp-content\/uploads\/2023\/09\/Le-bouligrin.jpg 1602w\" sizes=\"auto, (max-width: 1024px) 100vw, 1024px\" \/><figcaption class=\"wp-element-caption\">Le Boulingrin (Am\u00e9lior\u00e9@Philippe GOUT)<\/figcaption><\/figure>\n\n\n\n<p>Le Boulingrin est d\u00e9fini comme \u00e9tant une pi\u00e8ce d\u00e9couverte en forme de cuvette \u00e0 fond plat imit\u00e9e par un talus ou un glacis. C&rsquo;est un terme d&rsquo;origine anglaise (bowling green) qualifiant un ardin o\u00f9 l&rsquo;on joue aux boules.<\/p>\n\n\n\n<p>En 1547, sur cet emplacement dit du Boulingrin se d\u00e9roula devant toute la cour et le roi Henri II le fameux duel \u00ab judiciaire \u00bb entre Guy Chabot de Saint Gelais, baron de Jarnac et beau-fr\u00e8re de la favorite du roi Fran\u00e7ois Ier &#8211; la duchesse d&rsquo;\u00c9tampes &#8211; et Fran\u00e7ois de Vivonne, seigneur de La Ch\u00e2taigneraie, ami de celui qui \u00e9tait encore le Dauphin. L&rsquo;issue fut fatale \u00e0 ce dernier,dont le jarret fut tranch\u00e9 par son adversaire et donna naissance au \u00abcoup de Jarnac\u00bb, d\u00e9sormais synonyme de \u00ab coup bas \u00bb.<\/p>\n\n\n\n<p>Chaque dimanche apr\u00e8s-midi, entre 1670 et 1680, se d\u00e9roulaient aussi en ce lieu les \u00ab Promenades philosophiques \u00bb de Bossuet, alors pr\u00e9cepteur du Dauphin. Des eccl\u00e9siastiques, dont le jeune F\u00e9nelon, mais aussi quelques la\u00efcs y commentaient et discutaient des versets de la Bible.<\/p>\n\n\n\n<p>Situ\u00e9 au Sud du Ch\u00e2teau-Neuf et cr\u00e9\u00e9 \u00e9galement par Le N\u00f4tre dans les ann\u00e9es 1660, il servit tout d&rsquo;abord de terrain de jeu de boules et se transforma peu \u00e0 peu en jardin d&rsquo;agr\u00e9ment plant\u00e9 de gazon, de bosquets, de parterres, d&rsquo;all\u00e9es sabl\u00e9es et ombrag\u00e9es agr\u00e9ment\u00e9es de bancs. Dans une gravure de 1716, on observe un parterre bord\u00e9 de buis, des plates-bandes plant\u00e9es de 54.ifs et de fleurs, des all\u00e9es de gazon ratiss\u00e9, des charmilles taill\u00e9es et des ormes \u00e0 \u00e9laguer pour la salle du bosquet.<\/p>\n\n\n\n<p>En 1713, Lalande, jardinier du Boulingrin, planta un verger ferm\u00e9 de murs jouxtant le dit bosquet. Celui-ci comprenait des espaliers de p\u00eachers et de poiriers &#8211; 355 fruitiers en buisson et de plein vent &#8211; des plates-bandes labour\u00e9es, des all\u00e9es ratiss\u00e9es, des carr\u00e9s labour\u00e9s. Au bas de la terrasse du Boulingrin, un autre verger \u00e9tait compos\u00e9 d&rsquo;espaliers adoss\u00e9s au mur du Levant, garni de p\u00eachers nains ou en tiges.<\/p>\n\n\n\n<p>Sous Louis XV, le Boulingrin avait enti\u00e8rement disparu. Il fut loti, en 1764, \u00e0 la suite de la cr\u00e9ation du \u00ab nouveau chemin du roi \u00bb, actuelle avenue Gambetta, afin de faciliter le pasage des \u00e9quipages depuis la ville jusqu&rsquo;\u00e0 la for\u00eat.<\/p>\n\n\n\n<div style=\"height:15px\" aria-hidden=\"true\" class=\"wp-block-spacer\"><\/div>\n\n\n\n<figure class=\"wp-block-image aligncenter size-large\"><img loading=\"lazy\" decoding=\"async\" width=\"576\" height=\"1024\" src=\"http:\/\/saint-germain.us\/wp-content\/uploads\/2023\/07\/IMG_1007-576x1024.jpg\" alt=\"\" class=\"wp-image-1778\" srcset=\"https:\/\/saint-germain.us\/wp-content\/uploads\/2023\/07\/IMG_1007-576x1024.jpg 576w, https:\/\/saint-germain.us\/wp-content\/uploads\/2023\/07\/IMG_1007-169x300.jpg 169w, https:\/\/saint-germain.us\/wp-content\/uploads\/2023\/07\/IMG_1007-768x1365.jpg 768w, https:\/\/saint-germain.us\/wp-content\/uploads\/2023\/07\/IMG_1007-864x1536.jpg 864w, https:\/\/saint-germain.us\/wp-content\/uploads\/2023\/07\/IMG_1007-1152x2048.jpg 1152w, https:\/\/saint-germain.us\/wp-content\/uploads\/2023\/07\/IMG_1007-scaled.jpg 1440w\" sizes=\"auto, (max-width: 576px) 100vw, 576px\" \/><figcaption class=\"wp-element-caption\">Vue de la petite terrasse (@Philippe GOUT)<\/figcaption><\/figure>\n\n\n\n<figure class=\"wp-block-image size-large\"><img loading=\"lazy\" decoding=\"async\" width=\"1024\" height=\"768\" src=\"http:\/\/saint-germain.us\/wp-content\/uploads\/2023\/07\/Kiosque-1024x768.jpg\" alt=\"\" class=\"wp-image-1788\" srcset=\"https:\/\/saint-germain.us\/wp-content\/uploads\/2023\/07\/Kiosque-1024x768.jpg 1024w, https:\/\/saint-germain.us\/wp-content\/uploads\/2023\/07\/Kiosque-300x225.jpg 300w, https:\/\/saint-germain.us\/wp-content\/uploads\/2023\/07\/Kiosque-768x576.jpg 768w, https:\/\/saint-germain.us\/wp-content\/uploads\/2023\/07\/Kiosque-1536x1152.jpg 1536w, https:\/\/saint-germain.us\/wp-content\/uploads\/2023\/07\/Kiosque-2048x1536.jpg 2048w\" sizes=\"auto, (max-width: 1024px) 100vw, 1024px\" \/><figcaption class=\"wp-element-caption\">Kiosque de la petite terrasse (@Philippe GOUT)<\/figcaption><\/figure>\n\n\n\n<hr class=\"wp-block-separator has-alpha-channel-opacity\"\/>\n\n\n\n<div style=\"height:18px\" aria-hidden=\"true\" class=\"wp-block-spacer\"><\/div>\n\n\n\n<figure class=\"wp-block-image size-large\"><img loading=\"lazy\" decoding=\"async\" width=\"1024\" height=\"553\" src=\"http:\/\/saint-germain.us\/wp-content\/uploads\/2023\/08\/pt-2-1024x553.jpg\" alt=\"\" class=\"wp-image-2645\" srcset=\"https:\/\/saint-germain.us\/wp-content\/uploads\/2023\/08\/pt-2-1024x553.jpg 1024w, https:\/\/saint-germain.us\/wp-content\/uploads\/2023\/08\/pt-2-300x162.jpg 300w, https:\/\/saint-germain.us\/wp-content\/uploads\/2023\/08\/pt-2-768x414.jpg 768w, https:\/\/saint-germain.us\/wp-content\/uploads\/2023\/08\/pt-2.jpg 1516w\" sizes=\"auto, (max-width: 1024px) 100vw, 1024px\" \/><figcaption class=\"wp-element-caption\">La petite terrasse @Philippe GOUT)\n<\/figcaption><\/figure>\n\n\n\n<div style=\"height:18px\" aria-hidden=\"true\" class=\"wp-block-spacer\"><\/div>\n\n\n\n<figure class=\"wp-block-table\"><table><tbody><tr><td>Sujet <\/td><td>Petite terrasse<\/td><\/tr><tr><td>Lien<\/td><td><a href=\"https:\/\/www.seine-saintgermain.fr\/fr\/fiche\/4986107\/la-petite-terrasse-du-parc\/\">Ici<\/a><\/td><\/tr><tr><td>Origine<\/td><td>Office de Tourisme Saint Germain Boucles de Seine<\/td><\/tr><tr><td><\/td><td><\/td><\/tr><tr><td>Date de r\u00e9vision<\/td><td>01\/08\/2023<\/td><\/tr><\/tbody><\/table><\/figure>\n\n\n\n<p>La Petite Terrasse du Parc porte bien son nom. Install\u00e9e en plein c\u0153ur du Domaine national de Saint-Germain-en-Laye, c&rsquo;est l&rsquo;endroit id\u00e9al pour une pause gourmande et ensoleill\u00e9e avec une vue resplendissante depuis la Terrasse.<\/p>\n\n\n\n<hr class=\"wp-block-separator has-alpha-channel-opacity\"\/>\n\n\n\n<h5 class=\"wp-block-heading\">commentaires :<a href=\"http:\/\/saint-germain.us\/index.php\/page-d-exemple\/\"> ICI<\/a><\/h5>\n\n\n\n<hr class=\"wp-block-separator has-alpha-channel-opacity\"\/>\n","protected":false},"excerpt":{"rendered":"<p>La petite terrasse La page pr\u00e9sente : Une vue sur la quartier de la D\u00e9fense, Un dessin du kiosque \u00e0 musique. Carte du livre : B Vous pouvez ajouter des commentaires en bas de page. Le Boulingrin est d\u00e9fini comme \u00e9tant une pi\u00e8ce d\u00e9couverte en forme de cuvette \u00e0 fond plat imit\u00e9e par un talus [&hellip;]<\/p>\n","protected":false},"author":1,"featured_media":0,"parent":0,"menu_order":0,"comment_status":"closed","ping_status":"closed","template":"","meta":{"footnotes":""},"class_list":["post-53","page","type-page","status-publish","hentry"],"_links":{"self":[{"href":"https:\/\/saint-germain.us\/index.php\/wp-json\/wp\/v2\/pages\/53","targetHints":{"allow":["GET"]}}],"collection":[{"href":"https:\/\/saint-germain.us\/index.php\/wp-json\/wp\/v2\/pages"}],"about":[{"href":"https:\/\/saint-germain.us\/index.php\/wp-json\/wp\/v2\/types\/page"}],"author":[{"embeddable":true,"href":"https:\/\/saint-germain.us\/index.php\/wp-json\/wp\/v2\/users\/1"}],"replies":[{"embeddable":true,"href":"https:\/\/saint-germain.us\/index.php\/wp-json\/wp\/v2\/comments?post=53"}],"version-history":[{"count":23,"href":"https:\/\/saint-germain.us\/index.php\/wp-json\/wp\/v2\/pages\/53\/revisions"}],"predecessor-version":[{"id":3232,"href":"https:\/\/saint-germain.us\/index.php\/wp-json\/wp\/v2\/pages\/53\/revisions\/3232"}],"wp:attachment":[{"href":"https:\/\/saint-germain.us\/index.php\/wp-json\/wp\/v2\/media?parent=53"}],"curies":[{"name":"wp","href":"https:\/\/api.w.org\/{rel}","templated":true}]}}